{"id":1006,"date":"2016-01-22T00:01:24","date_gmt":"2016-01-21T23:01:24","guid":{"rendered":"https:\/\/tarife-aktionen.de\/vodafone\/?page_id=1006"},"modified":"2022-12-22T21:37:10","modified_gmt":"2022-12-22T20:37:10","slug":"telefon","status":"publish","type":"page","link":"https:\/\/tarife-aktionen.de\/vodafone\/zuhause\/tarifuebersicht\/telefon","title":{"rendered":"Vodafone Zuhause Telefon Tarife \u00dcbersicht (ohne Internet)"},"content":{"rendered":"<p>Bei Vodafone erhalten Sie g\u00fcnstige <span class=\"farbig\">Telefon Tarife<\/span>\u00a0f\u00fcr Daheim. Je nach\u00a0Vodafone <strong><a title=\"Vodafone Verf\u00fcgbarkeit Zuhause Tarife: DSL, VDSL, Kabel, LTE\" href=\"https:\/\/tarife-aktionen.de\/vodafone\/zuhause\/verfuegbarkeit\">Netzausbau<\/a><\/strong> erhalten Sie Telefonie \u00fcber das als <a title=\"Vodafone Kabel Tarife: Internet, Telefon und optional TV\" href=\"https:\/\/tarife-aktionen.de\/vodafone\/zuhause\/kabel\">Kabelnetz<\/a>, via Mobilfunk oder Festnetz. <span class=\"farbig\">Tarif\u00fcbersicht:<\/span><\/p>\n<ul>\n<li><strong><a title=\"Vodafone Telefonanschluss \u00fcber Kabel (ohne Internet Tarif)\" href=\"https:\/\/tarife-aktionen.de\/vodafone\/kabel-deutschland\/tarife-preise-telefon-internet-vodafone-kabel\">Telefonanschluss via Kabel<\/a><\/strong> &#8211; in 13 Bundesl\u00e4ndern m\u00f6glich (fr\u00fcher Kabel Deutschland Netz).<\/li>\n<li><a title=\"Vodafone Zuhause Festnetz Flat \u2013 g\u00fcnstiger Telefonanschluss\" href=\"https:\/\/tarife-aktionen.de\/vodafone\/zuhause\/festnetz-flat-telefonanschluss\"><strong>Festnetz-Ersatz (Mobilfunk)<\/strong><\/a> &#8211; Vodafone Zuhause Festnetz Flat zum kleinen Preis.<\/li>\n<li><em>Alternativ: echter <strong><a title=\"Vodafone DSL Tarife mit Internet und Telefon (Doppelflat)\" href=\"https:\/\/tarife-aktionen.de\/vodafone\/festnetz\/vodafone-red-internet-phone-dsl-tarife\">Festnetz Anschluss<\/a><\/strong> als IP-Anschluss nur in Verbindung mit <strong><a title=\"Vodafone DSL Tarife mit Internet und Telefon (Doppelflat)\" href=\"https:\/\/tarife-aktionen.de\/vodafone\/festnetz\/vodafone-red-internet-phone-dsl-tarife\">DSL<\/a><\/strong>.<\/em><\/li>\n<\/ul>\n<p><em>Neben den reinen <strong><a title=\"Vodafone Telefonanschluss Tarife ohne Internetzugang\" href=\"https:\/\/tarife-aktionen.de\/vodafone\/zuhause\/telefonanschlus-ohne-internetzugang\">Telefonanschluss Tarifen<\/a><\/strong>\u00a0erhalten Sie bei Vodafone auch diese Tarif-Varianten:<\/em><\/p>\n<ul>\n<li><a title=\"Vodafone Zuhause Internet, Telefon und TV Tarife \u00dcbersicht\" href=\"https:\/\/tarife-aktionen.de\/vodafone\/zuhause\/tarifuebersicht\/internet-telefon-tv\"><strong>Internet, Telefon und TV<\/strong><\/a> &#8211; <strong>Kombi-Pakete<\/strong> zum Surfen, Telefonieren und Fernsehen (3play).<\/li>\n<li><a title=\"Vodafone Zuhause Internet und Telefon Tarife \u00dcbersicht\" href=\"https:\/\/tarife-aktionen.de\/vodafone\/zuhause\/tarifuebersicht\/internet-telefon\"><strong>Internet und Telefon<\/strong><\/a>\u00a0&#8211; g\u00fcnstige <strong>Doppelflat<\/strong> Tarife zum Surfen und Telefonieren.<\/li>\n<\/ul>\n<h2>Vodafone <span class=\"farbig\">Kabel<\/span>\u00a0Telefonanschluss\u00a0&#8211; g\u00fcnstige Alternative zur Telekom<\/h2>\n<p>Das Vodafone Kabelnetz (fr\u00fcher\u00a0<strong>Kabel Deutschland<\/strong>) ist in 13 Bundesl\u00e4ndern <strong><a title=\"Vodafone Kabel Verf\u00fcgbarkeit pr\u00fcfen (Internet, Telefon, TV)\" href=\"https:\/\/tarife-aktionen.de\/vodafone\/kabel-deutschland\/verfuegbarkeit-check-vodafone-kabel\">verf\u00fcgbar<\/a><\/strong>.\u00a0Die Vodafone Kabel Telefonanschluss Tarife\u00a0sind extra g\u00fcnstig. Egal ob Sie einen Tarif mit oder ohne Telefonflat w\u00e4hlen, gegen\u00fcber einem <a title=\"Telekom Telefonanschluss Tarife\" href=\"https:\/\/telekom.tarife-angebote.de\/telefonanschluss\/telekom-call-tarife-ohne-internet\" target=\"_blank\" rel=\"noopener\">Telekom Telefonanschluss<\/a> sparen Sie bares Geld, vergleichen Sie selbst! <strong><a title=\"Vodafone Telefonanschluss \u00fcber Kabel (ohne Internet Tarif)\" href=\"https:\/\/tarife-aktionen.de\/vodafone\/kabel-deutschland\/tarife-preise-telefon-internet-vodafone-kabel\">Zum Kabel Telefonanschluss<\/a><\/strong><\/p>\n<h2>Vodafone <span class=\"farbig\">Festnetz-Ersatz<\/span>\u00a0&#8211;\u00a0Telefonanschluss\u00a0extra g\u00fcnstig<\/h2>\n<p>Wo Vodafone Kabel noch nicht ausgebaut, aber\u00a0das <a title=\"Vodafone Mobilfunk Netzabdeckung: LTE, HSPA, UMTS, EDGE\" href=\"https:\/\/tarife-aktionen.de\/vodafone\/netzabdeckung\">Vodafone Mobilfunk-Netz verf\u00fcgbar<\/a>\u00a0ist, erhalten Sie\u00a0mit der <strong><a title=\"Vodafone Zuhause Festnetz Flat \u2013 g\u00fcnstiger Telefonanschluss\" href=\"https:\/\/tarife-aktionen.de\/vodafone\/zuhause\/festnetz-flat-telefonanschluss\">Vodafone Zuhause Festnetz Flat<\/a><\/strong> einen extra g\u00fcnstigen Telefonanschluss Tarif. Obwohl dieser Tarif \u00fcber das Mobilfunk-Netz realisiert wird, k\u00f6nnen Sie dennoch Ihre alte Festnetz Rufnummer behalten und sind \u00fcber diese zum g\u00fcnstigen Festnetz Tarif von Ihren Freunden und Bekannten erreichbar. <strong><a title=\"Vodafone Zuhause Festnetz Flat \u2013 g\u00fcnstiger Telefonanschluss\" href=\"https:\/\/tarife-aktionen.de\/vodafone\/zuhause\/festnetz-flat-telefonanschluss\">Zum Vodafone Spartarif<\/a><\/strong><\/p>\n","protected":false},"excerpt":{"rendered":"<p>Bei Vodafone erhalten Sie g\u00fcnstige Telefon Tarife\u00a0f\u00fcr Daheim. Je nach\u00a0Vodafone Netzausbau erhalten Sie Telefonie \u00fcber das als Kabelnetz, via Mobilfunk oder Festnetz. Tarif\u00fcbersicht: Telefonanschluss via Kabel &#8211; in 13 Bundesl\u00e4ndern m\u00f6glich (fr\u00fcher Kabel Deutschland Netz). Festnetz-Ersatz (Mobilfunk) &#8211; Vodafone Zuhause Festnetz Flat zum kleinen Preis. Alternativ: echter Festnetz Anschluss als IP-Anschluss nur in Verbindung mit &hellip; <a href=\"https:\/\/tarife-aktionen.de\/vodafone\/zuhause\/tarifuebersicht\/telefon\" class=\"more-link\"><span class=\"screen-reader-text\">Vodafone Zuhause Telefon Tarife \u00dcbersicht (ohne Internet)<\/span> weiterlesen <span class=\"meta-nav\">&rarr;<\/span><\/a><\/p>\n","protected":false},"author":28,"featured_media":0,"parent":989,"menu_order":100150,"comment_status":"closed","ping_status":"closed","template":"","meta":{"footnotes":""},"class_list":["post-1006","page","type-page","status-publish","hentry"],"_links":{"self":[{"href":"https:\/\/tarife-aktionen.de\/vodafone\/wp-json\/wp\/v2\/pages\/1006","targetHints":{"allow":["GET"]}}],"collection":[{"href":"https:\/\/tarife-aktionen.de\/vodafone\/wp-json\/wp\/v2\/pages"}],"about":[{"href":"https:\/\/tarife-aktionen.de\/vodafone\/wp-json\/wp\/v2\/types\/page"}],"author":[{"embeddable":true,"href":"https:\/\/tarife-aktionen.de\/vodafone\/wp-json\/wp\/v2\/users\/28"}],"replies":[{"embeddable":true,"href":"https:\/\/tarife-aktionen.de\/vodafone\/wp-json\/wp\/v2\/comments?post=1006"}],"version-history":[{"count":4,"href":"https:\/\/tarife-aktionen.de\/vodafone\/wp-json\/wp\/v2\/pages\/1006\/revisions"}],"predecessor-version":[{"id":5970,"href":"https:\/\/tarife-aktionen.de\/vodafone\/wp-json\/wp\/v2\/pages\/1006\/revisions\/5970"}],"up":[{"embeddable":true,"href":"https:\/\/tarife-aktionen.de\/vodafone\/wp-json\/wp\/v2\/pages\/989"}],"wp:attachment":[{"href":"https:\/\/tarife-aktionen.de\/vodafone\/wp-json\/wp\/v2\/media?parent=1006"}],"curies":[{"name":"wp","href":"https:\/\/api.w.org\/{rel}","templated":true}]}}