{"id":1062,"date":"2016-01-23T00:01:18","date_gmt":"2016-01-22T23:01:18","guid":{"rendered":"https:\/\/tarife-aktionen.de\/vodafone\/?page_id=1062"},"modified":"2018-08-08T15:23:36","modified_gmt":"2018-08-08T13:23:36","slug":"iptv","status":"publish","type":"page","link":"https:\/\/tarife-aktionen.de\/vodafone\/iptv","title":{"rendered":"Vodafone IPTV Tarife (IP-Fernsehen \u00fcber DSL \/ VDSL)"},"content":{"rendered":"<p>Bei Vodafone erhalten Sie g\u00fcnstige <span class=\"farbig\">IPTV Tarife<\/span> als Alternative zu <a title=\"Telekom Entertain Tarife (IPTV)\" href=\"https:\/\/telekom.tarife-angebote.de\/magenta-zuhause\/entertain\" target=\"_blank\" rel=\"noopener\">Telekom IPTV (Entertain)<\/a>. Sie haben dabei die Wahl zwischen verschiedenen <a title=\"Vodafone Kombi-Pakete IPTV, Internet DSL \/ VDSL und Telefon\" href=\"https:\/\/tarife-aktionen.de\/vodafone\/iptv\/kombi-pakete-tv-internet-telefon\">Vodafone TV via DSL Kombi-Pakete<\/a>:<\/p>\n<ul>\n<li><strong><a title=\"Vodafone VDSL Internet, Telefon und TV (Kombi-Pakete)\" href=\"https:\/\/tarife-aktionen.de\/vodafone\/festnetz\/dsl-vdsl-internet-telefon-fernsehen\">IPTV, VDSL Internet und Telefon<\/a><\/strong> &#8211; 3play mit TV, Highspeed Surfen und Telefonflat.<\/li>\n<li><strong><a title=\"Vodafone DSL Internet, Telefon und TV (Kombi-Pakete)\" href=\"https:\/\/tarife-aktionen.de\/vodafone\/festnetz\/dsl-vdsl-internet-telefon-fernsehen\">IPTV, DSL Internet und Telefon<\/a><\/strong> &#8211; Kombi-Pakete mit\u00a0Fernsehen, Surfen und Telefonieren.<\/li>\n<li><strong><a title=\"Vodafone VDSL Tarife mit Internet und TV (ohne Telefonflat)\" href=\"https:\/\/tarife-aktionen.de\/vodafone\/vdsl\/tarife-preise-telefon-internet-vodafone-vdsl\">IPTV und VDSL Internet<\/a><\/strong> &#8211; IP-Fernsehen und Highspeed-Surfen ohne\u00a0Telefonflat.<\/li>\n<li><a title=\"Vodafone DSL Tarife mit Internet und TV (ohne Telefonflat)\" href=\"https:\/\/tarife-aktionen.de\/vodafone\/dsl\/tarife-preise-telefon-internet-vodafone-dsl\"><strong>IPTV und DSL Internet<\/strong><\/a> &#8211; Fernsehen und Surfen f\u00fcr alle, die keine Telefonflat ben\u00f6tigen.<\/li>\n<\/ul>\n<p>Je nach Verf\u00fcgbarkeit erreichen Sie mit DSL Surf-Geschwindigkeiten von bis zu 16 MBit\/s und mit VDSL sogar bis zu 100 MBit\/s. F\u00fcr <strong>Vodafone IPTV<\/strong> empfehlen wir, wenn <a title=\"Vodafone VDSL Verf\u00fcgbarkeit pr\u00fcfen (Verf\u00fcgbarkeitscheck)\" href=\"https:\/\/tarife-aktionen.de\/vodafone\/vdsl\/verfuegbarkeit-check-karte-netzausbau-vodafone-vdsl\">verf\u00fcgbar<\/a>, einen schnellen VDSL Anschluss. Durch den Kauf von <a title=\"Kabel Deutschland Kabelfernsehen jetzt von Vodafone\" href=\"https:\/\/tarife-aktionen.de\/vodafone\/kabelfernsehen\/kabel-deutschland\">Kabel Deutschland<\/a> bietet Vodafone zudem neben IPTV nun auch in 13 Bundesl\u00e4ndern <strong><a title=\"Vodafone Kabelfernsehen (fr\u00fcher Kabel Deutschland)\" href=\"https:\/\/tarife-aktionen.de\/vodafone\/kabelfernsehen\">Kabelfernsehen<\/a><\/strong> \u00fcber das eigene Kabelnetz an. \u00dcber das Kabelnetz surfen Sie zudem mit bis zu 200 MBit\/s besonders schnell im Internet.<\/p>\n<h2>Vodafone <span class=\"farbig\">TV Center<\/span> &#8211; digitaler IPTV Receiver und Recorder<\/h2>\n<p><a title=\"Vodafone TV-Center HD \/ Ultra-HD (UHD) f\u00fcr IPTV-Empfang\" href=\"https:\/\/tarife-aktionen.de\/vodafone\/iptv\/empfaenger\/tv-center-ultra-hd\"><img decoding=\"async\" class=\"alignright size-full wp-image-1164\" src=\"https:\/\/tarife-aktionen.de\/vodafone\/inhalte\/2016\/01\/vodafone-tv-center-ultra-hd-uhd-2000.jpg\" alt=\"vodafone-tv-center-ultra-hd-uhd-2000\" width=\"150\" height=\"100\" srcset=\"https:\/\/tarife-aktionen.de\/vodafone\/inhalte\/2016\/01\/vodafone-tv-center-ultra-hd-uhd-2000.jpg 150w, https:\/\/tarife-aktionen.de\/vodafone\/inhalte\/2016\/01\/vodafone-tv-center-ultra-hd-uhd-2000-80x53.jpg 80w\" sizes=\"(max-width: 150px) 100vw, 150px\" \/><\/a>Zur Nutzung der Vodafone IPTV Tarife ben\u00f6tigen Sie auch einen passenden TV-Empf\u00e4nger. Das <strong><a title=\"Vodafone TV-Center HD \/ Ultra-HD (UHD) f\u00fcr IPTV-Empfang\" href=\"https:\/\/tarife-aktionen.de\/vodafone\/iptv\/empfaenger\/tv-center-ultra-hd\">Vodafone TV-Center<\/a><\/strong> 2000 ist ein hybrider TV-Empf\u00e4nger f\u00fcr IPTV und Satelliten-Fernsehen. Das Vodafone TV-Center ist ein HD-Receiver und bereits <strong>UHD-ready<\/strong> (Ultra-HD \/ 4K Fernsehen). Das Vodafone TV-Center wird zusammen mit den IPTV-Tarifen kostenlos leihweise bereitgestellt. Im Gegensatz zu Telekom Entertain f\u00e4llt also keine monatliche Miet-Geb\u00fchr f\u00fcr den IPTV-Empf\u00e4nger an, so dass Sie als Vodafone IPTV Kunde Geld sparen k\u00f6nnen.\u00a0<strong><a title=\"Vodafone TV-Center HD f\u00fcr IPTV-Empfang (Fernsehen via DSL)\" href=\"https:\/\/tarife-aktionen.de\/vodafone\/iptv\/empfaenger\/archiv-tv-center-hd\">Details<\/a><\/strong><\/p>\n<h2>Vodafone <span class=\"farbig\">IPTV Verf\u00fcgbarkeit<\/span> (technische Voraussetzungen)<\/h2>\n<p><a title=\"Vodafone IPTV Verf\u00fcgbarkeit (DSL \/ VDSL Ausbau)\" href=\"https:\/\/tarife-aktionen.de\/vodafone\/iptv\/verfuegbarkeit\"><img decoding=\"async\" class=\"alignright size-full wp-image-1173\" src=\"https:\/\/tarife-aktionen.de\/vodafone\/inhalte\/2016\/01\/vodafone-iptv-verfuegarkeit-pruefen.png\" alt=\"Vodafone IPTV Verf\u00fcgbarkeit pr\u00fcfen\" width=\"150\" height=\"200\" srcset=\"https:\/\/tarife-aktionen.de\/vodafone\/inhalte\/2016\/01\/vodafone-iptv-verfuegarkeit-pruefen.png 150w, https:\/\/tarife-aktionen.de\/vodafone\/inhalte\/2016\/01\/vodafone-iptv-verfuegarkeit-pruefen-80x107.png 80w\" sizes=\"(max-width: 150px) 100vw, 150px\" \/><\/a>Um Vodafone IPTV nutzen zu k\u00f6nnen, also digitales Fernsehen \u00fcber den <strong><a title=\"Vodafone DSL Tarife: Internet, Telefon und optional TV\" href=\"https:\/\/tarife-aktionen.de\/vodafone\/zuhause\/dsl\">DSL<\/a><\/strong> oder <strong><a title=\"Vodafone VDSL Tarife: Internet, Telefon und optional TV\" href=\"https:\/\/tarife-aktionen.de\/vodafone\/zuhause\/vdsl\">VDSL<\/a><\/strong> Anschluss, m\u00fcssen einige technische Voraussetzungen erf\u00fcllt sein. Zur Nutzung von HD-Fernsehsendern muss mindestens eine Internet-Bandbreite von 9.700 kBit\/s (9,7 MBit\/s) zur Verf\u00fcgung stehen, also ein DSL 16.000 Anschluss, der fast die volle Leistung erbringt. Zur Nutzung von Vodafone IPTV Basic (ohne Live-HD-Fernsehen via IPTV aber ggf. \u00fcber Satellit) reicht eine Mindest-Bandbreite von 4.700 kBit\/s (4,7 Mbit\/s), also faktisch ein DSL 6000 Anschluss. Die Vodafone IPTV Tarife bieten Fernsehen und Internet sowie optional Telefonieren. <strong><a title=\"Vodafone IPTV Verf\u00fcgbarkeit (DSL \/ VDSL Ausbau)\" href=\"https:\/\/tarife-aktionen.de\/vodafone\/iptv\/verfuegbarkeit\">Vodafone IPTV Verf\u00fcgbarkeit pr\u00fcfen<\/a><\/strong><\/p>\n","protected":false},"excerpt":{"rendered":"<p>Bei Vodafone erhalten Sie g\u00fcnstige IPTV Tarife als Alternative zu Telekom IPTV (Entertain). Sie haben dabei die Wahl zwischen verschiedenen Vodafone TV via DSL Kombi-Pakete: IPTV, VDSL Internet und Telefon &#8211; 3play mit TV, Highspeed Surfen und Telefonflat. IPTV, DSL Internet und Telefon &#8211; Kombi-Pakete mit\u00a0Fernsehen, Surfen und Telefonieren. IPTV und VDSL Internet &#8211; IP-Fernsehen &hellip; <a href=\"https:\/\/tarife-aktionen.de\/vodafone\/iptv\" class=\"more-link\"><span class=\"screen-reader-text\">Vodafone IPTV Tarife (IP-Fernsehen \u00fcber DSL \/ VDSL)<\/span> weiterlesen <span class=\"meta-nav\">&rarr;<\/span><\/a><\/p>\n","protected":false},"author":28,"featured_media":0,"parent":0,"menu_order":250000,"comment_status":"closed","ping_status":"closed","template":"","meta":{"footnotes":""},"class_list":["post-1062","page","type-page","status-publish","hentry"],"_links":{"self":[{"href":"https:\/\/tarife-aktionen.de\/vodafone\/wp-json\/wp\/v2\/pages\/1062","targetHints":{"allow":["GET"]}}],"collection":[{"href":"https:\/\/tarife-aktionen.de\/vodafone\/wp-json\/wp\/v2\/pages"}],"about":[{"href":"https:\/\/tarife-aktionen.de\/vodafone\/wp-json\/wp\/v2\/types\/page"}],"author":[{"embeddable":true,"href":"https:\/\/tarife-aktionen.de\/vodafone\/wp-json\/wp\/v2\/users\/28"}],"replies":[{"embeddable":true,"href":"https:\/\/tarife-aktionen.de\/vodafone\/wp-json\/wp\/v2\/comments?post=1062"}],"version-history":[{"count":3,"href":"https:\/\/tarife-aktionen.de\/vodafone\/wp-json\/wp\/v2\/pages\/1062\/revisions"}],"predecessor-version":[{"id":5353,"href":"https:\/\/tarife-aktionen.de\/vodafone\/wp-json\/wp\/v2\/pages\/1062\/revisions\/5353"}],"wp:attachment":[{"href":"https:\/\/tarife-aktionen.de\/vodafone\/wp-json\/wp\/v2\/media?parent=1062"}],"curies":[{"name":"wp","href":"https:\/\/api.w.org\/{rel}","templated":true}]}}