{"id":1142,"date":"2016-01-23T00:01:43","date_gmt":"2016-01-22T23:01:43","guid":{"rendered":"https:\/\/tarife-aktionen.de\/vodafone\/?page_id=1142"},"modified":"2018-08-08T15:23:41","modified_gmt":"2018-08-08T13:23:41","slug":"kombi-pakete-tv-internet-telefon","status":"publish","type":"page","link":"https:\/\/tarife-aktionen.de\/vodafone\/iptv\/kombi-pakete-tv-internet-telefon","title":{"rendered":"Vodafone Kombi-Pakete IPTV, Internet DSL \/ VDSL und Telefon"},"content":{"rendered":"<p>Wenn Vodafone <a title=\"Vodafone IPTV Verf\u00fcgbarkeit (DSL \/ VDSL Ausbau)\" href=\"https:\/\/tarife-aktionen.de\/vodafone\/iptv\/verfuegbarkeit\">IPTV verf\u00fcgbar<\/a> ist, stehen Ihnen die g\u00fcnstigen <span class=\"farbig\">Kombi-Pakete<\/span> zum Fernsehen (IPTV), Surfen (DSL \/ VDSL) und optional Telefonieren zur Verf\u00fcgung. Je nach Netzausbau k\u00f6nnen Sie die Vodafone IPTV Kombi-Pakete mit <strong><a title=\"Vodafone DSL Tarife: Internet, Telefon und optional TV\" href=\"https:\/\/tarife-aktionen.de\/vodafone\/zuhause\/dsl\">DSL<\/a><\/strong> oder schnellem <strong><a title=\"Vodafone VDSL Tarife: Internet, Telefon und optional TV\" href=\"https:\/\/tarife-aktionen.de\/vodafone\/zuhause\/vdsl\">VDSL<\/a><\/strong> Anschluss erhalten.<\/p>\n<ul>\n<li><strong>Vodafone IPTV mit <span class=\"farbig\">VDSL<\/span>\u00a0Anschluss (Surfen mit bis zu 100 MBit\/s \/ optimal f\u00fcr HD-TV):<\/strong>\n<ul>\n<li><strong><a title=\"Vodafone VDSL Internet, Telefon und TV (Kombi-Pakete)\" href=\"https:\/\/tarife-aktionen.de\/vodafone\/festnetz\/dsl-vdsl-internet-telefon-fernsehen\">IPTV, VDSL Internet und Telefon<\/a><\/strong> &#8211; 3Play mit TV, Highspeed Surfen und Telefonflat.<\/li>\n<li><strong><a title=\"Vodafone VDSL Tarife mit Internet und TV (ohne Telefonflat)\" href=\"https:\/\/tarife-aktionen.de\/vodafone\/vdsl\/tarife-preise-telefon-internet-vodafone-vdsl\">IPTV und VDSL Internet<\/a><\/strong> &#8211; IP-Fernsehen und Highspeed-Surfen ohne\u00a0Telefonflat.<\/li>\n<\/ul>\n<\/li>\n<li><strong>Vodafone IPTV mit <span class=\"farbig\">DSL<\/span>\u00a0Anschluss (Surfen mit bis zu 16 MBit\/s \/ einfacher Anschluss):<\/strong>\n<ul>\n<li><strong><a title=\"Vodafone DSL Internet, Telefon und TV (Kombi-Pakete)\" href=\"https:\/\/tarife-aktionen.de\/vodafone\/festnetz\/dsl-vdsl-internet-telefon-fernsehen\">IPTV, DSL Internet und Telefon<\/a><\/strong> &#8211; Kombi-Pakete mit\u00a0Fernsehen, Surfen und Telefonieren.<\/li>\n<li><a title=\"Vodafone DSL Tarife mit Internet und TV (ohne Telefonflat)\" href=\"https:\/\/tarife-aktionen.de\/vodafone\/dsl\/tarife-preise-telefon-internet-vodafone-dsl\"><strong>IPTV und DSL Internet<\/strong><\/a> &#8211; Fernsehen und Surfen f\u00fcr alle, die keine Telefonflat ben\u00f6tigen.<\/li>\n<\/ul>\n<\/li>\n<\/ul>\n<p>Durch den Kauf von <a title=\"Kabel Deutschland Kabelfernsehen jetzt von Vodafone\" href=\"https:\/\/tarife-aktionen.de\/vodafone\/kabelfernsehen\/kabel-deutschland\">Kabel Deutschland<\/a> bietet Vodafone zudem neben IPTV nun auch in 13 Bundesl\u00e4ndern <strong><a title=\"Vodafone Kabelfernsehen (fr\u00fcher Kabel Deutschland)\" href=\"https:\/\/tarife-aktionen.de\/vodafone\/kabelfernsehen\">Kabelfernsehen<\/a><\/strong>\u00a0und <strong><a title=\"Vodafone Kabel Tarife: Internet, Telefon und optional TV\" href=\"https:\/\/tarife-aktionen.de\/vodafone\/zuhause\/kabel\">Internet \u00fcber Kabel<\/a><\/strong> an. \u00dcber das Vodafone Kabelnetz surfen Sie mit bis zu 200 MBit\/s schnell im Internet. Auch f\u00fcr Vodafone Kabel gibt es Kombi-Pakete mit Highspeed <strong><a title=\"Vodafone Kombi-Pakete Kabelfernsehen, Internet und Telefon\" href=\"https:\/\/tarife-aktionen.de\/vodafone\/festnetz\/kabel-internet-telefon-fernsehen\">Internet, Telefonie und Fernsehen<\/a><\/strong> (statt <a title=\"Vodafone IPTV Tarife (IP-Fernsehen \u00fcber DSL \/ VDSL)\" href=\"https:\/\/tarife-aktionen.de\/vodafone\/iptv\">IPTV<\/a> mit\u00a0<a title=\"Vodafone Kabelfernsehen (fr\u00fcher Kabel Deutschland)\" href=\"https:\/\/tarife-aktionen.de\/vodafone\/kabelfernsehen\">Kabelfernsehen<\/a>).<\/p>\n<h2>Vodafone <span class=\"farbig\">IPTV, Internetflat sowie Telefonflat<\/span> Kombi-Pakete<\/h2>\n<p>Die g\u00fcnstigen Vodafone 3Play Pakete (IPTV, Internetflat und Telefonflat) bieten ein besonders g\u00fcnstiges Preis-Leistungsverh\u00e4ltnis und sind daher besonders beliebt. Das f\u00fcr den IPTV-Empfang ben\u00f6tigte <strong><a title=\"Vodafone IPTV-Empf\u00e4nger (Receiver f\u00fcr IP-Fernsehen)\" href=\"https:\/\/tarife-aktionen.de\/vodafone\/iptv\/empfaenger\">Vodafone TV-Center<\/a><\/strong> ist bei allen Tarifen im Monatspreis enthalten.<\/p>\n<ul>\n<li><a title=\"Vodafone Internet, Phone &amp; TV DSL 100 (VDSL Kombi-Paket)\" href=\"https:\/\/tarife-aktionen.de\/vodafone\/dsl-tarife\/vodafone-red-internet-phone-100-dsl-vdsl-mit-iptv\"><strong>Internet, Phone &amp; TV DSL 100<\/strong><\/a> &#8211; per VDSL Vectoring bis zu 100 MBit\/s schnell Surfen.<\/li>\n<li><a title=\"Vodafone Internet, Phone &amp; TV DSL 50 (VDSL Kombi-Paket)\" href=\"https:\/\/tarife-aktionen.de\/vodafone\/dsl-tarife\/vodafone-red-internet-phone-50-dsl-vdsl-mit-iptv\"><strong>Internet, Phone &amp; TV DSL 50<\/strong><\/a> &#8211; Standard VDSL Anschluss sowie Internetflat und Telefonflat.<\/li>\n<li><a title=\"Vodafone Internet, Phone &amp; TV DSL 25 (VDSL Kombi-Paket)\" href=\"https:\/\/tarife-aktionen.de\/vodafone\/archiv-dsl-tarife\/vodafone-internet-phone-dsl-25-vdsl\"><strong>Internet, Phone &amp; TV DSL 25<\/strong><\/a> &#8211; einfacher VDSL Tarif inklusive TV, Internet und Telefon.<\/li>\n<li><a title=\"Vodafone Internet, Phone &amp; TV DSL 16 (Kombi-Paket)\" href=\"https:\/\/tarife-aktionen.de\/vodafone\/dsl-tarife\/vodafone-red-internet-phone-16-dsl-mit-iptv\"><strong>Internet, Phone &amp; TV DSL 16<\/strong><\/a> &#8211; surfen per DSL Internetflat sowie TV und Telefonflat.<\/li>\n<\/ul>\n<h2>Vodafone <span class=\"farbig\">IPTV\u00a0und\u00a0Internetflat<\/span> Kombi-Pakete<\/h2>\n<p>Sie ben\u00f6tigen keine Telefonflat bzw. keinen Telefonanschluss, weil Sie ohnehin nur noch \u00fcber das Mobilfunk Netz telefonieren. In diesem Fall gibt es die Vodafone Kombi-Pakete mit Fernsehen und Festnetz Internet. Im g\u00fcnstigen Preis ist das <strong><a title=\"Vodafone TV-Center HD \/ Ultra-HD (UHD) f\u00fcr IPTV-Empfang\" href=\"https:\/\/tarife-aktionen.de\/vodafone\/iptv\/empfaenger\/tv-center-ultra-hd\">Vodafone TV-Center<\/a><\/strong> enthalten.<\/p>\n<ul>\n<li><a title=\"Vodafone Internet &amp; TV DSL 100 (VDSL und IPTV \/ Fernsehen)\" href=\"https:\/\/tarife-aktionen.de\/vodafone\/dsl-tarife\/vodafone-red-internet-phone-100-dsl-vdsl-mit-iptv\"><strong>Internet &amp; TV DSL 100<\/strong><\/a> &#8211; Internetflat (VDSL Vectoring Anschluss) sowie IPTV Anschluss.<\/li>\n<li><a title=\"Vodafone Internet &amp; TV DSL 50 (VDSL und IPTV \/ Fernsehen)\" href=\"https:\/\/tarife-aktionen.de\/vodafone\/dsl-tarife\/vodafone-red-internet-phone-50-dsl-vdsl-mit-iptv\"><strong>Internet &amp; TV DSL 50<\/strong><\/a> &#8211; Standard VDSL Internetflat sowie Fernsehen \u00fcber IP-Anschluss.<\/li>\n<li><a title=\"Vodafone Internet &amp; TV DSL 25 (VDSL und IPTV \/ Fernsehen)\" href=\"https:\/\/tarife-aktionen.de\/vodafone\/archiv-dsl-tarife\/vodafone-internet-phone-dsl-25-vdsl\"><strong>Internet &amp; TV DSL 25<\/strong><\/a> &#8211; einfache VDSL Internetflat mit TV Anschluss \u00fcber DSL (IPTV).<\/li>\n<li><a title=\"Vodafone Internet &amp; TV DSL 16 (IPTV \/ Fernsehen)\" href=\"https:\/\/tarife-aktionen.de\/vodafone\/dsl-tarife\/vodafone-red-internet-phone-16-dsl-mit-iptv\"><strong>Internet &amp; TV DSL 16<\/strong><\/a> &#8211; DSL Basisanschluss mit Internetflat sowie IPTV Anschluss.<\/li>\n<\/ul>\n<h2>Vodafone <span class=\"farbig\">IPTV Verf\u00fcgbarkeit<\/span>\u00a0f\u00fcr Kombi-Pakete TV, Internet, Telefon<\/h2>\n<p><a title=\"Vodafone IPTV Verf\u00fcgbarkeit (DSL \/ VDSL Ausbau)\" href=\"https:\/\/tarife-aktionen.de\/vodafone\/iptv\/verfuegbarkeit\"><img decoding=\"async\" class=\"alignright size-full wp-image-1173\" src=\"https:\/\/tarife-aktionen.de\/vodafone\/inhalte\/2016\/01\/vodafone-iptv-verfuegarkeit-pruefen.png\" alt=\"Vodafone IPTV Verf\u00fcgbarkeit pr\u00fcfen\" width=\"150\" height=\"200\" srcset=\"https:\/\/tarife-aktionen.de\/vodafone\/inhalte\/2016\/01\/vodafone-iptv-verfuegarkeit-pruefen.png 150w, https:\/\/tarife-aktionen.de\/vodafone\/inhalte\/2016\/01\/vodafone-iptv-verfuegarkeit-pruefen-80x107.png 80w\" sizes=\"(max-width: 150px) 100vw, 150px\" \/><\/a>Um die Vodafone IPTV Kombi-Pakete mit TV \/ Fernsehen, schnellem Internet sowie Telefonanschluss (IP-Anschluss) nutzen zu k\u00f6nnen, muss mindestens eine Internet-Bandbreite von 4,7 MBit\/s zur Verf\u00fcgung stehen. F\u00fcr den Live-TV-Empfang in HD-Qualit\u00e4t m\u00fcssen es sogar 9,7 MBit\/s sein, die technisch an Ihrem Standort \/ Wohnort ausgebaut sein m\u00fcssen. Die Vodafone Kombi-Pakete mit IPTV Anschluss bieten eine optimale performance mit einem schnellen <a title=\"Vodafone VDSL Verf\u00fcgbarkeit pr\u00fcfen (Verf\u00fcgbarkeitscheck)\" href=\"https:\/\/tarife-aktionen.de\/vodafone\/vdsl\/verfuegbarkeit-check-karte-netzausbau-vodafone-vdsl\">VDSL Anschluss<\/a> (wenn verf\u00fcgbar). Sollte Vodafone IPTV nicht <a title=\"Vodafone IPTV Verf\u00fcgbarkeit (DSL \/ VDSL Ausbau)\" href=\"https:\/\/tarife-aktionen.de\/vodafone\/iptv\/verfuegbarkeit\">verf\u00fcgbar<\/a> sein, k\u00f6nnen Sie pr\u00fcfen, ob <a title=\"Vodafone Kabel Verf\u00fcgbarkeit pr\u00fcfen (Internet, Telefon, TV)\" href=\"https:\/\/tarife-aktionen.de\/vodafone\/kabel-deutschland\/verfuegbarkeit-check-vodafone-kabel\">Vodafone Kabel<\/a> bei Ihnen ausgebaut ist (ebenfalls g\u00fcnstige Kombi-Pakete). <strong><a title=\"Vodafone IPTV Verf\u00fcgbarkeit (DSL \/ VDSL Ausbau)\" href=\"https:\/\/tarife-aktionen.de\/vodafone\/iptv\/verfuegbarkeit\">Vodafone IPTV Verf\u00fcgbarkeit pr\u00fcfen<\/a><\/strong><\/p>\n","protected":false},"excerpt":{"rendered":"<p>Wenn Vodafone IPTV verf\u00fcgbar ist, stehen Ihnen die g\u00fcnstigen Kombi-Pakete zum Fernsehen (IPTV), Surfen (DSL \/ VDSL) und optional Telefonieren zur Verf\u00fcgung. Je nach Netzausbau k\u00f6nnen Sie die Vodafone IPTV Kombi-Pakete mit DSL oder schnellem VDSL Anschluss erhalten. Vodafone IPTV mit VDSL\u00a0Anschluss (Surfen mit bis zu 100 MBit\/s \/ optimal f\u00fcr HD-TV): IPTV, VDSL Internet &hellip; <a href=\"https:\/\/tarife-aktionen.de\/vodafone\/iptv\/kombi-pakete-tv-internet-telefon\" class=\"more-link\"><span class=\"screen-reader-text\">Vodafone Kombi-Pakete IPTV, Internet DSL \/ VDSL und Telefon<\/span> weiterlesen <span class=\"meta-nav\">&rarr;<\/span><\/a><\/p>\n","protected":false},"author":28,"featured_media":0,"parent":1062,"menu_order":252000,"comment_status":"closed","ping_status":"closed","template":"","meta":{"footnotes":""},"class_list":["post-1142","page","type-page","status-publish","hentry"],"_links":{"self":[{"href":"https:\/\/tarife-aktionen.de\/vodafone\/wp-json\/wp\/v2\/pages\/1142","targetHints":{"allow":["GET"]}}],"collection":[{"href":"https:\/\/tarife-aktionen.de\/vodafone\/wp-json\/wp\/v2\/pages"}],"about":[{"href":"https:\/\/tarife-aktionen.de\/vodafone\/wp-json\/wp\/v2\/types\/page"}],"author":[{"embeddable":true,"href":"https:\/\/tarife-aktionen.de\/vodafone\/wp-json\/wp\/v2\/users\/28"}],"replies":[{"embeddable":true,"href":"https:\/\/tarife-aktionen.de\/vodafone\/wp-json\/wp\/v2\/comments?post=1142"}],"version-history":[{"count":3,"href":"https:\/\/tarife-aktionen.de\/vodafone\/wp-json\/wp\/v2\/pages\/1142\/revisions"}],"predecessor-version":[{"id":5398,"href":"https:\/\/tarife-aktionen.de\/vodafone\/wp-json\/wp\/v2\/pages\/1142\/revisions\/5398"}],"up":[{"embeddable":true,"href":"https:\/\/tarife-aktionen.de\/vodafone\/wp-json\/wp\/v2\/pages\/1062"}],"wp:attachment":[{"href":"https:\/\/tarife-aktionen.de\/vodafone\/wp-json\/wp\/v2\/media?parent=1142"}],"curies":[{"name":"wp","href":"https:\/\/api.w.org\/{rel}","templated":true}]}}