{"id":1145,"date":"2016-01-23T00:01:16","date_gmt":"2016-01-22T23:01:16","guid":{"rendered":"https:\/\/tarife-aktionen.de\/vodafone\/?page_id=1145"},"modified":"2016-01-23T17:44:59","modified_gmt":"2016-01-23T16:44:59","slug":"empfaenger","status":"publish","type":"page","link":"https:\/\/tarife-aktionen.de\/vodafone\/iptv\/empfaenger","title":{"rendered":"Vodafone IPTV-Empf\u00e4nger (Receiver f\u00fcr IP-Fernsehen)"},"content":{"rendered":"<p>Infos in K\u00fcrze<\/p>\n","protected":false},"excerpt":{"rendered":"<p>Infos in K\u00fcrze<\/p>\n","protected":false},"author":22,"featured_media":0,"parent":1062,"menu_order":253000,"comment_status":"closed","ping_status":"closed","template":"","meta":{"footnotes":""},"class_list":["post-1145","page","type-page","status-publish","hentry"],"_links":{"self":[{"href":"https:\/\/tarife-aktionen.de\/vodafone\/wp-json\/wp\/v2\/pages\/1145","targetHints":{"allow":["GET"]}}],"collection":[{"href":"https:\/\/tarife-aktionen.de\/vodafone\/wp-json\/wp\/v2\/pages"}],"about":[{"href":"https:\/\/tarife-aktionen.de\/vodafone\/wp-json\/wp\/v2\/types\/page"}],"author":[{"embeddable":true,"href":"https:\/\/tarife-aktionen.de\/vodafone\/wp-json\/wp\/v2\/users\/22"}],"replies":[{"embeddable":true,"href":"https:\/\/tarife-aktionen.de\/vodafone\/wp-json\/wp\/v2\/comments?post=1145"}],"version-history":[{"count":0,"href":"https:\/\/tarife-aktionen.de\/vodafone\/wp-json\/wp\/v2\/pages\/1145\/revisions"}],"up":[{"embeddable":true,"href":"https:\/\/tarife-aktionen.de\/vodafone\/wp-json\/wp\/v2\/pages\/1062"}],"wp:attachment":[{"href":"https:\/\/tarife-aktionen.de\/vodafone\/wp-json\/wp\/v2\/media?parent=1145"}],"curies":[{"name":"wp","href":"https:\/\/api.w.org\/{rel}","templated":true}]}}