{"id":1153,"date":"2016-01-23T00:01:45","date_gmt":"2016-01-22T23:01:45","guid":{"rendered":"https:\/\/tarife-aktionen.de\/vodafone\/?page_id=1153"},"modified":"2023-10-22T21:18:57","modified_gmt":"2023-10-22T19:18:57","slug":"archiv-tv-center-hd","status":"publish","type":"page","link":"https:\/\/tarife-aktionen.de\/vodafone\/iptv\/empfaenger\/archiv-tv-center-hd","title":{"rendered":"Vodafone TV-Center HD f\u00fcr IPTV-Empfang (Fernsehen via DSL)"},"content":{"rendered":"<p><img decoding=\"async\" class=\"alignright size-medium wp-image-1402\" src=\"https:\/\/tarife-aktionen.de\/vodafone\/inhalte\/2016\/01\/vodafone-tv-center-1000-150x100.jpg\" alt=\"Vodafone TV-Center HD f\u00fcr IPTV-Empfang (Fernsehen via DSL)\" width=\"150\" height=\"100\" srcset=\"https:\/\/tarife-aktionen.de\/vodafone\/inhalte\/2016\/01\/vodafone-tv-center-1000-150x100.jpg 150w, https:\/\/tarife-aktionen.de\/vodafone\/inhalte\/2016\/01\/vodafone-tv-center-1000.jpg 300w, https:\/\/tarife-aktionen.de\/vodafone\/inhalte\/2016\/01\/vodafone-tv-center-1000-80x53.jpg 80w, https:\/\/tarife-aktionen.de\/vodafone\/inhalte\/2016\/01\/vodafone-tv-center-1000-210x140.jpg 210w\" sizes=\"(max-width: 150px) 100vw, 150px\" \/>Das innovative <strong><span class=\"farbig\">Vodafone TV Center 1000<\/span><\/strong> aus dem Jahre 2010 (Nachfolgemodelle <strong><a title=\"Vodafone TV-Center HD \/ Ultra-HD (UHD) f\u00fcr IPTV-Empfang\" href=\"https:\/\/tarife-aktionen.de\/vodafone\/iptv\/empfaenger\/tv-center-ultra-hd\">Vodafone TV Center 2000<\/a><\/strong>\u00a0aus dem Jahre 2016) ist eine so genannte Hybrid Box, denn Sie vereinigt IPTV Empf\u00e4nger (Internetfernsehen sowie Video on Demand \/ VoD), Kabel Receiver (analoges Kabelfernsehen \/ kein DVB-C Digital TV) und Sat-Receiver (Empfang von Satellitenfernsehen) in nur einem Ger\u00e4t &#8211; mit einer 320 GB Festplatte zum Aufnehmen von Filmen sowie f\u00fcr TimeShift.<\/p>\n<h2>TV-Center: IPTV (Internetfernsehen), Kabelfernsehen und Satellitenfernsehen<\/h2>\n<p>Das neue Vodafone TV Center kann fast alles, k\u00f6nnte man es auch beschreiben &#8211; denn die flache Hybrid Box mit einer 320 GB Wechsel-Festplatte kann neben IPTV (Internetfernsehen) auch Kabelfernsehen und Satellitenfernsehen. Wenn man also ohnehin eine Satellitensch\u00fcssel auf dem Dach hat oder \u00fcber den Vermieter kostenfrei einen Kabelfernsehen Anschluss gestellt bekommt, kann man so wunderbar Vodafone TV \/ IPTV mit den herk\u00f6mmlichen Empfangsarten kombinieren. Beim Empfang von Standard Fernsehsendern kann man beim Sehen \u00fcber Satellit TV oder Kabel TV sich die Internetleitung &#8220;offen lassen&#8221; f\u00fcr Downloads und zum Surfen. Und wenn man etwas besonders schauen m\u00f6chte, egal ob etwas aus derVodafone Videothek, einen der Vodafone HD Sender (freier Empfang z.B. auch von RTL HD, Sat.1 HD und Pro7.HD) oder auch einen der zahlreichen Fernsehsender aus demVodafone FreeTV und PayTV Programm, dann greift man mit dem Vodafone TV Center auf IPTV, also den Fernsehempfang \u00fcber DSL bzw. VDSL zur\u00fcck.<\/p>\n<p style=\"text-align: center;\"><strong><span style=\"color: #ff0000;\">&gt;&gt;&gt;<\/span> <a title=\"Vodafone TV \/ IPTV im Onlineshop\" href=\"https:\/\/tarife-aktionen.de\/vodafone\/zum-anbieter\/vodafone-festnetz\/vodafone-festnetz-check\" target=\"_blank\" rel=\"noopener\">Vodafone TV Tarif inklusive TV Center \/ Hybrid Box &#8211; Infos &amp; Bestellung<\/a><\/strong><\/p>\n<p style=\"text-align: center;\"><img decoding=\"async\" class=\"aligncenter size-full wp-image-1402\" src=\"https:\/\/tarife-aktionen.de\/vodafone\/inhalte\/2016\/01\/vodafone-tv-center-1000.jpg\" alt=\"Vodafone TV-Center HD f\u00fcr IPTV-Empfang (Fernsehen via DSL)\" width=\"300\" height=\"200\" srcset=\"https:\/\/tarife-aktionen.de\/vodafone\/inhalte\/2016\/01\/vodafone-tv-center-1000.jpg 300w, https:\/\/tarife-aktionen.de\/vodafone\/inhalte\/2016\/01\/vodafone-tv-center-1000-150x100.jpg 150w, https:\/\/tarife-aktionen.de\/vodafone\/inhalte\/2016\/01\/vodafone-tv-center-1000-80x53.jpg 80w, https:\/\/tarife-aktionen.de\/vodafone\/inhalte\/2016\/01\/vodafone-tv-center-1000-210x140.jpg 210w\" sizes=\"(max-width: 300px) 100vw, 300px\" \/><\/p>\n<h2>Anschl\u00fcsse am Vodafone TV Center 1000 (Eing\u00e4nge \/ Ausg\u00e4nge)<\/h2>\n<ul>\n<li><a href=\"https:\/\/tarife-aktionen.de\/vodafone\/iptv\/empfaenger\/archiv-tv-center-hd\/anschluesse\/hdmi\">HDMI Anschluss TV Center<\/a><\/li>\n<li><a href=\"https:\/\/tarife-aktionen.de\/vodafone\/iptv\/empfaenger\/archiv-tv-center-hd\/anschluesse\/scart\">Scart Anschluss TV Center<\/a><\/li>\n<li><a href=\"https:\/\/tarife-aktionen.de\/vodafone\/iptv\/empfaenger\/archiv-tv-center-hd\/anschluesse\/satellit\">Sat-In Anschl\u00fcsse TV Center<\/a><\/li>\n<li><a href=\"https:\/\/tarife-aktionen.de\/vodafone\/iptv\/empfaenger\/archiv-tv-center-hd\/anschluesse\/iptv-internetfernsehen\">IPTV mit Vodafone TV Center<\/a><\/li>\n<li><a href=\"https:\/\/tarife-aktionen.de\/vodafone\/iptv\/empfaenger\/archiv-tv-center-hd\/anschluesse\/dvb-c-kabelfernsehen\">Kabelfernsehen TV Center<\/a><\/li>\n<li><a href=\"https:\/\/tarife-aktionen.de\/vodafone\/iptv\/empfaenger\/archiv-tv-center-hd\/anschluesse\/optischer-audioausgang-s-pdif-optical-out\">S\/PDIF optical out Audio<\/a><\/li>\n<li><a href=\"https:\/\/tarife-aktionen.de\/vodafone\/iptv\/empfaenger\/archiv-tv-center-hd\/anschluesse\/cinch-audio-ausgang\">Cinch Audioausgang<\/a><\/li>\n<li><a href=\"https:\/\/tarife-aktionen.de\/vodafone\/iptv\/empfaenger\/archiv-tv-center-hd\/anschluesse\/smartcard-slot-sky-empfang\">SmartCard Slot Sky Empfang<\/a><\/li>\n<li><a href=\"https:\/\/tarife-aktionen.de\/vodafone\/iptv\/empfaenger\/archiv-tv-center-hd\/anschluesse\/usb\">USB Anschl\u00fcsse am TV Center<\/a><\/li>\n<li><a href=\"https:\/\/tarife-aktionen.de\/vodafone\/iptv\/empfaenger\/archiv-tv-center-hd\/anschluesse\/lan-anschluss-netzwerkanschluss\">LAN-Anschluss \/ Netzwerk<\/a><\/li>\n<\/ul>\n<p><span style=\"color: #888888;\">*Das Vodafone TV Center ist bereits im monatlichen Grundpreis des Vodafone TV Paketes mit enthalten (leihweise \/ Leihger\u00e4t). Die Mindestvertragslaufzeit f\u00fcr Vodafone TV \/ IPTV betr\u00e4gt 24 Monate und es ist ein Vodafone DSL oder VDSL Anschluss Voraussetzung. Mehr Details zu Preisen, Verf\u00fcgbarkeit sowie Onlinebestellung im <a title=\"Vodafone TV Onlineshop\" href=\"https:\/\/tarife-aktionen.de\/vodafone\/zum-anbieter\/vodafone-festnetz\/vodafone-festnetz-check\" target=\"_blank\" rel=\"noopener\">Vodafone TV Onlineshop<\/a>.<\/span><\/p>\n","protected":false},"excerpt":{"rendered":"<p>Das innovative Vodafone TV Center 1000 aus dem Jahre 2010 (Nachfolgemodelle Vodafone TV Center 2000\u00a0aus dem Jahre 2016) ist eine so genannte Hybrid Box, denn Sie vereinigt IPTV Empf\u00e4nger (Internetfernsehen sowie Video on Demand \/ VoD), Kabel Receiver (analoges Kabelfernsehen \/ kein DVB-C Digital TV) und Sat-Receiver (Empfang von Satellitenfernsehen) in nur einem Ger\u00e4t &#8211; &hellip; <a href=\"https:\/\/tarife-aktionen.de\/vodafone\/iptv\/empfaenger\/archiv-tv-center-hd\" class=\"more-link\"><span class=\"screen-reader-text\">Vodafone TV-Center HD f\u00fcr IPTV-Empfang (Fernsehen via DSL)<\/span> weiterlesen <span class=\"meta-nav\">&rarr;<\/span><\/a><\/p>\n","protected":false},"author":29,"featured_media":0,"parent":1145,"menu_order":253200,"comment_status":"closed","ping_status":"closed","template":"","meta":{"footnotes":""},"class_list":["post-1153","page","type-page","status-publish","hentry"],"_links":{"self":[{"href":"https:\/\/tarife-aktionen.de\/vodafone\/wp-json\/wp\/v2\/pages\/1153","targetHints":{"allow":["GET"]}}],"collection":[{"href":"https:\/\/tarife-aktionen.de\/vodafone\/wp-json\/wp\/v2\/pages"}],"about":[{"href":"https:\/\/tarife-aktionen.de\/vodafone\/wp-json\/wp\/v2\/types\/page"}],"author":[{"embeddable":true,"href":"https:\/\/tarife-aktionen.de\/vodafone\/wp-json\/wp\/v2\/users\/29"}],"replies":[{"embeddable":true,"href":"https:\/\/tarife-aktionen.de\/vodafone\/wp-json\/wp\/v2\/comments?post=1153"}],"version-history":[{"count":1,"href":"https:\/\/tarife-aktionen.de\/vodafone\/wp-json\/wp\/v2\/pages\/1153\/revisions"}],"predecessor-version":[{"id":6566,"href":"https:\/\/tarife-aktionen.de\/vodafone\/wp-json\/wp\/v2\/pages\/1153\/revisions\/6566"}],"up":[{"embeddable":true,"href":"https:\/\/tarife-aktionen.de\/vodafone\/wp-json\/wp\/v2\/pages\/1145"}],"wp:attachment":[{"href":"https:\/\/tarife-aktionen.de\/vodafone\/wp-json\/wp\/v2\/media?parent=1153"}],"curies":[{"name":"wp","href":"https:\/\/api.w.org\/{rel}","templated":true}]}}