{"id":1167,"date":"2016-01-23T00:01:24","date_gmt":"2016-01-22T23:01:24","guid":{"rendered":"https:\/\/tarife-aktionen.de\/vodafone\/?page_id=1167"},"modified":"2023-10-22T21:24:20","modified_gmt":"2023-10-22T19:24:20","slug":"verfuegbarkeit","status":"publish","type":"page","link":"https:\/\/tarife-aktionen.de\/vodafone\/iptv\/verfuegbarkeit","title":{"rendered":"Vodafone IPTV Verf\u00fcgbarkeit (DSL \/ VDSL Ausbau)"},"content":{"rendered":"<p><a title=\"Vodafone Verf\u00fcgbarkeit IPTV online pr\u00fcfen\" href=\"https:\/\/tarife-aktionen.de\/vodafone\/zum-anbieter\/vodafone-tv\/vodafone-festnetz-tv-gigatv-cable\" target=\"_blank\" rel=\"noopener\"><img decoding=\"async\" class=\"alignright size-full wp-image-1173\" src=\"https:\/\/tarife-aktionen.de\/vodafone\/inhalte\/2016\/01\/vodafone-iptv-verfuegarkeit-pruefen.png\" alt=\"Vodafone IPTV Verf\u00fcgbarkeit pr\u00fcfen\" width=\"150\" height=\"200\" srcset=\"https:\/\/tarife-aktionen.de\/vodafone\/inhalte\/2016\/01\/vodafone-iptv-verfuegarkeit-pruefen.png 150w, https:\/\/tarife-aktionen.de\/vodafone\/inhalte\/2016\/01\/vodafone-iptv-verfuegarkeit-pruefen-80x107.png 80w\" sizes=\"(max-width: 150px) 100vw, 150px\" \/><\/a>Die <span class=\"farbig\">Vodafone IPTV Verf\u00fcgbarkeit<\/span>\u00a0(<strong><a title=\"Vodafone IPTV Tarife (IP-Fernsehen \u00fcber DSL \/ VDSL)\" href=\"https:\/\/tarife-aktionen.de\/vodafone\/iptv\">IPTV<\/a><\/strong> = Fernsehen \u00fcber den <strong><a title=\"Vodafone DSL Tarife: Internet, Telefon und optional TV\" href=\"https:\/\/tarife-aktionen.de\/vodafone\/zuhause\/dsl\">DSL<\/a><\/strong> \/ <strong><a title=\"Vodafone VDSL Tarife: Internet, Telefon und optional TV\" href=\"https:\/\/tarife-aktionen.de\/vodafone\/zuhause\/vdsl\">VDSL<\/a><\/strong> Anschluss) h\u00e4ngt von diversen Faktoren wie Netzausbau, L\u00e4nge der Telefonleitung und mehr ab. <strong>Verf\u00fcgbarkeit hier pr\u00fcfen<\/strong>:<\/p>\n<ul class=\"desktop-tablet\">\n<li><strong><a title=\"Vodafone IPTV Verf\u00fcgbarkeit online pr\u00fcfen\" href=\"https:\/\/tarife-aktionen.de\/vodafone\/zum-anbieter\/vodafone-tv\/vodafone-festnetz-tv-gigatv-cable\" target=\"_blank\" rel=\"noopener\">Vodafone IPTV Verf\u00fcgbarkeit online pr\u00fcfen<\/a><\/strong><\/li>\n<li>Vodafone IPTV Verf\u00fcgbarkeit\u00a0<span class=\"farbig\">telefonisch<\/span>\u00a0bei unserer unabh\u00e4ngigen Hotline unter <strong><a href=\"tel:+4939434099929\" onclick=\"ga('send', 'event', 'hotline', 'hotline-content', 'hotline-content-ohne-zeit');\">0 39 43 \/ 40 999 29<\/a><\/strong> erfragen oder unseren\u00a0<a title=\"Vodafone Verf\u00fcgbarkeit Kabel \/ DSL \/ LTE telefonisch pr\u00fcfen\" href=\"https:\/\/tarife-aktionen.de\/vodafone\/zuhause\/verfuegbarkeit\/telefonisch-pruefen\">R\u00fcckruf-Service<\/a>\u00a0(kostenlos und unverbindlich) nutzen.<\/li>\n<li><a title=\"Schriftliche Anfrage Vodafone Verf\u00fcgbarkeit Kabel, DSL, LTE\" href=\"https:\/\/tarife-aktionen.de\/vodafone\/zuhause\/verfuegbarkeit\/schriftliche-anfrage\"><strong>Schriftliche Anfrage zur Vodafone IPTV Verf\u00fcgbarkeit<\/strong><\/a><\/li>\n<\/ul>\n<ul class=\"smartphone\">\n<li><strong><a title=\"Vodafone IPTV Verf\u00fcgbarkeit online pr\u00fcfen\" href=\"https:\/\/tarife-aktionen.de\/vodafone\/zum-anbieter\/vodafone-tv\/vodafone-festnetz-tv-gigatv-cable\" target=\"_blank\" rel=\"noopener\">Verf\u00fcgbarkeit online pr\u00fcfen<\/a><\/strong><\/li>\n<li>Vodafone Verf\u00fcgbarkeit <span class=\"farbig\">telefonisch<\/span> unter <strong><a href=\"tel:+4939434099929\" onclick=\"ga('send', 'event', 'hotline', 'hotline-content', 'hotline-content-ohne-zeit');\">0 39 43 \/ 40 999 29<\/a><\/strong> erfragen oder <a title=\"Vodafone Verf\u00fcgbarkeit Kabel \/ DSL \/ LTE telefonisch pr\u00fcfen\" href=\"https:\/\/tarife-aktionen.de\/vodafone\/zuhause\/verfuegbarkeit\/telefonisch-pruefen\">R\u00fcckruf-Service<\/a> nutzen.<\/li>\n<li><a title=\"Schriftliche Anfrage Vodafone Verf\u00fcgbarkeit Kabel, DSL, LTE\" href=\"https:\/\/tarife-aktionen.de\/vodafone\/zuhause\/verfuegbarkeit\/schriftliche-anfrage\"><strong>Schriftliche Anfrage Verf\u00fcgbarkeit<\/strong><\/a><\/li>\n<\/ul>\n<h2>Vodafone IPTV <span class=\"farbig\">Netzausbau &#8211; Tarifauswahl<\/span> je nach Region<\/h2>\n<p>Vodafone <strong>IPTV<\/strong> k\u00f6nnen Sie nur an Standorten erhalten, wo <strong>kein<\/strong> <a title=\"Vodafone Kabel Tarife: Internet, Telefon und optional TV\" href=\"https:\/\/tarife-aktionen.de\/vodafone\/zuhause\/kabel\">Vodafone Kabelnetz<\/a> (fr\u00fcher Kabel Deutschland Netz) ausgebaut ist (<a title=\"Vodafone Kabel Verf\u00fcgbarkeit pr\u00fcfen (Internet, Telefon, TV)\" href=\"https:\/\/tarife-aktionen.de\/vodafone\/kabel-deutschland\/verfuegbarkeit-check-vodafone-kabel\">Kabel Verf\u00fcgbarkeit pr\u00fcfen<\/a>). F\u00fcr IPTV muss zudem\u00a0das Vodafone eigene Breitband DSL \/ VDSL Netz ausgebaut sein, ansonsten erhalten Sie den gew\u00fcnschten Vodafone TV Tarif als &#8220;Vodafone Sat TV&#8221; Paket (Live Fernsehen via Satellit, aber Nutzung von Vodafone TV Funktionen wie <a title=\"Vodafone Videothek \u2013 Filme auf Abruf am IPTV-Anschluss\" href=\"https:\/\/tarife-aktionen.de\/vodafone\/iptv\/videothek-filme-auf-abruf\">Videothek<\/a> und mehr). Wenn die Vodafone Breitband Internet Verf\u00fcgbarkeit als Voraussetzung f\u00fcr IPTV gegeben ist, erhalten Sie diese Tarife:<\/p>\n<ul>\n<li><strong><a href=\"https:\/\/tarife-aktionen.de\/vodafone\/festnetz\/dsl-vdsl-internet-telefon-fernsehen\">VDSL Internet, Telefon und TV<\/a><\/strong>\u00a0&#8211; Highspeed Internet, Telefonanschluss und IPTV.<\/li>\n<li><strong><a href=\"https:\/\/tarife-aktionen.de\/vodafone\/vdsl\/tarife-preise-telefon-internet-vodafone-vdsl\">VDSL Internet und TV<\/a><\/strong>\u00a0&#8211; \u00a0Schnell Surfen und brilliantes Fernsehen via IPTV.<\/li>\n<li><strong><a href=\"https:\/\/tarife-aktionen.de\/vodafone\/festnetz\/dsl-vdsl-internet-telefon-fernsehen\">DSL Internet, Telefon und TV<\/a><\/strong>\u00a0&#8211; Einfacher DSL Anschluss, Telefonanschluss und IPTV.<\/li>\n<li><strong><a href=\"https:\/\/tarife-aktionen.de\/vodafone\/dsl\/tarife-preise-telefon-internet-vodafone-dsl\">DSL Internet und TV<\/a><\/strong>\u00a0&#8211; Surfen per DSL Anschluss sowie IPTV Fernsehen.<\/li>\n<\/ul>\n<h2><span class=\"farbig\">Technische Voraussetzungen<\/span> f\u00fcr Vodafone TV (IP-TV und Sat-TV Paket)<\/h2>\n<p>Um Vodafone TV nutzen zu k\u00f6nnen, insbesondere <a title=\"News rund IPTV\" href=\"https:\/\/tarife-aktionen.de\/vodafone\/iptv\" target=\"_blank\" rel=\"noopener\">IPTV<\/a> (TV Empfang \u00fcber die DSL Leitung), muss eine gewisse Internetbandbreite an Ihrem Standort verf\u00fcgbar sein. Sonst kann es sein, dass Sie zwar Vodafone TV am DSL \/ VDSL Anschluss erhalten k\u00f6nnen, aber eben nicht in HD-Qualit\u00e4t oder nicht als IPTV Variante, sondern als Sat-Paket.\u00a0Je nach technisch m\u00f6glicher DSL Bandbreite werden Ihnen daher nach Verf\u00fcgbarkeitscheck verschiedene Tarife angeboten:<\/p>\n<ul>\n<li><strong>Vodafone DSL Bandbreite <span class=\"farbig\">ab 2000 kBit\/s<\/span> = 2 Mbit\/s bis zu 4700 kBit\/s = 4,7 Mbit\/s: <\/strong>Vodafone TV Basic Paket (Nutzung der Vodafone Videothek). Kein IPTV, sondern TV Empfang \u00fcber Satellit (<a title=\"Vodafone DSL plus Sat-TV Paket\" href=\"https:\/\/tarife-aktionen.de\/vodafone\/dsl-tarife\/vodafone-red-internet-phone-16-dsl-mit-sat-tv\">Vodafone DSL plus Sat-TV Paket<\/a>). Eingeschr\u00e4nkter Nutzungsumfang von Vodafone TV (unter anderem kein Live-TV via DSL).<\/li>\n<li><strong>Vodafone DSL Bandbreite <span class=\"farbig\">ab 4700 kBit\/s<\/span> = 4,7 Mbit\/s bis zu 9700 kBit\/s = 9,7 Mbit\/s: <\/strong>Vodafone TV inklusive IPTV Nutzung (in Vodafone Ausbaugebiet) und Nutzung der Videothek sowie zahlreicher weiterer Funktionen. Live TV Empfang \u00fcber DSL Leitung (aber zus\u00e4tzlich auf Wunsch oder im Nicht-Ausbaugebiet \u00fcber <a title=\"News rund ums Satellitenfernsehen\" href=\"https:\/\/kabel-internet-telefon.de\/\" target=\"_blank\" rel=\"noopener\">digitalen Satellit<\/a>).<\/li>\n<li><strong>Vodafone DSL Bandbreite <span class=\"farbig\">ab 9700 kBit\/s<\/span> = 9,7 Mbit\/s bzw. mit Vodafone VDSL:<\/strong>\u00a0Vodafone TV inklusive <a title=\"Free TV HD Sender \/ HDTV\" href=\"https:\/\/tarife-aktionen.de\/vodafone\/iptv\/senderliste\/hd-sender\">HDTV \/ HD Fernsehsender<\/a> mit Empfang \u00fcber die DSL bzw. VDSL Leitung. Brilliante Bildqualit\u00e4t und Tonqualit\u00e4t nicht nur \u00fcber die Vodafone Videothek, sondern auch im Live TV (via IPTV im Vodafone Ausbaugebiet) sowie zahlreiche weitere Funktionen.<\/li>\n<\/ul>\n<p>Der Umfang Ihres Vodafone TV Paketes <a title=\"Technische Anforderungen IP-TV\" href=\"https:\/\/tarife-aktionen.de\/vodafone\/iptv\/empfaenger\/technische-anforderungen-tv-per-dsl-vdsl\">richtet sich<\/a> also nach der an Ihrem Anschluss \/ Anschrift verf\u00fcgbaren DSL Geschwindigkeit. Der Vodafone Verf\u00fcgbarkeitscheck im Internet ermittelt anhand Leitungsparameter und anderer technischer Parameter, welche <a title=\"News rund um Breitband Internet\" href=\"https:\/\/kabel-internet-telefon.de\/\" target=\"_blank\" rel=\"noopener\">Internetbandbreite<\/a> vermutlich bei Ihnen realisierbar ist. Nach dem<strong> <a title=\"Vodafone IPTV Verf\u00fcgbarkeit online pr\u00fcfen\" href=\"https:\/\/tarife-aktionen.de\/vodafone\/zum-anbieter\/vodafone-tv\/vodafone-festnetz-tv-gigatv-cable\" target=\"_blank\" rel=\"noopener\">Check der Vodafone IPTV Verf\u00fcgbarkeit<\/a><\/strong> wird Ihnen unmittelbar angezeigt, welche Tarife bei Ihnen voraussichtlich verf\u00fcgbar und damit bestellbar (<a title=\"Onlinebestellung Vodafone TV f\u00fcr Neukunden (DSL plus IP-TV \/ Sat-TV)\" href=\"https:\/\/tarife-aktionen.de\/vodafone\/onlinebestellung\">Onlinebestellung<\/a> oder <a title=\"Bestellformulare f\u00fcr Vodafone TV (f\u00fcr Neukunden und Bestandskunden)\" href=\"https:\/\/tarife-aktionen.de\/vodafone\/bestellformulare\">Bestellformulare pdf<\/a>) sind.<\/p>\n<h2><span class=\"desktop-tablet\">Vodafone Verf\u00fcgbarkeit IPTV Tarife <span class=\"farbig\">online pr\u00fcfen<\/span>\u00a0(Online-Check) <\/span><span class=\"smartphone\">Verf\u00fcgbarkeit IPTV\u00a0<span class=\"farbig\">online pr\u00fcfen<\/span><\/span><\/h2>\n<p><a title=\"Vodafone IPTV Verf\u00fcgbarkeit online pr\u00fcfen\" href=\"https:\/\/tarife-aktionen.de\/vodafone\/zum-anbieter\/vodafone-tv\/vodafone-festnetz-tv-gigatv-cable\" target=\"_blank\" rel=\"noopener\"><img decoding=\"async\" class=\"alignright size-full wp-image-1249\" src=\"https:\/\/tarife-aktionen.de\/vodafone\/inhalte\/2016\/01\/vodafone-verfuegbarkeit-pruefen-1.png\" alt=\"Vodafone Verf\u00fcgbarkeit online pr\u00fcfen\" width=\"150\" height=\"30\" srcset=\"https:\/\/tarife-aktionen.de\/vodafone\/inhalte\/2016\/01\/vodafone-verfuegbarkeit-pruefen-1.png 150w, https:\/\/tarife-aktionen.de\/vodafone\/inhalte\/2016\/01\/vodafone-verfuegbarkeit-pruefen-1-80x16.png 80w\" sizes=\"(max-width: 150px) 100vw, 150px\" \/><\/a>Die Onlinepr\u00fcfung der Vodafone IPTV Verf\u00fcgbarkeit ist der einfachste Weg um herauszufinden, ob die <strong><a title=\"Vodafone IPTV Tarife (IP-Fernsehen \u00fcber DSL \/ VDSL)\" href=\"https:\/\/tarife-aktionen.de\/vodafone\/iptv\">Vodafone IPTV Tarife<\/a><\/strong>\u00a0an Ihrer Anschrift verf\u00fcgbar sind. F\u00fcr den Onlinecheck\u00a0der IPTV Verf\u00fcgbarkeit ben\u00f6tigen Sie Ihre Anschrift \/ Wohnort und Ihre Vorwahl. Im <strong><a title=\"Vodafone IPTV Verf\u00fcgbarkeitscheck online\" href=\"https:\/\/tarife-aktionen.de\/vodafone\/zum-anbieter\/vodafone-tv\/vodafone-festnetz-tv-gigatv-cable\" target=\"_blank\" rel=\"noopener\">Online-Verf\u00fcgbarkeitscheck<\/a><\/strong> wird Ihnen online angezeigt, welche Vodafone IPTV Tarife an Ihrer Adresse technisch m\u00f6glich sind.<\/p>\n<h2><span class=\"desktop-tablet\">Vodafone Verf\u00fcgbarkeit IPTV<span class=\"farbig\">\u00a0telefonisch pr\u00fcfen<\/span> (mit Beratung) <\/span><span class=\"smartphone\">Verf\u00fcgbarkeit IPTV\u00a0<span class=\"farbig\">telefonisch pr\u00fcfen<\/span><\/span><\/h2>\n<p>Gern \u00fcberpr\u00fcfen wir auch unverbindlich und kostenlos <strong>telefonisch<\/strong> die Vodafone IPTV Verf\u00fcgbarkeit an Ihrer Anschrift. Unsere Mitarbeiter ben\u00f6tigen Anschrift und Vorwahl, um einen IPTV Verf\u00fcgbarkeitscheck durchzuf\u00fchren. Sollten die Vodafone <strong><a title=\"Vodafone Tarif\u00fcbersicht Zuhause (Festnetz-Anschluss)\" href=\"https:\/\/tarife-aktionen.de\/vodafone\/zuhause\/tarifuebersicht\">Zuhause\u00a0Tarife<\/a><\/strong>\u00a0mit IPTV bei Ihnen verf\u00fcgbar sein, beraten wir Sie gern am Telefon, welches der Angebote am besten zu Ihnen passt. Nutzen Sie einfach unseren <strong><a title=\"Vodafone Verf\u00fcgbarkeit Kabel \/ DSL \/ LTE telefonisch pr\u00fcfen\" href=\"https:\/\/tarife-aktionen.de\/vodafone\/zuhause\/verfuegbarkeit\/telefonisch-pruefen\">R\u00fcckrufservice<\/a><\/strong> oder rufen Sie direkt an:<\/p>\n<p><span class=\"desktop-tablet\"><strong>Tel.<\/strong>\u00a0<strong><a href=\"tel:+4939434099929\" onclick=\"ga('send', 'event', 'hotline', 'hotline-content', 'hotline-content-mit-zeit');\">0 39 43 \/ 40 999 29<\/a><\/strong> (Mo.-Fr. 7:30-22 \/ Sa. 8-22 \/ So. + Feiertag 10-22 Uhr) <\/span><span class=\"smartphone\"><strong>Tel.<\/strong>\u00a0<strong><a href=\"tel:+4939434099929\" onclick=\"ga('send', 'event', 'hotline', 'hotline-content', 'hotline-content-mit-zeit');\">0 39 43 \/ 40 999 29<\/a><\/strong> (Mo.-Fr. 7:30-22 \/ Sa. 8-22 \/ So. + Feiertag 10-22 Uhr)<\/span><\/p>\n<h2><span class=\"desktop-tablet\">Vodafone Verf\u00fcgbarkeit IPTV:<span class=\"farbig\">\u00a0schriftliche Anfrage stellen<\/span>\u00a0<\/span><span class=\"smartphone\">Verf\u00fcgbarkeit IPTV:\u00a0<span class=\"farbig\">schriftliche Anfrage<\/span><\/span><\/h2>\n<p>Auf Wunsch k\u00f6nnen Sie auch eine <strong><a title=\"Schriftliche Anfrage Vodafone Verf\u00fcgbarkeit Kabel, DSL, LTE\" href=\"https:\/\/tarife-aktionen.de\/vodafone\/zuhause\/verfuegbarkeit\/schriftliche-anfrage\">schriftliche Anfrage<\/a><\/strong> zur Vodafone IPTV Verf\u00fcgbarkeit senden. Wir teilen Ihnen per eMail mit, welche <a title=\"Vodafone TV \/ Fernsehen: IPTV Anschluss und Kabelfernsehen\" href=\"https:\/\/tarife-aktionen.de\/vodafone\/zuhause\/tv-fernsehen\">Vodafone TV\u00a0Tarife<\/a> bei Ihnen m\u00f6glich\u00a0sind.<\/p>\n","protected":false},"excerpt":{"rendered":"<p>Die Vodafone IPTV Verf\u00fcgbarkeit\u00a0(IPTV = Fernsehen \u00fcber den DSL \/ VDSL Anschluss) h\u00e4ngt von diversen Faktoren wie Netzausbau, L\u00e4nge der Telefonleitung und mehr ab. Verf\u00fcgbarkeit hier pr\u00fcfen: Vodafone IPTV Verf\u00fcgbarkeit online pr\u00fcfen Vodafone IPTV Verf\u00fcgbarkeit\u00a0telefonisch\u00a0bei unserer unabh\u00e4ngigen Hotline unter erfragen oder unseren\u00a0R\u00fcckruf-Service\u00a0(kostenlos und unverbindlich) nutzen. Schriftliche Anfrage zur Vodafone IPTV Verf\u00fcgbarkeit Verf\u00fcgbarkeit online pr\u00fcfen Vodafone &hellip; <a href=\"https:\/\/tarife-aktionen.de\/vodafone\/iptv\/verfuegbarkeit\" class=\"more-link\"><span class=\"screen-reader-text\">Vodafone IPTV Verf\u00fcgbarkeit (DSL \/ VDSL Ausbau)<\/span> weiterlesen <span class=\"meta-nav\">&rarr;<\/span><\/a><\/p>\n","protected":false},"author":30,"featured_media":0,"parent":1062,"menu_order":251000,"comment_status":"closed","ping_status":"closed","template":"","meta":{"footnotes":""},"class_list":["post-1167","page","type-page","status-publish","hentry"],"_links":{"self":[{"href":"https:\/\/tarife-aktionen.de\/vodafone\/wp-json\/wp\/v2\/pages\/1167","targetHints":{"allow":["GET"]}}],"collection":[{"href":"https:\/\/tarife-aktionen.de\/vodafone\/wp-json\/wp\/v2\/pages"}],"about":[{"href":"https:\/\/tarife-aktionen.de\/vodafone\/wp-json\/wp\/v2\/types\/page"}],"author":[{"embeddable":true,"href":"https:\/\/tarife-aktionen.de\/vodafone\/wp-json\/wp\/v2\/users\/30"}],"replies":[{"embeddable":true,"href":"https:\/\/tarife-aktionen.de\/vodafone\/wp-json\/wp\/v2\/comments?post=1167"}],"version-history":[{"count":5,"href":"https:\/\/tarife-aktionen.de\/vodafone\/wp-json\/wp\/v2\/pages\/1167\/revisions"}],"predecessor-version":[{"id":6739,"href":"https:\/\/tarife-aktionen.de\/vodafone\/wp-json\/wp\/v2\/pages\/1167\/revisions\/6739"}],"up":[{"embeddable":true,"href":"https:\/\/tarife-aktionen.de\/vodafone\/wp-json\/wp\/v2\/pages\/1062"}],"wp:attachment":[{"href":"https:\/\/tarife-aktionen.de\/vodafone\/wp-json\/wp\/v2\/media?parent=1167"}],"curies":[{"name":"wp","href":"https:\/\/api.w.org\/{rel}","templated":true}]}}