{"id":1299,"date":"2016-01-24T00:01:50","date_gmt":"2016-01-23T23:01:50","guid":{"rendered":"https:\/\/tarife-aktionen.de\/vodafone\/?page_id=1299"},"modified":"2018-08-08T15:23:41","modified_gmt":"2018-08-08T13:23:41","slug":"videothek-filme-auf-abruf","status":"publish","type":"page","link":"https:\/\/tarife-aktionen.de\/vodafone\/iptv\/videothek-filme-auf-abruf","title":{"rendered":"Vodafone Videothek &#8211; Filme auf Abruf am IPTV-Anschluss"},"content":{"rendered":"<p><img decoding=\"async\" class=\"alignright size-full wp-image-1318\" src=\"https:\/\/tarife-aktionen.de\/vodafone\/inhalte\/2016\/01\/vodafone-video-on-demand-vod-videothek-mediathek.jpg\" alt=\"Vodafone Videothek - Filme auf Abruf am IPTV-Anschluss\" width=\"150\" height=\"100\" srcset=\"https:\/\/tarife-aktionen.de\/vodafone\/inhalte\/2016\/01\/vodafone-video-on-demand-vod-videothek-mediathek.jpg 150w, https:\/\/tarife-aktionen.de\/vodafone\/inhalte\/2016\/01\/vodafone-video-on-demand-vod-videothek-mediathek-80x53.jpg 80w\" sizes=\"(max-width: 150px) 100vw, 150px\" \/>Als <strong><a title=\"Vodafone IPTV Tarife (IP-Fernsehen \u00fcber DSL \/ VDSL)\" href=\"https:\/\/tarife-aktionen.de\/vodafone\/iptv\">Vodafone IPTV<\/a><\/strong> Kunde k\u00f6nnen Sie die\u00a0<span class=\"farbig\">Vodafone Videothek<\/span> mit Filmen auf Abruf (Video on Demand = VoD) nutzen. F\u00fcr\u00a0<a title=\"Vodafone Kabelfernsehen (fr\u00fcher Kabel Deutschland)\" href=\"https:\/\/tarife-aktionen.de\/vodafone\/kabelfernsehen\">Vodafone Kabelfernsehen<\/a>\u00a0Kunden (fr\u00fcher Kabel Deutschland) gibt es hingegen die <strong><a title=\"Vodafone Select Video (Kabel Deutschland Videothek)\" href=\"https:\/\/tarife-aktionen.de\/vodafone\/kabelfernsehen\/select-video-videothek\">Select Video<\/a><\/strong> Angebote. Mit dem <a title=\"Vodafone IPTV-Empf\u00e4nger (Receiver f\u00fcr IP-Fernsehen)\" href=\"https:\/\/tarife-aktionen.de\/vodafone\/iptv\/empfaenger\">Vodafone IPTV Empf\u00e4nger<\/a> k\u00f6nnen Sie die Inhalte direkt auf Ihrem Fernseher nutzen.\u00a0<!--more--><\/p>\n<h2>Vodafone Videothek bietet <span class=\"farbig\">Filme und Serien auf Abruf<\/span> (Video on Demand)<\/h2>\n<p>Neben Live-Fernsehen unterst\u00fctzt das <a title=\"Vodafone TV-Center HD \/ Ultra-HD (UHD) f\u00fcr IPTV-Empfang\" href=\"https:\/\/tarife-aktionen.de\/vodafone\/iptv\/empfaenger\/tv-center-ultra-hd\">Vodafone TV Center<\/a> auch Video-on-Demand (VoD), also Filme und Serien auf Abruf. In der Vodafone Online-Videothek stehen Ihnen tausende Inhalte zum Abruf bereit (Filme \/ Blockbuster, Serien, Dokumentationen und mehr) und diese werden ganz einfach \u00fcber Ihren Vodafone <strong><a title=\"Vodafone DSL Tarife: Internet, Telefon und optional TV\" href=\"https:\/\/tarife-aktionen.de\/vodafone\/zuhause\/dsl\">DSL<\/a><\/strong> bzw. <strong><a title=\"Vodafone VDSL Tarife: Internet, Telefon und optional TV\" href=\"https:\/\/tarife-aktionen.de\/vodafone\/zuhause\/vdsl\">VDSL<\/a><\/strong> Anschluss geladen. Der weite Weg und die Fahrtkosten in eine herk\u00f6mmliche Videothek entfallen, denn Sie streamen sich die Filme \/ Inhalte einfach \u00fcber das Internet und das vollkommen legal. Die Bezahlung erfolgt ganz bequem \u00fcber Ihre monatliche Vodafone Rechnung. Nat\u00fcrlich k\u00f6nnen Sie Ihren <strong><a title=\"Vodafone Verf\u00fcgbarkeit Zuhause Tarife: DSL, VDSL, Kabel, LTE\" href=\"https:\/\/tarife-aktionen.de\/vodafone\/zuhause\/verfuegbarkeit\">Vodafone Breitband Internet<\/a><\/strong> Anschluss auch f\u00fcr die Videothek Angebote anderer Anbieter wie <strong>Amazon Video, maxdome oder Netflix<\/strong> nutzen (z.B. \u00fcber entsprechende Apps auf Ihrem Fernseher).<\/p>\n<h2>Viele Inhalte der\u00a0Vodafone Videothek in <span class=\"farbig\">HD-Qualit\u00e4t<\/span> (High Definition)<\/h2>\n<p>Die Inhalte in der Vodafone Videothek f\u00fcr <strong><a title=\"Vodafone IPTV Verf\u00fcgbarkeit (DSL \/ VDSL Ausbau)\" href=\"https:\/\/tarife-aktionen.de\/vodafone\/iptv\/verfuegbarkeit\">IPTV<\/a><\/strong> Kunden sind gut sortiert nach Genres und es gibt eine Suchfunktion. Viele Inhalte k\u00f6nnen Sie auch in <strong><a title=\"News rund um HD-Fernsehen \/ HDTV\" href=\"https:\/\/tarife-aktionen.de\/vodafone\/aktuelles\/hdtv\">HD (High Definition Qualit\u00e4t)<\/a><\/strong> abrufen, also beste Bildqualit\u00e4t und Tonqualit\u00e4t. Gerade Kunden, die einen gro\u00dfen Flachbildfernseher nutzen, werden nach der erstmaligen Nutzung von HD sicher nicht mehr auf HD Filme verzichten wollen, so die Erfahrung. Mit der Vodafone Videothek \u00fcber das TV Center holen Sie sich ein Kinoerlebnis direkt nach Hause und das zum fairen Preis.<\/p>\n<h2>Nutzung der Vodafone Videothek im Einzelabruf\u00a0(<span class=\"farbig\">Pay per View<\/span>)<\/h2>\n<p>Je nach Aktulit\u00e4t des Films \/Videos kosten Einzelabrufe in der Vodafone Videothek im Regelfall 0,99 bis 4,99 \u20ac. Das Video steht Ihnen dann, wenn nichts anderes angeben ist, 48 Stunden zur Verf\u00fcgung (gez\u00e4hlt ab erster Wiedergabe). Sie k\u00f6nnen den Film \/ Serie\u00a0in dieser Zeit jederzeit pausieren oder den Inhalt so oft Sie wollen erneut\u00a0ansehen, ohne erneut daf\u00fcr zu bezahlen.<\/p>\n<h2>Internetbandbreite ist entscheidend: <span class=\"farbig\">Streaming oder Vorbestellung<\/span><\/h2>\n<p>Ein Film in Standard-Qualit\u00e4t (SD) hat im Regelfall eine Gr\u00f6\u00dfe von 1 bis 2 GB, ein HD Blockbuster hat deutlich mehr Datenmenge (aufgrund der feinen Video-Aufl\u00f6sung), hier rechnet man mit 3 bis 5 GB je Film. Abh\u00e4ngig von der bei Ihnen verf\u00fcgbaren <a title=\"Vodafone DSL Verf\u00fcgbarkeit pr\u00fcfen (DSL Verf\u00fcgbarkeitscheck)\" href=\"https:\/\/tarife-aktionen.de\/vodafone\/dsl\/verfuegbarkeit-check-karte-netzausbau-vodafone-dsl\">Internetbandbreite<\/a> k\u00f6nnen Sie Filme entweder direkt live Streamen (z.b. SD Qualit\u00e4t auch mit DSL 6000 Anschluss) oder Sie k\u00f6nnen den Inhalt aus der Vodafone Videothek nur &#8220;vorbestellen&#8221;. Beim Vorbestellen wir erst der Film \u00fcber das Internet auf die Festplatte Ihres <strong><a title=\"Vodafone IPTV-Empf\u00e4nger (Receiver f\u00fcr IP-Fernsehen)\" href=\"https:\/\/tarife-aktionen.de\/vodafone\/iptv\/empfaenger\">Vodafone TV Centers<\/a><\/strong> geladen und Sie k\u00f6nnen zu einem sp\u00e4teren Zeitpunkt (meist ein paar Stunden sp\u00e4ter oder am n\u00e4chsten Tag) dann die Wiedergabe beginnen. Wie lange das Herunterladen des Films dauert ist davon abh\u00e4ngig, ob Sie parallel noch \u00fcber das Vodafone TVCenter per <strong><a title=\"Vodafone DSL Tarife: Internet, Telefon und optional TV\" href=\"https:\/\/tarife-aktionen.de\/vodafone\/zuhause\/dsl\">DSL<\/a><\/strong> \/ <strong><a title=\"Vodafone VDSL Tarife: Internet, Telefon und optional TV\" href=\"https:\/\/tarife-aktionen.de\/vodafone\/zuhause\/vdsl\">VDSL<\/a><\/strong>\u00a0Fernsehen oder auf anderem Wege das Internet nutzen (z.B. Downloads \u00fcber Ihren PC). Besonders fair ist, dass Sie die Vorbestellung jederzeit wieder stornieren k\u00f6nnen, ohne dass Ihnen Kosten entstehen. Erst mit der erstmaligen Wiedergabe des Inhalts, wird dieser auch berechnet. Wenn Sie sich also unsicher sind, was Sie am n\u00e4chsten Tag mit Ihrem Besuch schauen m\u00f6chten, bestellen Sie doch z.B. einfach 3 Filme vor und w\u00e4hlen dann am n\u00e4chsten Tag, welchen Inhalt Sie dann kostenpflichtig sehen m\u00f6chten &#8211; einfach Wunschfilm starten.<\/p>\n<h2>Vodafone <span class=\"farbig\">IPTV Tarife<\/span> je nach Verf\u00fcgbarkeit mit DSL oder VDSL<\/h2>\n<ul>\r\n\t<li><strong>Vodafone IPTV mit <span class=\"farbig\">VDSL<\/span> Anschluss (Surfen mit bis zu 100 MBit\/s \/ optimal f\u00fcr HD-TV):<\/strong>\r\n<ul>\r\n\t<li><strong><a title=\"Vodafone VDSL Internet, Telefon und TV (Kombi-Pakete)\" href=\"https:\/\/tarife-aktionen.de\/vodafone\/zuhause\/vdsl\/internet-telefon-tv-kombi-pakete\">IPTV, VDSL Internet und Telefon<\/a><\/strong> - 3Play mit TV, Highspeed Surfen und Telefonflat.<\/li>\r\n\t<li><strong><a title=\"Vodafone VDSL Tarife mit Internet und TV (ohne Telefonflat)\" href=\"https:\/\/tarife-aktionen.de\/vodafone\/zuhause\/vdsl\/internet-tv\">IPTV und VDSL Internet<\/a><\/strong> - IP-Fernsehen und Highspeed-Surfen ohne Telefonflat.<\/li>\r\n<\/ul>\r\n<\/li>\r\n\t<li><strong>Vodafone IPTV mit <span class=\"farbig\">DSL<\/span> Anschluss (Surfen mit bis zu 16 MBit\/s \/ einfacher Anschluss):<\/strong>\r\n<ul>\r\n\t<li><strong><a title=\"Vodafone DSL Internet, Telefon und TV (Kombi-Pakete)\" href=\"https:\/\/tarife-aktionen.de\/vodafone\/zuhause\/dsl\/internet-telefon-tv-kombi-pakete\">IPTV, DSL Internet und Telefon<\/a><\/strong> - Kombi-Pakete mit Fernsehen, Surfen und Telefonieren.<\/li>\r\n\t<li><a title=\"Vodafone DSL Tarife mit Internet und TV (ohne Telefonflat)\" href=\"https:\/\/tarife-aktionen.de\/vodafone\/zuhause\/dsl\/internet-tv\"><strong>IPTV und DSL Internet<\/strong><\/a> - Fernsehen und Surfen f\u00fcr alle, die keine Telefonflat ben\u00f6tigen.<\/li>\r\n<\/ul>\r\n<\/li>\r\n<\/ul>\n","protected":false},"excerpt":{"rendered":"<p>Als Vodafone IPTV Kunde k\u00f6nnen Sie die\u00a0Vodafone Videothek mit Filmen auf Abruf (Video on Demand = VoD) nutzen. F\u00fcr\u00a0Vodafone Kabelfernsehen\u00a0Kunden (fr\u00fcher Kabel Deutschland) gibt es hingegen die Select Video Angebote. Mit dem Vodafone IPTV Empf\u00e4nger k\u00f6nnen Sie die Inhalte direkt auf Ihrem Fernseher nutzen.\u00a0<\/p>\n","protected":false},"author":30,"featured_media":1318,"parent":1062,"menu_order":256000,"comment_status":"closed","ping_status":"closed","template":"","meta":{"footnotes":""},"class_list":["post-1299","page","type-page","status-publish","hentry","has-post-thumbnail"],"_links":{"self":[{"href":"https:\/\/tarife-aktionen.de\/vodafone\/wp-json\/wp\/v2\/pages\/1299","targetHints":{"allow":["GET"]}}],"collection":[{"href":"https:\/\/tarife-aktionen.de\/vodafone\/wp-json\/wp\/v2\/pages"}],"about":[{"href":"https:\/\/tarife-aktionen.de\/vodafone\/wp-json\/wp\/v2\/types\/page"}],"author":[{"embeddable":true,"href":"https:\/\/tarife-aktionen.de\/vodafone\/wp-json\/wp\/v2\/users\/30"}],"replies":[{"embeddable":true,"href":"https:\/\/tarife-aktionen.de\/vodafone\/wp-json\/wp\/v2\/comments?post=1299"}],"version-history":[{"count":1,"href":"https:\/\/tarife-aktionen.de\/vodafone\/wp-json\/wp\/v2\/pages\/1299\/revisions"}],"predecessor-version":[{"id":5399,"href":"https:\/\/tarife-aktionen.de\/vodafone\/wp-json\/wp\/v2\/pages\/1299\/revisions\/5399"}],"up":[{"embeddable":true,"href":"https:\/\/tarife-aktionen.de\/vodafone\/wp-json\/wp\/v2\/pages\/1062"}],"wp:featuredmedia":[{"embeddable":true,"href":"https:\/\/tarife-aktionen.de\/vodafone\/wp-json\/wp\/v2\/media\/1318"}],"wp:attachment":[{"href":"https:\/\/tarife-aktionen.de\/vodafone\/wp-json\/wp\/v2\/media?parent=1299"}],"curies":[{"name":"wp","href":"https:\/\/api.w.org\/{rel}","templated":true}]}}