{"id":1370,"date":"2015-12-31T00:01:06","date_gmt":"2015-12-30T23:01:06","guid":{"rendered":"https:\/\/tarife-aktionen.de\/vodafone\/?page_id=1370"},"modified":"2023-10-22T21:19:14","modified_gmt":"2023-10-22T19:19:14","slug":"radiosender-radio-hoeren-via-dsl-mit-dem-vodafone-tv-center","status":"publish","type":"page","link":"https:\/\/tarife-aktionen.de\/vodafone\/iptv\/radiosender-radio-hoeren-via-dsl-mit-dem-vodafone-tv-center","title":{"rendered":"Radiosender \/ Radio h\u00f6ren via DSL mit dem Vodafone TV Center"},"content":{"rendered":"<p>Sie h\u00f6ren gerne Radio und sind ein Musikfan? Dann haben Sie mit dem <a title=\"Informationen, Angebote und Tarife zu Vodafone TV\" href=\"https:\/\/tarife-aktionen.de\/vodafone\/iptv\" target=\"_blank\" rel=\"noopener\">Vodafone TV<\/a> Paket garantiert die richtige Wahl getroffen. Denn neben Fernsehen k\u00f6nnen Sie bei mit dem <a title=\"Vodafone TV Center\" href=\"https:\/\/tarife-aktionen.de\/vodafone\/iptv\/empfaenger\/archiv-tv-center-hd\">Vodafone TV Center<\/a> und vorhandenem <a title=\"Vodafone DSL plus IP-TV Paket\" href=\"https:\/\/tarife-aktionen.de\/vodafone\/iptv\/kombi-pakete-tv-internet-telefon\">Vodafone DSL + IPTV Paket<\/a> auch Radiosender einschalten.\u00a061 Radiosender sorgen daf\u00fcr, dass Sie eine gro\u00dfe Auswahl an Musik haben.<\/p>\n<h2>Radiosender mit Ihrem Vodafone DSL plus IP-TV empfangen (mit dem TV Center)<\/h2>\n<p>Musik h\u00f6rt fast jeder gerne. Ob beim Haushalt machen, Kochen, Duschen oder im Auto beim fahren. Musik begleitet die meisten Menschen bei der Arbeit, zu Hause oder auch drau\u00dfen in der Freizeit. Daher d\u00fcrfen nat\u00fcrlich bei <a title=\"Informationen und Newsmeldungen zu Vodafone\" href=\"https:\/\/tarife-aktionen.de\/vodafone\/\" target=\"_blank\" rel=\"noopener\">Vodafone<\/a> TV auch keine Radiosender fehlen. Wenn Sie ein <a title=\"Vodafone DSL plus IP-TV Paket\" href=\"https:\/\/tarife-aktionen.de\/vodafone\/iptv\/kombi-pakete-tv-internet-telefon\">Vodafone DSL plus IP-TV<\/a> Paket mit dem innovativem Vodafone TV Center besitzen, dann erhalten Sie neben einigen FreeTV Sendern und FreeTV <a title=\"Informationen und Newsmeldungen zum Thema HD \/ HDTV\" href=\"https:\/\/tarife-aktionen.de\/vodafone\/aktuelles\/hdtv\" target=\"_blank\" rel=\"noopener\">HD<\/a> Sendern, auch 61 Radiosender verschiedener Genres in digitaler Qualit\u00e4t. Ob Rock, Pop, 90er, 80er, 70er, Volksmusik u.s.w, es ist f\u00fcr jeden Geschmack der richtige Radiosender mit dabei. Der Vorteil: Sie haben kein Rauschen mehr (wie man es vom analogen Radio kennt). Die Wiedergabe der Radiosender erfolgt z.B. \u00fcber Ihren Fernseher oder ein angeschlossenes Soundsystem. Interesse an einem <a title=\"Informationen, Angebote und Tarife zu Vodafone\" href=\"https:\/\/tarife-aktionen.de\/vodafone\/\" target=\"_blank\" rel=\"noopener\">Vodafone<\/a> TV Paket mit Radioempfang?<\/p>\n<p style=\"text-align: center;\"><strong><span style=\"color: #ff0000;\">&gt;&gt;&gt;<\/span> <a title=\"Vodafone DSL und TV Paket (Verf\u00fcgbarkeit und Bestellung)\" href=\"https:\/\/tarife-aktionen.de\/vodafone\/zum-anbieter\/vodafone-festnetz\/vodafone-festnetz-check\" target=\"_blank\" rel=\"noopener\">Vodafone DSL + IP-TV Paket f\u00fcr Vodafone DSL Neukunden<\/a><\/strong><br \/>\n<em>PDF Bestellformular: <span style=\"color: #ff0000;\">&gt;<\/span> <a title=\"Vodafone Bestellformular (PDF) DSL plus TV Tarife (IP-TV und Sat-TV) f\u00fcr Neukunden\" href=\"https:\/\/tarife-aktionen.de\/vodafone\/onlinebestellung\" target=\"_blank\" rel=\"noopener\">TV f\u00fcr Neukunden<\/a> \/ <span style=\"color: #ff0000;\">&gt;<\/span> <a title=\"Vodafone Bestellformular (PDF) DSL plus TV Tarife (IP-TV und Sat-TV) f\u00fcr Bestandskunden\" href=\"https:\/\/tarife-aktionen.de\/vodafone\/onlinebestellung\" target=\"_blank\" rel=\"noopener\">TV f\u00fcr Bestandskunden<\/a><br \/>\nKostenlose telefonisch Beratung: 0 39 43 \u2013 40 999 30 (<a title=\"Telefonische Beratung zu Vodafone TV Tarifen\" href=\"https:\/\/tarife-aktionen.de\/vodafone\/kontakt\/telefonische-beratung\">Callback Service<\/a>)<\/em><strong><br \/>\n<\/strong><\/p>\n<h2>Alle Radiosender (61 Sender) des Vodafone TV Paket\u00b4s auf einem Blick<\/h2>\n<p>F\u00fcr Sie haben wir alle Radiosender, welche man via Vodafone TV empfangen kann, aufgelistet:<\/p>\n<table border=\"0\" width=\"550\" cellspacing=\"0\" cellpadding=\"0\" align=\"center\">\n<tbody>\n<tr>\n<td width=\"183\">\n<ul>\n<li>1LIVE<\/li>\n<li>1LIVE DIGGI<\/li>\n<li>Antenne Brandenburg<\/li>\n<li>B5 aktuell<\/li>\n<li>B5 plus<\/li>\n<li>Bayern 1<\/li>\n<li>Bayern 2<\/li>\n<li>Bayern 3<\/li>\n<li>Bayern Plus<\/li>\n<li>BR Verkehr<\/li>\n<li>Bremen Eins<\/li>\n<li>Bremen Vier<\/li>\n<li>BR Klassik<\/li>\n<li>DasDing<\/li>\n<li>Deutschlandradio Kultur<\/li>\n<li>Deutschlandfunk<\/li>\n<li>DRadio Wissen<\/li>\n<li>Fritz<\/li>\n<li>hr-iNFO<\/li>\n<li>hr1<\/li>\n<li>hr2-kultur<\/li>\n<\/ul>\n<\/td>\n<td width=\"183\">\n<ul>\n<li>hr3<\/li>\n<li>hr4<\/li>\n<li>Inforadio rbb<\/li>\n<li>JUMP<\/li>\n<li>KIRAKA<\/li>\n<li>kulturradio (rbb)<\/li>\n<li>MDR Figaro<\/li>\n<li>MDR Info<\/li>\n<li>MDR Klassik<\/li>\n<li>MDR SPUTNIK<\/li>\n<li>MDR1 Radio Sachsen<\/li>\n<li>MDR1 Radio S-A<\/li>\n<li>MDR1 Radio Th\u00fcringen<\/li>\n<li>NDR1 Niedersachsen<\/li>\n<li>NDR1 Radio MV<\/li>\n<li>NDR1 Welle Nord<\/li>\n<li>NDR2<\/li>\n<li>NDR 90,3<\/li>\n<li>NDR Info<\/li>\n<li>NDR Kultur<\/li>\n<\/ul>\n<\/td>\n<td width=\"184\">\n<ul>\n<li>N-Joy<\/li>\n<li>Nordwestradio<\/li>\n<li>on3 Radio<\/li>\n<li>RadioBerlin 88,8<\/li>\n<li>radioeins (rbb)<\/li>\n<li>SR1 Europawelle<\/li>\n<li>SR2 KulturRadio<\/li>\n<li>SR3 Saarlandwelle<\/li>\n<li>SWR1<\/li>\n<li>SWR2<\/li>\n<li>SWR3<\/li>\n<li>SWR4<\/li>\n<li>SWR cont.ra<\/li>\n<li>WDR2<\/li>\n<li>WDR4<\/li>\n<li>WDR Event<\/li>\n<li>WDR Funkhaus Europa<\/li>\n<li>WDR3<\/li>\n<li>WDR5<\/li>\n<li>YOU FM<\/li>\n<\/ul>\n<\/td>\n<\/tr>\n<\/tbody>\n<\/table>\n<p>Alle genannten Radiosender (Stand Jahr 2012) erhalten Sie, wenn Sie sich f\u00fcr ein\u00a0<a title=\"Informationen, Angebote und Tarife zu Vodafone DSL\" href=\"https:\/\/tarife-aktionen.de\/vodafone\/zuhause\/tarifuebersicht\" target=\"_blank\" rel=\"noopener\">Vodafone DSL<\/a> plus IP-TV Paket entscheiden. Mit diesem Tarif k\u00f6nnen Sie neben Radio h\u00f6ren schon bald auch zahlreiche <a title=\"Free TV Fernsehsender\" href=\"https:\/\/tarife-aktionen.de\/vodafone\/iptv\/senderliste\/free-tv-fernsehsender\">FreeTV Fernsehsender<\/a> und <a title=\"Free TV HD Sender \/ HDTV\" href=\"https:\/\/tarife-aktionen.de\/vodafone\/iptv\/senderliste\/hd-sender\">FreeTV HD Fernsehsender<\/a> digital \u00fcber Ihren Vodafone DSL bzw. VDSL Anschluss empfangen. Das Vodafone TV Center als Hardware f\u00fcr Ihr Vodafone TV Paket bietet neben TV und Radioempfang \u00fcbrigens noch viele Zusatzfunktionen wie Zugriff auf die <a title=\"Videothek \/ Video on Demand (VoD)\" href=\"https:\/\/tarife-aktionen.de\/vodafone\/iptv\/videothek-filme-auf-abruf\">Vodafone Videothek<\/a>, Timeshift, digitale Programmzeitschrift (EPG) und mehr.<\/p>\n<p style=\"text-align: center;\"><em><strong><span style=\"color: #ff0000;\">&gt;&gt;&gt;<\/span> <a title=\"Vodafone DSL und TV Paket (Verf\u00fcgbarkeit und Bestellung)\" href=\"https:\/\/tarife-aktionen.de\/vodafone\/zum-anbieter\/vodafone-festnetz\/vodafone-festnetz-check\" target=\"_blank\" rel=\"noopener\">Vodafone DSL + IP-TV Paket f\u00fcr Vodafone DSL Neukunden<\/a><\/strong><br \/>\n<\/em><em>PDF Bestellformular: <span style=\"color: #ff0000;\">&gt;<\/span> <a title=\"Vodafone Bestellformular (PDF) DSL plus TV Tarife (IP-TV und Sat-TV) f\u00fcr Neukunden\" href=\"https:\/\/tarife-aktionen.de\/vodafone\/onlinebestellung\" target=\"_blank\" rel=\"noopener\">TV f\u00fcr Neukunden<\/a> \/ <span style=\"color: #ff0000;\">&gt;<\/span> <a title=\"Vodafone Bestellformular (PDF) DSL plus TV Tarife (IP-TV und Sat-TV) f\u00fcr Bestandskunden\" href=\"https:\/\/tarife-aktionen.de\/vodafone\/onlinebestellung\" target=\"_blank\" rel=\"noopener\">TV f\u00fcr Bestandskunden<\/a><br \/>\nKostenlose telefonisch Beratung: 0 39 43 \u2013 40 999 30 (<a title=\"Telefonische Beratung zu Vodafone TV Tarifen\" href=\"https:\/\/tarife-aktionen.de\/vodafone\/kontakt\/telefonische-beratung\">Callback Service<\/a>)<\/em><strong><br \/>\n<\/strong><\/p>\n<p><span style=\"color: #999999;\">*Das Vodafone TV Paket hat eine Mindestvertragslaufzeit von 24 Monaten und eine K\u00fcndigungfrist von 3 Monaten. Weitere Details zum Vodafone TV via IPTV oder Sat Paket in Verbindung mit dem Telefonanschluss und Internetnanschluss finden Sie im<\/span> <a title=\"Vodafone TV Onlineshop\" href=\"https:\/\/tarife-aktionen.de\/vodafone\/zum-anbieter\/vodafone-festnetz\/vodafone-festnetz-check\" target=\"_blank\" rel=\"noopener\">Vodafone Onlineshop<\/a><span style=\"color: #999999;\">.<\/span><strong><br \/>\n<\/strong><\/p>\n","protected":false},"excerpt":{"rendered":"<p>Sie h\u00f6ren gerne Radio und sind ein Musikfan? Dann haben Sie mit dem Vodafone TV Paket garantiert die richtige Wahl getroffen. Denn neben Fernsehen k\u00f6nnen Sie bei mit dem Vodafone TV Center und vorhandenem Vodafone DSL + IPTV Paket auch Radiosender einschalten.\u00a061 Radiosender sorgen daf\u00fcr, dass Sie eine gro\u00dfe Auswahl an Musik haben. Radiosender mit &hellip; <a href=\"https:\/\/tarife-aktionen.de\/vodafone\/iptv\/radiosender-radio-hoeren-via-dsl-mit-dem-vodafone-tv-center\" class=\"more-link\"><span class=\"screen-reader-text\">Radiosender \/ Radio h\u00f6ren via DSL mit dem Vodafone TV Center<\/span> weiterlesen <span class=\"meta-nav\">&rarr;<\/span><\/a><\/p>\n","protected":false},"author":29,"featured_media":0,"parent":1062,"menu_order":0,"comment_status":"closed","ping_status":"closed","template":"","meta":{"footnotes":""},"class_list":["post-1370","page","type-page","status-publish","hentry"],"_links":{"self":[{"href":"https:\/\/tarife-aktionen.de\/vodafone\/wp-json\/wp\/v2\/pages\/1370","targetHints":{"allow":["GET"]}}],"collection":[{"href":"https:\/\/tarife-aktionen.de\/vodafone\/wp-json\/wp\/v2\/pages"}],"about":[{"href":"https:\/\/tarife-aktionen.de\/vodafone\/wp-json\/wp\/v2\/types\/page"}],"author":[{"embeddable":true,"href":"https:\/\/tarife-aktionen.de\/vodafone\/wp-json\/wp\/v2\/users\/29"}],"replies":[{"embeddable":true,"href":"https:\/\/tarife-aktionen.de\/vodafone\/wp-json\/wp\/v2\/comments?post=1370"}],"version-history":[{"count":3,"href":"https:\/\/tarife-aktionen.de\/vodafone\/wp-json\/wp\/v2\/pages\/1370\/revisions"}],"predecessor-version":[{"id":6584,"href":"https:\/\/tarife-aktionen.de\/vodafone\/wp-json\/wp\/v2\/pages\/1370\/revisions\/6584"}],"up":[{"embeddable":true,"href":"https:\/\/tarife-aktionen.de\/vodafone\/wp-json\/wp\/v2\/pages\/1062"}],"wp:attachment":[{"href":"https:\/\/tarife-aktionen.de\/vodafone\/wp-json\/wp\/v2\/media?parent=1370"}],"curies":[{"name":"wp","href":"https:\/\/api.w.org\/{rel}","templated":true}]}}