{"id":1405,"date":"2015-12-31T00:01:47","date_gmt":"2015-12-30T23:01:47","guid":{"rendered":"https:\/\/tarife-aktionen.de\/vodafone\/?page_id=1405"},"modified":"2023-10-22T21:18:59","modified_gmt":"2023-10-22T19:18:59","slug":"anschluesse","status":"publish","type":"page","link":"https:\/\/tarife-aktionen.de\/vodafone\/iptv\/empfaenger\/archiv-tv-center-hd\/anschluesse","title":{"rendered":"Anschl\u00fcsse Vodafone TV Center 1000 &#8211; Ansicht von hinten"},"content":{"rendered":"<p>Das <a title=\"Vodafone IPTV-Empf\u00e4nger (Receiver f\u00fcr IP-Fernsehen)\" href=\"https:\/\/tarife-aktionen.de\/vodafone\/iptv\/empfaenger\">Vodafone TV Center<\/a> als Hybrid-Empf\u00e4nger f\u00fcr IP-basiertes Fernsehen (<strong><a title=\"Vodafone IPTV Tarife (IP-Fernsehen \u00fcber DSL \/ VDSL)\" href=\"https:\/\/tarife-aktionen.de\/vodafone\/iptv\">IPTV<\/a><\/strong>), Kabel-TV und Satellitenfernsehen verf\u00fcgt \u00fcber viele Anschl\u00fcsse auf der R\u00fcckseite. Die Vodafone TV Box kann wahlweise per HDMI Kabel (Empfehlung) oder per Scart Kabel mit Ihrem Fernseher verbunden werden und braucht zudem eine Anbindung an Vodafone <strong><a title=\"Vodafone DSL Tarife: Internet, Telefon und optional TV\" href=\"https:\/\/tarife-aktionen.de\/vodafone\/zuhause\/dsl\">DSL<\/a><\/strong> oder <strong><a title=\"Vodafone VDSL Tarife: Internet, Telefon und optional TV\" href=\"https:\/\/tarife-aktionen.de\/vodafone\/zuhause\/vdsl\">VDSL<\/a><\/strong>.<\/p>\n<p><img decoding=\"async\" class=\"aligncenter size-full wp-image-1409\" src=\"https:\/\/tarife-aktionen.de\/vodafone\/inhalte\/2015\/12\/vodafone-tv-center-hinten-anschluesse-ansicht.jpg\" alt=\"Anschl\u00fcsse Vodafone TV Center 1000 - Ansicht von hinten\" width=\"550\" height=\"150\" srcset=\"https:\/\/tarife-aktionen.de\/vodafone\/inhalte\/2015\/12\/vodafone-tv-center-hinten-anschluesse-ansicht.jpg 550w, https:\/\/tarife-aktionen.de\/vodafone\/inhalte\/2015\/12\/vodafone-tv-center-hinten-anschluesse-ansicht-150x41.jpg 150w, https:\/\/tarife-aktionen.de\/vodafone\/inhalte\/2015\/12\/vodafone-tv-center-hinten-anschluesse-ansicht-300x82.jpg 300w, https:\/\/tarife-aktionen.de\/vodafone\/inhalte\/2015\/12\/vodafone-tv-center-hinten-anschluesse-ansicht-80x22.jpg 80w, https:\/\/tarife-aktionen.de\/vodafone\/inhalte\/2015\/12\/vodafone-tv-center-hinten-anschluesse-ansicht-210x57.jpg 210w\" sizes=\"(max-width: 550px) 100vw, 550px\" \/><\/p>\n<ul>\n<li><a href=\"https:\/\/tarife-aktionen.de\/vodafone\/iptv\/empfaenger\/archiv-tv-center-hd\/anschluesse\/hdmi\">HDMI Anschluss TV Center<\/a><\/li>\n<li><a href=\"https:\/\/tarife-aktionen.de\/vodafone\/iptv\/empfaenger\/archiv-tv-center-hd\/anschluesse\/scart\">Scart Anschluss TV Center<\/a><\/li>\n<li><a href=\"https:\/\/tarife-aktionen.de\/vodafone\/iptv\/empfaenger\/archiv-tv-center-hd\/anschluesse\/satellit\">Sat-In Anschl\u00fcsse TV Center<\/a><\/li>\n<li><a href=\"https:\/\/tarife-aktionen.de\/vodafone\/iptv\/empfaenger\/archiv-tv-center-hd\/anschluesse\/iptv-internetfernsehen\">IPTV mit Vodafone TV Center<\/a><\/li>\n<li><a href=\"https:\/\/tarife-aktionen.de\/vodafone\/iptv\/empfaenger\/archiv-tv-center-hd\/anschluesse\/dvb-c-kabelfernsehen\">Kabelfernsehen TV Center<\/a><\/li>\n<li><a href=\"https:\/\/tarife-aktionen.de\/vodafone\/iptv\/empfaenger\/archiv-tv-center-hd\/anschluesse\/optischer-audioausgang-s-pdif-optical-out\">S\/PDIF optical out Audio<\/a><\/li>\n<li><a href=\"https:\/\/tarife-aktionen.de\/vodafone\/iptv\/empfaenger\/archiv-tv-center-hd\/anschluesse\/cinch-audio-ausgang\">Cinch Audioausgang<\/a><\/li>\n<li><a href=\"https:\/\/tarife-aktionen.de\/vodafone\/iptv\/empfaenger\/archiv-tv-center-hd\/anschluesse\/smartcard-slot-sky-empfang\">SmartCard Slot Sky Empfang<\/a><\/li>\n<li><a href=\"https:\/\/tarife-aktionen.de\/vodafone\/iptv\/empfaenger\/archiv-tv-center-hd\/anschluesse\/usb\">USB Anschl\u00fcsse am TV Center<\/a><\/li>\n<li><a href=\"https:\/\/tarife-aktionen.de\/vodafone\/iptv\/empfaenger\/archiv-tv-center-hd\/anschluesse\/lan-anschluss-netzwerkanschluss\">LAN-Anschluss \/ Netzwerk<\/a><\/li>\n<\/ul>\n<h2>Ansicht des Vodafone TV Center von hinten (Anschl\u00fcsse) \/ R\u00fcckansicht<\/h2>\n<p>Oben finden Sie eine Abbildung des Vodafone TV Centers von hinten, wo Sie alle Anschl\u00fcsse erkennen k\u00f6nnen, welche die Vodafone TV Box f\u00fcr Ihren Vodafone DSL Anschluss mit sich bringt.<\/p>\n<p><span style=\"color: #888888;\">*Das Vodafone TV Center \/ die Vodafone TV Box wird im Rahmen eines Vodafone DSL plus TV Vertrags ohne Mehrkosten leihweise zur Verf\u00fcgung gestellt. Die Mindestlaufzeit betr\u00e4gt 24 Monate. Weitere Details zu Vodafone IPTV im <a title=\"Vodafone TV \/ IPTV im Onlineshop\" href=\"https:\/\/tarife-aktionen.de\/vodafone\/zum-anbieter\/vodafone-festnetz\/vodafone-festnetz-check\" target=\"_blank\" rel=\"noopener\">Vodafone TV Onlineshop<\/a>.<\/span><\/p>\n","protected":false},"excerpt":{"rendered":"<p>Das Vodafone TV Center als Hybrid-Empf\u00e4nger f\u00fcr IP-basiertes Fernsehen (IPTV), Kabel-TV und Satellitenfernsehen verf\u00fcgt \u00fcber viele Anschl\u00fcsse auf der R\u00fcckseite. Die Vodafone TV Box kann wahlweise per HDMI Kabel (Empfehlung) oder per Scart Kabel mit Ihrem Fernseher verbunden werden und braucht zudem eine Anbindung an Vodafone DSL oder VDSL. HDMI Anschluss TV Center Scart Anschluss &hellip; <a href=\"https:\/\/tarife-aktionen.de\/vodafone\/iptv\/empfaenger\/archiv-tv-center-hd\/anschluesse\" class=\"more-link\"><span class=\"screen-reader-text\">Anschl\u00fcsse Vodafone TV Center 1000 &#8211; Ansicht von hinten<\/span> weiterlesen <span class=\"meta-nav\">&rarr;<\/span><\/a><\/p>\n","protected":false},"author":29,"featured_media":0,"parent":1153,"menu_order":0,"comment_status":"closed","ping_status":"closed","template":"","meta":{"footnotes":""},"class_list":["post-1405","page","type-page","status-publish","hentry"],"_links":{"self":[{"href":"https:\/\/tarife-aktionen.de\/vodafone\/wp-json\/wp\/v2\/pages\/1405","targetHints":{"allow":["GET"]}}],"collection":[{"href":"https:\/\/tarife-aktionen.de\/vodafone\/wp-json\/wp\/v2\/pages"}],"about":[{"href":"https:\/\/tarife-aktionen.de\/vodafone\/wp-json\/wp\/v2\/types\/page"}],"author":[{"embeddable":true,"href":"https:\/\/tarife-aktionen.de\/vodafone\/wp-json\/wp\/v2\/users\/29"}],"replies":[{"embeddable":true,"href":"https:\/\/tarife-aktionen.de\/vodafone\/wp-json\/wp\/v2\/comments?post=1405"}],"version-history":[{"count":1,"href":"https:\/\/tarife-aktionen.de\/vodafone\/wp-json\/wp\/v2\/pages\/1405\/revisions"}],"predecessor-version":[{"id":6569,"href":"https:\/\/tarife-aktionen.de\/vodafone\/wp-json\/wp\/v2\/pages\/1405\/revisions\/6569"}],"up":[{"embeddable":true,"href":"https:\/\/tarife-aktionen.de\/vodafone\/wp-json\/wp\/v2\/pages\/1153"}],"wp:attachment":[{"href":"https:\/\/tarife-aktionen.de\/vodafone\/wp-json\/wp\/v2\/media?parent=1405"}],"curies":[{"name":"wp","href":"https:\/\/api.w.org\/{rel}","templated":true}]}}