{"id":1412,"date":"2015-12-31T00:01:42","date_gmt":"2015-12-30T23:01:42","guid":{"rendered":"https:\/\/tarife-aktionen.de\/vodafone\/?page_id=1412"},"modified":"2023-10-22T21:18:59","modified_gmt":"2023-10-22T19:18:59","slug":"hdmi","status":"publish","type":"page","link":"https:\/\/tarife-aktionen.de\/vodafone\/iptv\/empfaenger\/archiv-tv-center-hd\/anschluesse\/hdmi","title":{"rendered":"HDMI Anschluss Vodafone TV Center 1000: HD Fernsehen (HDTV)"},"content":{"rendered":"<p>F\u00fcr brilliantes HDTV (Fernsehen in High Definition = HD) muss das <a title=\"Vodafone IPTV-Empf\u00e4nger (Receiver f\u00fcr IP-Fernsehen)\" href=\"https:\/\/tarife-aktionen.de\/vodafone\/iptv\/empfaenger\">Vodafone TV Center<\/a> per <strong><span class=\"farbig\">HDMI<\/span><\/strong> Kabel mit Ihrem Fernseher (z.B. Flachbildfernseher LED, LCD, Plasma) verbunden werden. Die Vodafone IPTV Box verf\u00fcgt daher \u00fcber einen HDMI Ausgang, damit Sie ein brilliant scharfes Bild und satten klaren Sound auf Ihren Fernseher bringen.<\/p>\n<p><img decoding=\"async\" class=\"aligncenter size-full wp-image-1416\" src=\"https:\/\/tarife-aktionen.de\/vodafone\/inhalte\/2015\/12\/vodafone-tv-center-1000-hdmi-anschluss-fernseher.jpg\" alt=\"HDMI Anschluss Vodafone TV Center 1000: HD Fernsehen (HDTV)\" width=\"400\" height=\"180\" srcset=\"https:\/\/tarife-aktionen.de\/vodafone\/inhalte\/2015\/12\/vodafone-tv-center-1000-hdmi-anschluss-fernseher.jpg 400w, https:\/\/tarife-aktionen.de\/vodafone\/inhalte\/2015\/12\/vodafone-tv-center-1000-hdmi-anschluss-fernseher-150x68.jpg 150w, https:\/\/tarife-aktionen.de\/vodafone\/inhalte\/2015\/12\/vodafone-tv-center-1000-hdmi-anschluss-fernseher-300x135.jpg 300w, https:\/\/tarife-aktionen.de\/vodafone\/inhalte\/2015\/12\/vodafone-tv-center-1000-hdmi-anschluss-fernseher-80x36.jpg 80w, https:\/\/tarife-aktionen.de\/vodafone\/inhalte\/2015\/12\/vodafone-tv-center-1000-hdmi-anschluss-fernseher-210x95.jpg 210w\" sizes=\"(max-width: 400px) 100vw, 400px\" \/><\/p>\n<h2>HDMI Anschluss am Vodafone TV Center auf der R\u00fcckseite der IPTV Box<\/h2>\n<p>HDMI ist der TV Anschluss der Zukunft. Der HDMI Anschluss, um Ihr Vodafone TV Center mit Ihrem Fernseher in HD Qualit\u00e4t zu verbinden, befindet sich auf der R\u00fcckseite Ihrer Vodafone IPTV Box. Der HDMI Anschluss am Vodafone TV Center 1000 ist die &#8220;flache&#8221; Dose neben dem Scart Anschluss, also relativ mittig am Ger\u00e4t.<\/p>\n<p style=\"text-align: center;\"><strong><span style=\"color: #ff0000;\">&gt;&gt;&gt;<\/span> <a title=\"Vodafone TV \/ IPTV im Onlineshop\" href=\"https:\/\/tarife-aktionen.de\/vodafone\/zum-anbieter\/vodafone-festnetz\/vodafone-festnetz-check\" target=\"_blank\" rel=\"noopener\">Vodafone TV Paket &#8211; Verf\u00fcgbarkeit, Infos &amp; Bestellung<\/a><\/strong><\/p>\n<h2>HDMI steht f\u00fcr High Definition Multimedia Interface: TV Anschluss f\u00fcr HDTV<\/h2>\n<p>HDMI steht f\u00fcr High Definition Multimedia Interface und ist eine Schnittstelle f\u00fcr die volldigitale \u00dcbertragung von Audio- und Video-Daten. Diese Anschlussart finden Sie bei fast jedem modernen Fernsehger\u00e4t, bei Konsolen (zum Beispiel Playstation 3) und selbstverst\u00e4ndlich auch bei Receivern (Kabel Receicer, Sat-Receiver aber auch am Vodafone TV Receiver f\u00fcr IPTV). Aber auch Smartphones (zum Beispiel Nokia N8) haben einen sogenannten HDMI-Anschluss. Angeschlossen wird in diesem Fall zum Beispiel der Fernseher mit dem Vodafone Receiver via HDMI, in diesem Fall haben beide Ger\u00e4te eine HDMI Buchse, wo das HDMI-Kabel reingesteckt wird. Ein HDMI-Kabel ist f\u00fcr den HD-Empfang Voraussetzung, denn mit einem SCART-Kabel erhalten Sie nicht die Qualit\u00e4t, die Sie f\u00fcr den HD-Empfang ben\u00f6tigen. Die Kabell\u00e4nge spielt bei einem HDMI-Kabel eine zweitrangige Rolle. Bei einem Abstand von 5 Metern reicht ein preiswertes HDMI-Kabel. Bei einem Abstand \u00fcber 5 Metern sollte man schon qualitativ hochwertige HDMI-Kabel im Fachhandel kaufen. \u00dcbrigens: Es gibt auch spezielle Kabel mit Lichtwellenleitern, die eine L\u00e4nge bis 100 m erlauben.<\/p>\n","protected":false},"excerpt":{"rendered":"<p>F\u00fcr brilliantes HDTV (Fernsehen in High Definition = HD) muss das Vodafone TV Center per HDMI Kabel mit Ihrem Fernseher (z.B. Flachbildfernseher LED, LCD, Plasma) verbunden werden. Die Vodafone IPTV Box verf\u00fcgt daher \u00fcber einen HDMI Ausgang, damit Sie ein brilliant scharfes Bild und satten klaren Sound auf Ihren Fernseher bringen. HDMI Anschluss am Vodafone &hellip; <a href=\"https:\/\/tarife-aktionen.de\/vodafone\/iptv\/empfaenger\/archiv-tv-center-hd\/anschluesse\/hdmi\" class=\"more-link\"><span class=\"screen-reader-text\">HDMI Anschluss Vodafone TV Center 1000: HD Fernsehen (HDTV)<\/span> weiterlesen <span class=\"meta-nav\">&rarr;<\/span><\/a><\/p>\n","protected":false},"author":29,"featured_media":0,"parent":1405,"menu_order":0,"comment_status":"closed","ping_status":"closed","template":"","meta":{"footnotes":""},"class_list":["post-1412","page","type-page","status-publish","hentry"],"_links":{"self":[{"href":"https:\/\/tarife-aktionen.de\/vodafone\/wp-json\/wp\/v2\/pages\/1412","targetHints":{"allow":["GET"]}}],"collection":[{"href":"https:\/\/tarife-aktionen.de\/vodafone\/wp-json\/wp\/v2\/pages"}],"about":[{"href":"https:\/\/tarife-aktionen.de\/vodafone\/wp-json\/wp\/v2\/types\/page"}],"author":[{"embeddable":true,"href":"https:\/\/tarife-aktionen.de\/vodafone\/wp-json\/wp\/v2\/users\/29"}],"replies":[{"embeddable":true,"href":"https:\/\/tarife-aktionen.de\/vodafone\/wp-json\/wp\/v2\/comments?post=1412"}],"version-history":[{"count":1,"href":"https:\/\/tarife-aktionen.de\/vodafone\/wp-json\/wp\/v2\/pages\/1412\/revisions"}],"predecessor-version":[{"id":6570,"href":"https:\/\/tarife-aktionen.de\/vodafone\/wp-json\/wp\/v2\/pages\/1412\/revisions\/6570"}],"up":[{"embeddable":true,"href":"https:\/\/tarife-aktionen.de\/vodafone\/wp-json\/wp\/v2\/pages\/1405"}],"wp:attachment":[{"href":"https:\/\/tarife-aktionen.de\/vodafone\/wp-json\/wp\/v2\/media?parent=1412"}],"curies":[{"name":"wp","href":"https:\/\/api.w.org\/{rel}","templated":true}]}}