{"id":1419,"date":"2015-12-31T00:01:49","date_gmt":"2015-12-30T23:01:49","guid":{"rendered":"https:\/\/tarife-aktionen.de\/vodafone\/?page_id=1419"},"modified":"2018-08-08T15:23:40","modified_gmt":"2018-08-08T13:23:40","slug":"scart","status":"publish","type":"page","link":"https:\/\/tarife-aktionen.de\/vodafone\/iptv\/empfaenger\/archiv-tv-center-hd\/anschluesse\/scart","title":{"rendered":"Scart Anschluss am Vodafone TV Center 1000: Fernsehen in SD"},"content":{"rendered":"<p>Wenn Sie kein Vodafone HDTV empfangen k\u00f6nnen, weil die <a title=\"Vodafone DSL Verf\u00fcgbarkeit pr\u00fcfen (DSL Verf\u00fcgbarkeitscheck)\" href=\"https:\/\/tarife-aktionen.de\/vodafone\/dsl\/verfuegbarkeit-check-karte-netzausbau-vodafone-dsl\">DSL Bandbreite<\/a> nicht ausreichend ist, oder wenn Sie an Ihrem Fernseher gerade keinen HDMI Eingang frei haben, dann k\u00f6nnen Sie die <a title=\"Vodafone IPTV-Empf\u00e4nger (Receiver f\u00fcr IP-Fernsehen)\" href=\"https:\/\/tarife-aktionen.de\/vodafone\/iptv\/empfaenger\">Vodafone TV Box<\/a> \/ das Vodafone TV Center auf Wunsch auch herk\u00f6mmlich per Scart Kabel mit Ihrem Fernseher verbinden \/ anschlie\u00dfen (Fernsehen in SD \/ Standard Qualit\u00e4t).<\/p>\n<p><img decoding=\"async\" class=\"aligncenter size-full wp-image-1423\" src=\"https:\/\/tarife-aktionen.de\/vodafone\/inhalte\/2015\/12\/vodafone-tv-center-1000-scart-anschluss-fernseher.jpg\" alt=\"Scart Anschluss am Vodafone TV Center 1000: Fernsehen in SD\" width=\"400\" height=\"180\" srcset=\"https:\/\/tarife-aktionen.de\/vodafone\/inhalte\/2015\/12\/vodafone-tv-center-1000-scart-anschluss-fernseher.jpg 400w, https:\/\/tarife-aktionen.de\/vodafone\/inhalte\/2015\/12\/vodafone-tv-center-1000-scart-anschluss-fernseher-150x68.jpg 150w, https:\/\/tarife-aktionen.de\/vodafone\/inhalte\/2015\/12\/vodafone-tv-center-1000-scart-anschluss-fernseher-300x135.jpg 300w, https:\/\/tarife-aktionen.de\/vodafone\/inhalte\/2015\/12\/vodafone-tv-center-1000-scart-anschluss-fernseher-80x36.jpg 80w, https:\/\/tarife-aktionen.de\/vodafone\/inhalte\/2015\/12\/vodafone-tv-center-1000-scart-anschluss-fernseher-210x95.jpg 210w\" sizes=\"(max-width: 400px) 100vw, 400px\" \/><\/p>\n<h2>Scart Anschluss am Vodafone TV Center auf der R\u00fcckseite der IPTV Box<\/h2>\n<p>Die Vodafone TV Box bzw. das Vodafone TV Center verf\u00fcgt \u00fcber 2 Scart Buchsen. Das eine (links auf dem Foto) ist der Scart Ausgang, von dem aus Sie per Scart Kabel an Ihren Fernseher gehen und der andere Scart Anschluss (rechts auf dem Bild) dient dazu, auf Wunsch einen Videorekorder oder DVD Player anzuschlie\u00dfen und das Videsignal dann \u00fcber die Vodafone TV Box &#8220;durchzuschleifen&#8221;.<\/p>\n<h2>Was ist ein Scart Anschluss? Fernsehen in einfacher Standard Qualit\u00e4t (SD)<\/h2>\n<p>Ein SCART Anschluss kennt eigentlich mittlerweile fast jeder, eine l\u00e4ngliche schwarze Buchse, mit jeweils 10 L\u00f6chern oben und 10 unten. Meistens findet man einen solchen Scart Anschluss bei einem Receiver (wie dem Vodafone TV Center, aber auch bei Sat-Receivern oder Kabel-Empf\u00e4ngern) oder am Fernseher, allerdings auch Videorekorder und sonstigen Ger\u00e4ten. Um den Fernseher mit dem Vodafone Receiver per Scart Kabel zu verbinden, wird ein sogenanntes SCART-Kabel ben\u00f6tigt. Dieses hat insgesamt 20 PINS (also 10 oben und 10 unten) und passt nahezu perfekt in die SCART Anschluss Buchse. Mit dem sogenannten SCART-Kabel werden analoge Signale vom Receiver an den Fernseher weitergegeben. Bedenken Sie jedoch, je l\u00e4nger das Kabel, um so eher kann es passieren, dass Sie an Bildqualit\u00e4t verlieren. Daher am besten kurze Wege nutzen oder wenn m\u00f6glich unbedingt auf HDMI ausweichen, denn nur mit der digitalen Bild\u00fcbertraugung per <a title=\"HDMI Anschluss Vodafone TV Center 1000: HD Fernsehen (HDTV)\" href=\"https:\/\/tarife-aktionen.de\/vodafone\/iptv\/empfaenger\/archiv-tv-center-hd\/anschluesse\/hdmi\">HDMI<\/a> k\u00f6nnen Sie auch in HD Fernsehen (HDTV).<\/p>\n","protected":false},"excerpt":{"rendered":"<p>Wenn Sie kein Vodafone HDTV empfangen k\u00f6nnen, weil die DSL Bandbreite nicht ausreichend ist, oder wenn Sie an Ihrem Fernseher gerade keinen HDMI Eingang frei haben, dann k\u00f6nnen Sie die Vodafone TV Box \/ das Vodafone TV Center auf Wunsch auch herk\u00f6mmlich per Scart Kabel mit Ihrem Fernseher verbinden \/ anschlie\u00dfen (Fernsehen in SD \/ &hellip; <a href=\"https:\/\/tarife-aktionen.de\/vodafone\/iptv\/empfaenger\/archiv-tv-center-hd\/anschluesse\/scart\" class=\"more-link\"><span class=\"screen-reader-text\">Scart Anschluss am Vodafone TV Center 1000: Fernsehen in SD<\/span> weiterlesen <span class=\"meta-nav\">&rarr;<\/span><\/a><\/p>\n","protected":false},"author":29,"featured_media":0,"parent":1405,"menu_order":0,"comment_status":"closed","ping_status":"closed","template":"","meta":{"footnotes":""},"class_list":["post-1419","page","type-page","status-publish","hentry"],"_links":{"self":[{"href":"https:\/\/tarife-aktionen.de\/vodafone\/wp-json\/wp\/v2\/pages\/1419","targetHints":{"allow":["GET"]}}],"collection":[{"href":"https:\/\/tarife-aktionen.de\/vodafone\/wp-json\/wp\/v2\/pages"}],"about":[{"href":"https:\/\/tarife-aktionen.de\/vodafone\/wp-json\/wp\/v2\/types\/page"}],"author":[{"embeddable":true,"href":"https:\/\/tarife-aktionen.de\/vodafone\/wp-json\/wp\/v2\/users\/29"}],"replies":[{"embeddable":true,"href":"https:\/\/tarife-aktionen.de\/vodafone\/wp-json\/wp\/v2\/comments?post=1419"}],"version-history":[{"count":1,"href":"https:\/\/tarife-aktionen.de\/vodafone\/wp-json\/wp\/v2\/pages\/1419\/revisions"}],"predecessor-version":[{"id":5382,"href":"https:\/\/tarife-aktionen.de\/vodafone\/wp-json\/wp\/v2\/pages\/1419\/revisions\/5382"}],"up":[{"embeddable":true,"href":"https:\/\/tarife-aktionen.de\/vodafone\/wp-json\/wp\/v2\/pages\/1405"}],"wp:attachment":[{"href":"https:\/\/tarife-aktionen.de\/vodafone\/wp-json\/wp\/v2\/media?parent=1419"}],"curies":[{"name":"wp","href":"https:\/\/api.w.org\/{rel}","templated":true}]}}