{"id":1426,"date":"2015-12-31T00:01:00","date_gmt":"2015-12-30T23:01:00","guid":{"rendered":"https:\/\/tarife-aktionen.de\/vodafone\/?page_id=1426"},"modified":"2016-02-06T02:07:01","modified_gmt":"2016-02-06T01:07:01","slug":"satellit","status":"publish","type":"page","link":"https:\/\/tarife-aktionen.de\/vodafone\/iptv\/empfaenger\/archiv-tv-center-hd\/anschluesse\/satellit","title":{"rendered":"Satellitenfernsehen (Satellit) mit Vodafone TV Center 1000"},"content":{"rendered":"<p>Das <a title=\"Vodafone IPTV-Empf\u00e4nger (Receiver f\u00fcr IP-Fernsehen)\" href=\"https:\/\/tarife-aktionen.de\/vodafone\/iptv\/empfaenger\">Vodafone TV Center<\/a> ist nicht nur ein IPTV Empf\u00e4nger, sondern gleichzeitig auch noch ein Sat-Receiver. Sie k\u00f6nnen mit der Vodafone TV Box also auch Satellitenfernsehen \/ Fernsehen per Satellit genie\u00dfen: das Vodafone TV Center verf\u00fcgt dabei \u00fcber 2 Sat-Eing\u00e4nge (Sat-in), dann der IPTV-Sat Hybrid Empf\u00e4nger hat einen TWIN Sat Receiver. Somit k\u00f6nnen Sie Vodafone TV \/ IPTV auf Wunsch mit Satelliten-TV kombinieren und alle Vorz\u00fcge genie\u00dfen.<\/p>\n<p><img decoding=\"async\" class=\"aligncenter size-full wp-image-1429\" src=\"https:\/\/tarife-aktionen.de\/vodafone\/inhalte\/2015\/12\/vodafone-tv-center-1000-sat-in-satellit-fernsehen-satellitenfernsehen.jpg\" alt=\"Satellitenfernsehen (Satellit) mit Vodafone TV Center 1000\" width=\"400\" height=\"180\" srcset=\"https:\/\/tarife-aktionen.de\/vodafone\/inhalte\/2015\/12\/vodafone-tv-center-1000-sat-in-satellit-fernsehen-satellitenfernsehen.jpg 400w, https:\/\/tarife-aktionen.de\/vodafone\/inhalte\/2015\/12\/vodafone-tv-center-1000-sat-in-satellit-fernsehen-satellitenfernsehen-150x68.jpg 150w, https:\/\/tarife-aktionen.de\/vodafone\/inhalte\/2015\/12\/vodafone-tv-center-1000-sat-in-satellit-fernsehen-satellitenfernsehen-300x135.jpg 300w, https:\/\/tarife-aktionen.de\/vodafone\/inhalte\/2015\/12\/vodafone-tv-center-1000-sat-in-satellit-fernsehen-satellitenfernsehen-80x36.jpg 80w, https:\/\/tarife-aktionen.de\/vodafone\/inhalte\/2015\/12\/vodafone-tv-center-1000-sat-in-satellit-fernsehen-satellitenfernsehen-210x95.jpg 210w\" sizes=\"(max-width: 400px) 100vw, 400px\" \/><\/p>\n<h2>Vodafone TV Center ist ein Hybrid-Receiver und kann Satellit, IPTV und Kabel<\/h2>\n<p>Das Vodafone TV Center ist ein Hybrid Receiver und kann neben IPTV auch Satellit und Kabel. Das wird insbesondere dann spannend, wenn Sie entweder einen Lieblingssender haben, der noch nicht im Programm von VodafoneTV zu sehen ist, aber auch dann, wenn Sie aufgrund einer geringen DSL Bandbreite \/ Geschwindigkeit Vodafone Live-TV nicht oder nur eingeschr\u00e4nkt (z.B. nur Videothek) nutzen k\u00f6nnen. W\u00e4hrend Sie \u00fcber das Vodafone TV Center per Satellit fernsehen, wird auch keine &#8220;DSL Bandbreite&#8221; gebunden, was wichtig ist, wenn Sie einen gro\u00dfen Download machen m\u00f6chten bzw. sehr schnell im Internet surfen wollen. Durch die hybride Bauweise der Vodafone TV Box sehen Ihnen im Prinzip fast alle M\u00f6glichkeiten offen, wie Sie k\u00fcnftig fernsehen.<\/p>\n","protected":false},"excerpt":{"rendered":"<p>Das Vodafone TV Center ist nicht nur ein IPTV Empf\u00e4nger, sondern gleichzeitig auch noch ein Sat-Receiver. Sie k\u00f6nnen mit der Vodafone TV Box also auch Satellitenfernsehen \/ Fernsehen per Satellit genie\u00dfen: das Vodafone TV Center verf\u00fcgt dabei \u00fcber 2 Sat-Eing\u00e4nge (Sat-in), dann der IPTV-Sat Hybrid Empf\u00e4nger hat einen TWIN Sat Receiver. Somit k\u00f6nnen Sie Vodafone &hellip; <a href=\"https:\/\/tarife-aktionen.de\/vodafone\/iptv\/empfaenger\/archiv-tv-center-hd\/anschluesse\/satellit\" class=\"more-link\"><span class=\"screen-reader-text\">Satellitenfernsehen (Satellit) mit Vodafone TV Center 1000<\/span> weiterlesen <span class=\"meta-nav\">&rarr;<\/span><\/a><\/p>\n","protected":false},"author":29,"featured_media":0,"parent":1405,"menu_order":0,"comment_status":"closed","ping_status":"closed","template":"","meta":{"footnotes":""},"class_list":["post-1426","page","type-page","status-publish","hentry"],"_links":{"self":[{"href":"https:\/\/tarife-aktionen.de\/vodafone\/wp-json\/wp\/v2\/pages\/1426","targetHints":{"allow":["GET"]}}],"collection":[{"href":"https:\/\/tarife-aktionen.de\/vodafone\/wp-json\/wp\/v2\/pages"}],"about":[{"href":"https:\/\/tarife-aktionen.de\/vodafone\/wp-json\/wp\/v2\/types\/page"}],"author":[{"embeddable":true,"href":"https:\/\/tarife-aktionen.de\/vodafone\/wp-json\/wp\/v2\/users\/29"}],"replies":[{"embeddable":true,"href":"https:\/\/tarife-aktionen.de\/vodafone\/wp-json\/wp\/v2\/comments?post=1426"}],"version-history":[{"count":0,"href":"https:\/\/tarife-aktionen.de\/vodafone\/wp-json\/wp\/v2\/pages\/1426\/revisions"}],"up":[{"embeddable":true,"href":"https:\/\/tarife-aktionen.de\/vodafone\/wp-json\/wp\/v2\/pages\/1405"}],"wp:attachment":[{"href":"https:\/\/tarife-aktionen.de\/vodafone\/wp-json\/wp\/v2\/media?parent=1426"}],"curies":[{"name":"wp","href":"https:\/\/api.w.org\/{rel}","templated":true}]}}