{"id":1439,"date":"2015-12-31T00:01:25","date_gmt":"2015-12-30T23:01:25","guid":{"rendered":"https:\/\/tarife-aktionen.de\/vodafone\/?page_id=1439"},"modified":"2016-02-06T02:39:08","modified_gmt":"2016-02-06T01:39:08","slug":"iptv-internetfernsehen","status":"publish","type":"page","link":"https:\/\/tarife-aktionen.de\/vodafone\/iptv\/empfaenger\/archiv-tv-center-hd\/anschluesse\/iptv-internetfernsehen","title":{"rendered":"Internetfernsehen \/ IPTV Fernsehen mit Vodafone TV Center"},"content":{"rendered":"<p>Mit dem <a title=\"Vodafone IPTV-Empf\u00e4nger (Receiver f\u00fcr IP-Fernsehen)\" href=\"https:\/\/tarife-aktionen.de\/vodafone\/iptv\/empfaenger\">Vodafone TV Center<\/a> k\u00f6nnen Sie \u00fcber Ihren Vodafone DSL oder VDSL Anschluss IPTV nutzen, also Fernsehen \u00fcber das Internet. Verbinden Sie hierzu einfach Ihre Vodafone TV Box per Netzwerkkabel mit Ihrem Vodafone DSL Modem bzw. Vodafone Router (z.B. Vodafone EasyBox 803 DLNA) und schon k\u00f6nnen Sie Vodafone IPTV \/ Internetfernsehen nutzen.<\/p>\n<p><img decoding=\"async\" class=\"aligncenter size-full wp-image-1442\" src=\"https:\/\/tarife-aktionen.de\/vodafone\/inhalte\/2015\/12\/vodafone-tv-center-1000-iptv-lan-tv-internetfernsehen-netzwerkanschluss.jpg\" alt=\"Internetfernsehen \/ IPTV Fernsehen mit Vodafone TV Center\" width=\"400\" height=\"180\" srcset=\"https:\/\/tarife-aktionen.de\/vodafone\/inhalte\/2015\/12\/vodafone-tv-center-1000-iptv-lan-tv-internetfernsehen-netzwerkanschluss.jpg 400w, https:\/\/tarife-aktionen.de\/vodafone\/inhalte\/2015\/12\/vodafone-tv-center-1000-iptv-lan-tv-internetfernsehen-netzwerkanschluss-150x68.jpg 150w, https:\/\/tarife-aktionen.de\/vodafone\/inhalte\/2015\/12\/vodafone-tv-center-1000-iptv-lan-tv-internetfernsehen-netzwerkanschluss-300x135.jpg 300w, https:\/\/tarife-aktionen.de\/vodafone\/inhalte\/2015\/12\/vodafone-tv-center-1000-iptv-lan-tv-internetfernsehen-netzwerkanschluss-80x36.jpg 80w, https:\/\/tarife-aktionen.de\/vodafone\/inhalte\/2015\/12\/vodafone-tv-center-1000-iptv-lan-tv-internetfernsehen-netzwerkanschluss-210x95.jpg 210w\" sizes=\"(max-width: 400px) 100vw, 400px\" \/><\/p>\n<h2>LAN \/ Netzwerkanschluss am Vodafone TV Center &#8211; Nutzung IPTV<\/h2>\n<p>Die Vodafone TV Box verf\u00fcgt \u00fcber einen LAN \/ Netzwerkanschluss. Dar\u00fcber erh\u00e4lt das Vodafone TV Center die Verbindung zum Internet, was f\u00fcr IPTV \/ Internetfernsehen zwingend notwendig ist. Verbinden Sie den LAN Anschluss Ihres Vodafone TV Centers per Netzwerkkabel \/ LAN Kabel mit einer LAN Buchse an Ihrem Vodafone Router. Sollten Sie kein Netzwerkkabel verlegen wollen oder k\u00f6nnen, gibt es bei Vodafone gegen eine geringe monatliche Geb\u00fchr einen Powerline Adapter. Damit werden die Netzwerkdaten \u00fcber die Stromleitung transportiert.<\/p>\n","protected":false},"excerpt":{"rendered":"<p>Mit dem Vodafone TV Center k\u00f6nnen Sie \u00fcber Ihren Vodafone DSL oder VDSL Anschluss IPTV nutzen, also Fernsehen \u00fcber das Internet. Verbinden Sie hierzu einfach Ihre Vodafone TV Box per Netzwerkkabel mit Ihrem Vodafone DSL Modem bzw. Vodafone Router (z.B. Vodafone EasyBox 803 DLNA) und schon k\u00f6nnen Sie Vodafone IPTV \/ Internetfernsehen nutzen. LAN \/ &hellip; <a href=\"https:\/\/tarife-aktionen.de\/vodafone\/iptv\/empfaenger\/archiv-tv-center-hd\/anschluesse\/iptv-internetfernsehen\" class=\"more-link\"><span class=\"screen-reader-text\">Internetfernsehen \/ IPTV Fernsehen mit Vodafone TV Center<\/span> weiterlesen <span class=\"meta-nav\">&rarr;<\/span><\/a><\/p>\n","protected":false},"author":29,"featured_media":0,"parent":1405,"menu_order":0,"comment_status":"closed","ping_status":"closed","template":"","meta":{"footnotes":""},"class_list":["post-1439","page","type-page","status-publish","hentry"],"_links":{"self":[{"href":"https:\/\/tarife-aktionen.de\/vodafone\/wp-json\/wp\/v2\/pages\/1439","targetHints":{"allow":["GET"]}}],"collection":[{"href":"https:\/\/tarife-aktionen.de\/vodafone\/wp-json\/wp\/v2\/pages"}],"about":[{"href":"https:\/\/tarife-aktionen.de\/vodafone\/wp-json\/wp\/v2\/types\/page"}],"author":[{"embeddable":true,"href":"https:\/\/tarife-aktionen.de\/vodafone\/wp-json\/wp\/v2\/users\/29"}],"replies":[{"embeddable":true,"href":"https:\/\/tarife-aktionen.de\/vodafone\/wp-json\/wp\/v2\/comments?post=1439"}],"version-history":[{"count":0,"href":"https:\/\/tarife-aktionen.de\/vodafone\/wp-json\/wp\/v2\/pages\/1439\/revisions"}],"up":[{"embeddable":true,"href":"https:\/\/tarife-aktionen.de\/vodafone\/wp-json\/wp\/v2\/pages\/1405"}],"wp:attachment":[{"href":"https:\/\/tarife-aktionen.de\/vodafone\/wp-json\/wp\/v2\/media?parent=1439"}],"curies":[{"name":"wp","href":"https:\/\/api.w.org\/{rel}","templated":true}]}}