{"id":1444,"date":"2015-12-31T00:01:56","date_gmt":"2015-12-30T23:01:56","guid":{"rendered":"https:\/\/tarife-aktionen.de\/vodafone\/?page_id=1444"},"modified":"2016-02-08T14:14:47","modified_gmt":"2016-02-08T13:14:47","slug":"smartcard-slot-sky-empfang","status":"publish","type":"page","link":"https:\/\/tarife-aktionen.de\/vodafone\/iptv\/empfaenger\/archiv-tv-center-hd\/anschluesse\/smartcard-slot-sky-empfang","title":{"rendered":"SmartCard Slot Vodafone TV Center f\u00fcr Sky Empfang"},"content":{"rendered":"<p>Vodafone bietet bereits eine Vielzahl ein frei empfangbaren Fernsehensendern (auch in <a title=\"Vodafone TV mit HD Sendern (HDTV)\" href=\"https:\/\/tarife-aktionen.de\/vodafone\/iptv\/senderliste\/hd-sender\">HD<\/a>) und zus\u00e4tzlich auch viele Vodafone Pay TV Angebote. Wem das alles noch nicht genug ist, der kann sich freuen. Denn das <a title=\"Vodafone IPTV-Empf\u00e4nger (Receiver f\u00fcr IP-Fernsehen)\" href=\"https:\/\/tarife-aktionen.de\/vodafone\/iptv\/empfaenger\">Vodafone TV Center<\/a> ist dank Smartcard Slot auch f\u00fcr den Sky Empfang (ehemals Premiere) ger\u00fcstet (Sky Zertifizierung).<\/p>\n<p><img decoding=\"async\" class=\"aligncenter size-full wp-image-1449\" src=\"https:\/\/tarife-aktionen.de\/vodafone\/inhalte\/2015\/12\/vodafone-tv-center-1000-sky-empfang-smartcard-slot.jpg\" alt=\"SmartCard Slot Vodafone TV Center f\u00fcr Sky Empfang\" width=\"400\" height=\"180\" srcset=\"https:\/\/tarife-aktionen.de\/vodafone\/inhalte\/2015\/12\/vodafone-tv-center-1000-sky-empfang-smartcard-slot.jpg 400w, https:\/\/tarife-aktionen.de\/vodafone\/inhalte\/2015\/12\/vodafone-tv-center-1000-sky-empfang-smartcard-slot-150x68.jpg 150w, https:\/\/tarife-aktionen.de\/vodafone\/inhalte\/2015\/12\/vodafone-tv-center-1000-sky-empfang-smartcard-slot-300x135.jpg 300w, https:\/\/tarife-aktionen.de\/vodafone\/inhalte\/2015\/12\/vodafone-tv-center-1000-sky-empfang-smartcard-slot-80x36.jpg 80w, https:\/\/tarife-aktionen.de\/vodafone\/inhalte\/2015\/12\/vodafone-tv-center-1000-sky-empfang-smartcard-slot-210x95.jpg 210w\" sizes=\"(max-width: 400px) 100vw, 400px\" \/><\/p>\n<h2>Sky Empfang \u00fcber Vodafone TV Center &#8211; Pay TV (Film, Sport, Bundesliga usw.)<\/h2>\n<p>Jeder kennt Sky, doch wie kommt eigentlich das Bild der Sky Sender auf meinen Fernseher? Sky hat alle TV Kan\u00e4le verschl\u00fcsselt (PayTV). Ohne ein geeignetes Abo, sind diese Kan\u00e4le f\u00fcr Sie dunkel (nicht zu empfangen). Mit einer sogenannten Sky Smartcard (welche man nach Abschluss eines Abos bekommt) kann man die Kan\u00e4le von Sky sichtbar machen. Dazu muss man lediglich die Smartcard in den Receiver in Pfeilrichtung schieben und schon kann es losgehen. Die Smartcard entschl\u00fcsselt die codierten Sky Fernsehsender. M\u00f6chte man HD-Sender schauen, so ben\u00f6tigt man ein HDMI-Kabel und die notwendigen Ger\u00e4te (Fernseher mit HDMI-Anschluss und Receiver mit HDMI-Anschluss). Nachdem die Smartcard im Receiver steckt, Fernseher und Receiver via HDMI-Kabel verbunden sind, steht dem perfekten Fernsehgenuss nichts mehr im Wege. Aktuell k\u00f6nnen mit Vodafone TV noch keine Sky Kan\u00e4le empfangen werden, dies ist aber laut unserem Kenntnisstand als Vodafone Online-Partner f\u00fcr demn\u00e4chst geplant.<\/p>\n","protected":false},"excerpt":{"rendered":"<p>Vodafone bietet bereits eine Vielzahl ein frei empfangbaren Fernsehensendern (auch in HD) und zus\u00e4tzlich auch viele Vodafone Pay TV Angebote. Wem das alles noch nicht genug ist, der kann sich freuen. Denn das Vodafone TV Center ist dank Smartcard Slot auch f\u00fcr den Sky Empfang (ehemals Premiere) ger\u00fcstet (Sky Zertifizierung). Sky Empfang \u00fcber Vodafone TV &hellip; <a href=\"https:\/\/tarife-aktionen.de\/vodafone\/iptv\/empfaenger\/archiv-tv-center-hd\/anschluesse\/smartcard-slot-sky-empfang\" class=\"more-link\"><span class=\"screen-reader-text\">SmartCard Slot Vodafone TV Center f\u00fcr Sky Empfang<\/span> weiterlesen <span class=\"meta-nav\">&rarr;<\/span><\/a><\/p>\n","protected":false},"author":29,"featured_media":0,"parent":1405,"menu_order":0,"comment_status":"closed","ping_status":"closed","template":"","meta":{"footnotes":""},"class_list":["post-1444","page","type-page","status-publish","hentry"],"_links":{"self":[{"href":"https:\/\/tarife-aktionen.de\/vodafone\/wp-json\/wp\/v2\/pages\/1444","targetHints":{"allow":["GET"]}}],"collection":[{"href":"https:\/\/tarife-aktionen.de\/vodafone\/wp-json\/wp\/v2\/pages"}],"about":[{"href":"https:\/\/tarife-aktionen.de\/vodafone\/wp-json\/wp\/v2\/types\/page"}],"author":[{"embeddable":true,"href":"https:\/\/tarife-aktionen.de\/vodafone\/wp-json\/wp\/v2\/users\/29"}],"replies":[{"embeddable":true,"href":"https:\/\/tarife-aktionen.de\/vodafone\/wp-json\/wp\/v2\/comments?post=1444"}],"version-history":[{"count":0,"href":"https:\/\/tarife-aktionen.de\/vodafone\/wp-json\/wp\/v2\/pages\/1444\/revisions"}],"up":[{"embeddable":true,"href":"https:\/\/tarife-aktionen.de\/vodafone\/wp-json\/wp\/v2\/pages\/1405"}],"wp:attachment":[{"href":"https:\/\/tarife-aktionen.de\/vodafone\/wp-json\/wp\/v2\/media?parent=1444"}],"curies":[{"name":"wp","href":"https:\/\/api.w.org\/{rel}","templated":true}]}}