{"id":1452,"date":"2015-12-31T00:01:22","date_gmt":"2015-12-30T23:01:22","guid":{"rendered":"https:\/\/tarife-aktionen.de\/vodafone\/?page_id=1452"},"modified":"2016-02-06T03:07:48","modified_gmt":"2016-02-06T02:07:48","slug":"cinch-audio-ausgang","status":"publish","type":"page","link":"https:\/\/tarife-aktionen.de\/vodafone\/iptv\/empfaenger\/archiv-tv-center-hd\/anschluesse\/cinch-audio-ausgang","title":{"rendered":"Cinch Audio-Ausgang am Vodafone TV Center \/ Vodafone TV Box"},"content":{"rendered":"<p>Das <a title=\"Vodafone IPTV-Empf\u00e4nger (Receiver f\u00fcr IP-Fernsehen)\" href=\"https:\/\/tarife-aktionen.de\/vodafone\/iptv\/empfaenger\">Vodafone TV Center<\/a> verf\u00fcgt auch \u00fcber 2 Audio-Ausg\u00e4nge. Nebem dem modernen optischen Ausgang (optical out) ist auch ein herk\u00f6mmlicher Cinch Audio-Ausgang vorhanden. Hier k\u00f6nnen Sie zum Beispiel einen Kopfh\u00f6rer \/ Funkkopfh\u00f6rer anschlie\u00dfen oder auch Ihre Stereoanlage. Per Cinch Kabel bringen Sie so den Fernsehton zum Wiedergabeger\u00e4t.<\/p>\n<p><img decoding=\"async\" class=\"aligncenter size-full wp-image-1456\" src=\"https:\/\/tarife-aktionen.de\/vodafone\/inhalte\/2016\/02\/vodafone-tv-center-1000-audioausgang-cinch.jpg\" alt=\"Cinch Audio-Ausgang am Vodafone TV Center \/ Vodafone TV Box\" width=\"400\" height=\"180\" srcset=\"https:\/\/tarife-aktionen.de\/vodafone\/inhalte\/2016\/02\/vodafone-tv-center-1000-audioausgang-cinch.jpg 400w, https:\/\/tarife-aktionen.de\/vodafone\/inhalte\/2016\/02\/vodafone-tv-center-1000-audioausgang-cinch-150x68.jpg 150w, https:\/\/tarife-aktionen.de\/vodafone\/inhalte\/2016\/02\/vodafone-tv-center-1000-audioausgang-cinch-300x135.jpg 300w, https:\/\/tarife-aktionen.de\/vodafone\/inhalte\/2016\/02\/vodafone-tv-center-1000-audioausgang-cinch-80x36.jpg 80w, https:\/\/tarife-aktionen.de\/vodafone\/inhalte\/2016\/02\/vodafone-tv-center-1000-audioausgang-cinch-210x95.jpg 210w\" sizes=\"(max-width: 400px) 100vw, 400px\" \/><\/p>\n<h2>Vodafone TV Center mit Cinch Audioausgang &#8211; Anschluss Stereoanlage oder Kopfh\u00f6rer<\/h2>\n<p>Wer Cinch h\u00f6rt, mag an Chinchilla denken. Aber es gibt auch ein Kabel, was man als Cinch-Kabel bezeichnet und mittlerweile ist dieses Wort schon \u00fcberall ein Begriff. Fr\u00fcher nannte man diesen Stecker noch Bananenstecker oder DIN-Stecker. Dieser Stecker findet haupts\u00e4chlich im Video-Bereich sowie Audio-Bereich zu Hause Verwendung. Die meisten Cinch Ausg\u00e4nge (so auch beim Vodafone TV Center) und Cinch Kabel sind farblich gekennzeichnet. \u00dcblicherweise haben Sie einen roten und einen wei\u00dfen Cinch-Stecker (wei\u00df = linker analoger Kanal \/ rot = rechter analoger Kanal). Bei einigen Spielekonsolen haben Sie noch einen gelben Stecker, welcher f\u00fcr die Videoverbindung verwendet wird. Die Einsatzm\u00f6glichkeiten sind vielseitig. So k\u00f6nnen Sie im Beispiel der Vodafone TV Box diese per Cinch Kabel an Ihre Steroanlage anschlie\u00dfen (kein Surround-Klang m\u00f6glich, \u00fcber Cinch nur Stereo) oder einen Kopfh\u00f6rer zum Fernsehen \u00fcber das Vodafone TV Center nutzen.<\/p>\n","protected":false},"excerpt":{"rendered":"<p>Das Vodafone TV Center verf\u00fcgt auch \u00fcber 2 Audio-Ausg\u00e4nge. Nebem dem modernen optischen Ausgang (optical out) ist auch ein herk\u00f6mmlicher Cinch Audio-Ausgang vorhanden. Hier k\u00f6nnen Sie zum Beispiel einen Kopfh\u00f6rer \/ Funkkopfh\u00f6rer anschlie\u00dfen oder auch Ihre Stereoanlage. Per Cinch Kabel bringen Sie so den Fernsehton zum Wiedergabeger\u00e4t. Vodafone TV Center mit Cinch Audioausgang &#8211; Anschluss &hellip; <a href=\"https:\/\/tarife-aktionen.de\/vodafone\/iptv\/empfaenger\/archiv-tv-center-hd\/anschluesse\/cinch-audio-ausgang\" class=\"more-link\"><span class=\"screen-reader-text\">Cinch Audio-Ausgang am Vodafone TV Center \/ Vodafone TV Box<\/span> weiterlesen <span class=\"meta-nav\">&rarr;<\/span><\/a><\/p>\n","protected":false},"author":29,"featured_media":0,"parent":1405,"menu_order":0,"comment_status":"closed","ping_status":"closed","template":"","meta":{"footnotes":""},"class_list":["post-1452","page","type-page","status-publish","hentry"],"_links":{"self":[{"href":"https:\/\/tarife-aktionen.de\/vodafone\/wp-json\/wp\/v2\/pages\/1452","targetHints":{"allow":["GET"]}}],"collection":[{"href":"https:\/\/tarife-aktionen.de\/vodafone\/wp-json\/wp\/v2\/pages"}],"about":[{"href":"https:\/\/tarife-aktionen.de\/vodafone\/wp-json\/wp\/v2\/types\/page"}],"author":[{"embeddable":true,"href":"https:\/\/tarife-aktionen.de\/vodafone\/wp-json\/wp\/v2\/users\/29"}],"replies":[{"embeddable":true,"href":"https:\/\/tarife-aktionen.de\/vodafone\/wp-json\/wp\/v2\/comments?post=1452"}],"version-history":[{"count":0,"href":"https:\/\/tarife-aktionen.de\/vodafone\/wp-json\/wp\/v2\/pages\/1452\/revisions"}],"up":[{"embeddable":true,"href":"https:\/\/tarife-aktionen.de\/vodafone\/wp-json\/wp\/v2\/pages\/1405"}],"wp:attachment":[{"href":"https:\/\/tarife-aktionen.de\/vodafone\/wp-json\/wp\/v2\/media?parent=1452"}],"curies":[{"name":"wp","href":"https:\/\/api.w.org\/{rel}","templated":true}]}}