{"id":1465,"date":"2015-12-31T00:01:44","date_gmt":"2015-12-30T23:01:44","guid":{"rendered":"https:\/\/tarife-aktionen.de\/vodafone\/?page_id=1465"},"modified":"2016-02-06T03:22:08","modified_gmt":"2016-02-06T02:22:08","slug":"usb","status":"publish","type":"page","link":"https:\/\/tarife-aktionen.de\/vodafone\/iptv\/empfaenger\/archiv-tv-center-hd\/anschluesse\/usb","title":{"rendered":"USB Anschl\u00fcsse am Vodafone TV Center \/ Vodafone TV Box"},"content":{"rendered":"<p>Das Vodafone TV Center verf\u00fcgt \u00fcber 2 USB Anschl\u00fcsse. Bisher ist offen, wof\u00fcr diese genutzt werden k\u00f6nnen. es ist zu vermuten, dass hier Festplatten anzuschlie\u00dfen sind, um z.B. per USB Anschluss Bilder \/ Fotos \u00fcber die Vodafone TV Box auf Ihre Fernseher zu bringen.<\/p>\n<p><img decoding=\"async\" class=\"aligncenter size-full wp-image-1469\" src=\"https:\/\/tarife-aktionen.de\/vodafone\/inhalte\/2015\/12\/vodafone-tv-center-1000-usb-ausgang.jpg\" alt=\"USB Anschl\u00fcsse am Vodafone TV Center \/ Vodafone TV Box\" width=\"400\" height=\"180\" srcset=\"https:\/\/tarife-aktionen.de\/vodafone\/inhalte\/2015\/12\/vodafone-tv-center-1000-usb-ausgang.jpg 400w, https:\/\/tarife-aktionen.de\/vodafone\/inhalte\/2015\/12\/vodafone-tv-center-1000-usb-ausgang-150x68.jpg 150w, https:\/\/tarife-aktionen.de\/vodafone\/inhalte\/2015\/12\/vodafone-tv-center-1000-usb-ausgang-300x135.jpg 300w, https:\/\/tarife-aktionen.de\/vodafone\/inhalte\/2015\/12\/vodafone-tv-center-1000-usb-ausgang-80x36.jpg 80w, https:\/\/tarife-aktionen.de\/vodafone\/inhalte\/2015\/12\/vodafone-tv-center-1000-usb-ausgang-210x95.jpg 210w\" sizes=\"(max-width: 400px) 100vw, 400px\" \/><\/p>\n","protected":false},"excerpt":{"rendered":"<p>Das Vodafone TV Center verf\u00fcgt \u00fcber 2 USB Anschl\u00fcsse. Bisher ist offen, wof\u00fcr diese genutzt werden k\u00f6nnen. es ist zu vermuten, dass hier Festplatten anzuschlie\u00dfen sind, um z.B. per USB Anschluss Bilder \/ Fotos \u00fcber die Vodafone TV Box auf Ihre Fernseher zu bringen.<\/p>\n","protected":false},"author":29,"featured_media":0,"parent":1405,"menu_order":0,"comment_status":"closed","ping_status":"closed","template":"","meta":{"footnotes":""},"class_list":["post-1465","page","type-page","status-publish","hentry"],"_links":{"self":[{"href":"https:\/\/tarife-aktionen.de\/vodafone\/wp-json\/wp\/v2\/pages\/1465","targetHints":{"allow":["GET"]}}],"collection":[{"href":"https:\/\/tarife-aktionen.de\/vodafone\/wp-json\/wp\/v2\/pages"}],"about":[{"href":"https:\/\/tarife-aktionen.de\/vodafone\/wp-json\/wp\/v2\/types\/page"}],"author":[{"embeddable":true,"href":"https:\/\/tarife-aktionen.de\/vodafone\/wp-json\/wp\/v2\/users\/29"}],"replies":[{"embeddable":true,"href":"https:\/\/tarife-aktionen.de\/vodafone\/wp-json\/wp\/v2\/comments?post=1465"}],"version-history":[{"count":0,"href":"https:\/\/tarife-aktionen.de\/vodafone\/wp-json\/wp\/v2\/pages\/1465\/revisions"}],"up":[{"embeddable":true,"href":"https:\/\/tarife-aktionen.de\/vodafone\/wp-json\/wp\/v2\/pages\/1405"}],"wp:attachment":[{"href":"https:\/\/tarife-aktionen.de\/vodafone\/wp-json\/wp\/v2\/media?parent=1465"}],"curies":[{"name":"wp","href":"https:\/\/api.w.org\/{rel}","templated":true}]}}