{"id":1471,"date":"2015-12-31T00:01:08","date_gmt":"2015-12-30T23:01:08","guid":{"rendered":"https:\/\/tarife-aktionen.de\/vodafone\/?page_id=1471"},"modified":"2016-02-08T14:14:52","modified_gmt":"2016-02-08T13:14:52","slug":"lan-anschluss-netzwerkanschluss","status":"publish","type":"page","link":"https:\/\/tarife-aktionen.de\/vodafone\/iptv\/empfaenger\/archiv-tv-center-hd\/anschluesse\/lan-anschluss-netzwerkanschluss","title":{"rendered":"LAN-Anschluss \/ Netzwerkanschluss am Vodafone TV Center"},"content":{"rendered":"<p>Neben dem <a title=\"Vodafone TV Center - LAN Anschluss f\u00fcr IPTV\" href=\"https:\/\/tarife-aktionen.de\/vodafone\/iptv\/empfaenger\/archiv-tv-center-hd\/anschluesse\/iptv-internetfernsehen\" target=\"_self\">LAN-Eingang<\/a> zur Nutzung von Vodafone IPTV \u00fcber das Vodafone TV Center, verf\u00fcgt die Vodafone TV Box noch \u00fcber weitere 2 Netzwerkbuchsen. Deren Verwendung wurde bisher nicht kommuniziert, es ist aber davon auszugehen, dass diese eventuell dazu dienen k\u00f6nnten, weitere Netzwerkger\u00e4te (z.B. den Fernseher f\u00fcr WebTV) anzuschlie\u00dfen.<\/p>\n<p><img decoding=\"async\" class=\"aligncenter size-full wp-image-1474\" src=\"https:\/\/tarife-aktionen.de\/vodafone\/inhalte\/2015\/12\/vodafone-tv-center-1000-lan-anschluss-netzwerk-netzwerkanschluss.jpg\" alt=\"LAN-Anschluss \/ Netzwerkanschluss am Vodafone TV Center\" width=\"400\" height=\"180\" srcset=\"https:\/\/tarife-aktionen.de\/vodafone\/inhalte\/2015\/12\/vodafone-tv-center-1000-lan-anschluss-netzwerk-netzwerkanschluss.jpg 400w, https:\/\/tarife-aktionen.de\/vodafone\/inhalte\/2015\/12\/vodafone-tv-center-1000-lan-anschluss-netzwerk-netzwerkanschluss-150x68.jpg 150w, https:\/\/tarife-aktionen.de\/vodafone\/inhalte\/2015\/12\/vodafone-tv-center-1000-lan-anschluss-netzwerk-netzwerkanschluss-300x135.jpg 300w, https:\/\/tarife-aktionen.de\/vodafone\/inhalte\/2015\/12\/vodafone-tv-center-1000-lan-anschluss-netzwerk-netzwerkanschluss-80x36.jpg 80w, https:\/\/tarife-aktionen.de\/vodafone\/inhalte\/2015\/12\/vodafone-tv-center-1000-lan-anschluss-netzwerk-netzwerkanschluss-210x95.jpg 210w\" sizes=\"(max-width: 400px) 100vw, 400px\" \/><\/p>\n","protected":false},"excerpt":{"rendered":"<p>Neben dem LAN-Eingang zur Nutzung von Vodafone IPTV \u00fcber das Vodafone TV Center, verf\u00fcgt die Vodafone TV Box noch \u00fcber weitere 2 Netzwerkbuchsen. Deren Verwendung wurde bisher nicht kommuniziert, es ist aber davon auszugehen, dass diese eventuell dazu dienen k\u00f6nnten, weitere Netzwerkger\u00e4te (z.B. den Fernseher f\u00fcr WebTV) anzuschlie\u00dfen.<\/p>\n","protected":false},"author":29,"featured_media":0,"parent":1405,"menu_order":0,"comment_status":"closed","ping_status":"closed","template":"","meta":{"footnotes":""},"class_list":["post-1471","page","type-page","status-publish","hentry"],"_links":{"self":[{"href":"https:\/\/tarife-aktionen.de\/vodafone\/wp-json\/wp\/v2\/pages\/1471","targetHints":{"allow":["GET"]}}],"collection":[{"href":"https:\/\/tarife-aktionen.de\/vodafone\/wp-json\/wp\/v2\/pages"}],"about":[{"href":"https:\/\/tarife-aktionen.de\/vodafone\/wp-json\/wp\/v2\/types\/page"}],"author":[{"embeddable":true,"href":"https:\/\/tarife-aktionen.de\/vodafone\/wp-json\/wp\/v2\/users\/29"}],"replies":[{"embeddable":true,"href":"https:\/\/tarife-aktionen.de\/vodafone\/wp-json\/wp\/v2\/comments?post=1471"}],"version-history":[{"count":0,"href":"https:\/\/tarife-aktionen.de\/vodafone\/wp-json\/wp\/v2\/pages\/1471\/revisions"}],"up":[{"embeddable":true,"href":"https:\/\/tarife-aktionen.de\/vodafone\/wp-json\/wp\/v2\/pages\/1405"}],"wp:attachment":[{"href":"https:\/\/tarife-aktionen.de\/vodafone\/wp-json\/wp\/v2\/media?parent=1471"}],"curies":[{"name":"wp","href":"https:\/\/api.w.org\/{rel}","templated":true}]}}