{"id":1516,"date":"2016-02-06T00:01:58","date_gmt":"2016-02-05T23:01:58","guid":{"rendered":"https:\/\/tarife-aktionen.de\/vodafone\/?page_id=1516"},"modified":"2023-10-22T21:18:22","modified_gmt":"2023-10-22T19:18:22","slug":"surf-sofort-option","status":"publish","type":"page","link":"https:\/\/tarife-aktionen.de\/vodafone\/zuhause\/surf-sofort-option","title":{"rendered":"Vodafone SurfSofort Option f\u00fcr Zuhause DSL \/ VDSL \/ Kabel"},"content":{"rendered":"<p><a title=\"Vodafone Onlinebestellung Zuhause Tarife\" href=\"https:\/\/tarife-aktionen.de\/vodafone\/zum-anbieter\/vodafone-festnetz\/vodafone-festnetz-allgemein\" target=\"_blank\" rel=\"noopener\"><img decoding=\"async\" class=\"alignright size-full wp-image-376\" src=\"https:\/\/tarife-aktionen.de\/vodafone\/inhalte\/2015\/09\/vodafone-onlinebestellung.png\" alt=\"Vodafone Onlinebestellung (online bestellen)\" width=\"150\" height=\"30\" srcset=\"https:\/\/tarife-aktionen.de\/vodafone\/inhalte\/2015\/09\/vodafone-onlinebestellung.png 150w, https:\/\/tarife-aktionen.de\/vodafone\/inhalte\/2015\/09\/vodafone-onlinebestellung-80x16.png 80w\" sizes=\"(max-width: 150px) 100vw, 150px\" \/><\/a>Die Vodafone <strong><span class=\"farbig\">SurfSofort Option<\/span><\/strong> k\u00f6nnen Sie zu allen neuen Vodafone Zuhause <strong><a title=\"Vodafone DSL Tarife: Internet, Telefon und optional TV\" href=\"https:\/\/tarife-aktionen.de\/vodafone\/zuhause\/dsl\">DSL<\/a><\/strong>, <strong><a title=\"Vodafone VDSL Tarife: Internet, Telefon und optional TV\" href=\"https:\/\/tarife-aktionen.de\/vodafone\/zuhause\/vdsl\">VDSL<\/a><\/strong> und <strong><a title=\"Vodafone Kabel Tarife: Internet, Telefon und optional TV\" href=\"https:\/\/tarife-aktionen.de\/vodafone\/zuhause\/kabel\">Kabel<\/a><\/strong> Tarifen dazu bestellen. Mit Vodafone <strong>Surf Sofort<\/strong> k\u00f6nnen Sie schon vor der Schaltung Ihres <a title=\"Vodafone Zuhause Tarife: DSL, VDSL, Kabel, LTE, TV, Telefon\" href=\"https:\/\/tarife-aktionen.de\/vodafone\/zuhause\">Festnetz<\/a> Anschlusses \u00fcber das Vodafone <a title=\"Vodafone Mobilfunk Netzabdeckung: LTE, HSPA, UMTS, EDGE\" href=\"https:\/\/tarife-aktionen.de\/vodafone\/netzabdeckung\">Mobilfunk-Netz<\/a> im Internet surfen. Damit l\u00f6st die Vodafone SurfSofort Option das fr\u00fchere Arcor bzw. Vodafone Surf Sofort Paket ab und kann flexibel zu allen Tarifvarianten dazu bestellt werden. Vodafone Surf Sofort kostet ab 19,90 \u20ac (einmalig) und gibt es in 2 Varianten.<\/p>\n<h2>Vodafone <span class=\"farbig\">SurfSofort 30 Option<\/span>\u00a0&#8211;\u00a0SurfStick HSPA, 30 GB und 21,6 MBit\/s<\/h2>\n<p><img decoding=\"async\" class=\"alignright size-full wp-image-1523\" src=\"https:\/\/tarife-aktionen.de\/vodafone\/inhalte\/2016\/02\/icon-surfsofort30-stick.png\" alt=\"Vodafone SurfSofort 30 Option mit SurfStick Vodafone K4203-H\" width=\"100\" height=\"70\" srcset=\"https:\/\/tarife-aktionen.de\/vodafone\/inhalte\/2016\/02\/icon-surfsofort30-stick.png 100w, https:\/\/tarife-aktionen.de\/vodafone\/inhalte\/2016\/02\/icon-surfsofort30-stick-80x56.png 80w\" sizes=\"(max-width: 100px) 100vw, 100px\" \/>Die Vodafone <strong>SurfSofort 30<\/strong> Option kostet <strong><span class=\"farbig\">einmalig 19,90 \u20ac<\/span><\/strong> im Rahmen einer DSL, VDSL oder Kabel Internet Bestellung. Darin enthalten ist der Vodafone <strong>SurfStick K4203-H<\/strong>. Die Vodafone Surf Sofort 30 Option beinhaltet zudem Surfen mit HSPA Geschwindigkeit (<strong>bis 21,6 MBit\/s<\/strong>) und mit bis zu <strong>30 GB<\/strong> Datenvolumen (max. 60 Tage g\u00fcltig bzw. bis zur Schaltung des Festnetz Anschlusses).<\/p>\n<h2>Vodafone <span class=\"farbig\">SurfSofort 50 Option<\/span>\u00a0&#8211;\u00a0Wi-Fi Hotspot LTE, 50 GB und 100 MBit\/s<\/h2>\n<p><img decoding=\"async\" class=\"alignright size-full wp-image-1526\" src=\"https:\/\/tarife-aktionen.de\/vodafone\/inhalte\/2016\/02\/icon-surfsofort50-wlan.png\" alt=\"Vodafone SurfSofort 50 Option mit mobilem Wi-Fi-Hotspot R216\" width=\"100\" height=\"70\" srcset=\"https:\/\/tarife-aktionen.de\/vodafone\/inhalte\/2016\/02\/icon-surfsofort50-wlan.png 100w, https:\/\/tarife-aktionen.de\/vodafone\/inhalte\/2016\/02\/icon-surfsofort50-wlan-80x56.png 80w\" sizes=\"(max-width: 100px) 100vw, 100px\" \/>Die Vodafone <strong>SurfSofort 50<\/strong> Option kostet <strong><span class=\"farbig\">einmalig 49,90 \u20ac<\/span><\/strong>\u00a0zusammen mit einer DSL, VDSL oder Kabel Internet Bestellung. Darin enthalten ist der\u00a0mobile Wi-Fi-Hotspot R216. Die Vodafone Surf Sofort 50 Option beinhaltet zudem Surfen mit LTE \u00a0mit <strong>bis zu 100 MBit\/s<\/strong>\u00a0(auch Unterst\u00fctzung von HSPA bis 42,2 MBit\/s, wenn kein <a title=\"Vodafone Mobilfunk Netzabdeckung: LTE, HSPA, UMTS, EDGE\" href=\"https:\/\/tarife-aktionen.de\/vodafone\/netzabdeckung\">LTE verf\u00fcgbar<\/a> ist) und mit bis zu <strong>50 GB<\/strong> Datenvolumen (g\u00fcltig max. 60 Tage bzw. bis zur Schaltung des Vodafone Festnetz Anschlusses).<\/p>\n<h2>Vor- und Nachteile: <span class=\"farbig\">SurfStick oder mobiler WLAN Router<\/span><\/h2>\n<p>Der Vodafone SurfStick in der SurfSofort 30 Option eignet sich, um einen PC oder Laptop direkt \u00fcber den USB SurfStick mit Internet zu versorgen. Nat\u00fcrlich k\u00f6nnen Sie den SurfStick auch an verschiedenen PCs nutzen, aber eben nicht gleichzeitig. Hier kommen die Vorteile des mobilen WLAN Routers bei der SurfSofort 50 Option zum Tragen: dieser wird \u00fcber einen Akku versorgt (bis zu 300 Stunden Standby Zeit) und es k\u00f6nnen sich bis zu 10 Ger\u00e4te via WLAN \/ WiFi mit dem HotSpot verbinden und gleichzeitig surfen. Der Vodafone mobile Hotspot R216 unterst\u00fctzt WLAN mit 2,4 und 5 GHz und die Standby Zeit des Ger\u00e4tes betr\u00e4gt bis zu 300 Stunden. Im Gegensatz zum Surfstick unterst\u00fctzt der Router neben HSPA \/ UMTS auch das schnelle LTE.<\/p>\n<h2>Nach Festnetz Schaltung <span class=\"farbig\">Stick &amp; Router weiternutzen<\/span> (WebSession)<\/h2>\n<p>Mit Anschaltung an das Vodafone Festnetz (Aktivierung <a title=\"Vodafone DSL Verf\u00fcgbarkeit pr\u00fcfen (DSL Verf\u00fcgbarkeitscheck)\" href=\"https:\/\/tarife-aktionen.de\/vodafone\/dsl\/verfuegbarkeit-check-karte-netzausbau-vodafone-dsl\">DSL<\/a>, <a title=\"Vodafone VDSL Verf\u00fcgbarkeit pr\u00fcfen (Verf\u00fcgbarkeitscheck)\" href=\"https:\/\/tarife-aktionen.de\/vodafone\/vdsl\/verfuegbarkeit-check-karte-netzausbau-vodafone-vdsl\">VDSL<\/a> oder <a title=\"Vodafone Kabel Verf\u00fcgbarkeit pr\u00fcfen (Internet, Telefon, TV)\" href=\"https:\/\/tarife-aktionen.de\/vodafone\/kabel-deutschland\/verfuegbarkeit-check-vodafone-kabel\">Kabel<\/a>) endet automatisch die SurfSofort Option. Doch die Ger\u00e4te (SurfStick oder Router) geh\u00f6ren Ihnen. Die SIM Karte im Ger\u00e4t bleibt weiterhin aktiv und kann k\u00fcnftig von Ihnen auf Reisen in Deutschland per Vodafone Websession genutzt werden. Hierbei zahlen Sie nur dann, wenn Sie das mobile Internet auch wirklich nutzen: wahlweise buchen Sie 24 Stunden (1 Tag), 1 Woche oder 1 Monat mobiles Internet zum fairen Preis &#8211; ganz nach Bedarf.<\/p>\n<h2><span class=\"farbig\">H\u00e4ufige Fragen<\/span>\u00a0sowie Hinweise zur Vodafone Surf Sofort Option<\/h2>\n<ul>\n<li>Die Lieferung erfolgt zeitnah nach Ihrer Bestellung, also oft schon nach 1-3 Tagen. Sie m\u00fcssen die mitgelieferte SIM-Karte dann einmalig aktivieren (Hinweise in der Lieferung).<\/li>\n<li>Die Kosten der Vodafone Surf Sofort Option sind einmalig. Es fallen keine weiteren Aktivierungskosten f\u00fcr die SIM Karte oder f\u00fcr die Hardware an. Sobald Sie Vodafone Surf Sofort einmal genutzt haben, ist eine R\u00fcckgabe oder ein Umtausch ausgeschlossen.<\/li>\n<li>Mit der Vodafone SurfSofort Option k\u00f6nnen Sie nicht Telefonieren oder Simsen.<\/li>\n<li>Die Vodafone SurfSofort Option ist g\u00fcltig, solange der Festnetzanschluss nicht geschaltet wurde. In dieser Zeit k\u00f6nnen Sie den Surfstick oder den mobilen Router Deutschlandweit nutzen, also nicht nur an dem Standort, wo Festnetz geschaltet wird.<\/li>\n<li>Nach Aktivierung des Festnetz Anschlusses verf\u00e4llt das nicht genutzte Startvolumen. K\u00fcnftig k\u00f6nnen Sie den Stick oder Router per Vodafone Websession Tarif weiter nutzen.<\/li>\n<li>Nach Verbrauch des SurfSofort Startvolumens (30 oder 50 GB) k\u00f6nnen sie auf Wunsch weitere WebSessions dazu kaufen, bis Ihr Zuhause Anschluss geschaltet wurde.<\/li>\n<\/ul>\n","protected":false},"excerpt":{"rendered":"<p>Die Vodafone SurfSofort Option k\u00f6nnen Sie zu allen neuen Vodafone Zuhause DSL, VDSL und Kabel Tarifen dazu bestellen. Mit Vodafone Surf Sofort k\u00f6nnen Sie schon vor der Schaltung Ihres Festnetz Anschlusses \u00fcber das Vodafone Mobilfunk-Netz im Internet surfen. Damit l\u00f6st die Vodafone SurfSofort Option das fr\u00fchere Arcor bzw. Vodafone Surf Sofort Paket ab und kann &hellip; <a href=\"https:\/\/tarife-aktionen.de\/vodafone\/zuhause\/surf-sofort-option\" class=\"more-link\"><span class=\"screen-reader-text\">Vodafone SurfSofort Option f\u00fcr Zuhause DSL \/ VDSL \/ Kabel<\/span> weiterlesen <span class=\"meta-nav\">&rarr;<\/span><\/a><\/p>\n","protected":false},"author":30,"featured_media":0,"parent":212,"menu_order":0,"comment_status":"closed","ping_status":"closed","template":"","meta":{"footnotes":""},"class_list":["post-1516","page","type-page","status-publish","hentry"],"_links":{"self":[{"href":"https:\/\/tarife-aktionen.de\/vodafone\/wp-json\/wp\/v2\/pages\/1516","targetHints":{"allow":["GET"]}}],"collection":[{"href":"https:\/\/tarife-aktionen.de\/vodafone\/wp-json\/wp\/v2\/pages"}],"about":[{"href":"https:\/\/tarife-aktionen.de\/vodafone\/wp-json\/wp\/v2\/types\/page"}],"author":[{"embeddable":true,"href":"https:\/\/tarife-aktionen.de\/vodafone\/wp-json\/wp\/v2\/users\/30"}],"replies":[{"embeddable":true,"href":"https:\/\/tarife-aktionen.de\/vodafone\/wp-json\/wp\/v2\/comments?post=1516"}],"version-history":[{"count":4,"href":"https:\/\/tarife-aktionen.de\/vodafone\/wp-json\/wp\/v2\/pages\/1516\/revisions"}],"predecessor-version":[{"id":6481,"href":"https:\/\/tarife-aktionen.de\/vodafone\/wp-json\/wp\/v2\/pages\/1516\/revisions\/6481"}],"up":[{"embeddable":true,"href":"https:\/\/tarife-aktionen.de\/vodafone\/wp-json\/wp\/v2\/pages\/212"}],"wp:attachment":[{"href":"https:\/\/tarife-aktionen.de\/vodafone\/wp-json\/wp\/v2\/media?parent=1516"}],"curies":[{"name":"wp","href":"https:\/\/api.w.org\/{rel}","templated":true}]}}