{"id":1558,"date":"2016-02-06T00:01:01","date_gmt":"2016-02-05T23:01:01","guid":{"rendered":"https:\/\/tarife-aktionen.de\/vodafone\/?page_id=1558"},"modified":"2023-10-22T21:19:16","modified_gmt":"2023-10-22T19:19:16","slug":"russisch","status":"publish","type":"page","link":"https:\/\/tarife-aktionen.de\/vodafone\/iptv\/tv-pakete\/fremdsprachen\/russisch","title":{"rendered":"Vodafone IPTV Russisch Paket (russische TV-Sender)"},"content":{"rendered":"<p>Ihre Wurzeln stammen aus Russland und Sie m\u00f6chten gerne Ihre Heimat in Ihr Wohnzimmer holen? Worauf warten Sie noch? Mit dem <a title=\"Vodafone DSL plus IP-TV Paket\" href=\"https:\/\/tarife-aktionen.de\/vodafone\/iptv\/kombi-pakete-tv-internet-telefon\">Vodafone DSL plus IP-TV<\/a> Paket in Verbindung mit dem Vodafone Fremdsprachenpaket Russisch ist dies kein Problem. Das TV Paket Russisch beinhaltet insgesamt 5 Sender in russischer Muttersprache f\u00fcr nur 12,95 Euro je Monat (Aufpreis zu <a title=\"Informationen, Angebote und Tarife zu Vodafone TV\" href=\"https:\/\/tarife-aktionen.de\/vodafone\/iptv\" target=\"_blank\" rel=\"noopener\">Vodafone IPTV<\/a>).<\/p>\n<h2>TV-Paket Russisch f\u00fcr Vodafone IPTV Kunden (<span style=\"color: #ff0000;\">12,95 Euro<\/span> je Monat)<\/h2>\n<p>Unterhaltung, Kultur und aktuelle Informationen aus Russland, das und noch vieles mehr bietet Ihnen das <a title=\"Informationen, Angebote und Tarife zu Vodafone\" href=\"https:\/\/tarife-aktionen.de\/vodafone\/\" target=\"_blank\" rel=\"noopener\">Vodafone<\/a> TV Fremdsprachenpaket Russisch. Hier erhalten Sie insgesamt 5 Sender in russischer Muttersprache, sofern Sie ein Vodafone DSL plus IP-TV Paket besitzen. Nachdem mit dem <a title=\"Informationen, Angebote und Tarife zu Vodafone DSL\" href=\"https:\/\/tarife-aktionen.de\/vodafone\/zuhause\/tarifuebersicht\" target=\"_blank\" rel=\"noopener\">Vodafone DSL<\/a> plus IP-TV Paket die Basis geschaffen wurde, steht dem Wunsch nach einem Fremdsprachenpaket Russisch nichts mehr im Wege. Damit Sie einen \u00dcberblick \u00fcber die einzelnen russischen Sender erhalten, haben wir diese im unteren Abschnitt f\u00fcr Sie nebst Zusatzinfo\u00b4s aufgelistet. So k\u00f6nnen Sie sich schon vorab \u00fcber dieses tolle Produkt informieren.<\/p>\n<p style=\"text-align: center;\"><em><strong><span style=\"color: #ff0000;\">&gt;&gt;&gt;<\/span> <a title=\"Vodafone DSL und TV Paket (Verf\u00fcgbarkeit und Bestellung)\" href=\"https:\/\/tarife-aktionen.de\/vodafone\/zum-anbieter\/vodafone-festnetz\/vodafone-festnetz-check\" target=\"_blank\" rel=\"noopener\">Vodafone DSL + IP-TV Paket f\u00fcr Vodafone DSL Neukunden<\/a><\/strong><br \/>\n<\/em><em>PDF Bestellformular: <span style=\"color: #ff0000;\">&gt;<\/span> <a title=\"Vodafone Bestellformular (PDF) DSL plus TV Tarife (IP-TV und Sat-TV) f\u00fcr Neukunden\" href=\"https:\/\/tarife-aktionen.de\/vodafone\/onlinebestellung\" target=\"_blank\" rel=\"noopener\">TV f\u00fcr Neukunden<\/a> \/ <span style=\"color: #ff0000;\">&gt;<\/span> <a title=\"Vodafone Bestellformular (PDF) DSL plus TV Tarife (IP-TV und Sat-TV) f\u00fcr Bestandskunden\" href=\"https:\/\/tarife-aktionen.de\/vodafone\/onlinebestellung\" target=\"_blank\" rel=\"noopener\">TV f\u00fcr Bestandskunden<\/a><br \/>\nKostenlose telefonisch Beratung: 0 39 43 \u2013 40 999 30 (<a title=\"Telefonische Beratung zu Vodafone TV Tarifen\" href=\"https:\/\/tarife-aktionen.de\/vodafone\/kontakt\/telefonische-beratung\">Callback Service<\/a>)<\/em><strong><br \/>\n<\/strong><\/p>\n<h2>Alle Sender des Vodafone TV Fremdsprachenpakets Russisch auf einem Blick<\/h2>\n<ul>\n<li><span style=\"color: #ff0000;\"><strong>TeleKlub: <\/strong><\/span>Bei Tele Klub sehen Sie in der Sendezeit (t\u00e4glich 18 bis 4 Uhr) die beliebtesten <a title=\"Informationen und Newsmeldungen zum Thema TV\" href=\"https:\/\/tarife-aktionen.de\/vodafone\/iptv\" target=\"_blank\" rel=\"noopener\">TV<\/a>-Serien und viele davon sogar in Erstausstrahlung. TeleKlub sendet in russischer Sprache.<\/li>\n<li><span style=\"color: #ff0000;\"><strong>Detskij Mir: <\/strong><\/span>Mit dem Sender Detskij Mir kommt ein Kindersender zu Ihnen nach Hause. Hier werden haupts\u00e4chlich Zeichentrickfilme gezeigt, au\u00dferdem werden mehrere Filme f\u00fcr Kinder und Teenanger am Tag ausgestrahlt. Sie Sendezeit betr\u00e4gt t\u00e4glich von 4:00 bis 18:00 Uhr.<\/li>\n<li><span style=\"color: #ff0000;\"><strong>Nashe Kino: <\/strong><\/span>Dieser Sender zeigt ausschlie\u00dflich Filme aus unterschiedlichen Zeitaltern der russischen Filmkultur. Ob nun moderne Verfilmungen oder Klassikverfilmungen, es ist f\u00fcr jeden das geeignete dabei. Abh\u00e4ngig von der Tageszeit werden unterschiedliche Altersgruppen angesprochen. Nat\u00fcrlich auch hier alles in Ihrer russischen Muttersprache.<\/li>\n<li><span style=\"color: #ff0000;\"><strong>RTR-Planeta: <\/strong><\/span>Auf RTR-Planeta sehen Sie ein Vollprogramm aus Nachrichten, Sport, Reportagen und Unterhaltung. Das Programm selbst wird aus Sendungen der staatlichen russischen Sender Rossija und Kultura zusammengesetzt. Alles in Russisch.<\/li>\n<li><span style=\"color: #ff0000;\"><strong>RTVI International:<\/strong> <\/span>Bei diesem Sender sehen Sie Nachrichtensendungen aus aller Welt, insbesondere aus Russland, USA und Israel. Au\u00dferdem sehen Sie bei RTV-International auch Ratgeberprogramme, Talkshows, Serien und vieles mehr. Es lohnt sich, denn alle Sendungen sind in Ihrer russischen Muttersprache. Schauen Sie doch einfach mal rein.<\/li>\n<\/ul>\n<p style=\"text-align: center;\"><em><strong><span style=\"color: #ff0000;\">&gt;&gt;&gt;<\/span> <a title=\"Vodafone DSL und TV Paket (Verf\u00fcgbarkeit und Bestellung)\" href=\"https:\/\/tarife-aktionen.de\/vodafone\/zum-anbieter\/vodafone-festnetz\/vodafone-festnetz-check\" target=\"_blank\" rel=\"noopener\">Vodafone DSL + IP-TV Paket f\u00fcr Vodafone DSL Neukunden<\/a><\/strong><br \/>\n<\/em><em>PDF Bestellformular: <span style=\"color: #ff0000;\">&gt;<\/span> <a title=\"Vodafone Bestellformular (PDF) DSL plus TV Tarife (IP-TV und Sat-TV) f\u00fcr Neukunden\" href=\"https:\/\/tarife-aktionen.de\/vodafone\/onlinebestellung\" target=\"_blank\" rel=\"noopener\">TV f\u00fcr Neukunden<\/a> \/ <span style=\"color: #ff0000;\">&gt;<\/span> <a title=\"Vodafone Bestellformular (PDF) DSL plus TV Tarife (IP-TV und Sat-TV) f\u00fcr Bestandskunden\" href=\"https:\/\/tarife-aktionen.de\/vodafone\/onlinebestellung\" target=\"_blank\" rel=\"noopener\">TV f\u00fcr Bestandskunden<\/a><br \/>\nKostenlose telefonisch Beratung: 0 39 43 \u2013 40 999 30 (<a title=\"Telefonische Beratung zu Vodafone TV Tarifen\" href=\"https:\/\/tarife-aktionen.de\/vodafone\/kontakt\/telefonische-beratung\">Callback Service<\/a>)<\/em><strong><br \/>\n<\/strong><\/p>\n<p><span style=\"color: #999999;\">*Das Vodafone TV Russisch Paket hat keine Mindestvertragslaufzeit bei einer K\u00fcndigungsfrist von 3 Monaten. Das Vodafone TV-Paket Russisch ist nur als Erg\u00e4nzung zum Vodafone DSL plus IP-TV Paket bestellbar (weitere Kosten \/ Laufzeit 24 Monate). Details zu Vodafone TV \/ Vodafone IPTV sowie dem Russisch Paket finden Sie jederzeit und somit rund um die Uhr im<\/span> <a title=\"Vodafone TV \/ IPTV im Onlineshop\" href=\"https:\/\/tarife-aktionen.de\/vodafone\/zum-anbieter\/vodafone-festnetz\/vodafone-festnetz-check\" target=\"_blank\" rel=\"noopener\">Vodafone Onlineshop<\/a><span style=\"color: #999999;\">.<\/span><\/p>\n","protected":false},"excerpt":{"rendered":"<p>Ihre Wurzeln stammen aus Russland und Sie m\u00f6chten gerne Ihre Heimat in Ihr Wohnzimmer holen? Worauf warten Sie noch? Mit dem Vodafone DSL plus IP-TV Paket in Verbindung mit dem Vodafone Fremdsprachenpaket Russisch ist dies kein Problem. Das TV Paket Russisch beinhaltet insgesamt 5 Sender in russischer Muttersprache f\u00fcr nur 12,95 Euro je Monat (Aufpreis &hellip; <a href=\"https:\/\/tarife-aktionen.de\/vodafone\/iptv\/tv-pakete\/fremdsprachen\/russisch\" class=\"more-link\"><span class=\"screen-reader-text\">Vodafone IPTV Russisch Paket (russische TV-Sender)<\/span> weiterlesen <span class=\"meta-nav\">&rarr;<\/span><\/a><\/p>\n","protected":false},"author":29,"featured_media":0,"parent":1545,"menu_order":0,"comment_status":"closed","ping_status":"closed","template":"","meta":{"footnotes":""},"class_list":["post-1558","page","type-page","status-publish","hentry"],"_links":{"self":[{"href":"https:\/\/tarife-aktionen.de\/vodafone\/wp-json\/wp\/v2\/pages\/1558","targetHints":{"allow":["GET"]}}],"collection":[{"href":"https:\/\/tarife-aktionen.de\/vodafone\/wp-json\/wp\/v2\/pages"}],"about":[{"href":"https:\/\/tarife-aktionen.de\/vodafone\/wp-json\/wp\/v2\/types\/page"}],"author":[{"embeddable":true,"href":"https:\/\/tarife-aktionen.de\/vodafone\/wp-json\/wp\/v2\/users\/29"}],"replies":[{"embeddable":true,"href":"https:\/\/tarife-aktionen.de\/vodafone\/wp-json\/wp\/v2\/comments?post=1558"}],"version-history":[{"count":3,"href":"https:\/\/tarife-aktionen.de\/vodafone\/wp-json\/wp\/v2\/pages\/1558\/revisions"}],"predecessor-version":[{"id":6586,"href":"https:\/\/tarife-aktionen.de\/vodafone\/wp-json\/wp\/v2\/pages\/1558\/revisions\/6586"}],"up":[{"embeddable":true,"href":"https:\/\/tarife-aktionen.de\/vodafone\/wp-json\/wp\/v2\/pages\/1545"}],"wp:attachment":[{"href":"https:\/\/tarife-aktionen.de\/vodafone\/wp-json\/wp\/v2\/media?parent=1558"}],"curies":[{"name":"wp","href":"https:\/\/api.w.org\/{rel}","templated":true}]}}