{"id":1559,"date":"2016-02-06T00:01:03","date_gmt":"2016-02-05T23:01:03","guid":{"rendered":"https:\/\/tarife-aktionen.de\/vodafone\/?page_id=1559"},"modified":"2023-10-22T21:19:17","modified_gmt":"2023-10-22T19:19:17","slug":"polnisch","status":"publish","type":"page","link":"https:\/\/tarife-aktionen.de\/vodafone\/iptv\/tv-pakete\/fremdsprachen\/polnisch","title":{"rendered":"Vodafone IPTV Polnisch Paket (polnische TV-Sender)"},"content":{"rendered":"<p>Sie kommen urspr\u00fcnglich aus Polen und m\u00f6chten ein wenig Heimat direkt hier her nach Deutschland holen? Dann entscheiden Sie sich, sofern das <a title=\"Vodafone DSL plus IP-TV Paket\" href=\"https:\/\/tarife-aktionen.de\/vodafone\/iptv\/kombi-pakete-tv-internet-telefon\">Vodafone DSL plus IP-TV<\/a> Paket verf\u00fcgbar ist, f\u00fcr das Vodafone Fremdsprachenpaket Polnisch. Dieses Paket beinhaltet insgesamt 4 Sender in polnischer Sprache f\u00fcr nur <span style=\"color: #ff0000;\">5,95 Euro<\/span> monatlich (Aufpreis zum <a title=\"Informationen, Angebote und Tarife zu Vodafone TV\" href=\"https:\/\/tarife-aktionen.de\/vodafone\/iptv\" target=\"_blank\" rel=\"noopener\">Vodafone IP-TV<\/a> Paket).<\/p>\n<h2>TV-Paket Polnisch\u00a0f\u00fcr Vodafone IPTV Kunden (<span style=\"color: #ff0000;\">5,95 Euro<\/span> je Monat)<\/h2>\n<p>Sie interessieren sich f\u00fcr Unterhaltung, Kultur und aktuelle Informationen aus Polen? Dann bestellen Sie das <a title=\"Informationen, Angebote und Tarife zu Vodafone\" href=\"https:\/\/tarife-aktionen.de\/vodafone\/\" target=\"_blank\" rel=\"noopener\">Vodafone<\/a> TV Fremdsprachenpaket Polnisch, schlie\u00dflich erhalten Sie hier insgesamt 4 Sender in Ihrer polnischen Muttersprache. Voraussetzung ist ein <a title=\"Informationen, Angebote und Tarife zu Vodafone DSL\" href=\"https:\/\/tarife-aktionen.de\/vodafone\/zuhause\/tarifuebersicht\" target=\"_blank\" rel=\"noopener\">Vodafone DSL<\/a> plus IP-TV Paket, da dieses die Basis f\u00fcr die PayTV bzw. <a title=\"Fremdsprachenpakete (Sprachen)\" href=\"https:\/\/tarife-aktionen.de\/vodafone\/iptv\/tv-pakete\/fremdsprachen\">Fremdsprachenpakete<\/a> ist. Damit Sie einen \u00dcberblick \u00fcber die einzelnen TV-Sender erhalten, haben wir alle Sender von diesem TV-Paket f\u00fcr Sie im unteren Abschnitt aufgelistet und dazu ein paar n\u00fctzliche Informationen erg\u00e4nzt.<\/p>\n<p style=\"text-align: center;\"><em><strong><span style=\"color: #ff0000;\">&gt;&gt;&gt;<\/span> <a title=\"Vodafone DSL und TV Paket (Verf\u00fcgbarkeit und Bestellung)\" href=\"https:\/\/tarife-aktionen.de\/vodafone\/zum-anbieter\/vodafone-festnetz\/vodafone-festnetz-check\" target=\"_blank\" rel=\"noopener\">Vodafone DSL + IP-TV Paket f\u00fcr Vodafone DSL Neukunden<\/a><\/strong><br \/>\n<\/em><em>PDF Bestellformular: <span style=\"color: #ff0000;\">&gt;<\/span> <a title=\"Vodafone Bestellformular (PDF) DSL plus TV Tarife (IP-TV und Sat-TV) f\u00fcr Neukunden\" href=\"https:\/\/tarife-aktionen.de\/vodafone\/onlinebestellung\" target=\"_blank\" rel=\"noopener\">TV f\u00fcr Neukunden<\/a> \/ <span style=\"color: #ff0000;\">&gt;<\/span> <a title=\"Vodafone Bestellformular (PDF) DSL plus TV Tarife (IP-TV und Sat-TV) f\u00fcr Bestandskunden\" href=\"https:\/\/tarife-aktionen.de\/vodafone\/onlinebestellung\" target=\"_blank\" rel=\"noopener\">TV f\u00fcr Bestandskunden<\/a><br \/>\nKostenlose telefonisch Beratung: 0 39 43 \u2013 40 999 30 (<a title=\"Telefonische Beratung zu Vodafone TV Tarifen\" href=\"https:\/\/tarife-aktionen.de\/vodafone\/kontakt\/telefonische-beratung\">Callback Service<\/a>)<\/em><strong><br \/>\n<\/strong><\/p>\n<h2>Alle Sender des Vodafone TV Fremdsprachenpakets Polnisch auf einem Blick<\/h2>\n<ul>\n<li><span style=\"color: #ff0000;\"><strong>TVP Kultura: <\/strong><\/span>Hier erhalten Sie ein kulturelles Spartenprogramm mit Theaterauff\u00fchrungen, Konzerten und vielen anderen kulturellen Ereignissen. Wussten Sie schon? TVP Kultura sendet jeden Tag einen Themenabend, zum Beispiel zu den Themen Kino und Musik.<\/li>\n<li><span style=\"color: #ff0000;\"><strong>TVP Polonia: <\/strong><\/span>Hier erhalten Sie offizielles Auslandsfernsehen aus Polen. Hierbei konzentriert sich das Programm insbesondere auf aktuelle und selbst produzierte Sendungen von TVP. Erg\u00e4nzt wird das ganze durch die wichtigsten Nachrichtensendungen des TVP, Sendungen und Filme aus dem TVP Archiv. Nat\u00fcrlich bietet TV Polonia noch sehr viel mehr, schauen Sie rein.<\/li>\n<li><span style=\"color: #ff0000;\"><strong>iTVN: <\/strong><\/span>Bei iTVN handelt es sich um einen polnischen Fernsehsender, welcher sich insbesondere an Auslandspolen richtet. Das Programm lehnt sich an die Programmressourcen anderer Sender der TVN-Gruppe an. Hierzu geh\u00f6ren Unterhaltungssendungen, Serien, Spielfilme und Dokumentarfilme, aber auch Fu\u00dfballspiele der polnischen Liga.<\/li>\n<li><span style=\"color: #ff0000;\"><strong>TVP Info:<\/strong><\/span> Mit TVP Info kommt ein Sender in Ihr Wohnzimmer, welcher aktuelle Wirtschaftsnachrichten, Kultur- und Dokumentationssendungen aus allen Regionen Polens liefert. Ein paar Sendungen sind aus rechtlichen Gr\u00fcnden verschl\u00fcsselt.<\/li>\n<\/ul>\n<p style=\"text-align: center;\"><em><strong><span style=\"color: #ff0000;\">&gt;&gt;&gt;<\/span> <a title=\"Vodafone DSL und TV Paket (Verf\u00fcgbarkeit und Bestellung)\" href=\"https:\/\/tarife-aktionen.de\/vodafone\/zum-anbieter\/vodafone-festnetz\/vodafone-festnetz-check\" target=\"_blank\" rel=\"noopener\">Vodafone DSL + IP-TV Paket f\u00fcr Vodafone DSL Neukunden<\/a><\/strong><br \/>\n<\/em><em>PDF Bestellformular:<span style=\"color: #ff0000;\"> &gt;<\/span> <a title=\"Vodafone Bestellformular (PDF) DSL plus TV Tarife (IP-TV und Sat-TV) f\u00fcr Neukunden\" href=\"https:\/\/tarife-aktionen.de\/vodafone\/onlinebestellung\" target=\"_blank\" rel=\"noopener\">TV f\u00fcr Neukunden<\/a> \/ <span style=\"color: #ff0000;\">&gt;<\/span> <a title=\"Vodafone Bestellformular (PDF) DSL plus TV Tarife (IP-TV und Sat-TV) f\u00fcr Bestandskunden\" href=\"https:\/\/tarife-aktionen.de\/vodafone\/onlinebestellung\" target=\"_blank\" rel=\"noopener\">TV f\u00fcr Bestandskunden<\/a><br \/>\nKostenlose telefonisch Beratung: 0 39 43 \u2013 40 999 30 (<a title=\"Telefonische Beratung zu Vodafone TV Tarifen\" href=\"https:\/\/tarife-aktionen.de\/vodafone\/kontakt\/telefonische-beratung\">Callback Service<\/a>)<\/em><strong><br \/>\n<\/strong><\/p>\n<p><span style=\"color: #999999;\">*Das Vodafone TV Polnisch Paket hat keine Mindestvertragslaufzeit bei einer K\u00fcndigungsfrist von 3 Monaten. Das Vodafone TV-Paket Polnisch\u00a0 ist nur als Erg\u00e4nzung zum Vodafone DSL plus IP-TV Paket bestellbar (weitere Kosten \/ Laufzeit 24 Monate). Details zu Vodafone TV \/ Vodafone IPTV sowie dem Polnisch Paket finden Sie jederzeit und somit rund um die Uhr im<\/span> <a title=\"Vodafone TV \/ IPTV im Onlineshop\" href=\"https:\/\/tarife-aktionen.de\/vodafone\/zum-anbieter\/vodafone-festnetz\/vodafone-festnetz-check\" target=\"_blank\" rel=\"noopener\">Vodafone Onlineshop<\/a><span style=\"color: #999999;\">.<\/span><\/p>\n","protected":false},"excerpt":{"rendered":"<p>Sie kommen urspr\u00fcnglich aus Polen und m\u00f6chten ein wenig Heimat direkt hier her nach Deutschland holen? Dann entscheiden Sie sich, sofern das Vodafone DSL plus IP-TV Paket verf\u00fcgbar ist, f\u00fcr das Vodafone Fremdsprachenpaket Polnisch. Dieses Paket beinhaltet insgesamt 4 Sender in polnischer Sprache f\u00fcr nur 5,95 Euro monatlich (Aufpreis zum Vodafone IP-TV Paket). TV-Paket Polnisch\u00a0f\u00fcr &hellip; <a href=\"https:\/\/tarife-aktionen.de\/vodafone\/iptv\/tv-pakete\/fremdsprachen\/polnisch\" class=\"more-link\"><span class=\"screen-reader-text\">Vodafone IPTV Polnisch Paket (polnische TV-Sender)<\/span> weiterlesen <span class=\"meta-nav\">&rarr;<\/span><\/a><\/p>\n","protected":false},"author":29,"featured_media":0,"parent":1545,"menu_order":0,"comment_status":"closed","ping_status":"closed","template":"","meta":{"footnotes":""},"class_list":["post-1559","page","type-page","status-publish","hentry"],"_links":{"self":[{"href":"https:\/\/tarife-aktionen.de\/vodafone\/wp-json\/wp\/v2\/pages\/1559","targetHints":{"allow":["GET"]}}],"collection":[{"href":"https:\/\/tarife-aktionen.de\/vodafone\/wp-json\/wp\/v2\/pages"}],"about":[{"href":"https:\/\/tarife-aktionen.de\/vodafone\/wp-json\/wp\/v2\/types\/page"}],"author":[{"embeddable":true,"href":"https:\/\/tarife-aktionen.de\/vodafone\/wp-json\/wp\/v2\/users\/29"}],"replies":[{"embeddable":true,"href":"https:\/\/tarife-aktionen.de\/vodafone\/wp-json\/wp\/v2\/comments?post=1559"}],"version-history":[{"count":3,"href":"https:\/\/tarife-aktionen.de\/vodafone\/wp-json\/wp\/v2\/pages\/1559\/revisions"}],"predecessor-version":[{"id":6587,"href":"https:\/\/tarife-aktionen.de\/vodafone\/wp-json\/wp\/v2\/pages\/1559\/revisions\/6587"}],"up":[{"embeddable":true,"href":"https:\/\/tarife-aktionen.de\/vodafone\/wp-json\/wp\/v2\/pages\/1545"}],"wp:attachment":[{"href":"https:\/\/tarife-aktionen.de\/vodafone\/wp-json\/wp\/v2\/media?parent=1559"}],"curies":[{"name":"wp","href":"https:\/\/api.w.org\/{rel}","templated":true}]}}