{"id":1569,"date":"2016-02-06T00:01:23","date_gmt":"2016-02-05T23:01:23","guid":{"rendered":"https:\/\/tarife-aktionen.de\/vodafone\/?page_id=1569"},"modified":"2016-02-06T23:00:13","modified_gmt":"2016-02-06T22:00:13","slug":"sky","status":"publish","type":"page","link":"https:\/\/tarife-aktionen.de\/vodafone\/iptv\/tv-pakete\/sky","title":{"rendered":"Sky Pakete f\u00fcr Vodafone IPTV (Bundesliga, Sport, Film, Welt)"},"content":{"rendered":"<p>Am <strong><a title=\"Vodafone IPTV Tarife (IP-Fernsehen \u00fcber DSL \/ VDSL)\" href=\"https:\/\/tarife-aktionen.de\/vodafone\/iptv\">Vodafone IPTV<\/a><\/strong> Anschluss (wenn <a title=\"Vodafone IPTV Verf\u00fcgbarkeit (DSL \/ VDSL Ausbau)\" href=\"https:\/\/tarife-aktionen.de\/vodafone\/iptv\/verfuegbarkeit\">verf\u00fcgbar<\/a>) k\u00f6nnen Sie auf Wunsch auch die <strong><span class=\"farbig\">Sky Pakete<\/span><\/strong> erhalten und so Ihr TV-Programm aufwerten, z.B. mit Filmen \/ Blockbustern oder Sky Fu\u00dfball Bundesliga live. Die Sky Pakete k\u00f6nnen Neukunden im Anschluss an die <strong><a title=\"Vodafone DSL Tarife: Internet, Telefon und optional TV\" href=\"https:\/\/tarife-aktionen.de\/vodafone\/zuhause\/dsl\">DSL<\/a><\/strong> \/ <strong><a title=\"Vodafone VDSL Tarife: Internet, Telefon und optional TV\" href=\"https:\/\/tarife-aktionen.de\/vodafone\/zuhause\/vdsl\">VDSL<\/a><\/strong> Bestellung beauftragen. Vodafone IPTV Bestandskunden bestellen Sky \u00fcber den <a title=\"Vodafone Kundenservice: Hotline, Kontaktformular und Hilfe\" href=\"https:\/\/tarife-aktionen.de\/vodafone\/kontakt\/kundenservice\">Kundenservice<\/a>.<\/p>\n<ul>\n<li><strong><a title=\"Sky Welt Paket f\u00fcr Vodafone IPTV Anschluss\" href=\"https:\/\/tarife-aktionen.de\/vodafone\/iptv\/tv-pakete\/sky\/welt-paket\">Sky Welt<\/a><\/strong>: Basispaket mit vielen Premium TV-Sendern ohne Werbeunterbrechung.<\/li>\n<li><strong><a title=\"Sky Film Paket (Sky Cinema) f\u00fcr Vodafone IPTV Anschluss\" href=\"https:\/\/tarife-aktionen.de\/vodafone\/iptv\/tv-pakete\/sky\/film-cinema-paket\">Sky Film \/ Cinema<\/a><\/strong>: aktuelle Filme und Blockbuster mit spannender Unterhaltung.<\/li>\n<li><strong><a title=\"Sky Fu\u00dfball-Bundesliga-Paket f\u00fcr Vodafone IPTV Anschluss\" href=\"https:\/\/tarife-aktionen.de\/vodafone\/iptv\/tv-pakete\/sky\/fussball-bundesliga-live-paket\">Sky Fu\u00dfball Bundesliga live<\/a><\/strong>: die Spiele der 1. und 2. Bundesliga live im TV sehen.<\/li>\n<li><strong><a title=\"Sky Sport Paket f\u00fcr Vodafone IPTV Anschluss\" href=\"https:\/\/tarife-aktionen.de\/vodafone\/iptv\/tv-pakete\/sky\/sport-paket\">Sky Sport<\/a><\/strong>:\u00a0UEFA Champions League,\u00a0Formel 1, Handball, Golf, Tennis und mehr.<\/li>\n<\/ul>\n<h2><span class=\"farbig\">Preise und Angebote<\/span> f\u00fcr Sky \u00fcber Vodafone IPTV<\/h2>\n<ul>\n<li><strong>Sky Welt Paket + 1 Premiumpaket <span class=\"farbig\">19,99 \u20ac<\/span><\/strong> je Monat (erste 24 Monate\u00a0\/\u00a0dann 35,99 \u20ac).<\/li>\n<li><strong>Sky Welt Paket + 2 Premiumpakete <span class=\"farbig\">29,99 \u20ac<\/span><\/strong> je Monat (erste 24 Monate \/ dann 48,99 \u20ac).<\/li>\n<li><strong>Sky Welt Paket + 3 Premiumpakete <span class=\"farbig\">39,99 \u20ac<\/span><\/strong> je Monat (erste 24 Monate \/ dann 58,99 \u20ac).<\/li>\n<li><strong>Sky Premium-HD<\/strong>: passende HD-Sender\u00a0f\u00fcr jeweils\u00a0monatlich\u00a0<strong>10 \u20ac Aufpreis<\/strong>.<\/li>\n<li>Sky Go inklusive (ausgew\u00e4hlte Inhalte auf dem Smartphone \/ Tablet ansehen).<\/li>\n<li><em>Sky Mindestvertragslaufzeit am Vodafone IP-TV Anschluss 24 Monate. Automatische Verl\u00e4ngerung um 12 Monate, wenn nicht mind. 2 Monate vorher gek\u00fcndigt wird. Einmalige Aktivierungsgeb\u00fchr 59 \u20ac f\u00fcr neue Sky Abonnenten bzw. 159 \u20ac f\u00fcr \u00c4nderung bestehender Sky Vertrag.<\/em><\/li>\n<\/ul>\n<h2><span class=\"farbig\">Sky Welt Paket:<\/span> So gro\u00dfartig kann Fernsehen sein<\/h2>\n<ul>\n<li>Programmvielfalt an Serien und Dokus sowie\u00a0altersgerechte Unterhaltung f\u00fcr Kinder.<\/li>\n<li>Rund um die Uhr\u00a0aktuelle Nachrichten aus der Welt des Sports\u00a0mit Sky Sport News HD.<\/li>\n<\/ul>\n<h2><span class=\"farbig\">Sky Film Paket (Sky Cinema):<\/span> Gro\u00dfes Kino, Tag f\u00fcr Tag<\/h2>\n<ul>\n<li>Gro\u00dfes Kino: Tag f\u00fcr Tag rund 80 Filme aller Genres auf 10 Sky Film-Sendern.<\/li>\n<li>20 TV-Premieren im Monat, bis zu 12 Monate vor Free-TV-Ausstrahlung.<\/li>\n<li>Erfolgreiche\u00a0amerikanischen Serien, viele davon kurz nach US-Start.<\/li>\n<li>Alle Filme \/\u00a0Serien ohne Werbeunterbrechung und teilweise\u00a0im Originalton.<\/li>\n<\/ul>\n<h2><span class=\"farbig\">Sky Fu\u00dfball-Bundesliga-Paket:<\/span> Gemacht f\u00fcr echte Fu\u00dfballfans<\/h2>\n<ul>\n<li>Alle 612 Spiele der Bundesliga und 2. Bundesliga live \u2013 einzeln oder in der Konferenz.<\/li>\n<li>Exklusive Interviews, Hintergrundberichte, Expertenanalysen, Zusammenfassungen<br \/>\nund Wiederholungen aller Bundesliga Fu\u00dfball-Spiele in voller L\u00e4nge.<\/li>\n<li>Exklusive Shows: \u201eSky90\u201c, \u201eEinsEins\u201c und \u201eAudi Star Talk\u201c und mehr.<\/li>\n<\/ul>\n<h2><span class=\"farbig\">Sky Sport Paket:<\/span> live dabei, wenn im Sport Gro\u00dfes passiert<\/h2>\n<ul>\n<li>Alle 145 Spiele der UEFA Champions League und alle 63 Spiele des DFB-Pokals.<\/li>\n<li>Die Top-Spiele der UEFA Europa League und der englischen Premier League.<\/li>\n<li>Internationaler Live-Sport: Formel 1, Handball, Golf und Tennis \u2013 vieles exklusiv.<\/li>\n<li>US-Sport vom Feinsten: NFL, NBA, NCAA Football, NCAA Basketball, Indy Car Series.<\/li>\n<\/ul>\n","protected":false},"excerpt":{"rendered":"<p>Am Vodafone IPTV Anschluss (wenn verf\u00fcgbar) k\u00f6nnen Sie auf Wunsch auch die Sky Pakete erhalten und so Ihr TV-Programm aufwerten, z.B. mit Filmen \/ Blockbustern oder Sky Fu\u00dfball Bundesliga live. Die Sky Pakete k\u00f6nnen Neukunden im Anschluss an die DSL \/ VDSL Bestellung beauftragen. Vodafone IPTV Bestandskunden bestellen Sky \u00fcber den Kundenservice. Sky Welt: Basispaket &hellip; <a href=\"https:\/\/tarife-aktionen.de\/vodafone\/iptv\/tv-pakete\/sky\" class=\"more-link\"><span class=\"screen-reader-text\">Sky Pakete f\u00fcr Vodafone IPTV (Bundesliga, Sport, Film, Welt)<\/span> weiterlesen <span class=\"meta-nav\">&rarr;<\/span><\/a><\/p>\n","protected":false},"author":30,"featured_media":0,"parent":1303,"menu_order":0,"comment_status":"closed","ping_status":"closed","template":"","meta":{"footnotes":""},"class_list":["post-1569","page","type-page","status-publish","hentry"],"_links":{"self":[{"href":"https:\/\/tarife-aktionen.de\/vodafone\/wp-json\/wp\/v2\/pages\/1569","targetHints":{"allow":["GET"]}}],"collection":[{"href":"https:\/\/tarife-aktionen.de\/vodafone\/wp-json\/wp\/v2\/pages"}],"about":[{"href":"https:\/\/tarife-aktionen.de\/vodafone\/wp-json\/wp\/v2\/types\/page"}],"author":[{"embeddable":true,"href":"https:\/\/tarife-aktionen.de\/vodafone\/wp-json\/wp\/v2\/users\/30"}],"replies":[{"embeddable":true,"href":"https:\/\/tarife-aktionen.de\/vodafone\/wp-json\/wp\/v2\/comments?post=1569"}],"version-history":[{"count":0,"href":"https:\/\/tarife-aktionen.de\/vodafone\/wp-json\/wp\/v2\/pages\/1569\/revisions"}],"up":[{"embeddable":true,"href":"https:\/\/tarife-aktionen.de\/vodafone\/wp-json\/wp\/v2\/pages\/1303"}],"wp:attachment":[{"href":"https:\/\/tarife-aktionen.de\/vodafone\/wp-json\/wp\/v2\/media?parent=1569"}],"curies":[{"name":"wp","href":"https:\/\/api.w.org\/{rel}","templated":true}]}}