{"id":1582,"date":"2016-02-06T00:01:24","date_gmt":"2016-02-05T23:01:24","guid":{"rendered":"https:\/\/tarife-aktionen.de\/vodafone\/?page_id=1582"},"modified":"2016-02-06T23:00:01","modified_gmt":"2016-02-06T22:00:01","slug":"film-cinema-paket","status":"publish","type":"page","link":"https:\/\/tarife-aktionen.de\/vodafone\/iptv\/tv-pakete\/sky\/film-cinema-paket","title":{"rendered":"Sky Film Paket (Sky Cinema) f\u00fcr Vodafone IPTV Anschluss"},"content":{"rendered":"<p>Am <strong><a title=\"Vodafone IPTV Tarife (IP-Fernsehen \u00fcber DSL \/ VDSL)\" href=\"https:\/\/tarife-aktionen.de\/vodafone\/iptv\">Vodafone IPTV<\/a><\/strong> Anschluss k\u00f6nnen Sie auf Wunsch das\u00a0<strong><span class=\"farbig\">Sky Film \/ Cinema Paket<\/span><\/strong>\u00a0nutzen (in Kombination mit <a title=\"Sky Welt Paket f\u00fcr Vodafone IPTV Anschluss\" href=\"https:\/\/tarife-aktionen.de\/vodafone\/iptv\/tv-pakete\/sky\/welt-paket\">Sky Welt<\/a> und optional\u00a0<a title=\"Sky Fu\u00dfball-Bundesliga-Paket f\u00fcr Vodafone IPTV Anschluss\" href=\"https:\/\/tarife-aktionen.de\/vodafone\/iptv\/tv-pakete\/sky\/fussball-bundesliga-live-paket\">Sky Bundesliga<\/a> und \/ oder <a title=\"Sky Sport Paket f\u00fcr Vodafone IPTV Anschluss\" href=\"https:\/\/tarife-aktionen.de\/vodafone\/iptv\/tv-pakete\/sky\/sport-paket\">Sky Sport<\/a>). Die Sky Pakete k\u00f6nnen Vodafone Zuhause Neukunden sofort nach der <strong><a title=\"Vodafone DSL Tarife: Internet, Telefon und optional TV\" href=\"https:\/\/tarife-aktionen.de\/vodafone\/zuhause\/dsl\">DSL<\/a><\/strong> \/ <strong><a title=\"Vodafone VDSL Tarife: Internet, Telefon und optional TV\" href=\"https:\/\/tarife-aktionen.de\/vodafone\/zuhause\/vdsl\">VDSL<\/a><\/strong> Bestellung beauftragen. Vodafone IPTV Bestandskunden beauftragen Sky Sport\u00a0\u00fcber den <a title=\"Vodafone Kundenservice: Hotline, Kontaktformular und Hilfe\" href=\"https:\/\/tarife-aktionen.de\/vodafone\/kontakt\/kundenservice\">Kundenservice<\/a>.<\/p>\n<h2><span class=\"farbig\">Sky Film Paket (Sky Cinema):<\/span> Gro\u00dfes Kino, Tag f\u00fcr Tag<\/h2>\n<ul>\n<li>Gro\u00dfes Kino: Tag f\u00fcr Tag rund 80 Filme aller Genres auf 10 Sky Film-Sendern.<\/li>\n<li>20 TV-Premieren im Monat, bis zu 12 Monate vor Free-TV-Ausstrahlung.<\/li>\n<li>Erfolgreiche\u00a0amerikanischen Serien, viele davon kurz nach US-Start.<\/li>\n<li>Alle Filme \/\u00a0Serien ohne Werbeunterbrechung und teilweise\u00a0im Originalton.<\/li>\n<\/ul>\n<h2><span class=\"farbig\">Preise<\/span>\u00a0f\u00fcr Sky Film \/ Cinema Paket \u00fcber Vodafone IPTV<\/h2>\n<ul>\n<li><strong>Sky Welt Paket + Sky Film Paket\u00a0<span class=\"farbig\">19,99 \u20ac<\/span><\/strong> je Monat (erste 24 Monate\u00a0\/\u00a0dann 35,99 \u20ac).<\/li>\n<li><strong>Sky Welt + Sky Film + 1 weiteres Paket\u00a0<span class=\"farbig\">29,99 \u20ac<\/span><\/strong> je Monat (erste 24 Monate \/ dann 48,99 \u20ac).<\/li>\n<li><strong>Sky Welt + Sky Film + 2 weitere Pakete\u00a0<span class=\"farbig\">39,99 \u20ac<\/span><\/strong> je Monat (erste 24 Monate \/ dann 58,99 \u20ac).<\/li>\n<li><strong>Sky Premium-HD<\/strong>: passende Sky Film Sender in HD-Qualit\u00e4t f\u00fcr\u00a0<strong>10 \u20ac je Monat Aufpreis<\/strong>.<\/li>\n<li>Sky Go inklusive (ausgew\u00e4hlte Filme und Serien\u00a0auf dem Smartphone \/ Tablet ansehen).<\/li>\n<li><em>Mindestvertragslaufzeit Sky Film Paket am Vodafone IPTV Anschluss\u00a024 Monate. Verl\u00e4ngerung um je 12 Monate, wenn nicht 2 Monate vorher gek\u00fcndigt wird. Aktivierungsgeb\u00fchr Sky Welt und Film f\u00fcr neue Abonnenten 59 \u20ac bzw. 159 \u20ac f\u00fcr \u00c4nderung bestehender Sky Vertrag.<\/em><\/li>\n<\/ul>\n","protected":false},"excerpt":{"rendered":"<p>Am Vodafone IPTV Anschluss k\u00f6nnen Sie auf Wunsch das\u00a0Sky Film \/ Cinema Paket\u00a0nutzen (in Kombination mit Sky Welt und optional\u00a0Sky Bundesliga und \/ oder Sky Sport). Die Sky Pakete k\u00f6nnen Vodafone Zuhause Neukunden sofort nach der DSL \/ VDSL Bestellung beauftragen. Vodafone IPTV Bestandskunden beauftragen Sky Sport\u00a0\u00fcber den Kundenservice. Sky Film Paket (Sky Cinema): Gro\u00dfes &hellip; <a href=\"https:\/\/tarife-aktionen.de\/vodafone\/iptv\/tv-pakete\/sky\/film-cinema-paket\" class=\"more-link\"><span class=\"screen-reader-text\">Sky Film Paket (Sky Cinema) f\u00fcr Vodafone IPTV Anschluss<\/span> weiterlesen <span class=\"meta-nav\">&rarr;<\/span><\/a><\/p>\n","protected":false},"author":28,"featured_media":0,"parent":1569,"menu_order":0,"comment_status":"closed","ping_status":"closed","template":"","meta":{"footnotes":""},"class_list":["post-1582","page","type-page","status-publish","hentry"],"_links":{"self":[{"href":"https:\/\/tarife-aktionen.de\/vodafone\/wp-json\/wp\/v2\/pages\/1582","targetHints":{"allow":["GET"]}}],"collection":[{"href":"https:\/\/tarife-aktionen.de\/vodafone\/wp-json\/wp\/v2\/pages"}],"about":[{"href":"https:\/\/tarife-aktionen.de\/vodafone\/wp-json\/wp\/v2\/types\/page"}],"author":[{"embeddable":true,"href":"https:\/\/tarife-aktionen.de\/vodafone\/wp-json\/wp\/v2\/users\/28"}],"replies":[{"embeddable":true,"href":"https:\/\/tarife-aktionen.de\/vodafone\/wp-json\/wp\/v2\/comments?post=1582"}],"version-history":[{"count":0,"href":"https:\/\/tarife-aktionen.de\/vodafone\/wp-json\/wp\/v2\/pages\/1582\/revisions"}],"up":[{"embeddable":true,"href":"https:\/\/tarife-aktionen.de\/vodafone\/wp-json\/wp\/v2\/pages\/1569"}],"wp:attachment":[{"href":"https:\/\/tarife-aktionen.de\/vodafone\/wp-json\/wp\/v2\/media?parent=1582"}],"curies":[{"name":"wp","href":"https:\/\/api.w.org\/{rel}","templated":true}]}}