{"id":1583,"date":"2016-02-06T00:01:41","date_gmt":"2016-02-05T23:01:41","guid":{"rendered":"https:\/\/tarife-aktionen.de\/vodafone\/?page_id=1583"},"modified":"2016-02-06T22:37:55","modified_gmt":"2016-02-06T21:37:55","slug":"fussball-bundesliga-live-paket","status":"publish","type":"page","link":"https:\/\/tarife-aktionen.de\/vodafone\/iptv\/tv-pakete\/sky\/fussball-bundesliga-live-paket","title":{"rendered":"Sky Fu\u00dfball-Bundesliga-Paket f\u00fcr Vodafone IPTV Anschluss"},"content":{"rendered":"<p>Am <strong><a title=\"Vodafone IPTV Tarife (IP-Fernsehen \u00fcber DSL \/ VDSL)\" href=\"https:\/\/tarife-aktionen.de\/vodafone\/iptv\">Vodafone IPTV<\/a><\/strong> Anschluss k\u00f6nnen Sie auch das\u00a0<strong><span class=\"farbig\">Sky Fu\u00dfball-Bundesliga Paket<\/span><\/strong>\u00a0erhalten\u00a0(in Kombination mit <a title=\"Sky Welt Paket f\u00fcr Vodafone IPTV Anschluss\" href=\"https:\/\/tarife-aktionen.de\/vodafone\/iptv\/tv-pakete\/sky\/welt-paket\">Sky Welt<\/a> und auf Wunsch mit\u00a0<a title=\"Sky Film Paket (Sky Cinema) f\u00fcr Vodafone IPTV Anschluss\" href=\"https:\/\/tarife-aktionen.de\/vodafone\/iptv\/tv-pakete\/sky\/film-cinema-paket\">Sky Film<\/a>\u00a0und \/ oder <a title=\"Sky Sport Paket f\u00fcr Vodafone IPTV Anschluss\" href=\"https:\/\/tarife-aktionen.de\/vodafone\/iptv\/tv-pakete\/sky\/sport-paket\">Sky Sport<\/a>). Die Sky Pakete k\u00f6nnen Vodafone Zuhause Neukunden sofort nach der <strong><a title=\"Vodafone DSL Tarife: Internet, Telefon und optional TV\" href=\"https:\/\/tarife-aktionen.de\/vodafone\/zuhause\/dsl\">DSL<\/a><\/strong> \/ <strong><a title=\"Vodafone VDSL Tarife: Internet, Telefon und optional TV\" href=\"https:\/\/tarife-aktionen.de\/vodafone\/zuhause\/vdsl\">VDSL<\/a><\/strong> Bestellung beauftragen. Vodafone IPTV Bestandskunden beauftragen Sky Sport\u00a0\u00fcber den <a title=\"Vodafone Kundenservice: Hotline, Kontaktformular und Hilfe\" href=\"https:\/\/tarife-aktionen.de\/vodafone\/kontakt\/kundenservice\">Kundenservice<\/a>.<\/p>\n<h2><span class=\"farbig\">Sky Fu\u00dfball-Bundesliga-Paket:<\/span> Gemacht f\u00fcr echte Fu\u00dfballfans<\/h2>\n<ul>\n<li>Alle 612 Spiele der Bundesliga und 2. Bundesliga live \u2013 einzeln oder in der Konferenz.<\/li>\n<li>Exklusive Interviews, Hintergrundberichte, Expertenanalysen, Zusammenfassungen<br \/>\nund Wiederholungen aller Bundesliga Fu\u00dfball-Spiele in voller L\u00e4nge.<\/li>\n<li>Exklusive Shows: \u201eSky90\u201c, \u201eEinsEins\u201c und \u201eAudi Star Talk\u201c und mehr.<\/li>\n<\/ul>\n<h2><span class=\"farbig\">Preise<\/span>\u00a0f\u00fcr Sky Fu\u00dfball-Bundesliva live\u00a0Paket \u00fcber Vodafone IPTV<\/h2>\n<ul>\n<li><strong>Sky Welt Paket + Sky Bundesliga\u00a0Paket\u00a0<span class=\"farbig\">19,99 \u20ac<\/span><\/strong> je Monat (erste 24 Monate\u00a0\/\u00a0dann 35,99 \u20ac).<\/li>\n<li><strong>Sky Welt + Sky Bundesliga\u00a0+ 1 \u00a0Paket\u00a0<span class=\"farbig\">29,99 \u20ac<\/span><\/strong>\u00a0mtl. (erste 24 Monate \/ dann 48,99 \u20ac).<\/li>\n<li><strong>Sky Welt + Sky Bundesliga\u00a0+ 2 Pakete\u00a0<span class=\"farbig\">39,99 \u20ac<\/span><\/strong>\u00a0mtl. (erste 24 Monate \/ dann 58,99 \u20ac).<\/li>\n<li><strong>Sky Premium-HD<\/strong>: Bundesliga Spiele in bester HD-Qualit\u00e4t f\u00fcr\u00a0<strong>10 \u20ac je Monat Aufpreis<\/strong>.<\/li>\n<li>Sky Go inklusive (Bundesliga Spiele\u00a0auf dem Smartphone oder\u00a0Tablet ansehen).<\/li>\n<li><em>Mindestvertragslaufzeit Sky Bundesliga Paket am Vodafone IPTV Anschluss\u00a024 Monate. Verl\u00e4ngerung um je 12 Monate, wenn nicht 2 Monate vorher gek\u00fcndigt wird. Aktivierungsgeb\u00fchr Sky Welt und Bundesliga f\u00fcr neue Abonnenten 59 \u20ac bzw. 159 \u20ac f\u00fcr bestehenden Sky Vertrag.<\/em><\/li>\n<\/ul>\n","protected":false},"excerpt":{"rendered":"<p>Am Vodafone IPTV Anschluss k\u00f6nnen Sie auch das\u00a0Sky Fu\u00dfball-Bundesliga Paket\u00a0erhalten\u00a0(in Kombination mit Sky Welt und auf Wunsch mit\u00a0Sky Film\u00a0und \/ oder Sky Sport). Die Sky Pakete k\u00f6nnen Vodafone Zuhause Neukunden sofort nach der DSL \/ VDSL Bestellung beauftragen. Vodafone IPTV Bestandskunden beauftragen Sky Sport\u00a0\u00fcber den Kundenservice. Sky Fu\u00dfball-Bundesliga-Paket: Gemacht f\u00fcr echte Fu\u00dfballfans Alle 612 Spiele &hellip; <a href=\"https:\/\/tarife-aktionen.de\/vodafone\/iptv\/tv-pakete\/sky\/fussball-bundesliga-live-paket\" class=\"more-link\"><span class=\"screen-reader-text\">Sky Fu\u00dfball-Bundesliga-Paket f\u00fcr Vodafone IPTV Anschluss<\/span> weiterlesen <span class=\"meta-nav\">&rarr;<\/span><\/a><\/p>\n","protected":false},"author":28,"featured_media":0,"parent":1569,"menu_order":0,"comment_status":"closed","ping_status":"closed","template":"","meta":{"footnotes":""},"class_list":["post-1583","page","type-page","status-publish","hentry"],"_links":{"self":[{"href":"https:\/\/tarife-aktionen.de\/vodafone\/wp-json\/wp\/v2\/pages\/1583","targetHints":{"allow":["GET"]}}],"collection":[{"href":"https:\/\/tarife-aktionen.de\/vodafone\/wp-json\/wp\/v2\/pages"}],"about":[{"href":"https:\/\/tarife-aktionen.de\/vodafone\/wp-json\/wp\/v2\/types\/page"}],"author":[{"embeddable":true,"href":"https:\/\/tarife-aktionen.de\/vodafone\/wp-json\/wp\/v2\/users\/28"}],"replies":[{"embeddable":true,"href":"https:\/\/tarife-aktionen.de\/vodafone\/wp-json\/wp\/v2\/comments?post=1583"}],"version-history":[{"count":0,"href":"https:\/\/tarife-aktionen.de\/vodafone\/wp-json\/wp\/v2\/pages\/1583\/revisions"}],"up":[{"embeddable":true,"href":"https:\/\/tarife-aktionen.de\/vodafone\/wp-json\/wp\/v2\/pages\/1569"}],"wp:attachment":[{"href":"https:\/\/tarife-aktionen.de\/vodafone\/wp-json\/wp\/v2\/media?parent=1583"}],"curies":[{"name":"wp","href":"https:\/\/api.w.org\/{rel}","templated":true}]}}