{"id":1584,"date":"2016-02-06T00:01:55","date_gmt":"2016-02-05T23:01:55","guid":{"rendered":"https:\/\/tarife-aktionen.de\/vodafone\/?page_id=1584"},"modified":"2016-02-06T22:32:59","modified_gmt":"2016-02-06T21:32:59","slug":"sport-paket","status":"publish","type":"page","link":"https:\/\/tarife-aktionen.de\/vodafone\/iptv\/tv-pakete\/sky\/sport-paket","title":{"rendered":"Sky Sport Paket f\u00fcr Vodafone IPTV Anschluss"},"content":{"rendered":"<p>Am <strong><a title=\"Vodafone IPTV Tarife (IP-Fernsehen \u00fcber DSL \/ VDSL)\" href=\"https:\/\/tarife-aktionen.de\/vodafone\/iptv\">Vodafone IPTV<\/a><\/strong> Anschluss k\u00f6nnen Sie auch das\u00a0<strong><span class=\"farbig\">Sky Sport Paket<\/span><\/strong>\u00a0erhalten\u00a0(in Kombination mit <a title=\"Sky Welt Paket f\u00fcr Vodafone IPTV Anschluss\" href=\"https:\/\/tarife-aktionen.de\/vodafone\/iptv\/tv-pakete\/sky\/welt-paket\">Sky Welt<\/a> und auf Wunsch mit\u00a0<a title=\"Sky Film Paket (Sky Cinema) f\u00fcr Vodafone IPTV Anschluss\" href=\"https:\/\/tarife-aktionen.de\/vodafone\/iptv\/tv-pakete\/sky\/film-cinema-paket\">Sky Film<\/a>\u00a0und \/ oder <a title=\"Sky Fu\u00dfball-Bundesliga-Paket f\u00fcr Vodafone IPTV Anschluss\" href=\"https:\/\/tarife-aktionen.de\/vodafone\/iptv\/tv-pakete\/sky\/fussball-bundesliga-live-paket\">Sky Bundesliga<\/a>). Die Sky Pakete k\u00f6nnen Vodafone Zuhause Neukunden direkt nach der <strong><a title=\"Vodafone DSL Tarife: Internet, Telefon und optional TV\" href=\"https:\/\/tarife-aktionen.de\/vodafone\/zuhause\/dsl\">DSL<\/a><\/strong> \/ <strong><a title=\"Vodafone VDSL Tarife: Internet, Telefon und optional TV\" href=\"https:\/\/tarife-aktionen.de\/vodafone\/zuhause\/vdsl\">VDSL<\/a><\/strong> Bestellung beauftragen. Vodafone IPTV Bestandskunden bestellen Sky Sport\u00a0\u00fcber den <a title=\"Vodafone Kundenservice: Hotline, Kontaktformular und Hilfe\" href=\"https:\/\/tarife-aktionen.de\/vodafone\/kontakt\/kundenservice\">Kundenservice<\/a>.<\/p>\n<h2><span class=\"farbig\">Sky Sport Paket:<\/span> live dabei, wenn im Sport Gro\u00dfes passiert<\/h2>\n<ul>\n<li>Alle 145 Spiele der UEFA Champions League und alle 63 Spiele des DFB-Pokals.<\/li>\n<li>Die Top-Spiele der UEFA Europa League und der englischen Premier League.<\/li>\n<li>Internationaler Live-Sport: Formel 1, Handball, Golf und Tennis \u2013 vieles exklusiv.<\/li>\n<li>US-Sport vom Feinsten: NFL, NBA, NCAA Football, NCAA Basketball, Indy Car Series.<\/li>\n<\/ul>\n<h2><span class=\"farbig\">Preise<\/span>\u00a0f\u00fcr Sky Spart\u00a0Paket \u00fcber Vodafone IPTV Anschluss<\/h2>\n<ul>\n<li><strong>Sky Welt Paket + Sky Sport\u00a0Paket\u00a0<span class=\"farbig\">19,99 \u20ac<\/span><\/strong> je Monat (erste 24 Monate\u00a0\/\u00a0dann 35,99 \u20ac).<\/li>\n<li><strong>Sky Welt + Sky Sport\u00a0+ 1 \u00a0Paket\u00a0<span class=\"farbig\">29,99 \u20ac<\/span><\/strong>\u00a0mtl. (erste 24 Monate \/ dann 48,99 \u20ac).<\/li>\n<li><strong>Sky Welt + Sky Sport\u00a0+ 2 Pakete\u00a0<span class=\"farbig\">39,99 \u20ac<\/span><\/strong>\u00a0mtl. (erste 24 Monate \/ dann 58,99 \u20ac).<\/li>\n<li><strong>Sky Premium-HD<\/strong>: viele Sport-\u00dcbertragungen in HD-Qualit\u00e4t f\u00fcr\u00a0<strong>10 \u20ac je Monat Aufpreis<\/strong>.<\/li>\n<li>Sky Go inklusive (ausgew\u00e4hlte Sport-Sendungen\u00a0auf dem Smartphone \/ Tablet ansehen).<\/li>\n<li><em>Mindestvertragslaufzeit Sky Sport\u00a0Paket am Vodafone IPTV Anschluss\u00a024 Monate. Verl\u00e4ngerung um je 12 Monate, wenn nicht 2 Monate vorher gek\u00fcndigt wird. Aktivierungsgeb\u00fchr Sky Welt und Sport f\u00fcr neue Abonnenten 59 \u20ac bzw. 159 \u20ac f\u00fcr \u00c4nderung bestehender Sky Vertrag.<\/em><\/li>\n<\/ul>\n","protected":false},"excerpt":{"rendered":"<p>Am Vodafone IPTV Anschluss k\u00f6nnen Sie auch das\u00a0Sky Sport Paket\u00a0erhalten\u00a0(in Kombination mit Sky Welt und auf Wunsch mit\u00a0Sky Film\u00a0und \/ oder Sky Bundesliga). Die Sky Pakete k\u00f6nnen Vodafone Zuhause Neukunden direkt nach der DSL \/ VDSL Bestellung beauftragen. Vodafone IPTV Bestandskunden bestellen Sky Sport\u00a0\u00fcber den Kundenservice. Sky Sport Paket: live dabei, wenn im Sport Gro\u00dfes &hellip; <a href=\"https:\/\/tarife-aktionen.de\/vodafone\/iptv\/tv-pakete\/sky\/sport-paket\" class=\"more-link\"><span class=\"screen-reader-text\">Sky Sport Paket f\u00fcr Vodafone IPTV Anschluss<\/span> weiterlesen <span class=\"meta-nav\">&rarr;<\/span><\/a><\/p>\n","protected":false},"author":28,"featured_media":0,"parent":1569,"menu_order":0,"comment_status":"closed","ping_status":"closed","template":"","meta":{"footnotes":""},"class_list":["post-1584","page","type-page","status-publish","hentry"],"_links":{"self":[{"href":"https:\/\/tarife-aktionen.de\/vodafone\/wp-json\/wp\/v2\/pages\/1584","targetHints":{"allow":["GET"]}}],"collection":[{"href":"https:\/\/tarife-aktionen.de\/vodafone\/wp-json\/wp\/v2\/pages"}],"about":[{"href":"https:\/\/tarife-aktionen.de\/vodafone\/wp-json\/wp\/v2\/types\/page"}],"author":[{"embeddable":true,"href":"https:\/\/tarife-aktionen.de\/vodafone\/wp-json\/wp\/v2\/users\/28"}],"replies":[{"embeddable":true,"href":"https:\/\/tarife-aktionen.de\/vodafone\/wp-json\/wp\/v2\/comments?post=1584"}],"version-history":[{"count":0,"href":"https:\/\/tarife-aktionen.de\/vodafone\/wp-json\/wp\/v2\/pages\/1584\/revisions"}],"up":[{"embeddable":true,"href":"https:\/\/tarife-aktionen.de\/vodafone\/wp-json\/wp\/v2\/pages\/1569"}],"wp:attachment":[{"href":"https:\/\/tarife-aktionen.de\/vodafone\/wp-json\/wp\/v2\/media?parent=1584"}],"curies":[{"name":"wp","href":"https:\/\/api.w.org\/{rel}","templated":true}]}}