{"id":1626,"date":"2016-02-06T00:01:59","date_gmt":"2016-02-05T23:01:59","guid":{"rendered":"https:\/\/tarife-aktionen.de\/vodafone\/?page_id=1626"},"modified":"2023-10-22T21:19:02","modified_gmt":"2023-10-22T19:19:02","slug":"doku-tv-paket","status":"publish","type":"page","link":"https:\/\/tarife-aktionen.de\/vodafone\/archiv-zuhause\/doku-tv-paket","title":{"rendered":"Vodafone Doku Paket f\u00fcr IPTV-Anschluss (Dokumentationen)"},"content":{"rendered":"<p><strong><em>Hinweis: das Vodafone Doku TV Paket ist mehr erh\u00e4ltlich. Alternativ: <a title=\"Sky Pakete f\u00fcr Vodafone IPTV (Bundesliga, Sport, Film, Welt)\" href=\"https:\/\/tarife-aktionen.de\/vodafone\/iptv\/tv-pakete\/sky\">Sky f\u00fcr Vodafone TV<\/a>.<\/em><\/strong><\/p>\n<p>Sie interessieren sich f\u00fcr verschiedene Themen und schauen im Fernsehen daher gern Dokus \/ Dokumentationen \u00fcber Menschen, Tiere, L\u00e4nder und andere Themen? Dann ist das Vodafone TV Doku Paket f\u00fcr nur <span style=\"color: #ff0000;\"><strong>4,95 \u20ac je Monat*<\/strong><\/span> Aufpreis ideal f\u00fcr Sie. Sehen Sie mit dem DokuPaket spannende <a title=\"Free TV Fernsehsender\" href=\"https:\/\/tarife-aktionen.de\/vodafone\/iptv\/senderliste\/free-tv-fernsehsender\">Fernsehsender<\/a> wie Discovery Channel, Planet, History, Animal Planet und mehr.<\/p>\n<h2>Spannende Dokumentationen \/ Reportagen f\u00fcr jung und alt im Vodafone TV DokuPaket<\/h2>\n<p>Egal ob jung oder alt, wissen kann man eigentlich nie genug. Um so besser, wenn Sie sich f\u00fcr lehrreiche Dokumentationen und Reportagen interessieren. Werten Sie Ihr Vodafone TV Paket jetzt um das <a title=\"PayTV Sender (TV Pakete)\" href=\"https:\/\/tarife-aktionen.de\/vodafone\/iptv\/tv-pakete\">PayTV Angebot<\/a> DokuPaket auf und erleben Sie faszinierende Fernsehsender um Menschen, Tiere, die Natur und mehr.<\/p>\n<p>Die nachstehenden <a title=\"Free TV HD Sender \/ HDTV\" href=\"https:\/\/tarife-aktionen.de\/vodafone\/iptv\/senderliste\/hd-sender\">TV Sender<\/a> empfangen Sie, wenn Sie sich f\u00fcr das DokuPaket entscheiden:<\/p>\n<ul>\n<li><span style=\"color: #ff0000;\"><strong>BonGusto:<\/strong> <\/span>Hierbei handelt es sich um einen Food-TV-Sender. BonGusto pr\u00e4sentiert exklusive Programm-Highlights mit leckeren und verf\u00fchrerischen Rezeptideen aus aller Welt.<\/li>\n<li><span style=\"color: #ff0000;\"><strong>Auto Motor und Sport:<\/strong> <\/span>Sie m\u00f6gen Autos? Dann ist der Sender f\u00fcr Sie wie geschaffen. Schwerpunkte dieses von Auto Motor und Sport sind Test\u00b4s von neuen Automodellen.<\/li>\n<li><span style=\"color: #ff0000;\"><strong>Animal Planet:<\/strong><\/span> Dieser Sender zeigt Ihnen alle Tiere, die die Welt zu bieten hat. Interessante und Packende Wildlife-Dokumentationen und vieles mehr finden Sie hier.<\/li>\n<li><span style=\"color: #ff0000;\"><strong>Discovery Channel:<\/strong><\/span> Dieser Sender bietet Ihnen 24 Stunden am Tag interessante und wissenswerte Dokumentationen aus aller Welt, nur beim Discovery Channel.<\/li>\n<li><span style=\"color: #ff0000;\"><strong>NATIONAL GEOGRAPHIC CHANNEL:<\/strong> <\/span>Hier tauchen Sie in fremde Welten ab und erleben aufgregende <a title=\"FilmPaket (Filme \/ Blockbuster)\" href=\"https:\/\/tarife-aktionen.de\/vodafone\/archiv-zuhause\/film-tv-paket\">Abendteuer<\/a>. Daf\u00fcr sorgen die Dokumentationen, welche rund um die Uhr f\u00fcr Sie ausgestrahlt werden. Nat\u00fcrlich bietet der National Geographic Channel noch mehr.<\/li>\n<li><span style=\"color: #ff0000;\"><strong>History:<\/strong><\/span> Wie war es fr\u00fcher? Hier wird Ihnen rund um die Uhr die Geschichte aller Epochen anhand von Dokumentationen verdeutlicht. Spannung ist bei History definitiv garantiert.<\/li>\n<li><span style=\"color: #ff0000;\"><strong>Travel Channel:<\/strong> <\/span>Hier werden Sie, dank Reiseerfahrungen, an jeden m\u00f6glichen Ort der Erde gebracht. Lassen Sie sich von Luxusreisen, kulinarischen Erkundungen und mehr inspirieren. All das und noch vieles mehr sehen Sie beim Travel Channel, schalten Sie einfach rein.<\/li>\n<li><span style=\"color: #ff0000;\"><strong>THE BIOGRAPHY CHANNEL:<\/strong> <\/span>Wollten Sie schon immer mal wissen wie das Leben der Stars einmal stattgefunden hat? Hier sehen Sie Geschichten \u00fcber das Leben einiger Stars. All das und noch vieles mehr k\u00f6nnen Sie beim The Biography Channel sehen und verfolgen.<\/li>\n<\/ul>\n<p>Neben den Fernsehsendern k\u00f6nnen Sie aber auch noch alle spektakul\u00e4ren Dokumentationen \/ Reportagen aus der <a title=\"Videothek \/ Video on Demand (VoD)\" href=\"https:\/\/tarife-aktionen.de\/vodafone\/iptv\/videothek-filme-auf-abruf\">Vodafone Videothek<\/a> ohne Mehrkosten abrufen (VoD \/ Video on Demand). Wie Sie sehen warten mit dem DokuPaket von Vodafone sehr viele Dokumentationen auf Sie, so dass sich die Buchung dieses DokuPakets f\u00fcr einen Dokomentationen-Fan meist binnen wenigen Tagen bezahlt gemacht hat. Voraussetzung f\u00fcr die Nutzung des Doku-Pakets ist ein <a title=\"Vodafone DSL plus IP-TV Paket\" href=\"https:\/\/tarife-aktionen.de\/vodafone\/iptv\/kombi-pakete-tv-internet-telefon\">Vodafone DSL plus IP-TV<\/a> Paket. Sollte dieses bei Ihnen noch nicht verf\u00fcgbar sein und Sie nur das <a title=\"Vodafone DSL plus Sat-TV Paket\" href=\"https:\/\/tarife-aktionen.de\/vodafone\/dsl-tarife\/vodafone-red-internet-phone-16-dsl-mit-sat-tv\">Vodafone DSL plus Sat-TV Paket<\/a> bestellen k\u00f6nnen, m\u00fcssen Sie dennoch nicht auf spannende Reportagen verzichten, denn dann k\u00f6nnen Sie sich f\u00fcr die <a title=\"Family Videothek Paket\" href=\"https:\/\/tarife-aktionen.de\/vodafone\/iptv\/videothek-filme-auf-abruf\">Vodafone FamilyVideothek<\/a> zum Festpreis entscheiden. Hier sind alle Videothek-Inhalte aus dem Vodafone DokuPaket, <a title=\"Lounge Paket f\u00fcr Vodafone TV\" href=\"https:\/\/tarife-aktionen.de\/vodafone\/archiv-zuhause\/lounge-tv-paket\">LoungePaket<\/a> und <a title=\"KinderPaket (TV f\u00fcr Kinder)\" href=\"https:\/\/tarife-aktionen.de\/vodafone\/archiv-zuhause\/kinder-tv-paket\">KinderPaket<\/a> enthalten.<\/p>\n<p style=\"text-align: center;\"><strong><span style=\"color: #ff0000;\">&gt;&gt;&gt;<\/span> <a title=\"Vodafone DSL und TV Paket (Verf\u00fcgbarkeit und Bestellung)\" href=\"https:\/\/tarife-aktionen.de\/vodafone\/zum-anbieter\/vodafone-festnetz\/vodafone-festnetz-check\" target=\"_blank\" rel=\"noopener\">Vodafone DSL + IP-TV Paket f\u00fcr Vodafone DSL Neukunden<\/a><\/strong><br \/>\n<em><span style=\"color: #ff0000;\">&gt;&gt;&gt;<\/span> <a title=\"Vodafone DSL Bestellformular (PDF)\" href=\"https:\/\/tarife-aktionen.de\/vodafone\/bestellformulare\">PDF Bestellformulare<\/a> (f\u00fcr Neukunden und DSL Bestandskunden)<\/em><strong><br \/>\n<\/strong><\/p>\n<p style=\"color: #888888;\">*Das Vodafone PayTV Paket Doku hat keine Mindestvertragslaufzeit und eine K\u00fcndigungsfrist von 3 Monaten. Nur als Erg\u00e4nzung f\u00fcr einen bestehenden Vodafone TV mit DSL Anschluss, durch den weitere Kosten entstehen (Mindestlaufzeit 24 Monate). Keine Gew\u00e4hr \u00fcber die Vollst\u00e4ndigkeit und Richtigkeit der dargestellten Senderliste f\u00fcr das Vodafone Doku TV Paket. Vodafone TV mit optionalem Doku Paket ist schon in vielen St\u00e4dten und Gemeinden verf\u00fcgbar, mehr Details zur Verf\u00fcgbarkeit und Vertragsbedingungen Vodafone Doku Paket im <a title=\"Vodafone TV \/ IPTV im Onlineshop\" href=\"https:\/\/tarife-aktionen.de\/vodafone\/zum-anbieter\/vodafone-festnetz\/vodafone-festnetz-check\" target=\"_blank\" rel=\"noopener\">Vodafone TV Onlineshop<\/a>.<\/p>\n","protected":false},"excerpt":{"rendered":"<p>Hinweis: das Vodafone Doku TV Paket ist mehr erh\u00e4ltlich. Alternativ: Sky f\u00fcr Vodafone TV. Sie interessieren sich f\u00fcr verschiedene Themen und schauen im Fernsehen daher gern Dokus \/ Dokumentationen \u00fcber Menschen, Tiere, L\u00e4nder und andere Themen? Dann ist das Vodafone TV Doku Paket f\u00fcr nur 4,95 \u20ac je Monat* Aufpreis ideal f\u00fcr Sie. Sehen Sie &hellip; <a href=\"https:\/\/tarife-aktionen.de\/vodafone\/archiv-zuhause\/doku-tv-paket\" class=\"more-link\"><span class=\"screen-reader-text\">Vodafone Doku Paket f\u00fcr IPTV-Anschluss (Dokumentationen)<\/span> weiterlesen <span class=\"meta-nav\">&rarr;<\/span><\/a><\/p>\n","protected":false},"author":29,"featured_media":0,"parent":1490,"menu_order":0,"comment_status":"closed","ping_status":"closed","template":"","meta":{"footnotes":""},"class_list":["post-1626","page","type-page","status-publish","hentry"],"_links":{"self":[{"href":"https:\/\/tarife-aktionen.de\/vodafone\/wp-json\/wp\/v2\/pages\/1626","targetHints":{"allow":["GET"]}}],"collection":[{"href":"https:\/\/tarife-aktionen.de\/vodafone\/wp-json\/wp\/v2\/pages"}],"about":[{"href":"https:\/\/tarife-aktionen.de\/vodafone\/wp-json\/wp\/v2\/types\/page"}],"author":[{"embeddable":true,"href":"https:\/\/tarife-aktionen.de\/vodafone\/wp-json\/wp\/v2\/users\/29"}],"replies":[{"embeddable":true,"href":"https:\/\/tarife-aktionen.de\/vodafone\/wp-json\/wp\/v2\/comments?post=1626"}],"version-history":[{"count":2,"href":"https:\/\/tarife-aktionen.de\/vodafone\/wp-json\/wp\/v2\/pages\/1626\/revisions"}],"predecessor-version":[{"id":6572,"href":"https:\/\/tarife-aktionen.de\/vodafone\/wp-json\/wp\/v2\/pages\/1626\/revisions\/6572"}],"up":[{"embeddable":true,"href":"https:\/\/tarife-aktionen.de\/vodafone\/wp-json\/wp\/v2\/pages\/1490"}],"wp:attachment":[{"href":"https:\/\/tarife-aktionen.de\/vodafone\/wp-json\/wp\/v2\/media?parent=1626"}],"curies":[{"name":"wp","href":"https:\/\/api.w.org\/{rel}","templated":true}]}}