{"id":1627,"date":"2016-02-06T00:01:59","date_gmt":"2016-02-05T23:01:59","guid":{"rendered":"https:\/\/tarife-aktionen.de\/vodafone\/?page_id=1627"},"modified":"2023-10-22T21:19:29","modified_gmt":"2023-10-22T19:19:29","slug":"lounge-tv-paket","status":"publish","type":"page","link":"https:\/\/tarife-aktionen.de\/vodafone\/archiv-zuhause\/lounge-tv-paket","title":{"rendered":"Vodafone Lounge Paket f\u00fcr IPTV-Anschluss (Serien, Musik usw.)"},"content":{"rendered":"<p><strong><em>Hinweis: das Vodafone Lounge TV Paket ist mehr erh\u00e4ltlich. Alternativ: <a title=\"Sky Pakete f\u00fcr Vodafone IPTV (Bundesliga, Sport, Film, Welt)\" href=\"https:\/\/tarife-aktionen.de\/vodafone\/iptv\/tv-pakete\/sky\">Sky f\u00fcr Vodafone TV<\/a>.<\/em><\/strong><\/p>\n<p>Sie suchen mehr als das Standard <a title=\"Free TV HD Sender \/ HDTV\" href=\"https:\/\/tarife-aktionen.de\/vodafone\/iptv\/senderliste\/hd-sender\">TV Programm<\/a>, also zum Beispiel abwechslungsreiche Unterhaltung in Form von Serien und Comedy? Dann ist die PayTV Erg\u00e4nzung in Form des <a title=\"Informationen, Angebote und Tarife zu Vodafone TV\" href=\"https:\/\/tarife-aktionen.de\/vodafone\/iptv\" target=\"_blank\" rel=\"noopener\">Vodafone TV<\/a> Lounge Paketes f\u00fcr <span style=\"color: #ff0000;\"><strong>9,95 \u20ac je Monat*<\/strong><\/span> Aufpreis genau das Richtige f\u00fcr Sie. Das Vodafone LoungePaket bietet spannende <a title=\"Free TV Fernsehsender\" href=\"https:\/\/tarife-aktionen.de\/vodafone\/iptv\/senderliste\/free-tv-fernsehsender\">Fernsehsender<\/a> wie RTL Crime + Living, Passion oder TNT Serie.<\/p>\n<h2>Beste Fernsehunterhaltung mit dem Vodafone PayTV Paket Lounge (optional buchbar)<\/h2>\n<p>Ihnen reicht die <a title=\"Free TV Fernsehsender\" href=\"https:\/\/tarife-aktionen.de\/vodafone\/iptv\/senderliste\/free-tv-fernsehsender\">FreeTV Sender<\/a> Auswahl Ihres Vodafone <a title=\"Informationen und Newsmeldungen zum Thema TV\" href=\"https:\/\/tarife-aktionen.de\/vodafone\/iptv\" target=\"_blank\" rel=\"noopener\">TV<\/a> Pakets nicht aus und Sie interessieren sich f\u00fcr exklusive Sender, wie zum Beispiel RTL crime? Dann ist das Vodafone LoungePaket mit Sicherheit die richtige Wahl, schlie\u00dflich erhalten Sie mit diesem <a title=\"PayTV Sender (TV Pakete)\" href=\"https:\/\/tarife-aktionen.de\/vodafone\/iptv\/tv-pakete\">PayTV-Paket<\/a> beste Unterhaltung zum g\u00fcnstigen Preis. Mit dem Vodafone LoungePaket erhalten Sie 10 exklusive TV-Sender.<\/p>\n<p>Die nachfolgenden <a title=\"PayTV Sender (TV Pakete)\" href=\"https:\/\/tarife-aktionen.de\/vodafone\/iptv\/tv-pakete\">Premium TV Sender<\/a> sind im Vodafone LoungePaket enthalten:<\/p>\n<ul>\n<li><strong><span style=\"color: #ff0000;\">MTV:<\/span> <\/strong>Wenn Sie gerne Musik h\u00f6ren und zus\u00e4tzlich die aktuellen Musikvideos hierzu sehen m\u00f6chten, dann sind Sie bei MTV genau richtig. Aber auch amerikanische Cartoons, Serien und Reality-Shows werden bei MTV gezeigt. Ein echter Allround-Sender der nicht fehlen darf.<\/li>\n<li><span style=\"color: #ff0000;\"><strong>FOX:<\/strong><\/span> Hier erhalten Sie einen Mix aus internationalen Serien in deutscher Erstausstrahlung im Mix mit bekannten Lieblingsserien. Bei <a title=\"Vodafone TV erweitert um Sender FOX, Travel Channel und Romance TV\" href=\"https:\/\/tarife-aktionen.de\/vodafone\/iptv\/senderliste\" target=\"_blank\" rel=\"noopener\">FOX<\/a> kommen Serienfans voll auf ihre Kosten. Genie\u00dfen Sie hier Serien wie Mad Men, Doctor Who oder viele andere, nur auf FOX.<\/li>\n<li><span style=\"color: #ff0000;\"><strong>ANIMAX:<\/strong><\/span> Sie schauen gerne Anime Filme? Dann ist ANIMAX genau der Sender den Sie sehen sollten. Hier ist erstklassige Unterhaltung f\u00fcr trendorientierte junge Erwachsene garantiert, mit Lifestyle-, Musik- und Gaming-Shows sowie Cartoons, Movies und mehr.<\/li>\n<li><span style=\"color: #ff0000;\"><strong>PASSION:<\/strong><\/span> Insbesondere Passion sollte bei den Frauen sehr beliebt sein, denn hier sehen Sie die erfolgreichsten deutschen Daily-Soaps wie Gute Zeiten, schlechte Zeiten, Unter uns und mehr und das alles vor der FreeTV-Ausstrahlung. Hier kann sich Frau einmal ganz entspannen.<\/li>\n<li><span style=\"color: #ff0000;\"><strong>RTL Crime:<\/strong> <\/span>Sie sind Krimi-Fan? Was halten Sie von 24 Stunden Krimi-Serien \/ -Filme? Das erwartet Sie bei <a title=\"RTL HD bei Vodafone (TV Spot)\" href=\"https:\/\/tarife-aktionen.de\/vodafone\/iptv\/senderliste\" target=\"_blank\" rel=\"noopener\">RTL<\/a> Crime. Hier sehen Sie Serien wie Hustle, Durham County oder CSI Miami, Alarm f\u00fcr Cobra 11 und viele mehr. Alles ohne Werbung und nat\u00fcrlich ungeschnitten.<\/li>\n<li><span style=\"color: #ff0000;\"><strong>RTL Living: <\/strong><\/span>Mit RTL Living holen Sie sich wertvolle Alltags-Ideen direkt nach Hause. Themen bei RTL Living sind z.B. Lifestyle, Wohnen, Genie\u00dfen und Reisen. Hier sehen Sie z.B. Einsatz in 4 W\u00e4nden, Oliver\u00b4s Twist, Der perfekte Garten und viele weitere interessante Sendungen.<\/li>\n<li><span style=\"color: #ff0000;\"><strong>Sat.1 emotions:<\/strong> <\/span>Dieser Sender l\u00e4sst die Frauenherzen h\u00f6her schlagen, denn hier dreht sich alles um Tr\u00e4ume, Sehnsucht, Romantik und Liebe. Machen Sie es sich zu Hause gem\u00fctlich und genie\u00dfen Sie zusammen mit der besten Freundin oder Ihrem Partner einen tollen Abend.<\/li>\n<li><span style=\"color: #ff0000;\"><strong>TNT Serie:<\/strong> <\/span>TNT Serie geh\u00f6rt neben <a title=\"FilmPaket (Filme \/ Blockbuster)\" href=\"https:\/\/tarife-aktionen.de\/vodafone\/archiv-zuhause\/film-tv-paket\">TNT Film<\/a> zum erfolgreichsten Sender der TNT Senderfamilie. Hier sehen Sie Serien wie Emergency Room, Gilmore Girls und Monk, bis hin zu Deutschlandpremieren wie 30 Rock, Friday Night Lights, Rescure Me und viele weitere.<\/li>\n<li><span style=\"color: #ff0000;\"><strong>E! Entertainment:<\/strong><\/span> Hier erhalten Sie beste Unterhaltung direkt aus den Stra\u00dfen von Hollywood. Bei E! Entertainment verpassen Sie keine News \u00fcber Ihren Lieblingsprominenten. Nat\u00fcrlich gibts hier auch News, Shows, Reportagen und Talkshows aus aller Welt zu sehen.<\/li>\n<li><span style=\"color: #ff0000;\"><strong>Romance TV:<\/strong><\/span> Sie m\u00f6gen die bedingungslose Romantik? Dann sind Sie, wie der Name es schon sagt, bei Romance TV an der richtigen Adresse. Schalten Sie ein und genie\u00dfen Sie die rauschende Gef\u00fchlswelt in Liebesbeziehungen, Familien, Freund- und Feindschaften.<\/li>\n<\/ul>\n<p>Mit dem Vodafone LoungePaket erhalten Sie nicht nur die Premium Fernsehsender, sondern auch Zugriff auf die <a title=\"Videothek \/ Video on Demand (VoD)\" href=\"https:\/\/tarife-aktionen.de\/vodafone\/iptv\/videothek-filme-auf-abruf\">Online Videothek<\/a> von Vodafone, bzw. auf alle sich darin befindlichen Serien. Diese k\u00f6nnen Sie, sofern Sie sich f\u00fcr das LoungePaket entscheiden, jederzeit kostenlos abrufen: wann und selbstverst\u00e4ndlich wie oft Sie m\u00f6chten. Das LoungePaket erhalten Sie zusammen mit einem <a title=\"Vodafone DSL plus IP-TV Paket\" href=\"https:\/\/tarife-aktionen.de\/vodafone\/iptv\/kombi-pakete-tv-internet-telefon\">Vodafone DSL plus IPTV<\/a> Paket. Falls bei Ihnen <a title=\"Informationen und Newsmeldungen zum Thema IPTV\" href=\"https:\/\/tarife-aktionen.de\/vodafone\/iptv\" target=\"_blank\" rel=\"noopener\">IPTV<\/a> nicht m\u00f6glich ist, k\u00f6nnen Sie stattdessen das <a title=\"Vodafone DSL plus Sat-TV Paket\" href=\"https:\/\/tarife-aktionen.de\/vodafone\/dsl-tarife\/vodafone-red-internet-phone-16-dsl-mit-sat-tv\">Vodafone DSL plus Sat-TV<\/a> Paket erhalten. Dennoch m\u00fcssen Sie nicht auf hochwertiges Programm verzichten. Anstatt den PayTV Paketen, welche bei der Sat Variante nicht zu buchen sind, k\u00f6nnen Sie mit der Online-Videothek viele Filme, Serien u.s.w auf Abruf genie\u00dfen. In diesem Fall empfehlen wir Ihnen das\u00a0<a title=\"Family Videothek Paket\" href=\"https:\/\/tarife-aktionen.de\/vodafone\/iptv\/videothek-filme-auf-abruf\">Vodafone FamilyVideothek<\/a> Paket. Hier drin befinden sich die Abrufinhalte vom <a title=\"KinderPaket (TV f\u00fcr Kinder)\" href=\"https:\/\/tarife-aktionen.de\/vodafone\/archiv-zuhause\/kinder-tv-paket\">KinderPaket<\/a>, LoungePaket und <a title=\"DokuPaket (Dokumentationen)\" href=\"https:\/\/tarife-aktionen.de\/vodafone\/archiv-zuhause\/doku-tv-paket\">DokuPaket<\/a>. Genie\u00dfen Sie die Unterhaltung mit Vodafone TV.<\/p>\n<p style=\"text-align: center;\"><em><strong><span style=\"color: #ff0000;\">&gt;&gt;&gt;<\/span> <a title=\"Vodafone DSL und TV Paket (Verf\u00fcgbarkeit und Bestellung)\" href=\"https:\/\/tarife-aktionen.de\/vodafone\/zum-anbieter\/vodafone-festnetz\/vodafone-festnetz-check\" target=\"_blank\" rel=\"noopener\">Vodafone DSL + IP-TV Paket f\u00fcr Vodafone DSL Neukunden<\/a><\/strong><br \/>\n<\/em><em>PDF Bestellformular: <span style=\"color: #ff0000;\">&gt;<\/span> <a title=\"Vodafone Bestellformular (PDF) DSL plus TV Tarife (IP-TV und Sat-TV) f\u00fcr Neukunden\" href=\"https:\/\/tarife-aktionen.de\/vodafone\/onlinebestellung\" target=\"_blank\" rel=\"noopener\">TV f\u00fcr Neukunden<\/a> \/ <span style=\"color: #ff0000;\">&gt;<\/span> <a title=\"Vodafone Bestellformular (PDF) DSL plus TV Tarife (IP-TV und Sat-TV) f\u00fcr Bestandskunden\" href=\"https:\/\/tarife-aktionen.de\/vodafone\/onlinebestellung\" target=\"_blank\" rel=\"noopener\">TV f\u00fcr Bestandskunden<\/a><br \/>\nKostenlose telefonisch Beratung: 0 39 43 \u2013 40 999 30 (<a title=\"Telefonische Beratung zu Vodafone TV Tarifen\" href=\"https:\/\/tarife-aktionen.de\/vodafone\/kontakt\/telefonische-beratung\">Callback Service<\/a>)<\/em><strong><br \/>\n<\/strong><\/p>\n<p><span style=\"color: #999999;\">*Das Vodafone TV Lounge Paket hat keine Mindestvertragslaufzeit bei einer K\u00fcndigungsfrist von 3 Monaten. Das PayTV Themenpaket kann nur imVodafone IPTV Ausbaugebiet bestellt werden (in vielen St\u00e4dten und Gemeinden verf\u00fcgbar). Vodafone Lounge Paket nur als Erg\u00e4nzung zum Vodafone DSL plus IP-TV Paket bestellbar (weitere Kosten \/ Laufzeit 24 Monate). Details zu Vodafone TV \/ Vodafone IPTV sowie dem LoungePaket finden Sie im<\/span> <a title=\"Vodafone TV \/ IPTV im Onlineshop\" href=\"https:\/\/tarife-aktionen.de\/vodafone\/zum-anbieter\/vodafone-festnetz\/vodafone-festnetz-check\" target=\"_blank\" rel=\"noopener\">Vodafone Onlineshop<\/a><span style=\"color: #999999;\">.<\/span><\/p>\n","protected":false},"excerpt":{"rendered":"<p>Hinweis: das Vodafone Lounge TV Paket ist mehr erh\u00e4ltlich. Alternativ: Sky f\u00fcr Vodafone TV. Sie suchen mehr als das Standard TV Programm, also zum Beispiel abwechslungsreiche Unterhaltung in Form von Serien und Comedy? Dann ist die PayTV Erg\u00e4nzung in Form des Vodafone TV Lounge Paketes f\u00fcr 9,95 \u20ac je Monat* Aufpreis genau das Richtige f\u00fcr &hellip; <a href=\"https:\/\/tarife-aktionen.de\/vodafone\/archiv-zuhause\/lounge-tv-paket\" class=\"more-link\"><span class=\"screen-reader-text\">Vodafone Lounge Paket f\u00fcr IPTV-Anschluss (Serien, Musik usw.)<\/span> weiterlesen <span class=\"meta-nav\">&rarr;<\/span><\/a><\/p>\n","protected":false},"author":29,"featured_media":0,"parent":1490,"menu_order":0,"comment_status":"closed","ping_status":"closed","template":"","meta":{"footnotes":""},"class_list":["post-1627","page","type-page","status-publish","hentry"],"_links":{"self":[{"href":"https:\/\/tarife-aktionen.de\/vodafone\/wp-json\/wp\/v2\/pages\/1627","targetHints":{"allow":["GET"]}}],"collection":[{"href":"https:\/\/tarife-aktionen.de\/vodafone\/wp-json\/wp\/v2\/pages"}],"about":[{"href":"https:\/\/tarife-aktionen.de\/vodafone\/wp-json\/wp\/v2\/types\/page"}],"author":[{"embeddable":true,"href":"https:\/\/tarife-aktionen.de\/vodafone\/wp-json\/wp\/v2\/users\/29"}],"replies":[{"embeddable":true,"href":"https:\/\/tarife-aktionen.de\/vodafone\/wp-json\/wp\/v2\/comments?post=1627"}],"version-history":[{"count":5,"href":"https:\/\/tarife-aktionen.de\/vodafone\/wp-json\/wp\/v2\/pages\/1627\/revisions"}],"predecessor-version":[{"id":6596,"href":"https:\/\/tarife-aktionen.de\/vodafone\/wp-json\/wp\/v2\/pages\/1627\/revisions\/6596"}],"up":[{"embeddable":true,"href":"https:\/\/tarife-aktionen.de\/vodafone\/wp-json\/wp\/v2\/pages\/1490"}],"wp:attachment":[{"href":"https:\/\/tarife-aktionen.de\/vodafone\/wp-json\/wp\/v2\/media?parent=1627"}],"curies":[{"name":"wp","href":"https:\/\/api.w.org\/{rel}","templated":true}]}}