{"id":1628,"date":"2016-02-06T00:01:52","date_gmt":"2016-02-05T23:01:52","guid":{"rendered":"https:\/\/tarife-aktionen.de\/vodafone\/?page_id=1628"},"modified":"2023-10-22T21:19:30","modified_gmt":"2023-10-22T19:19:30","slug":"film-tv-paket","status":"publish","type":"page","link":"https:\/\/tarife-aktionen.de\/vodafone\/archiv-zuhause\/film-tv-paket","title":{"rendered":"Vodafone Film Paket f\u00fcr IPTV-Anschluss (Filme &#038; Serien)"},"content":{"rendered":"<p><strong><em>Hinweis: das Vodafone Film TV Paket ist mehr erh\u00e4ltlich. Alternativ: <a title=\"Sky Pakete f\u00fcr Vodafone IPTV (Bundesliga, Sport, Film, Welt)\" href=\"https:\/\/tarife-aktionen.de\/vodafone\/iptv\/tv-pakete\/sky\">Sky f\u00fcr Vodafone TV<\/a>.<\/em><\/strong><\/p>\n<p>Sie lieben spannende Filme, egal ob Romantik, Kom\u00f6die, Krimi, Drama oder Horror? Mit dem Vodafone TV Film Paket f\u00fcr <span style=\"color: #ff0000;\"><strong>14,95 \u20ac je Monat*<\/strong><\/span> Aufpreis zum <a title=\"Vodafone DSL plus IP-TV Paket\" href=\"https:\/\/tarife-aktionen.de\/vodafone\/iptv\/kombi-pakete-tv-internet-telefon\">Vodafone TV Tarif<\/a> erhalten Sie interessante <a title=\"PayTV Sender (TV Pakete)\" href=\"https:\/\/tarife-aktionen.de\/vodafone\/iptv\/tv-pakete\">PayTV Sender<\/a> aus dem Film-Bereich (z.B. TNT Film, AXN, SyFy) sowie jeden Monat etwa 100 Filme aus der <a title=\"Videothek \/ Video on Demand (VoD)\" href=\"https:\/\/tarife-aktionen.de\/vodafone\/iptv\/videothek-filme-auf-abruf\">Vodafone Videothek<\/a>. Mit dem FilmPaket mach Fernsehen Spa\u00df.<\/p>\n<h2>Fernsehunterhaltung f\u00fcr alle Film-Liebhaber mit dem Vodafone PayTV Paket Film<\/h2>\n<p>Wenn Ihnen die Filme im <a title=\"Free TV Fernsehsender\" href=\"https:\/\/tarife-aktionen.de\/vodafone\/iptv\/senderliste\/free-tv-fernsehsender\">FreeTV-Angebot<\/a> nicht ausreichen, dann k\u00f6nnen Sie Ihr <a title=\"Informationen und Newsmeldungen zu Vodafone\" href=\"https:\/\/tarife-aktionen.de\/vodafone\/\" target=\"_blank\" rel=\"noopener\">Vodafone<\/a> TV Paket um 6 exklusive TV-Sender im Vodafone FilmPaket erweitern. Spannende und lustige Unterhaltung ist hierbei garantiert, nat\u00fcrlich ungeschnitten und selbstverst\u00e4ndlich ohne Werbeunterbrechungen.<\/p>\n<p>Die nachfolgenden\u00a0<a title=\"PayTV Sender (TV Pakete)\" href=\"https:\/\/tarife-aktionen.de\/vodafone\/iptv\/tv-pakete\">Premium TV Sender<\/a> sind im Vodafone FilmPaket enthalten:<\/p>\n<ul>\n<li><strong><span style=\"color: #ff0000;\">13TH Street:<\/span> <\/strong>Hier warten auf Sie <a title=\"Film Videothek Paket\" href=\"https:\/\/tarife-aktionen.de\/vodafone\/iptv\/videothek-filme-auf-abruf\">Filme<\/a> aus der Kategorie Action, Mystery, Fantasy, Thriller und Krimi. Von Tarantino bis hin zu Hitchcock. Vom echten Filmklassiker bis hin zum atemberaubenden Blockbuster. Der Fernsehabend ist mit 13thStreet definitiv gerettet.<\/li>\n<li><strong><span style=\"color: #ff0000;\">AXN:<\/span> <\/strong>Dieser Premium Sender stammt aus dem Hause Sony Pictures Entertainment und bietet Ihnen Action und Entertainment aus einder Hand. Egal ob Top-US-Serien, internationale Blockbuster oder Lifestyleproduktionen. Beste Unterhaltung ist mit AXN jeden Fall garantiert.<\/li>\n<li><span style=\"color: #ff0000;\"><strong>kabel eins classic:<\/strong> <\/span>Kabel1 sollte vielen bereits aus dem FreeTV bekannt sein. KabelEins classic bietet die gr\u00f6\u00dften Filmklassiker aus den 40er Jahren bis in die sp\u00e4ten 90er Jahre. Klassik Fans kommen bei diesem TV-Sender also voll auf ihre Kosten.<\/li>\n<li><strong><span style=\"color: #ff0000;\">KinoweltTV:<\/span> <\/strong>Bei diesem Sender warten Spielfilm-Highlights und legend\u00e4re Momente der Filmgeschichte nur darauf, von Ihnen gesehen zu werden. Kinowelt <a title=\"Informationen und Newsmeldungen zum Thema TV\" href=\"https:\/\/tarife-aktionen.de\/vodafone\/iptv\" target=\"_blank\" rel=\"noopener\">TV<\/a> bietet Qualit\u00e4tsfilme mit gro\u00dfen Regisseuren und Schauspielern. Schauen Sie mal rein.<\/li>\n<li><strong><span style=\"color: #ff0000;\">SyFy:<\/span> <\/strong>Sie schauen gerne <a title=\"Science-Fiction bei Wikipedia\" href=\"https:\/\/de.wikipedia.org\/wiki\/Science-Fiction\" target=\"_blank\" rel=\"noopener\">Science Fiction<\/a>? Dann sind Sie beim Sender SyFy mehr als richtig. Denn hier l\u00e4uft den ganzen Tag Sci-Fi von legend\u00e4ren Space-Operas der 30er Jahre bis hin zu gro\u00dfen Kino und Highlights der Gegenwart. Ein muss f\u00fcr jeden Sci-Fi Fan.<\/li>\n<li><span style=\"color: #ff0000;\"><strong>TNT Film: <\/strong><\/span>TNT Film ist \u00e4hnlich wie <a title=\"Lounge Paket f\u00fcr Vodafone TV\" href=\"https:\/\/tarife-aktionen.de\/vodafone\/archiv-zuhause\/lounge-tv-paket\">TNT Serie<\/a> bereits unter den Zuschauern mehr als bekannt und wird von mehr als 135 Millionen Haushalten weltweit verfolgt. Hier warten die gr\u00f6\u00dften internationalen Filmhighlights auf Sie. Holen Sie sich Kino nach Hause.<\/li>\n<\/ul>\n<p>Neben den Fernsehsendern sind aber auch noch monatlich 100 neu ausgew\u00e4hlte Top-Filme in der <a title=\"Videothek \/ Video on Demand (VoD)\" href=\"https:\/\/tarife-aktionen.de\/vodafone\/iptv\/videothek-filme-auf-abruf\">Vodafone Videothek<\/a> verf\u00fcgbar. Diese k\u00f6nnen Sie, sofern Sie sich f\u00fcr das <a title=\"Informationen, Angebote und Tarife zu Vodafone\" href=\"https:\/\/tarife-aktionen.de\/vodafone\/\" target=\"_blank\" rel=\"noopener\">Vodafone<\/a> FilmPaket entscheiden, selbstverst\u00e4ndlich kostenfrei abrufen und so oft und lange schauen wie Sie m\u00f6chten. Wenn bei Ihnen kein Vodafone IPTV Tarif verf\u00fcgbar ist und Sie daher das Vodafone DSL plus Sat-TV Paket bestellen, steht das Vodafone FilmPaket nicht zur Verf\u00fcgung. Sie m\u00fcssen aber dennoch nicht auf hochwertige Filme verzichten, denn die Videothek-Inhalte aus dem Vodafone Film-Paket k\u00f6nnen Sie dennoch erhalten, in Form des <a title=\"Film Videothek Paket\" href=\"https:\/\/tarife-aktionen.de\/vodafone\/iptv\/videothek-filme-auf-abruf\">Vodafone FilmVideothek<\/a> Paketes.<\/p>\n<p style=\"text-align: center;\"><strong><span style=\"color: #ff0000;\">&gt;&gt;&gt;<\/span> <a title=\"Vodafone DSL und TV Paket (Verf\u00fcgbarkeit und Bestellung)\" href=\"https:\/\/tarife-aktionen.de\/vodafone\/zum-anbieter\/vodafone-festnetz\/vodafone-festnetz-check\" target=\"_blank\" rel=\"noopener\">Vodafone DSL + IP-TV Paket f\u00fcr Vodafone DSL Neukunden<\/a><\/strong><br \/>\n<em>PDF Bestellformular: <span style=\"color: #ff0000;\">&gt;<\/span> <a title=\"Vodafone Bestellformular (PDF) DSL plus TV Tarife (IP-TV und Sat-TV) f\u00fcr Neukunden\" href=\"https:\/\/tarife-aktionen.de\/vodafone\/onlinebestellung\" target=\"_blank\" rel=\"noopener\">TV f\u00fcr Neukunden<\/a> \/ <span style=\"color: #ff0000;\">&gt;<\/span> <a title=\"Vodafone Bestellformular (PDF) DSL plus TV Tarife (IP-TV und Sat-TV) f\u00fcr Bestandskunden\" href=\"https:\/\/tarife-aktionen.de\/vodafone\/onlinebestellung\" target=\"_blank\" rel=\"noopener\">TV f\u00fcr Bestandskunden<\/a><\/em><br \/>\n<em> Kostenlose telefonisch Beratung: 0 39 43 \u2013 40 999 30 (<a title=\"Telefonische Beratung zu Vodafone TV Tarifen\" href=\"https:\/\/tarife-aktionen.de\/vodafone\/kontakt\/telefonische-beratung\">Callback Service<\/a>)<\/em><strong><br \/>\n<\/strong><\/p>\n<p><span style=\"color: #999999;\">*Das Vodafone TV Film Paket hat keine Mindestvertragslaufzeit bei einer K\u00fcndigungsfrist von 3 Monaten. Das PayTV Themenpaket f\u00fcr Film-Fans kann nur imVodafone IPTV Ausbaugebiet bestellt werden (in vielen St\u00e4dten und Gemeinden verf\u00fcgbar). Vodafone Film Paket nur als Erg\u00e4nzung zum Vodafone DSL plus IP-TV Paket bestellbar (weitere Kosten \/ Laufzeit 24 Monate). Details zu Vodafone TV \/ Vodafone IPTV sowie dem FilmPaket finden Sie im<\/span> <a title=\"Vodafone TV \/ IPTV im Onlineshop\" href=\"https:\/\/tarife-aktionen.de\/vodafone\/zum-anbieter\/vodafone-festnetz\/vodafone-festnetz-check\" target=\"_blank\" rel=\"noopener\">Vodafone Onlineshop<\/a><span style=\"color: #999999;\">.<\/span><\/p>\n","protected":false},"excerpt":{"rendered":"<p>Hinweis: das Vodafone Film TV Paket ist mehr erh\u00e4ltlich. Alternativ: Sky f\u00fcr Vodafone TV. Sie lieben spannende Filme, egal ob Romantik, Kom\u00f6die, Krimi, Drama oder Horror? Mit dem Vodafone TV Film Paket f\u00fcr 14,95 \u20ac je Monat* Aufpreis zum Vodafone TV Tarif erhalten Sie interessante PayTV Sender aus dem Film-Bereich (z.B. TNT Film, AXN, SyFy) &hellip; <a href=\"https:\/\/tarife-aktionen.de\/vodafone\/archiv-zuhause\/film-tv-paket\" class=\"more-link\"><span class=\"screen-reader-text\">Vodafone Film Paket f\u00fcr IPTV-Anschluss (Filme &#038; Serien)<\/span> weiterlesen <span class=\"meta-nav\">&rarr;<\/span><\/a><\/p>\n","protected":false},"author":29,"featured_media":0,"parent":1490,"menu_order":0,"comment_status":"closed","ping_status":"closed","template":"","meta":{"footnotes":""},"class_list":["post-1628","page","type-page","status-publish","hentry"],"_links":{"self":[{"href":"https:\/\/tarife-aktionen.de\/vodafone\/wp-json\/wp\/v2\/pages\/1628","targetHints":{"allow":["GET"]}}],"collection":[{"href":"https:\/\/tarife-aktionen.de\/vodafone\/wp-json\/wp\/v2\/pages"}],"about":[{"href":"https:\/\/tarife-aktionen.de\/vodafone\/wp-json\/wp\/v2\/types\/page"}],"author":[{"embeddable":true,"href":"https:\/\/tarife-aktionen.de\/vodafone\/wp-json\/wp\/v2\/users\/29"}],"replies":[{"embeddable":true,"href":"https:\/\/tarife-aktionen.de\/vodafone\/wp-json\/wp\/v2\/comments?post=1628"}],"version-history":[{"count":4,"href":"https:\/\/tarife-aktionen.de\/vodafone\/wp-json\/wp\/v2\/pages\/1628\/revisions"}],"predecessor-version":[{"id":6597,"href":"https:\/\/tarife-aktionen.de\/vodafone\/wp-json\/wp\/v2\/pages\/1628\/revisions\/6597"}],"up":[{"embeddable":true,"href":"https:\/\/tarife-aktionen.de\/vodafone\/wp-json\/wp\/v2\/pages\/1490"}],"wp:attachment":[{"href":"https:\/\/tarife-aktionen.de\/vodafone\/wp-json\/wp\/v2\/media?parent=1628"}],"curies":[{"name":"wp","href":"https:\/\/api.w.org\/{rel}","templated":true}]}}