{"id":1663,"date":"2016-02-07T00:01:34","date_gmt":"2016-02-06T23:01:34","guid":{"rendered":"https:\/\/tarife-aktionen.de\/vodafone\/?page_id=1663"},"modified":"2023-10-22T21:19:02","modified_gmt":"2023-10-22T19:19:02","slug":"senderliste","status":"publish","type":"page","link":"https:\/\/tarife-aktionen.de\/vodafone\/iptv\/senderliste","title":{"rendered":"Vodafone Senderliste IP-TV \/ Vodafone Sender\u00fcbersicht IPTV"},"content":{"rendered":"<p>Damit Sie einen \u00dcberblick erhalten, welche Fernsehsender Sie \u00fcber <a title=\"Vodafone DSL plus IP-TV Paket\" href=\"https:\/\/tarife-aktionen.de\/vodafone\/iptv\/kombi-pakete-tv-internet-telefon\">Vodafone DSL plus IP-TV<\/a> Paket schauen k\u00f6nnen, haben wir f\u00fcr Sie diese TV Sender\u00fcbersicht erstellt. Hier sehen Sie alle bei <a title=\"Informationen, Angebote und Tarife zu Vodafone TV\" href=\"https:\/\/tarife-aktionen.de\/vodafone\/iptv\" target=\"_blank\" rel=\"noopener\">Vodafone TV<\/a> verf\u00fcgbaren Sender auf einem Blick (inklusive der <a title=\"PayTV Sender (TV Pakete)\" href=\"https:\/\/tarife-aktionen.de\/vodafone\/iptv\/tv-pakete\">PayTV Pakete<\/a>). Unabh\u00e4ngig davon k\u00f6nnen Sie mit der Hybrid-Box von Vodafone weitere Sender per <a title=\"Satellitenfernsehen \/ Satellit TV\" href=\"https:\/\/tarife-aktionen.de\/vodafone\/iptv\/empfaenger\/archiv-tv-center-hd\/anschluesse\/satellit\">Satellit<\/a> und <a title=\"Kabelfernsehen \/ Kabel-TV\" href=\"https:\/\/tarife-aktionen.de\/vodafone\/iptv\/empfaenger\/archiv-tv-center-hd\/anschluesse\/dvb-c-kabelfernsehen\">Kabel<\/a> sehen.<\/p>\n<h2>Die komplette Senderliste f\u00fcr Vodafone TV (IPTV): alle Sender auf einem Blick<\/h2>\n<p>Sie wollten schon immer einmal wissen, welche Sender mit einem <a title=\"Allgemeine Informationen zu Vodafone TV\" href=\"https:\/\/tarife-aktionen.de\/vodafone\/hilfe\/vodafone-tv-center-1000-firmware-update-1-9-7-neue-funktionen\">Vodafone TV<\/a> Paket (IPTV), bzw. mit den einzelnen Zusatzpaketen, zu sehen sind? F\u00fcr Sie haben wir nachstehend alle bei Vodafone TV verf\u00fcgbaren Fernsehsender aufgef\u00fchrt, so k\u00f6nnen Sie sich schon vorab \u00fcber die gro\u00dfe Auswahl der einzelnen TV Sender informieren. Sie haben noch kein Vodafone DSL plus IP-TV Paket?<\/p>\n<p style=\"text-align: center;\"><strong><span style=\"color: #ff0000;\">&gt;&gt;&gt;<\/span> <a title=\"Vodafone DSL und TV Paket (Verf\u00fcgbarkeit und Bestellung)\" href=\"https:\/\/tarife-aktionen.de\/vodafone\/zum-anbieter\/vodafone-festnetz\/vodafone-festnetz-check\" target=\"_blank\" rel=\"noopener\">Vodafone DSL + IP-TV Paket f\u00fcr Vodafone DSL Neukunden<\/a><\/strong><em><br \/>\nKostenlose telefonisch Beratung: 0 39 43 \u2013 40 999 30 (<a title=\"Telefonische Beratung zu Vodafone TV Tarifen\" href=\"https:\/\/tarife-aktionen.de\/vodafone\/kontakt\/telefonische-beratung\">Callback Service<\/a>)<\/em><\/p>\n<h2><span style=\"color: #ff0000;\">FreeTV SD<\/span> Fernsehsender von Vodafone TV f\u00fcr Sie auf einem Blick<\/h2>\n<p>Hier haben wir f\u00fcr Sie die Senderliste der <a title=\"Free TV Fernsehsender\" href=\"https:\/\/tarife-aktionen.de\/vodafone\/iptv\/senderliste\/free-tv-fernsehsender\">FreeTV Fernsehsender<\/a>, welche Sie aktuell mit einem <a title=\"Informationen, Angebote und Tarife zu Vodafone DSL\" href=\"https:\/\/tarife-aktionen.de\/vodafone\/zuhause\/tarifuebersicht\" target=\"_blank\" rel=\"noopener\">Vodafone DSL<\/a> plus IP-TV Paket empfangen und schauen k\u00f6nnen. Mit dabei sind viele <a title=\"\u00d6ffentlich-Rechtliche TV Sender\" href=\"https:\/\/tarife-aktionen.de\/vodafone\/iptv\/senderliste\/free-tv-fernsehsender\">\u00f6ffentlich-rechtliche Sender<\/a> und <a title=\"Private TV Sender\" href=\"https:\/\/tarife-aktionen.de\/vodafone\/iptv\/senderliste\/free-tv-fernsehsender\">private Sender<\/a>:<\/p>\n<table border=\"0\" width=\"550\" cellspacing=\"0\" cellpadding=\"0\" align=\"center\">\n<tbody>\n<tr>\n<td width=\"138\">\n<ul>\n<li>3sat<\/li>\n<li>Anixe SD<\/li>\n<li>ARD (Das Erste)<\/li>\n<li>Arte<\/li>\n<li>AstroTV<\/li>\n<li>BBC World News<\/li>\n<li>BibelTV<\/li>\n<li>Bloomberg<\/li>\n<li>BR<\/li>\n<li>BRalpha<\/li>\n<li>Channel21<\/li>\n<li>CNN<\/li>\n<li>ComedyCentral<\/li>\n<li>Das Vierte<\/li>\n<li>Deluxe Music<\/li>\n<\/ul>\n<\/td>\n<td width=\"137\">\n<ul>\n<li>DMAX<\/li>\n<li>Einsfestival<\/li>\n<li>Euro Sport<\/li>\n<li>EuroNews<\/li>\n<li>FOX<\/li>\n<li>HR<\/li>\n<li>HSE24<\/li>\n<li>iM1<\/li>\n<li>Kabel1<\/li>\n<li>Kika<\/li>\n<li>MDR<\/li>\n<li>MTV<\/li>\n<li>N24<\/li>\n<li>NDR<\/li>\n<li>nickelodeon<\/li>\n<\/ul>\n<\/td>\n<td width=\"137\">\n<ul>\n<li>n-tv<\/li>\n<li>phoenix<\/li>\n<li>Plus<\/li>\n<li>ProSieben Pro7<\/li>\n<li>QVC<\/li>\n<li>Radiobremen tv<\/li>\n<li>Rbb<\/li>\n<li>Rheinmaintv<\/li>\n<li>RTL<\/li>\n<li>RTL 2<\/li>\n<li>RTL Nitro<\/li>\n<li>Sat1 (SatEins)<\/li>\n<li>Servus.TV<\/li>\n<li>sixx<\/li>\n<li>SWR Fernsehen<\/li>\n<\/ul>\n<\/td>\n<td width=\"138\">\n<ul>\n<li>Sport 1<\/li>\n<li>SR Fernsehen<\/li>\n<li>Super RTL<\/li>\n<li>tagesschau 24<\/li>\n<li>TELE5<\/li>\n<li>TV5MONDE<\/li>\n<li>VIVA<\/li>\n<li>VOX<\/li>\n<li>WDR Fernsehen<\/li>\n<li>ZDF Das Zweite<\/li>\n<li>ZDF Infokanal<\/li>\n<li>ZDF kultur<\/li>\n<li>ZDF neo<\/li>\n<\/ul>\n<\/td>\n<\/tr>\n<\/tbody>\n<\/table>\n<p style=\"text-align: center;\"><strong><span style=\"color: #ff0000;\">&gt;&gt;&gt;<\/span> <a title=\"Weitere Informationen zu den FreeTV SD Sendern f\u00fcr Vodafone TV\" href=\"https:\/\/tarife-aktionen.de\/vodafone\/iptv\/senderliste\/free-tv-fernsehsender\">Weitere Informationen zu den FreeTV SD Sendern f\u00fcr Vodafone TV<\/a><\/strong><\/p>\n<h2><span style=\"color: #ff0000;\">FreeTV HD<\/span> Fernsehsender von Vodafone TV f\u00fcr Sie auf einem Blick (HDTV)<\/h2>\n<p>Vodafone bietet eine gro\u00dfe Auswahl an unterschiedlichen <a title=\"Free TV HD Sender \/ HDTV\" href=\"https:\/\/tarife-aktionen.de\/vodafone\/iptv\/senderliste\/hd-sender\">FreeTV HD-Sendern (HDTV)<\/a>. Genie\u00dfen Sie hochaufl\u00f6sendes Fernsehen mit Ihrem Vodafone TV Paket, bereits alles inklusive.\u00a0Mit dabei sind viele <a title=\"\u00d6ffentlich-Rechtliche HD Sender\" href=\"https:\/\/tarife-aktionen.de\/vodafone\/iptv\/senderliste\/hd-sender\">\u00f6ffentlich-rechtliche HD Sender<\/a> und <a title=\"Private HD Fernsehsender\" href=\"https:\/\/tarife-aktionen.de\/vodafone\/iptv\/senderliste\/hd-sender\">private HD Sender<\/a>:<\/p>\n<table border=\"0\" width=\"550\" cellspacing=\"0\" cellpadding=\"0\" align=\"center\">\n<tbody>\n<tr>\n<td width=\"183\">\n<ul>\n<li>3sat HD<\/li>\n<li>Anixe HD<\/li>\n<li>ARD HD \/ Das Erste HD<\/li>\n<li>Arte HD<\/li>\n<li>BR HD<\/li>\n<li>ComedyCentral HD<\/li>\n<li>Deluxe Lounge HD<\/li>\n<li>Kabel EinsHD Kabel1 HD<\/li>\n<li>Kika HD<\/li>\n<li>N24 HD<\/li>\n<\/ul>\n<\/td>\n<td width=\"183\">\n<ul>\n<li>NDR HD<\/li>\n<li>nickelodeon HD<\/li>\n<li>phoenix HD<\/li>\n<li>ProSieben HD (Pro7 HD)<\/li>\n<li>RTL HD<\/li>\n<li>RTL 2 HD<\/li>\n<li>Sat1 HD (SatEins HD)<\/li>\n<li>Servus.TV HD<\/li>\n<li>sixx HD<\/li>\n<li>Sport1 HD<\/li>\n<\/ul>\n<\/td>\n<td width=\"184\">\n<ul>\n<li>Super RTL HD<\/li>\n<li>SWR HD<\/li>\n<li>TELE5 HD<\/li>\n<li>VOX HD<\/li>\n<li>WDR HD<\/li>\n<li>ZDF HD (Das Zweite HD)<\/li>\n<li>ZDF Info HD<\/li>\n<li>ZDF neo HD<\/li>\n<li>ZDF kultur HD<\/li>\n<\/ul>\n<\/td>\n<\/tr>\n<\/tbody>\n<\/table>\n<p style=\"text-align: center;\"><strong><span style=\"color: #ff0000;\">&gt;&gt;&gt;<\/span> <a title=\"Weitere Infornmationen zu den FreeTV HD Sendern f\u00fcr Vodafone TV\" href=\"https:\/\/tarife-aktionen.de\/vodafone\/iptv\/senderliste\/hd-sender\">Weitere Informationen zu den FreeTV HD Sendern f\u00fcr Vodafone TV<\/a><\/strong><\/p>\n<h2>PayTV Fernsehsender Vodafone TV <span style=\"color: #ff0000;\">Fremdsprachenpaket T\u00fcrkisch<\/span><\/h2>\n<p>Sie m\u00f6chten Fernsehsender in Ihrer t\u00fcrkischen Muttersprache schauen? Hier die Senderliste f\u00fcr das Fremdsprachenpaket T\u00fcrkisch (ben\u00f6tigt wird ein Vodafone DSL plus IP-TV Paket), auf einem Blick:<\/p>\n<table border=\"0\" width=\"550\" cellspacing=\"0\" cellpadding=\"0\" align=\"center\">\n<tbody>\n<tr>\n<td width=\"183\">\n<ul>\n<li>ATV Avrupa<\/li>\n<li>Euro D<\/li>\n<li>Euro Star<\/li>\n<\/ul>\n<\/td>\n<td width=\"183\">\n<ul>\n<li>Kanal 7 Avrupa<\/li>\n<li>NTV Avrupa<\/li>\n<li>Power Turk TV<\/li>\n<\/ul>\n<\/td>\n<td width=\"184\">\n<ul>\n<li>Show Turk<\/li>\n<li>TGRT EU<\/li>\n<\/ul>\n<\/td>\n<\/tr>\n<\/tbody>\n<\/table>\n<p style=\"text-align: center;\"><strong><span style=\"color: #ff0000;\">&gt;&gt;&gt;<\/span> <a title=\"Weitere Informationen zum Vodafone TV Fremdsprachenpaket T\u00fcrkisch\" href=\"https:\/\/tarife-aktionen.de\/vodafone\/iptv\/tv-pakete\/fremdsprachen\/tuerkisch\">Weitere Informationen zum Vodafone TV Fremdsprachenpaket T\u00fcrkisch<\/a><\/strong><\/p>\n<h2>PayTV Fernsehsender Vodafone TV <span style=\"color: #ff0000;\">Fremdsprachenpaket Polnisch<\/span><\/h2>\n<p>Sie m\u00f6chten Fernsehsender in Ihrer polnischen Muttersprache schauen? Hier die Senderliste f\u00fcr das Fremdsprachenpaket Polnisch (ben\u00f6tigt wird ein DSL plus IP-TV Paket), auf einem Blick:<\/p>\n<table border=\"0\" width=\"550\" cellspacing=\"0\" cellpadding=\"0\" align=\"center\">\n<tbody>\n<tr>\n<td width=\"183\">\n<ul>\n<li>iTVN<\/li>\n<li>TVP Info<\/li>\n<\/ul>\n<\/td>\n<td width=\"184\">\n<ul>\n<li>TVP Kultura<\/li>\n<li>TVP Polonia<\/li>\n<\/ul>\n<\/td>\n<\/tr>\n<\/tbody>\n<\/table>\n<p style=\"text-align: center;\"><strong><span style=\"color: #ff0000;\">&gt;&gt;&gt;<\/span> <a title=\"Weitere Informationen zum Vodafone TV Fremdsprachenpaket Polnisch\" href=\"https:\/\/tarife-aktionen.de\/vodafone\/iptv\/tv-pakete\/fremdsprachen\/polnisch\">Weitere Informationen zum Vodafone TV Fremdsprachenpaket Polnisch<\/a><\/strong><\/p>\n<h2>PayTV Fernsehsender Vodafone TV <span style=\"color: #ff0000;\">Fremdsprachenpaket Russisch<\/span><\/h2>\n<p>Sie m\u00f6chten Fernsehsender in Ihrer russischen Muttersprache schauen? Hier die Senderliste f\u00fcr das Fremdsprachenpaket Russisch (ben\u00f6tigt wird ein DSL plus IP-TV Paket), auf einem Blick:<\/p>\n<table border=\"0\" width=\"550\" cellspacing=\"0\" cellpadding=\"0\" align=\"center\">\n<tbody>\n<tr>\n<td width=\"183\">\n<ul>\n<li>Detskij Mir<\/li>\n<li>Nashe Kino<\/li>\n<li>RTR Planeta<\/li>\n<\/ul>\n<\/td>\n<td width=\"184\">\n<ul>\n<li>RTVi<\/li>\n<li>TeleKlub<\/li>\n<\/ul>\n<\/td>\n<\/tr>\n<\/tbody>\n<\/table>\n<p style=\"text-align: center;\"><strong><span style=\"color: #ff0000;\">&gt;&gt;&gt;<\/span> <a title=\"Weitere Informationen zum Vodafone TV Fremdsprachenpaket Russisch\" href=\"https:\/\/tarife-aktionen.de\/vodafone\/iptv\/tv-pakete\/fremdsprachen\/tuerkisch\">Weitere Informationen zum Vodafone TV Fremdsprachenpaket Russisch<\/a><\/strong><\/p>\n<p>Vodafone TV bietet also viele Fernsehsender, wie Sie der Senderliste oben entnehmen k\u00f6nnen.<\/p>\n<p><span style=\"color: #999999;\">*Alle Angaben in der Vodafone Sender\u00fcbersicht \/ Senderliste ohne Gew\u00e4hr auf Vollst\u00e4ndigkeit<\/span><\/p>\n","protected":false},"excerpt":{"rendered":"<p>Damit Sie einen \u00dcberblick erhalten, welche Fernsehsender Sie \u00fcber Vodafone DSL plus IP-TV Paket schauen k\u00f6nnen, haben wir f\u00fcr Sie diese TV Sender\u00fcbersicht erstellt. Hier sehen Sie alle bei Vodafone TV verf\u00fcgbaren Sender auf einem Blick (inklusive der PayTV Pakete). Unabh\u00e4ngig davon k\u00f6nnen Sie mit der Hybrid-Box von Vodafone weitere Sender per Satellit und Kabel &hellip; <a href=\"https:\/\/tarife-aktionen.de\/vodafone\/iptv\/senderliste\" class=\"more-link\"><span class=\"screen-reader-text\">Vodafone Senderliste IP-TV \/ Vodafone Sender\u00fcbersicht IPTV<\/span> weiterlesen <span class=\"meta-nav\">&rarr;<\/span><\/a><\/p>\n","protected":false},"author":29,"featured_media":0,"parent":1062,"menu_order":254000,"comment_status":"closed","ping_status":"closed","template":"","meta":{"footnotes":""},"class_list":["post-1663","page","type-page","status-publish","hentry"],"_links":{"self":[{"href":"https:\/\/tarife-aktionen.de\/vodafone\/wp-json\/wp\/v2\/pages\/1663","targetHints":{"allow":["GET"]}}],"collection":[{"href":"https:\/\/tarife-aktionen.de\/vodafone\/wp-json\/wp\/v2\/pages"}],"about":[{"href":"https:\/\/tarife-aktionen.de\/vodafone\/wp-json\/wp\/v2\/types\/page"}],"author":[{"embeddable":true,"href":"https:\/\/tarife-aktionen.de\/vodafone\/wp-json\/wp\/v2\/users\/29"}],"replies":[{"embeddable":true,"href":"https:\/\/tarife-aktionen.de\/vodafone\/wp-json\/wp\/v2\/comments?post=1663"}],"version-history":[{"count":1,"href":"https:\/\/tarife-aktionen.de\/vodafone\/wp-json\/wp\/v2\/pages\/1663\/revisions"}],"predecessor-version":[{"id":6573,"href":"https:\/\/tarife-aktionen.de\/vodafone\/wp-json\/wp\/v2\/pages\/1663\/revisions\/6573"}],"up":[{"embeddable":true,"href":"https:\/\/tarife-aktionen.de\/vodafone\/wp-json\/wp\/v2\/pages\/1062"}],"wp:attachment":[{"href":"https:\/\/tarife-aktionen.de\/vodafone\/wp-json\/wp\/v2\/media?parent=1663"}],"curies":[{"name":"wp","href":"https:\/\/api.w.org\/{rel}","templated":true}]}}