{"id":1672,"date":"2016-02-07T00:01:08","date_gmt":"2016-02-06T23:01:08","guid":{"rendered":"https:\/\/tarife-aktionen.de\/vodafone\/?page_id=1672"},"modified":"2023-10-22T21:19:12","modified_gmt":"2023-10-22T19:19:12","slug":"free-tv-fernsehsender","status":"publish","type":"page","link":"https:\/\/tarife-aktionen.de\/vodafone\/iptv\/senderliste\/free-tv-fernsehsender","title":{"rendered":"Vodafone IPTV \u00dcbersicht frei empfangbare Fernsehsender"},"content":{"rendered":"<p>Mit <a title=\"Vodafone TV \u2013 Digitales Fernsehen IPTV per Vodafone DSL \/ VDSL Tarif\" href=\"https:\/\/tarife-aktionen.de\/vodafone\/iptv\">Vodafone TV<\/a> k\u00f6nnen Sie schon heute \u00fcber 50 Sender frei empfangen (ohne Aufpreis). Auf dieser Seite finden Sie eine <a title=\"Senderliste \/ Sender\u00fcbersicht\" href=\"https:\/\/tarife-aktionen.de\/vodafone\/iptv\/senderliste\">Programm\u00fcbersicht \/ Senderliste<\/a> aller in Vodafone IPTV enthaltenen Fernsehsender zum freien Empfang. Mit dabei sind nat\u00fcrlich die bekannten <a title=\"\u00d6ffentlich-Rechtliche TV Sender\" href=\"https:\/\/tarife-aktionen.de\/vodafone\/iptv\/senderliste\/free-tv-fernsehsender\">\u00f6ffentlich-rechtlichen<\/a> und <a title=\"Private TV Sender\" href=\"https:\/\/tarife-aktionen.de\/vodafone\/iptv\/senderliste\/free-tv-fernsehsender\">privaten TV Sender<\/a> wie ARD, ZDF, Sat.1, Pro7, RTL, VOX, Kabel1, sixx und DMAX.<\/p>\n<h2>Vodafone TV Senderliste: alle frei empfangbaren Fernsehsender (FreeTV) \u00fcber Vodafone IPTV<\/h2>\n<p>Nachfolgend finden Sie eine \u00dcbersicht aller mit Vodafone TV frei empfangbaren Fernsehsender (<a title=\"Senderliste \/ Sender\u00fcbersicht f\u00fcr Vodafone TV\" href=\"https:\/\/tarife-aktionen.de\/vodafone\/iptv\/senderliste\">Vodafone TV Senderliste<\/a>), einmal als Grafik mit den Sendersymbolen und darunter als \u00fcbersichtliche Tabelle zum Nachlesen. Zus\u00e4tzlich gibts noch viele <strong><a title=\"Vodafone TV - HD Sender (HDTV)\" href=\"https:\/\/tarife-aktionen.de\/vodafone\/iptv\/senderliste\/hd-sender\" target=\"_self\" rel=\"noopener\">HD Sender<\/a><\/strong> (sowohl <a title=\"\u00d6ffentlich-Rechtliche HD Sender\" href=\"https:\/\/tarife-aktionen.de\/vodafone\/iptv\/senderliste\/hd-sender\">\u00f6ffentlich-rechtliche HD Sender<\/a>, als auch viele <a title=\"Private HD Fernsehsender\" href=\"https:\/\/tarife-aktionen.de\/vodafone\/iptv\/senderliste\/hd-sender\">private HD Sender<\/a> alles ohne Aufpreis). Vodafone TV bietet dank vieler kostenfreier Sender (FreeTV) ein abwechslungsreiches Fernsehprogramm, auch ohne die optionalen <a title=\"PayTV Sender (TV Pakete)\" href=\"https:\/\/tarife-aktionen.de\/vodafone\/iptv\/tv-pakete\">Vodafone PayTV Pakete<\/a>.<\/p>\n<p style=\"text-align: center;\"><em><strong><span style=\"color: #ff0000;\">&gt;&gt;&gt;<\/span> <a title=\"Vodafone DSL und TV Paket (Verf\u00fcgbarkeit und Bestellung)\" href=\"https:\/\/tarife-aktionen.de\/vodafone\/zum-anbieter\/vodafone-festnetz\/vodafone-festnetz-check\" target=\"_blank\" rel=\"noopener\">Vodafone DSL + IP-TV Paket f\u00fcr Vodafone DSL Neukunden<\/a><\/strong><\/em><em><br \/>\nKostenlose telefonisch Beratung: 0 39 43 \u2013 40 999 30 (<a title=\"Telefonische Beratung zu Vodafone TV Tarifen\" href=\"https:\/\/tarife-aktionen.de\/vodafone\/kontakt\/telefonische-beratung\">Callback Service<\/a>)<\/em><\/p>\n<h2 style=\"text-align: center; color: #ff0000; margin-top: 30px;\">\u00dcbersicht aller frei empfangbaren TV Sender mit Vodafone TV (FreeTV Fernsehsender)*<\/h2>\n<p style=\"text-align: center; margin-bottom: 0px;\">Nachfolgend finden Sie eine \u00dcbersicht der kostenfreien Fernsehsender im Vodafone TV Paket:<\/p>\n<table border=\"0\" width=\"550\" cellspacing=\"0\" cellpadding=\"0\" align=\"center\">\n<tbody>\n<tr>\n<td width=\"138\">\n<ul>\n<li>3sat<\/li>\n<li>Anixe SD<\/li>\n<li>ARD (Das Erste)<\/li>\n<li>Arte<\/li>\n<li>AstroTV<\/li>\n<li>BBC World News<\/li>\n<li>BibelTV<\/li>\n<li>Bloomberg<\/li>\n<li>BR<\/li>\n<li>BRalpha<\/li>\n<li>Channel21<\/li>\n<li>CNN<\/li>\n<li>ComedyCentral<\/li>\n<li>Das Vierte<\/li>\n<li>Deluxe Music<\/li>\n<\/ul>\n<\/td>\n<td width=\"137\">\n<ul>\n<li>DMAX<\/li>\n<li>Einsfestival<\/li>\n<li>Euro Sport<\/li>\n<li>EuroNews<\/li>\n<li>FOX<\/li>\n<li>HR<\/li>\n<li>HSE24<\/li>\n<li>iM1<\/li>\n<li>Kabel1<\/li>\n<li>Kika<\/li>\n<li>MDR<\/li>\n<li>MTV<\/li>\n<li>N24<\/li>\n<li>NDR<\/li>\n<li>nickelodeon<\/li>\n<\/ul>\n<\/td>\n<td width=\"137\">\n<ul>\n<li>n-tv<\/li>\n<li>phoenix<\/li>\n<li>Plus<\/li>\n<li>ProSieben Pro7<\/li>\n<li>QVC<\/li>\n<li>Radiobremen tv<\/li>\n<li>Rbb<\/li>\n<li>Rheinmaintv<\/li>\n<li>RTL<\/li>\n<li>RTL 2<\/li>\n<li>RTL Nitro<\/li>\n<li>Sat1 (SatEins)<\/li>\n<li>Servus.TV<\/li>\n<li>sixx<\/li>\n<li>SWR Fernsehen<\/li>\n<\/ul>\n<\/td>\n<td width=\"138\">\n<ul>\n<li>Sport 1<\/li>\n<li>SR Fernsehen<\/li>\n<li>Super RTL<\/li>\n<li>tagesschau 24<\/li>\n<li>TELE5<\/li>\n<li>TV5MONDE<\/li>\n<li>VIVA<\/li>\n<li>VOX<\/li>\n<li>WDR Fernsehen<\/li>\n<li>ZDF Das Zweite<\/li>\n<li>ZDF Infokanal<\/li>\n<li>ZDF kultur<\/li>\n<li>ZDF neo<\/li>\n<\/ul>\n<\/td>\n<\/tr>\n<\/tbody>\n<\/table>\n<p style=\"text-align: center;\"><em>Mehr Details zu den Free-TV Sendern:<\/em><br \/>\n<a title=\"\u00d6ffentlich-Rechtliche TV Sender\" href=\"https:\/\/tarife-aktionen.de\/vodafone\/iptv\/senderliste\/free-tv-fernsehsender\"><em>\u00f6ffentlich-rechtliche FreeTV Sender bei Vodafone<\/em><\/a><br \/>\n<a title=\"Private TV Sender\" href=\"https:\/\/tarife-aktionen.de\/vodafone\/iptv\/senderliste\/free-tv-fernsehsender\"><em>private FreeTV Fernsehsender bei Vodafone<\/em><\/a><\/p>\n<h2>Vodafone 3Play: Telefonflat, Internetflat und digitales Fernsehen zum g\u00fcnstigen Paketpreis<\/h2>\n<p>Wenn Sie sich f\u00fcr ein <a title=\"Vodafone DSL plus IP-TV Paket\" href=\"https:\/\/tarife-aktionen.de\/vodafone\/iptv\/kombi-pakete-tv-internet-telefon\">Vodafone DSL plus IP-TV<\/a> Paket entscheiden, erhalten Sie ein ausgewogenes <a title=\"News rund um 3Play\" href=\"https:\/\/tarife-aktionen.de\/vodafone\/zuhause\/tarifuebersicht\/internet-telefon-tv\" target=\"_blank\" rel=\"noopener\">3Play<\/a> Paket, welches Telefonieren, Surfen und Fernsehen zum Festpreis beinhaltet. Im Vodafone DSL plus IPTV Paket erhalten Sie einen Telefonanschluss inklusive Telefonflat ins deutsche Festnetz, einen <a title=\"Vodafone DSL Tarife\" href=\"https:\/\/tarife-aktionen.de\/vodafone\/zuhause\/tarifuebersicht\" target=\"_blank\" rel=\"noopener\">DSL<\/a> Internet Anschluss mit Flatrate zum Surfen sowie einen digitalen Fernsehempfang \u00fcber Ihren <a title=\"Vodafone DSL \/ VDSL Verf\u00fcgbarkeit pr\u00fcfen\" href=\"https:\/\/tarife-aktionen.de\/vodafone\/zuhause\/verfuegbarkeit\" target=\"_blank\" rel=\"noopener\">DSL Anschluss<\/a>. Um IPTV nutzen zu k\u00f6nnen, in dem Fall um die vielen kostenfreien TV Sender zu sehen, ben\u00f6tigen Sie einen speziellen Empf\u00e4nger: das <a title=\"Vodafone TV Center \/ Hybrid Box\" href=\"https:\/\/tarife-aktionen.de\/vodafone\/iptv\/empfaenger\/archiv-tv-center-hd\">Vodafone TV Center<\/a>. Im Gegensatz zum <a title=\"Telekom Entertain mit IPTV\" href=\"https:\/\/telekom.tarife-angebote.de\/\" target=\"_blank\" rel=\"noopener\">IPTV Angebot der Telekom<\/a> kostet der Empf\u00e4nger (dort <a title=\"Mietpreise f\u00fcr den Telekom Entertain Media Receiver\" href=\"https:\/\/telekom.tarife-angebote.de\/magenta-zuhause\/entertain\/media-receiver-empfaenger\/endgeraete-servicepaket\" target=\"_blank\" rel=\"noopener\">Media Receiver<\/a> genannt) aber keine extra Mietgeb\u00fchr, sondern ist bereits im Komplettpreis von Vodafone DSL plus TV enthalten. <a title=\"News zu Vodafone Angeboten\" href=\"https:\/\/kabel-internet-telefon.de\/\" target=\"_blank\" rel=\"noopener\">Vodafone<\/a> bietet also ein transparentes und g\u00fcnstiges 3Play Komplettpaket an, das (fast) keine W\u00fcnsche mehr offen l\u00e4sst: \u00fcberzeugen Sie sich am besten selbst!<\/p>\n<p style=\"text-align: center;\"><em><strong><span style=\"color: #ff0000;\">&gt;&gt;&gt;<\/span> <a title=\"Vodafone DSL und TV Paket (Verf\u00fcgbarkeit und Bestellung)\" href=\"https:\/\/tarife-aktionen.de\/vodafone\/zum-anbieter\/vodafone-festnetz\/vodafone-festnetz-check\" target=\"_blank\" rel=\"noopener\">Vodafone DSL + IP-TV Paket f\u00fcr Vodafone DSL Neukunden<\/a><\/strong><\/em><em><br \/>\nKostenlose telefonisch Beratung: 0 39 43 \u2013 40 999 30 (<a title=\"Telefonische Beratung zu Vodafone TV Tarifen\" href=\"https:\/\/tarife-aktionen.de\/vodafone\/kontakt\/telefonische-beratung\">Callback Service<\/a>)<\/em><\/p>\n<p><span style=\"color: #888888;\">*Vodafone TV Sender\u00fcbersicht ohne Gew\u00e4hr auf Vollst\u00e4ndigkeit oder Richtigkeit. Die Vodafone TV Tarife haben eine Mindestvertragslaufzeit von 24 Monaten (K\u00fcndigungsfrist 3 Monate). Weitere Details zu den Vodafone DSL und IPTV Tarifen finden Sie im Onlineshop.<br \/>\n<\/span><\/p>\n","protected":false},"excerpt":{"rendered":"<p>Mit Vodafone TV k\u00f6nnen Sie schon heute \u00fcber 50 Sender frei empfangen (ohne Aufpreis). Auf dieser Seite finden Sie eine Programm\u00fcbersicht \/ Senderliste aller in Vodafone IPTV enthaltenen Fernsehsender zum freien Empfang. Mit dabei sind nat\u00fcrlich die bekannten \u00f6ffentlich-rechtlichen und privaten TV Sender wie ARD, ZDF, Sat.1, Pro7, RTL, VOX, Kabel1, sixx und DMAX. Vodafone &hellip; <a href=\"https:\/\/tarife-aktionen.de\/vodafone\/iptv\/senderliste\/free-tv-fernsehsender\" class=\"more-link\"><span class=\"screen-reader-text\">Vodafone IPTV \u00dcbersicht frei empfangbare Fernsehsender<\/span> weiterlesen <span class=\"meta-nav\">&rarr;<\/span><\/a><\/p>\n","protected":false},"author":29,"featured_media":0,"parent":1663,"menu_order":0,"comment_status":"closed","ping_status":"closed","template":"","meta":{"footnotes":""},"class_list":["post-1672","page","type-page","status-publish","hentry"],"_links":{"self":[{"href":"https:\/\/tarife-aktionen.de\/vodafone\/wp-json\/wp\/v2\/pages\/1672","targetHints":{"allow":["GET"]}}],"collection":[{"href":"https:\/\/tarife-aktionen.de\/vodafone\/wp-json\/wp\/v2\/pages"}],"about":[{"href":"https:\/\/tarife-aktionen.de\/vodafone\/wp-json\/wp\/v2\/types\/page"}],"author":[{"embeddable":true,"href":"https:\/\/tarife-aktionen.de\/vodafone\/wp-json\/wp\/v2\/users\/29"}],"replies":[{"embeddable":true,"href":"https:\/\/tarife-aktionen.de\/vodafone\/wp-json\/wp\/v2\/comments?post=1672"}],"version-history":[{"count":3,"href":"https:\/\/tarife-aktionen.de\/vodafone\/wp-json\/wp\/v2\/pages\/1672\/revisions"}],"predecessor-version":[{"id":6582,"href":"https:\/\/tarife-aktionen.de\/vodafone\/wp-json\/wp\/v2\/pages\/1672\/revisions\/6582"}],"up":[{"embeddable":true,"href":"https:\/\/tarife-aktionen.de\/vodafone\/wp-json\/wp\/v2\/pages\/1663"}],"wp:attachment":[{"href":"https:\/\/tarife-aktionen.de\/vodafone\/wp-json\/wp\/v2\/media?parent=1672"}],"curies":[{"name":"wp","href":"https:\/\/api.w.org\/{rel}","templated":true}]}}