{"id":1740,"date":"2016-02-07T00:01:23","date_gmt":"2016-02-06T23:01:23","guid":{"rendered":"https:\/\/tarife-aktionen.de\/vodafone\/?page_id=1740"},"modified":"2023-10-22T21:23:00","modified_gmt":"2023-10-22T19:23:00","slug":"lte","status":"publish","type":"page","link":"https:\/\/tarife-aktionen.de\/vodafone\/netzabdeckung\/lte","title":{"rendered":"Vodafone LTE &#8211; Netzabdeckung \/ Verf\u00fcgbarkeit \/ Netzausbau"},"content":{"rendered":"<p>Willkommen beim <span style=\"color: #ff0000;\"><strong>Vodafone LTE Check<\/strong><\/span>. Der Ausbau von <a title=\"Vodafone LTE\" href=\"https:\/\/tarife-aktionen.de\/vodafone\/lte\" target=\"_self\" rel=\"noopener\">Vodafone LTE<\/a> ist seit dem Jahr 2010 in vollem Gange und schon viele Gemeinden und St\u00e4dte wurden mit Vodafone LTE erschlossen. Hier k\u00f6nnen Sie die <a title=\"Verf\u00fcgbarkeit Vodafone LTE\" href=\"https:\/\/tarife-aktionen.de\/vodafone\/verfuegbarkeit\">Vodafone LTE Verf\u00fcgbarkeit<\/a> f\u00fcr Ihren Ort \/ Anschrift pr\u00fcfen: kostenlos und unverbindlich. Ist LTE verf\u00fcgbar, k\u00f6nnen Sie sich bei uns \u00fcber die <a title=\"Vodafone LTE Tarife und Angebote\" href=\"https:\/\/tarife-aktionen.de\/vodafone\/lte\">Vodafone LTE Tarife<\/a> informieren.<\/p>\n<p style=\"text-align: center;\"><strong><a title=\"Vodafone LTE Netzabdeckung pr\u00fcfen\" href=\"https:\/\/tarife-aktionen.de\/vodafone\/zum-anbieter\/vodafone-mobilfunk\/vodafone-mobilfunk-check\" target=\"_blank\" rel=\"noopener\">Vodafone LTE Netzabdeckung Karte \/ Check hier \u00f6ffnen<\/a><\/strong><br \/>\n(Vodafone LTE Deutschlandkarte teilweise mit LTE Ausbaupl\u00e4ne f\u00fcr nahe Zukunft)<\/p>\n<p style=\"text-align: center;\"><strong><a title=\"Verf\u00fcgbarkeit Vodafone LTE Zuhause Tarife pr\u00fcfen\" href=\"https:\/\/tarife-aktionen.de\/vodafone\/zum-anbieter\/vodafone-gigacube\/vodafone-gigacube-check\" target=\"_blank\" rel=\"noopener\">Vodafone LTE\u00a0Zuhause Tarife Verf\u00fcgbarkeit pr\u00fcfen<\/a><\/strong><br \/>\n(Vodafone LTE Check pr\u00fcft direkt auf Ihre Anschrift \/ Anschluss)<\/p>\n<p style=\"text-align: center;\"><em>Telefonische LTE Verf\u00fcgbarkeitspr\u00fcfung <span style=\"color: #ff0000;\"><strong>0 39 43 \u2013 40 999 27<\/strong><\/span> (<a title=\"Callback \/ Telefonische Beratung zu Vodafone LTE\" href=\"https:\/\/tarife-aktionen.de\/vodafone\/kontakt\/telefonische-beratung\">Callback<\/a>) oder\u00a0<a title=\"Anfrage \/ Schriftliche Beratung zu Vodafone LTE\" href=\"https:\/\/tarife-aktionen.de\/vodafone\/kontakt\/schriftliche-anfrage\">schriftliche Anfrage<\/a><\/em><\/p>\n<h2>Verf\u00fcgbarkeit von Vodafone LTE (Long Term Evolution) pr\u00fcfen \/ LTE Check<\/h2>\n<p>Die meisten St\u00e4dte und Ballungsgebiete, aber auch viele kleine Ortschaften \/ Gemeinden, wurden schon mit <a title=\"Vodafone LTE Tarife\" href=\"https:\/\/tarife-aktionen.de\/vodafone\/zuhause\/lte\" target=\"_blank\" rel=\"noopener\">Vodafone LTE<\/a> erschlossen. In den l\u00e4ndlichen Regionen dient Vodafone LTE als <a title=\"Vodafone Festnetz Tarife\" href=\"https:\/\/tarife-aktionen.de\/vodafone\/zuhause\/tarifuebersicht\" target=\"_blank\" rel=\"noopener\">Festnetz<\/a> Ersatz (z.B. wenn kein oder nur langsames <a title=\"Vodafone DSL Verf\u00fcgbarkeit pr\u00fcfen\" href=\"https:\/\/tarife-aktionen.de\/vodafone\/zuhause\/verfuegbarkeit\" target=\"_blank\" rel=\"noopener\">DSL verf\u00fcgbar<\/a> ist). In den St\u00e4dten soll Vodafone LTE die durch <a title=\"Smartphones \/ Handys mit LTE\" href=\"https:\/\/tarife-aktionen.de\/vodafone\/infos\/smartphones\">Smartphones<\/a> und <a title=\"LTE Tablets bei Vodafone\" href=\"https:\/\/tarife-aktionen.de\/vodafone\/lte\">Tablets <\/a>stark beanspruchten <a title=\"Vodafone UMTS Check \u2013 Verf\u00fcgbarkeit \/ Netzabdeckung f\u00fcr UMTS\" href=\"https:\/\/tarife-aktionen.de\/vodafone\/netzabdeckung\/umts\">UMTS<\/a> \/ <a title=\"Vodafone HSPA Check \u2013 Verf\u00fcgbarkeit \/ Netzabdeckung f\u00fcr HSPA\" href=\"https:\/\/tarife-aktionen.de\/vodafone\/netzabdeckung\/hspa\">HSPA<\/a> Netze unterst\u00fctzen. Nutzen Sie die Gelegenheit, kostenlos und unverbindlich die Vodafone LTE Verf\u00fcgbarkeit zu pr\u00fcfen.<\/p>\n<h2>Vodafone LTE f\u00fcr Zuhause und f\u00fcr unterwegs: richtigen Tarif finden<\/h2>\n<p>Der Vodafone LTE Check hat ergeben, dass das LTE Netz bei Ihnen schon ausgebaut wurde? Vodafone LTE k\u00f6nnen Sie sowohl Zuhause (als Alternative zu <a title=\"Vodafone DSL und VDSL TArife\" href=\"https:\/\/tarife-aktionen.de\/vodafone\/zuhause\/tarifuebersicht\" target=\"_blank\" rel=\"noopener\">DSL \/ VDSL<\/a> bzw. als kompletter Festnetz Ersatz, z.B. <span style=\"color: #ff0000;\">&gt;<\/span> <a title=\"Vodafone LTE Internet Tarife\" href=\"https:\/\/tarife-aktionen.de\/vodafone\/zuhause\/lte\/internet\">LTE Internetflat<\/a> oder <span style=\"color: #ff0000;\">&gt;<\/span> <a title=\"Vodafone LTE Internet &amp; Telefon\" href=\"https:\/\/tarife-aktionen.de\/vodafone\/zuhause\/lte\/internet-telefon\">LTE Telefonflat + Internetflat<\/a>), als auch unterwegs nutzen. Durch den immer besseren Vodafone LTE Netzausbau in kleinen Orten, aber auch in St\u00e4dten und Ballungsr\u00e4umen wird der mobile LTE Einsatz immer beliebter. Vodafone bietet die passenden <span style=\"color: #ff0000;\">&gt;<\/span> <a title=\"Smartphones \/ Handys mit LTE\" href=\"https:\/\/tarife-aktionen.de\/vodafone\/infos\/smartphones\">LTE Smartphones<\/a>, <span style=\"color: #ff0000;\">&gt;<\/span> <a title=\"LTE Tablets bei Vodafone\" href=\"https:\/\/tarife-aktionen.de\/vodafone\/lte\">LTE Tablets<\/a> sowie <span style=\"color: #ff0000;\">&gt;<\/span> <a title=\"Tablets, Surfsticks, Hotspots mit LTE\" href=\"https:\/\/tarife-aktionen.de\/vodafone\/lte\">LTE Surfsticks \/ Hotspots \/ Router<\/a> zusammen mit einem Neuvertrag, aber auch mit einer Vertragsverl\u00e4ngerung, zum g\u00fcnstigen Vorzugspreis an. Neben schnellen LTE Endger\u00e4ten erhalten Sie bei Vodafone nat\u00fcrlich auch die auf den LTE Empfang abgestimmten Handytarife und Datentarife. Lassen Sie sich gern von uns zu <a title=\"Kontakt: Vodafone LTE Beratung\" href=\"https:\/\/tarife-aktionen.de\/vodafone\/kontakt\">Vodafone LTE beraten<\/a>.<\/p>\n<p style=\"text-align: center;\"><strong><span style=\"color: #ff0000;\">&gt;<\/span> <a title=\"Vodafone LTE Zuhause Tarife\" href=\"https:\/\/tarife-aktionen.de\/vodafone\/zuhause\/lte\">LTE Zuhause Tarife<\/a> \/ <span style=\"color: #ff0000;\">&gt;<\/span> <a title=\"Datentarife (Tablet-PC \/ Notebooks)\" href=\"https:\/\/tarife-aktionen.de\/vodafone\/mobilfunk\">LTE Datentarife<\/a> \/ <span style=\"color: #ff0000;\">&gt;<\/span> <a title=\"Tarife f\u00fcr LTE Smartphones \/ Handys\" href=\"https:\/\/tarife-aktionen.de\/vodafone\/mobilfunk\">LTE Smartphone Tarife<\/a><\/strong><br \/>\n<em>Telefonische Beratung: 0 39 43 \u2013 40 999 27 (<a title=\"Callback \/ Telefonische Beratung zu Vodafone LTE\" href=\"https:\/\/tarife-aktionen.de\/vodafone\/kontakt\/telefonische-beratung\">Callback<\/a> o. <a title=\"Anfrage \/ Schriftliche Beratung zu Vodafone LTE\" href=\"https:\/\/tarife-aktionen.de\/vodafone\/kontakt\/schriftliche-anfrage\">Anfrage<\/a>)<\/em><\/p>\n<h2>Vodafone Verf\u00fcgbarkeit pr\u00fcfen &#8211; ist DSL oder HSDPA Internet verf\u00fcgbar?<\/h2>\n<p>Vodafone LTE ist nicht verf\u00fcgbar? Dann nicht verzweifeln, es gibt noch viele andere M\u00f6glichkeiten. Haben Sie denn schon einmal gepr\u00fcft, ob <a title=\"Vodafone DSL Verf\u00fcgbarkeit\" href=\"https:\/\/tarife-aktionen.de\/vodafone\/zuhause\/verfuegbarkeit\" target=\"_blank\" rel=\"noopener\">Vodafone DSL<\/a> oder <a title=\"Vodafone HSPA \/ HSDPA \/ HSUPA Verf\u00fcgbarkeit pr\u00fcfen\" href=\"https:\/\/tarife-aktionen.de\/vodafone\/netzabdeckung\/hspa\" target=\"_self\" rel=\"noopener\">Vodafone HSPA<\/a> bei Ihnen verf\u00fcgbar ist? Mit Vodafone DSL erhalten Sie g\u00fcnstige Komplettpakete zum Telefonieren und Surfen (z.B. <a title=\"Vodafone DSL Classic Paket\" href=\"https:\/\/tarife-aktionen.de\/vodafone\/archiv-dsl-tarife\/vodafone-dsl-classic-paket-internet-telefon\" target=\"_blank\" rel=\"noopener\">Vodafone DSL Classic Paket<\/a>). Wenn Vodafone HSPA bei Ihnen verf\u00fcgbar ist, erhalten Sie ebenfalls g\u00fcnstige Doppelflat Pakete (z.B. <a title=\"Vodafone Surf Sofort UMTS Paket\" href=\"https:\/\/tarife-aktionen.de\/vodafone\/archiv-dsl-tarife\/vodafone-surf-sofort-umts-paket\" target=\"_blank\" rel=\"noopener\">Vodafone Surf Sofort UMTS Paket<\/a>) f\u00fcr Zuhause oder <a title=\"Vodafone Smartphone Tarife\" href=\"https:\/\/tarife-aktionen.de\/vodafone\/mobilfunk\" target=\"_blank\" rel=\"noopener\">Smartphone Tarife<\/a> und <a title=\"Vodafone Datentarife f\u00fcr unterwegs\" href=\"https:\/\/tarife-aktionen.de\/vodafone\/datentarife\" target=\"_blank\" rel=\"noopener\">Datentarife<\/a> f\u00fcr unterwegs. Lassen Sie sich von uns <a title=\"Kontakt: Vodafone LTE Beratung\" href=\"https:\/\/tarife-aktionen.de\/vodafone\/kontakt\"><strong>beraten<\/strong><\/a>!<\/p>\n<p><span style=\"color: #888888;\">*Die Angaben zur Vodafone LTE Verf\u00fcgbarkeit im LTE Check oben werden direkt von Vodafone getroffen. Alle Angaben aus dem Vodafone LTE Check sind ohne Gew\u00e4hr.<\/span><\/p>\n","protected":false},"excerpt":{"rendered":"<p>Willkommen beim Vodafone LTE Check. Der Ausbau von Vodafone LTE ist seit dem Jahr 2010 in vollem Gange und schon viele Gemeinden und St\u00e4dte wurden mit Vodafone LTE erschlossen. Hier k\u00f6nnen Sie die Vodafone LTE Verf\u00fcgbarkeit f\u00fcr Ihren Ort \/ Anschrift pr\u00fcfen: kostenlos und unverbindlich. Ist LTE verf\u00fcgbar, k\u00f6nnen Sie sich bei uns \u00fcber die &hellip; <a href=\"https:\/\/tarife-aktionen.de\/vodafone\/netzabdeckung\/lte\" class=\"more-link\"><span class=\"screen-reader-text\">Vodafone LTE &#8211; Netzabdeckung \/ Verf\u00fcgbarkeit \/ Netzausbau<\/span> weiterlesen <span class=\"meta-nav\">&rarr;<\/span><\/a><\/p>\n","protected":false},"author":29,"featured_media":0,"parent":363,"menu_order":0,"comment_status":"closed","ping_status":"closed","template":"","meta":{"footnotes":""},"class_list":["post-1740","page","type-page","status-publish","hentry"],"_links":{"self":[{"href":"https:\/\/tarife-aktionen.de\/vodafone\/wp-json\/wp\/v2\/pages\/1740","targetHints":{"allow":["GET"]}}],"collection":[{"href":"https:\/\/tarife-aktionen.de\/vodafone\/wp-json\/wp\/v2\/pages"}],"about":[{"href":"https:\/\/tarife-aktionen.de\/vodafone\/wp-json\/wp\/v2\/types\/page"}],"author":[{"embeddable":true,"href":"https:\/\/tarife-aktionen.de\/vodafone\/wp-json\/wp\/v2\/users\/29"}],"replies":[{"embeddable":true,"href":"https:\/\/tarife-aktionen.de\/vodafone\/wp-json\/wp\/v2\/comments?post=1740"}],"version-history":[{"count":4,"href":"https:\/\/tarife-aktionen.de\/vodafone\/wp-json\/wp\/v2\/pages\/1740\/revisions"}],"predecessor-version":[{"id":6679,"href":"https:\/\/tarife-aktionen.de\/vodafone\/wp-json\/wp\/v2\/pages\/1740\/revisions\/6679"}],"up":[{"embeddable":true,"href":"https:\/\/tarife-aktionen.de\/vodafone\/wp-json\/wp\/v2\/pages\/363"}],"wp:attachment":[{"href":"https:\/\/tarife-aktionen.de\/vodafone\/wp-json\/wp\/v2\/media?parent=1740"}],"curies":[{"name":"wp","href":"https:\/\/api.w.org\/{rel}","templated":true}]}}