{"id":1746,"date":"2016-02-07T00:01:13","date_gmt":"2016-02-06T23:01:13","guid":{"rendered":"https:\/\/tarife-aktionen.de\/vodafone\/?page_id=1746"},"modified":"2023-10-22T21:15:43","modified_gmt":"2023-10-22T19:15:43","slug":"hsupa","status":"publish","type":"page","link":"https:\/\/tarife-aktionen.de\/vodafone\/netzabdeckung\/hsupa","title":{"rendered":"Vodafone HSUPA &#8211; Netzabdeckung \/ Verf\u00fcgbarkeit \/ Netzausbau"},"content":{"rendered":"<p>Mit dem Vodafone HSUPA Check k\u00f6nnen Sie die <a title=\"Vodafone HSDPA Check\" href=\"https:\/\/tarife-aktionen.de\/vodafone\/netzabdeckung\" target=\"_blank\" rel=\"noopener\">Vodafone HSUPA Verf\u00fcgbarkeit<\/a> pr\u00fcfen. Der Standard f\u00fcr schnelles mobiles Internet HSUPA steht f\u00fcr &#8220;High Speed Uplink Packet Access&#8221; (Upstream \/ Upload von Daten). Erg\u00e4nzt wird Vodafone HSUPA durch <a title=\"Vodafone HSDPA\" href=\"https:\/\/tarife-aktionen.de\/vodafone\/netzabdeckung\/hsdpa\" target=\"_self\" rel=\"noopener\">HSDPA<\/a> (Downlink \/ Downstream). Pr\u00fcfen Sie unverbindlich, ob <a title=\"Vodafone HSPA Tarife\" href=\"https:\/\/tarife-aktionen.de\/vodafone\/datentarife\" target=\"_blank\" rel=\"noopener\">Vodafone HSUPA<\/a> Highspeed Internet verf\u00fcgbar ist.<\/p>\n<p style=\"text-align: center;\"><strong><a title=\"Netzabdeckung Vodafone HSDUPA hier pr\u00fcfen\" href=\"https:\/\/tarife-aktionen.de\/vodafone\/zum-anbieter\/vodafone-mobilfunk\/vodafone-mobilfunk-check\">Vodafone HSUPA Netzabdeckung Karte \/ Check hier \u00f6ffnen<\/a><\/strong><\/p>\n<h2>Vodafone HSUPA &gt; mit DSL Speed unterwegs im Internet surfen &#8211; hier Verf\u00fcgbarkeit pr\u00fcfen<\/h2>\n<p>Pr\u00fcfen Sie hier unverbindlich die Verf\u00fcgbarkeit f\u00fcr Vodafone HSUPA (Upstream von Vodafone UMTS Broadband) und surfen Sie dann unterwegs in Deutschland mit DSL Geschwindigkeit im Internet. Vodafone HSUPA (High Speed Uplink Packet Access) erm\u00f6glicht, je nach gew\u00e4hltem Vodafone HSUPA Tarif und Hardware zur Zeit Upload Geschwindigkeiten von bis zu 5.600 kBit\/s (schneller als Upstream bei <a title=\"Vodafone DSL\" href=\"https:\/\/tarife-aktionen.de\/vodafone\/archiv-dsl-tarife\/vodafone-dsl-classic-paket-internet-telefon\" target=\"_blank\" rel=\"noopener\">DSL<\/a> oder VDSL 25) und per Vodafone HSDPA werden im Download bis zu 21.600 kBit\/s erreicht. Nutzen Sie den Vodafone HSUPA Check und pr\u00fcfen die HSUPA Verf\u00fcgbarkeit:<\/p>\n<h2>Vodafone HSUPA (UMTS Broadband) als Vorg\u00e4nger von Vodafone LTE (Long Term Evolution)<\/h2>\n<p>Vodafone HSUPA (High Speed Uplink Packet Access) ist, in Verbindung mit Vodafone HSDPA (Downlink) die zur Zeit am meisten verbreitete Technologie f\u00fcr Internet per Funk in Deutschland (Internet der dritten Generation = 3G). Vodafone HSUPA ist gleichzusetzen dem Upstream bei <a title=\"Vodafone UMTS\" href=\"https:\/\/tarife-aktionen.de\/vodafone\/netzabdeckung\/umts\" target=\"_self\" rel=\"noopener\">Vodafone UMTS<\/a> Broadband und vorwiegend in gr\u00f6\u00dferen deutschen St\u00e4dten und Ballungsgebieten <a title=\"Vodafone HSPA Netzabdeckung\" href=\"https:\/\/tarife-aktionen.de\/vodafone\/netzabdeckung\" target=\"_blank\" rel=\"noopener\">verf\u00fcgbar<\/a>. Vodafone HSUPA und HSDPA im Check oben wird gr\u00fcn angezeigt. Als Nachfolger von Vodafone HSUPA gilt der neue Netzstandard LTE (Long Term Evolution \/ Internet der vierten Generation = 4G). <a title=\"Vodafone LTE\" href=\"https:\/\/tarife-aktionen.de\/vodafone\/lte\" target=\"_self\" rel=\"noopener\">Vodafone LTE<\/a> wird erst auf D\u00f6rfern und kleinen Gemeinden ausgebaut werden und dann mittelfristig eine sehr hohe Verf\u00fcgbarkeit in Deutschland haben. Vodafone LTE wird bis zu 50.000 kBit\/s erm\u00f6glichen (je nach gew\u00e4hltem <a title=\"Vodafone LTE Tarife\" href=\"https:\/\/tarife-aktionen.de\/vodafone\/zuhause\/lte\" target=\"_blank\" rel=\"noopener\">Vodafone LTE Tarif<\/a>) &#8211; mehr als Vodafone HSUPA.<\/p>\n<p><span style=\"color: #888888;\">*Die Angaben zur Vodafone HSUPA Verf\u00fcgbarkeit im Check oben werden direkt von Vodafone getroffen. Alle Angeboten aus dem Vodafone HSUPA Check sind ohne Gew\u00e4hr.<\/span><\/p>\n","protected":false},"excerpt":{"rendered":"<p>Mit dem Vodafone HSUPA Check k\u00f6nnen Sie die Vodafone HSUPA Verf\u00fcgbarkeit pr\u00fcfen. Der Standard f\u00fcr schnelles mobiles Internet HSUPA steht f\u00fcr &#8220;High Speed Uplink Packet Access&#8221; (Upstream \/ Upload von Daten). Erg\u00e4nzt wird Vodafone HSUPA durch HSDPA (Downlink \/ Downstream). Pr\u00fcfen Sie unverbindlich, ob Vodafone HSUPA Highspeed Internet verf\u00fcgbar ist. Vodafone HSUPA Netzabdeckung Karte \/ &hellip; <a href=\"https:\/\/tarife-aktionen.de\/vodafone\/netzabdeckung\/hsupa\" class=\"more-link\"><span class=\"screen-reader-text\">Vodafone HSUPA &#8211; Netzabdeckung \/ Verf\u00fcgbarkeit \/ Netzausbau<\/span> weiterlesen <span class=\"meta-nav\">&rarr;<\/span><\/a><\/p>\n","protected":false},"author":29,"featured_media":0,"parent":363,"menu_order":0,"comment_status":"closed","ping_status":"closed","template":"","meta":{"footnotes":""},"class_list":["post-1746","page","type-page","status-publish","hentry"],"_links":{"self":[{"href":"https:\/\/tarife-aktionen.de\/vodafone\/wp-json\/wp\/v2\/pages\/1746","targetHints":{"allow":["GET"]}}],"collection":[{"href":"https:\/\/tarife-aktionen.de\/vodafone\/wp-json\/wp\/v2\/pages"}],"about":[{"href":"https:\/\/tarife-aktionen.de\/vodafone\/wp-json\/wp\/v2\/types\/page"}],"author":[{"embeddable":true,"href":"https:\/\/tarife-aktionen.de\/vodafone\/wp-json\/wp\/v2\/users\/29"}],"replies":[{"embeddable":true,"href":"https:\/\/tarife-aktionen.de\/vodafone\/wp-json\/wp\/v2\/comments?post=1746"}],"version-history":[{"count":2,"href":"https:\/\/tarife-aktionen.de\/vodafone\/wp-json\/wp\/v2\/pages\/1746\/revisions"}],"predecessor-version":[{"id":6411,"href":"https:\/\/tarife-aktionen.de\/vodafone\/wp-json\/wp\/v2\/pages\/1746\/revisions\/6411"}],"up":[{"embeddable":true,"href":"https:\/\/tarife-aktionen.de\/vodafone\/wp-json\/wp\/v2\/pages\/363"}],"wp:attachment":[{"href":"https:\/\/tarife-aktionen.de\/vodafone\/wp-json\/wp\/v2\/media?parent=1746"}],"curies":[{"name":"wp","href":"https:\/\/api.w.org\/{rel}","templated":true}]}}