{"id":1764,"date":"2016-02-07T00:01:40","date_gmt":"2016-02-06T23:01:40","guid":{"rendered":"https:\/\/tarife-aktionen.de\/vodafone\/?page_id=1764"},"modified":"2023-10-22T21:19:31","modified_gmt":"2023-10-22T19:19:31","slug":"verfuegbarkeit","status":"publish","type":"page","link":"https:\/\/tarife-aktionen.de\/vodafone\/verfuegbarkeit","title":{"rendered":"Vodafone Verf\u00fcgbarkeit pr\u00fcfen: Festnetz und Mobilfunk-Netz"},"content":{"rendered":"<p>Die <span class=\"farbig\">Vodafone Verf\u00fcgbarkeit<\/span> ist fast \u00fcberall\u00a0in Deutschland gegeben. Hier k\u00f6nnen Sie die <strong><a title=\"Vodafone Verf\u00fcgbarkeit Zuhause Tarife: DSL, VDSL, Kabel, LTE\" href=\"https:\/\/tarife-aktionen.de\/vodafone\/zuhause\/verfuegbarkeit\">Vodafone Zuhause Verf\u00fcgbarkeit<\/a><\/strong> (DSL, VDSL, Kabel, LTE) sowie die <strong><a title=\"Vodafone Mobilfunk Netzabdeckung: LTE, HSPA, UMTS, EDGE\" href=\"https:\/\/tarife-aktionen.de\/vodafone\/netzabdeckung\">Vodafone Mobilfunk Verf\u00fcgbarkeit<\/a><\/strong> (Netzabdeckung LTE, HSPA, UMTS usw.) pr\u00fcfen.<\/p>\n<p style=\"text-align: center; font-size: 18px;\"><a title=\"Karte Vodafone Netzabdeckung \u00f6ffnen\" href=\"https:\/\/tarife-aktionen.de\/vodafone\/zum-anbieter\/vodafone-mobilfunk\/vodafone-mobilfunk-check\" target=\"_blank\" rel=\"noopener\"><strong>Mobilfunk Verf\u00fcgbarkeit<\/strong><\/a><\/p>\n<p style=\"text-align: center; font-size: 18px; margin-bottom: 5px;\"><strong><a title=\"Vodafone Festnetz Verf\u00fcgbarkeit pr\u00fcfen: DSL, VDSL, Kabel, LTE, Glasfaser\" href=\"https:\/\/tarife-aktionen.de\/vodafone\/zum-anbieter\/vodafone-festnetz\/vodafone-festnetz-check\" target=\"_blank\" rel=\"noopener\">Festnetz Verf\u00fcgbarkeit<\/a><\/strong><\/p>\n<h2>Vodafone Verf\u00fcgbarkeit\u00a0<span class=\"farbig\">Festnetz<\/span>\u00a0&#8211;\u00a0DSL, VDSL, Kabel, LTE (DSL Ersatz)<\/h2>\n<p><a title=\"Vodafone Festnetz \/ Zuhause Verf\u00fcgbarkeit online pr\u00fcfen (DSL, VDSL, Kabel, Glasfaser, LTE)\" href=\"https:\/\/tarife-aktionen.de\/vodafone\/zum-anbieter\/vodafone-festnetz\/vodafone-festnetz-check\" target=\"_blank\" rel=\"noopener\"><img decoding=\"async\" class=\"alignright size-full wp-image-730\" src=\"https:\/\/tarife-aktionen.de\/vodafone\/inhalte\/2016\/01\/vodafone-breitband-verfuegbarkeit-pruefen.png\" alt=\"Vodafone Breitband Internet Verf\u00fcgbarkeit pr\u00fcfen\" width=\"150\" height=\"200\" srcset=\"https:\/\/tarife-aktionen.de\/vodafone\/inhalte\/2016\/01\/vodafone-breitband-verfuegbarkeit-pruefen.png 150w, https:\/\/tarife-aktionen.de\/vodafone\/inhalte\/2016\/01\/vodafone-breitband-verfuegbarkeit-pruefen-80x107.png 80w\" sizes=\"(max-width: 150px) 100vw, 150px\" \/><\/a>Die <span class=\"farbig\">Vodafone Verf\u00fcgbarkeit<\/span> f\u00fcr die <strong><a title=\"Vodafone Zuhause Tarife: DSL, VDSL, Kabel, LTE, TV, Telefon\" href=\"https:\/\/tarife-aktionen.de\/vodafone\/zuhause\">Zuhause Tarife<\/a><\/strong> richtet sich nach verschiedenen Faktoren wie Region \/ Anschrift, Kabell\u00e4nge zum Verteiler und mehr. In 13 Bundesl\u00e4ndern (Bayern, Berlin, Brandenburg, Bremen, Hamburg, Mecklenburg-Vorpommern, Niedersachsen, Rheinland-Pfalz, Saarland, Sachsen, Sachsen-Anhalt, Schleswig-Holstein und Th\u00fcringen) ist das <strong><a title=\"Vodafone Kabel Tarife: Internet, Telefon und optional TV\" href=\"https:\/\/tarife-aktionen.de\/vodafone\/zuhause\/kabel\">Vodafone Kabel<\/a><\/strong> Netz (ex Kabel Deutschland) ausgebaut und verf\u00fcgbar, also besonders schnelles Surfen per Koaxial \/ Glasfaser-Netz. Wo Vodafone Kabel nicht verf\u00fcgbar ist, erhalten Sie <strong><a title=\"Vodafone DSL Tarife: Internet, Telefon und optional TV\" href=\"https:\/\/tarife-aktionen.de\/vodafone\/zuhause\/dsl\">Vodafone DSL<\/a><\/strong> und <strong><a title=\"Vodafone VDSL Tarife: Internet, Telefon und optional TV\" href=\"https:\/\/tarife-aktionen.de\/vodafone\/zuhause\/vdsl\">Vodafone VDSL<\/a><\/strong>. Ist auch Breitband Internet Verf\u00fcgbarkeit von DSL \/ VDSL nicht gegeben, bietet Vodafone in vielen Regionen <strong><a title=\"Vodafone LTE Zuhause Tarife \u2013 Internet und Telefon\" href=\"https:\/\/tarife-aktionen.de\/vodafone\/zuhause\/lte\">LTE als Festnetz-Ersatz<\/a><\/strong>. Verf\u00fcgbarkeit Breitband Internet pr\u00fcfen:<\/p>\n<ul class=\"desktop-tablet\">\n<li><strong><a title=\"Vodafone Breitband Internet Verf\u00fcgbarkeit online pr\u00fcfen\" href=\"https:\/\/tarife-aktionen.de\/vodafone\/zum-anbieter\/vodafone-festnetz\/vodafone-festnetz-check\" target=\"_blank\" rel=\"noopener\">Vodafone Verf\u00fcgbarkeit online pr\u00fcfen<\/a>\u00a0&#8211; f\u00fcr DSL, VDSL, Kabel und Zuhause LTE.<\/strong><\/li>\n<li>Vodafone Verf\u00fcgbarkeit Breitband Internet\u00a0<span class=\"farbig\">telefonisch<\/span> unter\u00a0<strong><a href=\"tel:+4939434099929\" onclick=\"ga('send', 'event', 'hotline', 'hotline-content', 'hotline-content-ohne-zeit');\">0 39 43 \/ 40 999 29<\/a><\/strong> erfragen oder unseren\u00a0<a title=\"Vodafone Verf\u00fcgbarkeit Kabel \/ DSL \/ LTE telefonisch pr\u00fcfen\" href=\"https:\/\/tarife-aktionen.de\/vodafone\/zuhause\/verfuegbarkeit\/telefonisch-pruefen\">R\u00fcckruf-Service<\/a>\u00a0(kostenlos und unverbindlich) nutzen. Unsere Mitarbeiter informieren Sie zur Verf\u00fcgbarkeit von <a title=\"Vodafone Kabel Verf\u00fcgbarkeit pr\u00fcfen (Internet, Telefon, TV)\" href=\"https:\/\/tarife-aktionen.de\/vodafone\/kabel-deutschland\/verfuegbarkeit-check-vodafone-kabel\">Kabel<\/a>, <a title=\"Vodafone VDSL Verf\u00fcgbarkeit pr\u00fcfen (Verf\u00fcgbarkeitscheck)\" href=\"https:\/\/tarife-aktionen.de\/vodafone\/vdsl\/verfuegbarkeit-check-karte-netzausbau-vodafone-vdsl\">VDSL<\/a>, <a title=\"Vodafone DSL Verf\u00fcgbarkeit pr\u00fcfen (DSL Verf\u00fcgbarkeitscheck)\" href=\"https:\/\/tarife-aktionen.de\/vodafone\/dsl\/verfuegbarkeit-check-karte-netzausbau-vodafone-dsl\">DSL<\/a> und <a title=\"Vodafone Zuhause LTE Verf\u00fcgbarkeit pr\u00fcfen (DSL Alternative)\" href=\"https:\/\/tarife-aktionen.de\/vodafone\/zuhause\/lte\/verfuegbarkeit\">LTE Zuhause<\/a>.<\/li>\n<li><a title=\"Schriftliche Anfrage Vodafone Verf\u00fcgbarkeit Kabel, DSL, LTE\" href=\"https:\/\/tarife-aktionen.de\/vodafone\/zuhause\/verfuegbarkeit\/schriftliche-anfrage\"><strong>Schriftliche Anfrage zur Vodafone Verf\u00fcgbarkeit Breitband Internet<\/strong><\/a><\/li>\n<\/ul>\n<ul class=\"smartphone\">\n<li><strong><a title=\"Vodafone Breitband Internet Verf\u00fcgbarkeit online pr\u00fcfen\" href=\"https:\/\/tarife-aktionen.de\/vodafone\/zum-anbieter\/vodafone-festnetz\/vodafone-festnetz-check\" target=\"_blank\" rel=\"noopener\">Verf\u00fcgbarkeit online pr\u00fcfen<\/a><\/strong><\/li>\n<li>Vodafone Verf\u00fcgbarkeit <span class=\"farbig\">telefonisch<\/span> unter <strong><a href=\"tel:+4939434099929\" onclick=\"ga('send', 'event', 'hotline', 'hotline-content', 'hotline-content-ohne-zeit');\">0 39 43 \/ 40 999 29<\/a><\/strong> erfragen oder <a title=\"Vodafone Verf\u00fcgbarkeit Kabel \/ DSL \/ LTE telefonisch pr\u00fcfen\" href=\"https:\/\/tarife-aktionen.de\/vodafone\/zuhause\/verfuegbarkeit\/telefonisch-pruefen\">R\u00fcckruf-Service<\/a> nutzen.<\/li>\n<li><a title=\"Schriftliche Anfrage Vodafone Verf\u00fcgbarkeit Kabel, DSL, LTE\" href=\"https:\/\/tarife-aktionen.de\/vodafone\/zuhause\/verfuegbarkeit\/schriftliche-anfrage\"><strong>Schriftliche Anfrage Verf\u00fcgbarkeit<\/strong><\/a><\/li>\n<\/ul>\n<h2>Vodafone Verf\u00fcgbarkeit <span class=\"farbig\">Mobilfunk-Netz<\/span>\u00a0&#8211; Netzabdeckung LTE \/ HSPA \/ UMTS<\/h2>\n<p><a title=\"Vodafone Mobilfunk Netzabdeckung pr\u00fcfen (Verf\u00fcgbarkeit LTE, HSPA, UMTS usw.)\" href=\"https:\/\/tarife-aktionen.de\/vodafone\/zum-anbieter\/vodafone-mobilfunk\/vodafone-mobilfunk-check\" target=\"_blank\" rel=\"noopener\"><img decoding=\"async\" class=\"alignright size-full wp-image-733\" src=\"https:\/\/tarife-aktionen.de\/vodafone\/inhalte\/2016\/01\/vodafone-netzabdeckung-mobilfunk-pruefen-verfuegbarkeit.png\" alt=\"Vodafone Netzabdeckung pr\u00fcfen\" width=\"150\" height=\"200\" srcset=\"https:\/\/tarife-aktionen.de\/vodafone\/inhalte\/2016\/01\/vodafone-netzabdeckung-mobilfunk-pruefen-verfuegbarkeit.png 150w, https:\/\/tarife-aktionen.de\/vodafone\/inhalte\/2016\/01\/vodafone-netzabdeckung-mobilfunk-pruefen-verfuegbarkeit-80x107.png 80w\" sizes=\"(max-width: 150px) 100vw, 150px\" \/><\/a>Die Vodafone Verf\u00fcgbarkeit des mobilen Datennetzes und Handynetzes ist fast fl\u00e4chendeckend in Deutschland gegeben. Das Vodafone Mobilfunk Netz \u00fcberzeugt mit einer sehr guten <strong><a title=\"Vodafone Mobilfunk Netzabdeckung: LTE, HSPA, UMTS, EDGE\" href=\"https:\/\/tarife-aktionen.de\/vodafone\/netzabdeckung\">Netzabdeckung<\/a><\/strong>. In vielen Regionen Surfen Sie bereits mobil mit dem Netz der vierten Generation (4G \/ <strong><a title=\"Vodafone LTE \u2013 Netzabdeckung \/ Verf\u00fcgbarkeit \/ Netzausbau\" href=\"https:\/\/tarife-aktionen.de\/vodafone\/netzabdeckung\/lte\">Vodafone LTE<\/a><\/strong>). Ist Vodafone LTE noch nicht ausgebaut, k\u00f6nnen sie oft \u00fcber den ebenfalls schnellen <strong><a title=\"Vodafone HSPA \u2013 Netzabdeckung \/ Verf\u00fcgbarkeit \/ Netzausbau\" href=\"https:\/\/tarife-aktionen.de\/vodafone\/netzabdeckung\/hspa\">HSPA<\/a><\/strong> bzw. <strong><a title=\"Vodafone UMTS \u2013 Netzabdeckung \/ Verf\u00fcgbarkeit \/ Netzausbau\" href=\"https:\/\/tarife-aktionen.de\/vodafone\/netzabdeckung\/umts\">UMTS<\/a><\/strong> Standard unterwegs Surfen und Telefonieren. Mit dem Vodafone Mobilfunknetz macht unterwegs Surfen und Telefonieren via <a title=\"Smartphones bei Vodafone\" href=\"https:\/\/tarife-aktionen.de\/vodafone\/infos\/smartphones\">Smartphone<\/a> oder auch mobiles Internet per Tablet \/ Laptop (Datentarife) besonders viel Spass.<\/p>\n<ul class=\"desktop-tablet\">\n<li><strong><a title=\"Vodafone Mobilfunk Netzabdeckung hier online pr\u00fcfen\" href=\"https:\/\/tarife-aktionen.de\/vodafone\/zum-anbieter\/vodafone-mobilfunk\/vodafone-mobilfunk-check\" target=\"_blank\" rel=\"noopener\">Vodafone Verf\u00fcgbarkeit online pr\u00fcfen<\/a>\u00a0&#8211; f\u00fcr LTE, HSPA \/ HSDPA, UMTS, EDGE usw.<\/strong><\/li>\n<li>Vodafone Verf\u00fcgbarkeit <span class=\"farbig\">telefonisch<\/span> unter\u00a0<strong><a href=\"tel:+4939434099929\" onclick=\"ga('send', 'event', 'hotline', 'hotline-content', 'hotline-content-ohne-zeit');\">0 39 43 \/ 40 999 29<\/a><\/strong> erfragen oder <strong><a title=\"Callback \/ R\u00fcckruf: telefonische Beratung zu Vodafone Tarifen\" href=\"https:\/\/tarife-aktionen.de\/vodafone\/kontakt\/telefonische-beratung\">R\u00fcckruf-Service<\/a><\/strong>\u00a0(unverbindlich &amp; kostenlos) nutzen.<\/li>\n<li><strong><a title=\"Kontaktformular: schriftliche Anfrage zu Vodafone Tarifen\" href=\"https:\/\/tarife-aktionen.de\/vodafone\/kontakt\/schriftliche-anfrage\">Schriftliche Anfrage zur Vodafone Netzabdeckung\u00a0stellen<\/a><\/strong><\/li>\n<\/ul>\n<ul class=\"smartphone\">\n<li><strong><a title=\"Vodafone Mobilfunk Netzabdeckung hier online pr\u00fcfen\" href=\"https:\/\/tarife-aktionen.de\/vodafone\/zum-anbieter\/vodafone-mobilfunk\/vodafone-mobilfunk-check\" target=\"_blank\" rel=\"noopener\">Vodafone Netzabdeckung\u00a0online pr\u00fcfen<\/a><\/strong><\/li>\n<li>Vodafone Netzabdeckung <span class=\"farbig\">telefonisch<\/span> unter <strong><a href=\"tel:+4939434099929\" onclick=\"ga('send', 'event', 'hotline', 'hotline-content', 'hotline-content-ohne-zeit');\">0 39 43 \/ 40 999 29<\/a><\/strong> erfragen oder <strong><a title=\"Callback \/ R\u00fcckruf: telefonische Beratung zu Vodafone Tarifen\" href=\"https:\/\/tarife-aktionen.de\/vodafone\/kontakt\/telefonische-beratung\">R\u00fcckruf-Service<\/a><\/strong> nutzen.<\/li>\n<li><strong><a title=\"Kontaktformular: schriftliche Anfrage zu Vodafone Tarifen\" href=\"https:\/\/tarife-aktionen.de\/vodafone\/kontakt\/schriftliche-anfrage\">Schriftliche Anfrage Netzabdeckung<\/a><\/strong><\/li>\n<\/ul>\n<h2>Vodafone ist verf\u00fcgbar? <span class=\"farbig\">Angebote f\u00fcr Zuhause und unterwegs:<\/span><\/h2>\n<p>Das Vodafone Mobilfunk Netz oder die Vodafone Zuhause Tarife sind bei Ihnen verf\u00fcgbar? Gern beraten wir Sie auch <strong><a title=\"Callback \/ R\u00fcckruf: telefonische Beratung zu Vodafone Tarifen\" href=\"https:\/\/tarife-aktionen.de\/vodafone\/kontakt\/telefonische-beratung\">telefonisch<\/a><\/strong> zu den Vodafone Tarifen oder pr\u00fcfen die Verf\u00fcgbarkeit.<\/p>\n<h2>Verf\u00fcgbarkeit f\u00fcr <span class=\"farbig\">alternative Anbieter<\/span> pr\u00fcfen (Telekom und\u00a0o2 \/ Telefonica)<\/h2>\n<p>Wir sind unabh\u00e4ngiger Dienstleister und beraten neben Vodafone auch zu den beiden anderen gro\u00dfen Netzbetreibern in Deutschland. Ist Vodafone nicht bei Ihnen verf\u00fcgbar, k\u00f6nnen Sie hier die Verf\u00fcgbarkeit bzw. den Netzausbau der Telekom und von o2 \/ Telefonica pr\u00fcfen:<\/p>\n<ul>\n<li><strong><a title=\"Telekom Verf\u00fcgbarkeit pr\u00fcfen\" href=\"https:\/\/telekom.tarife-angebote.de\/verfuegbarkeit\" target=\"_blank\" rel=\"noopener\">Telekom Verf\u00fcgbarkeit pr\u00fcfen<\/a>\u00a0&#8211; DSL, VDSL, Hybrid, Glasfaser sowie Mobilfunk-Netz<\/strong><\/li>\n<li><strong><a title=\"o2 Verf\u00fcgbarkeit pr\u00fcfen\" href=\"https:\/\/o2.surfen-telefonieren.de\/o2-verfuegbarkeit\" target=\"_blank\" rel=\"noopener\">o2 Verf\u00fcgbarkeit pr\u00fcfen<\/a><\/strong><strong>\u00a0&#8211; o2 DSL \/ VDSL sowie o2 Netzabdeckung<\/strong><\/li>\n<\/ul>\n","protected":false},"excerpt":{"rendered":"<p>Die Vodafone Verf\u00fcgbarkeit ist fast \u00fcberall\u00a0in Deutschland gegeben. Hier k\u00f6nnen Sie die Vodafone Zuhause Verf\u00fcgbarkeit (DSL, VDSL, Kabel, LTE) sowie die Vodafone Mobilfunk Verf\u00fcgbarkeit (Netzabdeckung LTE, HSPA, UMTS usw.) pr\u00fcfen. Mobilfunk Verf\u00fcgbarkeit Festnetz Verf\u00fcgbarkeit Vodafone Verf\u00fcgbarkeit\u00a0Festnetz\u00a0&#8211;\u00a0DSL, VDSL, Kabel, LTE (DSL Ersatz) Die Vodafone Verf\u00fcgbarkeit f\u00fcr die Zuhause Tarife richtet sich nach verschiedenen Faktoren wie Region &hellip; <a href=\"https:\/\/tarife-aktionen.de\/vodafone\/verfuegbarkeit\" class=\"more-link\"><span class=\"screen-reader-text\">Vodafone Verf\u00fcgbarkeit pr\u00fcfen: Festnetz und Mobilfunk-Netz<\/span> weiterlesen <span class=\"meta-nav\">&rarr;<\/span><\/a><\/p>\n","protected":false},"author":30,"featured_media":0,"parent":0,"menu_order":90,"comment_status":"closed","ping_status":"closed","template":"","meta":{"footnotes":""},"class_list":["post-1764","page","type-page","status-publish","hentry"],"_links":{"self":[{"href":"https:\/\/tarife-aktionen.de\/vodafone\/wp-json\/wp\/v2\/pages\/1764","targetHints":{"allow":["GET"]}}],"collection":[{"href":"https:\/\/tarife-aktionen.de\/vodafone\/wp-json\/wp\/v2\/pages"}],"about":[{"href":"https:\/\/tarife-aktionen.de\/vodafone\/wp-json\/wp\/v2\/types\/page"}],"author":[{"embeddable":true,"href":"https:\/\/tarife-aktionen.de\/vodafone\/wp-json\/wp\/v2\/users\/30"}],"replies":[{"embeddable":true,"href":"https:\/\/tarife-aktionen.de\/vodafone\/wp-json\/wp\/v2\/comments?post=1764"}],"version-history":[{"count":5,"href":"https:\/\/tarife-aktionen.de\/vodafone\/wp-json\/wp\/v2\/pages\/1764\/revisions"}],"predecessor-version":[{"id":6598,"href":"https:\/\/tarife-aktionen.de\/vodafone\/wp-json\/wp\/v2\/pages\/1764\/revisions\/6598"}],"wp:attachment":[{"href":"https:\/\/tarife-aktionen.de\/vodafone\/wp-json\/wp\/v2\/media?parent=1764"}],"curies":[{"name":"wp","href":"https:\/\/api.w.org\/{rel}","templated":true}]}}