{"id":1808,"date":"2016-02-07T00:01:16","date_gmt":"2016-02-06T23:01:16","guid":{"rendered":"https:\/\/tarife-aktionen.de\/vodafone\/?page_id=1808"},"modified":"2022-12-22T21:35:25","modified_gmt":"2022-12-22T20:35:25","slug":"rabatte","status":"publish","type":"page","link":"https:\/\/tarife-aktionen.de\/vodafone\/mobilfunk\/rabatte","title":{"rendered":"Rabatte f\u00fcr Vodafone Mobilfunk Tarife f\u00fcr ausgew\u00e4hlte Kunden"},"content":{"rendered":"<p>Hier finden Sie Informationen zu Rabatten und Preisvorteilen bei Vodafone:<\/p>\n<ul>\n<li><a title=\"Vodafone Rabatte f\u00fcr junge Leute \u2013 Mobilfunk und Festnetz\" href=\"https:\/\/tarife-aktionen.de\/vodafone\/mobilfunk\/rabatte\/fuer-junge-leute\">Vodafone Rabatte f\u00fcr <strong>junge Leute<\/strong> bis zum Alter von 25 Jahren<\/a><\/li>\n<li><a title=\"Vodafone Rabatte f\u00fcr Studenten \u2013 Mobilfunk und Festnetz\" href=\"https:\/\/tarife-aktionen.de\/vodafone\/mobilfunk\/rabatte\/fuer-studenten\">Vodafone Rabatte f\u00fcr <strong>Studenten<\/strong> bis zum Alter von 30 Jahren<\/a><\/li>\n<li><a title=\"Vodafone Rabatte f\u00fcr Senioren, Rentner und Pension\u00e4re\" href=\"https:\/\/tarife-aktionen.de\/vodafone\/mobilfunk\/rabatte\/fuer-senioren-rentner-pensionaere\">Vodafone Rabatte f\u00fcr <strong>Senioren, Rentner und Pension\u00e4re<\/strong><\/a><\/li>\n<li>Vodafone\u00a0Rabatte f\u00fcr <strong>Menschen mit Behinderung<\/strong> (mind. 50%)<\/li>\n<\/ul>\n","protected":false},"excerpt":{"rendered":"<p>Hier finden Sie Informationen zu Rabatten und Preisvorteilen bei Vodafone: Vodafone Rabatte f\u00fcr junge Leute bis zum Alter von 25 Jahren Vodafone Rabatte f\u00fcr Studenten bis zum Alter von 30 Jahren Vodafone Rabatte f\u00fcr Senioren, Rentner und Pension\u00e4re Vodafone\u00a0Rabatte f\u00fcr Menschen mit Behinderung (mind. 50%)<\/p>\n","protected":false},"author":28,"featured_media":0,"parent":216,"menu_order":590000,"comment_status":"closed","ping_status":"closed","template":"","meta":{"footnotes":""},"class_list":["post-1808","page","type-page","status-publish","hentry"],"_links":{"self":[{"href":"https:\/\/tarife-aktionen.de\/vodafone\/wp-json\/wp\/v2\/pages\/1808","targetHints":{"allow":["GET"]}}],"collection":[{"href":"https:\/\/tarife-aktionen.de\/vodafone\/wp-json\/wp\/v2\/pages"}],"about":[{"href":"https:\/\/tarife-aktionen.de\/vodafone\/wp-json\/wp\/v2\/types\/page"}],"author":[{"embeddable":true,"href":"https:\/\/tarife-aktionen.de\/vodafone\/wp-json\/wp\/v2\/users\/28"}],"replies":[{"embeddable":true,"href":"https:\/\/tarife-aktionen.de\/vodafone\/wp-json\/wp\/v2\/comments?post=1808"}],"version-history":[{"count":1,"href":"https:\/\/tarife-aktionen.de\/vodafone\/wp-json\/wp\/v2\/pages\/1808\/revisions"}],"predecessor-version":[{"id":5957,"href":"https:\/\/tarife-aktionen.de\/vodafone\/wp-json\/wp\/v2\/pages\/1808\/revisions\/5957"}],"up":[{"embeddable":true,"href":"https:\/\/tarife-aktionen.de\/vodafone\/wp-json\/wp\/v2\/pages\/216"}],"wp:attachment":[{"href":"https:\/\/tarife-aktionen.de\/vodafone\/wp-json\/wp\/v2\/media?parent=1808"}],"curies":[{"name":"wp","href":"https:\/\/api.w.org\/{rel}","templated":true}]}}