{"id":1822,"date":"2016-02-07T00:01:47","date_gmt":"2016-02-06T23:01:47","guid":{"rendered":"https:\/\/tarife-aktionen.de\/vodafone\/?page_id=1822"},"modified":"2023-10-22T21:16:56","modified_gmt":"2023-10-22T19:16:56","slug":"fuer-junge-leute","status":"publish","type":"page","link":"https:\/\/tarife-aktionen.de\/vodafone\/mobilfunk\/rabatte\/fuer-junge-leute","title":{"rendered":"Vodafone Rabatte f\u00fcr junge Leute &#8211; Mobilfunk und Festnetz"},"content":{"rendered":"<p><img decoding=\"async\" class=\"alignright size-full wp-image-1848\" src=\"https:\/\/tarife-aktionen.de\/vodafone\/inhalte\/2016\/02\/vodafone-junge-leute-rabatt.jpg\" alt=\"Vodafone Rabatte f\u00fcr junge Leute - Mobilfunk und Festnetz\" width=\"150\" height=\"100\" srcset=\"https:\/\/tarife-aktionen.de\/vodafone\/inhalte\/2016\/02\/vodafone-junge-leute-rabatt.jpg 150w, https:\/\/tarife-aktionen.de\/vodafone\/inhalte\/2016\/02\/vodafone-junge-leute-rabatt-80x53.jpg 80w\" sizes=\"(max-width: 150px) 100vw, 150px\" \/>Mit dem Vodafone <span class=\"farbig\">Junge Leute Rabatt<\/span> erhalten junge Menschen bis zu einem Alter von 25 Jahren (alternativ: <a title=\"Vodafone Rabatte f\u00fcr Studenten \u2013 Mobilfunk und Festnetz\" href=\"https:\/\/tarife-aktionen.de\/vodafone\/mobilfunk\/rabatte\/fuer-studenten\">Studenten-Rabatt bis 30<\/a>) viele Preisvorteile bei den <strong><a title=\"Vodafone Mobilfunk Tarife f\u00fcr Smartphones, Tablets und mehr\" href=\"https:\/\/tarife-aktionen.de\/vodafone\/mobilfunk\">Vodafone Mobilfunk Tarifen<\/a><\/strong> (Smartphone- und Daten-Tarife). Die Art des Preisnachlasses \/ Rabattes richtet sich nach dem bestellten Tarif (weniger Grundgeb\u00fchr, mehr Datenvolumen oder \u00e4hnliches). F\u00fcr die <strong><a title=\"Vodafone Zuhause Tarife: DSL, VDSL, Kabel, LTE, TV, Telefon\" href=\"https:\/\/tarife-aktionen.de\/vodafone\/zuhause\">Vodafone Zuhause Tarife<\/a><\/strong> gibt es aktuell keine Preisvorteile \/ Rabatte f\u00fcr Junge Leute.<\/p>\n<h2>Junge Leute Rabatt abh\u00e4ngig vom gew\u00e4hlten Mobilfunk Tarif<\/h2>\n<p>Welcher Junge Leute Preisvorteil oder Rabatt gilt, ist abh\u00e4ngig vom gew\u00e4hlten Vodafone Tarif. Sie k\u00f6nnen sich im <a title=\"Vodafone Onlineshop: Onlinebestellung Festnetz und Mobilfunk\" href=\"https:\/\/tarife-aktionen.de\/vodafone\/onlinebestellung\">Vodafone Onlineshop<\/a> \u00fcber den <strong>Junge Leute Vorteil<\/strong> informieren:<\/p>\n<ul>\n<li><strong><a title=\"Vodafone Smartphone Tarife\" href=\"https:\/\/tarife-aktionen.de\/vodafone\/zum-anbieter\/vodafone-postpaid\/vodafone-mobilfunk-postpaid\" target=\"_blank\" rel=\"noopener\">Vodafone Smartphone Tarife<\/a><\/strong> mit Rabatten und Preisvorteilen f\u00fcr junge Leute<\/li>\n<li><strong><a title=\"Vodafone Datentarife\" href=\"https:\/\/tarife-aktionen.de\/vodafone\/zum-anbieter\/vodafone-datentarife\/vodafone-mobilfunk-datentarife\" target=\"_blank\" rel=\"noopener\">Vodafone Datentarife<\/a><\/strong> (f\u00fcr Tablet \/ Laptop) mit Rabatt f\u00fcr junge Menschen bis 25<\/li>\n<\/ul>\n<p>Weitere Informationen zum Rabatt f\u00fcr junge Leute finden Sie\u00a0<strong>HIER<\/strong>\u00a0im Vodafone InfoDok.<\/p>\n<h2>Kein Junge Leute Rabatt f\u00fcr Vodafone Zuhause Tarife<\/h2>\n<p>F\u00fcr die <strong><a title=\"Vodafone Zuhause Tarife: DSL, VDSL, Kabel, LTE, TV, Telefon\" href=\"https:\/\/tarife-aktionen.de\/vodafone\/zuhause\">Vodafone Zuhause Tarife<\/a><\/strong>\u00a0(Festnetz Vertrag) gibt es aktuell keine Vorteile f\u00fcr junge Leute. Alle Kunden, die einen Festnetz und Mobilfunk Tarif bei Vodafone kombinieren, k\u00f6nnen mit dem Vodafone Vorteil bzw. Red One Preisvorteile f\u00fcr den Zuhause Tarif erhalten.<\/p>\n<p style=\"color: #888888;\">*Der Vodafone Junge Leute Rabatt gilt f\u00fcr alle bis zu einem Alter von 25 Jahren. Das Alter muss im Rahmen der Vodafone Bestellung nachgewiesen werden (Geburtsdatum). Der Preisvorteil f\u00fcr Junge Leute gilt nur f\u00fcr einen Vodafone Vertrag.<\/p>\n","protected":false},"excerpt":{"rendered":"<p>Mit dem Vodafone Junge Leute Rabatt erhalten junge Menschen bis zu einem Alter von 25 Jahren (alternativ: Studenten-Rabatt bis 30) viele Preisvorteile bei den Vodafone Mobilfunk Tarifen (Smartphone- und Daten-Tarife). Die Art des Preisnachlasses \/ Rabattes richtet sich nach dem bestellten Tarif (weniger Grundgeb\u00fchr, mehr Datenvolumen oder \u00e4hnliches). F\u00fcr die Vodafone Zuhause Tarife gibt es &hellip; <a href=\"https:\/\/tarife-aktionen.de\/vodafone\/mobilfunk\/rabatte\/fuer-junge-leute\" class=\"more-link\"><span class=\"screen-reader-text\">Vodafone Rabatte f\u00fcr junge Leute &#8211; Mobilfunk und Festnetz<\/span> weiterlesen <span class=\"meta-nav\">&rarr;<\/span><\/a><\/p>\n","protected":false},"author":28,"featured_media":0,"parent":1808,"menu_order":0,"comment_status":"closed","ping_status":"closed","template":"","meta":{"footnotes":""},"class_list":["post-1822","page","type-page","status-publish","hentry"],"_links":{"self":[{"href":"https:\/\/tarife-aktionen.de\/vodafone\/wp-json\/wp\/v2\/pages\/1822","targetHints":{"allow":["GET"]}}],"collection":[{"href":"https:\/\/tarife-aktionen.de\/vodafone\/wp-json\/wp\/v2\/pages"}],"about":[{"href":"https:\/\/tarife-aktionen.de\/vodafone\/wp-json\/wp\/v2\/types\/page"}],"author":[{"embeddable":true,"href":"https:\/\/tarife-aktionen.de\/vodafone\/wp-json\/wp\/v2\/users\/28"}],"replies":[{"embeddable":true,"href":"https:\/\/tarife-aktionen.de\/vodafone\/wp-json\/wp\/v2\/comments?post=1822"}],"version-history":[{"count":3,"href":"https:\/\/tarife-aktionen.de\/vodafone\/wp-json\/wp\/v2\/pages\/1822\/revisions"}],"predecessor-version":[{"id":6457,"href":"https:\/\/tarife-aktionen.de\/vodafone\/wp-json\/wp\/v2\/pages\/1822\/revisions\/6457"}],"up":[{"embeddable":true,"href":"https:\/\/tarife-aktionen.de\/vodafone\/wp-json\/wp\/v2\/pages\/1808"}],"wp:attachment":[{"href":"https:\/\/tarife-aktionen.de\/vodafone\/wp-json\/wp\/v2\/media?parent=1822"}],"curies":[{"name":"wp","href":"https:\/\/api.w.org\/{rel}","templated":true}]}}