{"id":1872,"date":"2018-08-03T23:50:22","date_gmt":"2018-08-03T21:50:22","guid":{"rendered":"https:\/\/tarife-aktionen.de\/vodafone\/?page_id=1872"},"modified":"2023-10-22T21:23:45","modified_gmt":"2023-10-22T19:23:45","slug":"lte","status":"publish","type":"page","link":"https:\/\/tarife-aktionen.de\/vodafone\/lte","title":{"rendered":"Vodafone LTE &#8211; Verf\u00fcgbarkeit, Tarife, Beratung, Bestellung"},"content":{"rendered":"<p><span class=\"desktop-tablet\">Mit <span class=\"farbig\">Vodafone LTE<\/span> erhalten Sie mobiles Internet der vierten Generation (4G). Das <a title=\"Vodafone LTE \u2013 Netzabdeckung \/ Verf\u00fcgbarkeit \/ Netzausbau\" href=\"https:\/\/tarife-aktionen.de\/vodafone\/netzabdeckung\/lte\">LTE Netz<\/a> k\u00f6nnen Sie\u00a0<strong>unterwegs<\/strong> per <a title=\"Smartphones bei Vodafone\" href=\"https:\/\/tarife-aktionen.de\/vodafone\/infos\/smartphones\">Smartphone<\/a> \/ Tablet \/ Laptop nutzen, aber auch <strong><a title=\"Vodafone LTE Zuhause Tarife \u2013 Internet und Telefon\" href=\"https:\/\/tarife-aktionen.de\/vodafone\/zuhause\/lte\">Zuhause<\/a><\/strong>. <\/span><span class=\"smartphone\"><span class=\"farbig\">Vodafone LTE (4G):<\/span> unterwegs (z.B. per <a title=\"Smartphones bei Vodafone\" href=\"https:\/\/tarife-aktionen.de\/vodafone\/infos\/smartphones\">Smartphone<\/a> \/ Tablet \/ Laptop) und <strong><a title=\"Vodafone LTE Zuhause Tarife \u2013 Internet und Telefon\" href=\"https:\/\/tarife-aktionen.de\/vodafone\/zuhause\/lte\">Zuhause<\/a><\/strong> nutzen.<\/span><\/p>\n<h2><span class=\"desktop-tablet\"><span class=\"farbig\">Verf\u00fcgbarkeit<\/span>\u00a0Vodafone LTE pr\u00fcfen: 4G Netzabdeckung unterwegs und daheim <\/span><span class=\"smartphone\"><span class=\"farbig\">Verf\u00fcgbarkeit<\/span>\u00a0Vodafone LTE<\/span><\/h2>\n<ul class=\"desktop-tablet\">\n<li>Vodafone LTE f\u00fcr unterwegs: <a title=\"Karte Vodafone LTE Netzabdeckung \u00f6ffnen\" href=\"https:\/\/tarife-aktionen.de\/vodafone\/zum-anbieter\/vodafone-mobilfunk\/vodafone-mobilfunk-check\" target=\"_blank\" rel=\"noopener\"><strong>4G \/ LTE Netzabdeckungskarte \u00f6ffnen<\/strong><\/a><\/li>\n<li>Vodafone LTE f\u00fcr Zuhause (z.B. Hybrid Tarife): <a title=\"Vodafone LTE f\u00fcr Zuhause: Verf\u00fcgbarkeit pr\u00fcfen\" href=\"https:\/\/tarife-aktionen.de\/vodafone\/zum-anbieter\/vodafone-gigacube\/vodafone-gigacube-check\" target=\"_blank\" rel=\"noopener\"><strong>Verf\u00fcgbarkeit LTE Zuhause<\/strong><\/a><\/li>\n<\/ul>\n<ul class=\"smartphone\">\n<li>F\u00fcr unterwegs: <a title=\"Karte Vodafone LTE Netzabdeckung \u00f6ffnen\" href=\"https:\/\/tarife-aktionen.de\/vodafone\/zum-anbieter\/vodafone-mobilfunk\/vodafone-mobilfunk-check\" target=\"_blank\" rel=\"noopener\"><strong>Netzkarte \u00f6ffnen<\/strong><\/a><\/li>\n<li>F\u00fcr Zuhause: <a title=\"Vodafone LTE f\u00fcr Zuhause: Verf\u00fcgbarkeit pr\u00fcfen\" href=\"https:\/\/tarife-aktionen.de\/vodafone\/zum-anbieter\/vodafone-gigacube\/vodafone-gigacube-check\" target=\"_blank\" rel=\"noopener\"><strong>Breitband Check<\/strong><\/a><\/li>\n<\/ul>\n<h2><span class=\"desktop-tablet\"><span class=\"farbig\">Tarife<\/span> mit Vodafone LTE: f\u00fcr Smartphones, Tablets und f\u00fcr Zuhause <\/span><span class=\"smartphone\"><span class=\"farbig\">Tarife<\/span> mit Vodafone LTE<\/span><\/h2>\n<ul class=\"desktop-tablet\">\n<li><a title=\"Vodafone LTE Zuhause Tarife \u2013 Internet und Telefon\" href=\"https:\/\/tarife-aktionen.de\/vodafone\/zuhause\/lte\"><strong>LTE Zuhause Tarife<\/strong><\/a>: schnell surfen, wenn kein DSL, VDSL oder Kabel verf\u00fcgbar ist.<\/li>\n<li><strong><a title=\"Vodafone LTE Smartphone Tarife\" href=\"https:\/\/tarife-aktionen.de\/vodafone\/zum-anbieter\/vodafone-postpaid\/vodafone-mobilfunk-postpaid\" target=\"_blank\" rel=\"noopener\">Smartphone Tarife<\/a>:<\/strong> per LTE Highspeed Surfen mit\u00a0Ihrem Handy \/ Smartphone.<\/li>\n<li><strong><a title=\"Vodafone LTE Datentarife f\u00fcr Tablet oder Laptop\" href=\"https:\/\/tarife-aktionen.de\/vodafone\/zum-anbieter\/vodafone-datentarife\/vodafone-mobilfunk-datentarife\" target=\"_blank\" rel=\"noopener\">Datentarife<\/a>:<\/strong> unterwegs per Tablet \/ Laptop mit LTE Surfen mit Vodafone LTE.<\/li>\n<\/ul>\n<ul class=\"smartphone\">\n<li><a title=\"Vodafone LTE Zuhause Tarife \u2013 Internet und Telefon\" href=\"https:\/\/tarife-aktionen.de\/vodafone\/zuhause\/lte\"><strong>LTE Zuhause Tarife<\/strong><\/a><\/li>\n<li><a title=\"Vodafone LTE Smartphone Tarife\" href=\"https:\/\/tarife-aktionen.de\/vodafone\/zum-anbieter\/vodafone-postpaid\/vodafone-mobilfunk-postpaid\" target=\"_blank\" rel=\"noopener\"><strong>Smartphone Tarife mit LTE<\/strong><\/a><\/li>\n<li><strong><a title=\"Vodafone LTE Datentarife f\u00fcr Tablet \/ Laptop\" href=\"https:\/\/tarife-aktionen.de\/vodafone\/zum-anbieter\/vodafone-datentarife\/vodafone-mobilfunk-datentarife\" target=\"_blank\" rel=\"noopener\">Datentarife mit LTE<\/a><\/strong><\/li>\n<\/ul>\n<h2><span class=\"desktop-tablet\"><span class=\"farbig\">Ger\u00e4te<\/span> f\u00fcr Vodafone LTE: Smartphones, Tablets, Router und mehr\u00a0<\/span><span class=\"smartphone\"><span class=\"farbig\">Ger\u00e4te<\/span> f\u00fcr Vodafone LTE<\/span><\/h2>\n<ul class=\"desktop-tablet\">\n<li><a title=\"Vodafone EasyBox LTE\" href=\"https:\/\/tarife-aktionen.de\/vodafone\/zum-anbieter\/vodafone-gigacube\/vodafone-gigacube-allgemein\" target=\"_blank\" rel=\"noopener\"><strong>Vodafone EasyBox LTE<\/strong><\/a>: Zuhause schnell surfen, wo kein DSL oder Kabel geht.<\/li>\n<li><a title=\"AVM Fritz!Box LTE mit Vodafone Vertrag\" href=\"https:\/\/tarife-aktionen.de\/vodafone\/zum-anbieter\/vodafone-gigacube\/vodafone-gigacube-allgemein\" target=\"_blank\" rel=\"noopener\"><strong>AVM Fritz!Box LTE<\/strong><\/a>: alternative zur Vodafone EasyBox LTE.<\/li>\n<li><strong><a title=\"Smartphones f\u00fcr Vodafone LTE\" href=\"https:\/\/tarife-aktionen.de\/vodafone\/zum-anbieter\/vodafone-postpaid\/vodafone-mobilfunk-postpaid\" target=\"_blank\" rel=\"noopener\">Smartphones mit LTE<\/a><\/strong>: unterwegs mit dem Handy schnelle Internet per LTE.<\/li>\n<li><strong><a title=\"Tablets f\u00fcr Vodafone LTE\" href=\"https:\/\/tarife-aktionen.de\/vodafone\/zum-anbieter\/vodafone-datentarife\/vodafone-mobilfunk-datentarife\" target=\"_blank\" rel=\"noopener\">Tablets mit LTE<\/a><\/strong>: unterwegs per Tablets-PC das Vodafone Highspeed Netz nutzen.<\/li>\n<li><strong><a title=\"Surfsticks f\u00fcr Vodafone LTE\" href=\"https:\/\/tarife-aktionen.de\/vodafone\/zum-anbieter\/vodafone-datentarife\/vodafone-mobilfunk-datentarife\" target=\"_blank\" rel=\"noopener\">SurfSticks mit LTE<\/a><\/strong>: per Laptop \/ Notebook \/ Netbook \u00fcber Vodafone LTE surfen.<\/li>\n<li><strong><a title=\"Mobile WLAN Router f\u00fcr Vodafone LTE\" href=\"https:\/\/tarife-aktionen.de\/vodafone\/zum-anbieter\/vodafone-datentarife\/vodafone-mobilfunk-datentarife\" target=\"_blank\" rel=\"noopener\">Mobile Router mit LTE<\/a><\/strong>: mobiler WLAN HotSpot (Vodafone LTE gemeinsam nutzen).<\/li>\n<\/ul>\n<ul class=\"smartphone\">\n<li><a title=\"Vodafone EasyBox LTE\" href=\"https:\/\/tarife-aktionen.de\/vodafone\/zum-anbieter\/vodafone-gigacube\/vodafone-gigacube-allgemein\" target=\"_blank\" rel=\"noopener\"><strong>Vodafone EasyBox LTE<\/strong><\/a><\/li>\n<li><a title=\"AVM Fritz!Box LTE mit Vodafone Vertrag\" href=\"https:\/\/tarife-aktionen.de\/vodafone\/zum-anbieter\/vodafone-gigacube\/vodafone-gigacube-allgemein\" target=\"_blank\" rel=\"noopener\"><strong>AVM Fritz!Box LTE<\/strong><\/a><\/li>\n<li><strong><a title=\"Smartphones f\u00fcr Vodafone LTE\" href=\"https:\/\/tarife-aktionen.de\/vodafone\/zum-anbieter\/vodafone-postpaid\/vodafone-mobilfunk-postpaid\" target=\"_blank\" rel=\"noopener\">Smartphones mit LTE<\/a><\/strong><\/li>\n<li><strong><a title=\"Tablets f\u00fcr Vodafone LTE\" href=\"https:\/\/tarife-aktionen.de\/vodafone\/zum-anbieter\/vodafone-datentarife\/vodafone-mobilfunk-datentarife\" target=\"_blank\" rel=\"noopener\">Tablets mit LTE<\/a><\/strong><\/li>\n<li><strong><a title=\"Surfsticks f\u00fcr Vodafone LTE\" href=\"https:\/\/tarife-aktionen.de\/vodafone\/zum-anbieter\/vodafone-datentarife\/vodafone-mobilfunk-datentarife\" target=\"_blank\" rel=\"noopener\">SurfSticks mit LTE<\/a><\/strong><\/li>\n<li><strong><a title=\"Mobile WLAN Router f\u00fcr Vodafone LTE\" href=\"https:\/\/tarife-aktionen.de\/vodafone\/zum-anbieter\/vodafone-datentarife\/vodafone-mobilfunk-datentarife\" target=\"_blank\" rel=\"noopener\">Mobile Router mit LTE<\/a><\/strong><\/li>\n<\/ul>\n<h2><span class=\"desktop-tablet\"><span class=\"farbig\">LTE Ausbau:<\/span> beste Netzabdeckung im Vodafone D2 Netz <\/span><span class=\"smartphone\"><span class=\"farbig\">LTE Ausbau<\/span> im D2-Netz<br \/>\n<\/span><\/h2>\n<p><img decoding=\"async\" class=\"alignright size-full wp-image-1887\" src=\"https:\/\/tarife-aktionen.de\/vodafone\/inhalte\/2016\/02\/vodafone-lte.jpg\" alt=\"Vodafone LTE\" width=\"150\" height=\"100\" srcset=\"https:\/\/tarife-aktionen.de\/vodafone\/inhalte\/2016\/02\/vodafone-lte.jpg 150w, https:\/\/tarife-aktionen.de\/vodafone\/inhalte\/2016\/02\/vodafone-lte-80x53.jpg 80w\" sizes=\"(max-width: 150px) 100vw, 150px\" \/>LTE steht f\u00fcr <strong>Long Term Evolution<\/strong>. LTE ist das mobile Datennetz der <span class=\"farbig\"><strong>4.\u00a0Generation (4G)<\/strong><\/span>. Der Ausbau des schnellen Vodafone LTE Netzes wurde bereits im Jahre 2010 begonnen. Zun\u00e4chst erfolgte der <a title=\"Vodafone LTE \u2013 Netzabdeckung \/ Verf\u00fcgbarkeit \/ Netzausbau\" href=\"https:\/\/tarife-aktionen.de\/vodafone\/netzabdeckung\/lte\">LTE Ausbau<\/a> in l\u00e4ndlichen Regionen, um dort die L\u00fccken in der Breitband-Versorgung zu schlie\u00dfen\u00a0(<strong><a title=\"Vodafone LTE Zuhause Tarife \u2013 Internet und Telefon\" href=\"https:\/\/tarife-aktionen.de\/vodafone\/zuhause\/lte\">LTE Zuhause Tarife<\/a><\/strong>). Mittlerweile ist Vodafone LTE fast fl\u00e4chendeckend in Deutschland <a title=\"Vodafone Zuhause LTE Verf\u00fcgbarkeit pr\u00fcfen (DSL Alternative)\" href=\"https:\/\/tarife-aktionen.de\/vodafone\/zuhause\/lte\/verfuegbarkeit\">verf\u00fcgbar<\/a>. Vodafone nutzt beim Netzausbau verschiedene Frequenzen: 800 MHz (vor allem auf dem Lande \/ hohe Reichweite) sowie 1800 MHz und 2600 MHz (vor allen in St\u00e4dten \/ hohe Internet Bandbreiten). Via Vodafone LTE sind Geschwindigkeiten von bis 375 MBit\/s m\u00f6glich:\u00a0mehr als\u00a0im <a title=\"Vodafone Verf\u00fcgbarkeit Zuhause Tarife: DSL, VDSL, Kabel, LTE\" href=\"https:\/\/tarife-aktionen.de\/vodafone\/zuhause\/verfuegbarkeit\">Festnetz<\/a>.<\/p>\n","protected":false},"excerpt":{"rendered":"<p>Mit Vodafone LTE erhalten Sie mobiles Internet der vierten Generation (4G). Das LTE Netz k\u00f6nnen Sie\u00a0unterwegs per Smartphone \/ Tablet \/ Laptop nutzen, aber auch Zuhause. Vodafone LTE (4G): unterwegs (z.B. per Smartphone \/ Tablet \/ Laptop) und Zuhause nutzen. Verf\u00fcgbarkeit\u00a0Vodafone LTE pr\u00fcfen: 4G Netzabdeckung unterwegs und daheim Verf\u00fcgbarkeit\u00a0Vodafone LTE Vodafone LTE f\u00fcr unterwegs: 4G &hellip; <a href=\"https:\/\/tarife-aktionen.de\/vodafone\/lte\" class=\"more-link\"><span class=\"screen-reader-text\">Vodafone LTE &#8211; Verf\u00fcgbarkeit, Tarife, Beratung, Bestellung<\/span> weiterlesen <span class=\"meta-nav\">&rarr;<\/span><\/a><\/p>\n","protected":false},"author":28,"featured_media":0,"parent":0,"menu_order":10,"comment_status":"closed","ping_status":"closed","template":"","meta":{"footnotes":""},"class_list":["post-1872","page","type-page","status-publish","hentry"],"_links":{"self":[{"href":"https:\/\/tarife-aktionen.de\/vodafone\/wp-json\/wp\/v2\/pages\/1872","targetHints":{"allow":["GET"]}}],"collection":[{"href":"https:\/\/tarife-aktionen.de\/vodafone\/wp-json\/wp\/v2\/pages"}],"about":[{"href":"https:\/\/tarife-aktionen.de\/vodafone\/wp-json\/wp\/v2\/types\/page"}],"author":[{"embeddable":true,"href":"https:\/\/tarife-aktionen.de\/vodafone\/wp-json\/wp\/v2\/users\/28"}],"replies":[{"embeddable":true,"href":"https:\/\/tarife-aktionen.de\/vodafone\/wp-json\/wp\/v2\/comments?post=1872"}],"version-history":[{"count":5,"href":"https:\/\/tarife-aktionen.de\/vodafone\/wp-json\/wp\/v2\/pages\/1872\/revisions"}],"predecessor-version":[{"id":6710,"href":"https:\/\/tarife-aktionen.de\/vodafone\/wp-json\/wp\/v2\/pages\/1872\/revisions\/6710"}],"wp:attachment":[{"href":"https:\/\/tarife-aktionen.de\/vodafone\/wp-json\/wp\/v2\/media?parent=1872"}],"curies":[{"name":"wp","href":"https:\/\/api.w.org\/{rel}","templated":true}]}}