{"id":212,"date":"2015-08-17T00:01:45","date_gmt":"2015-08-16T22:01:45","guid":{"rendered":"https:\/\/tarife-aktionen.de\/vodafone\/?page_id=212"},"modified":"2023-10-22T21:25:48","modified_gmt":"2023-10-22T19:25:48","slug":"zuhause","status":"publish","type":"page","link":"https:\/\/tarife-aktionen.de\/vodafone\/zuhause","title":{"rendered":"Vodafone Zuhause Tarife: DSL, VDSL, Kabel, LTE, TV, Telefon"},"content":{"rendered":"<p>Mit den <span class=\"farbig\">Vodafone Zuhause<\/span> Tarifen erhalten Sie Highspeed Internet (surfen via DSL, VDSL, Glasfaser \/ Kabel Internet und LTE), Telefonanschluss (Festnetz Telefonieren) und Fernsehen (IPTV via DSL \/ VDSL oder Kabelfernsehen) zum fairen Preis. Neben <span class=\"farbig\">Arcor<\/span> wird \/ wurde auch Deutschland gr\u00f6\u00dfter <a title=\"Kabelanbieter in Deutschland\" href=\"https:\/\/internet-telefon-fernsehen.de\/kabelanbieter\" target=\"_blank\" rel=\"noopener\">Kabelanbieter<\/a> <span class=\"farbig\">Kabel Deutschland<\/span> bei Vodafone integriert.<\/p>\n<h2><span class=\"desktop-tablet\">Vodafone Zuhause <span class=\"farbig\">Tarif\u00fcbersicht<\/span>: Internet, Telefon und TV <\/span><span class=\"smartphone\">Vodafone Zuhause <span class=\"farbig\">Tarif\u00fcbersicht<\/span><\/span><\/h2>\n<ul>\n<li><strong><a title=\"Vodafone DSL, VDSL und Telefon Tarife online bestellen\" href=\"https:\/\/tarife-aktionen.de\/vodafone\/zum-anbieter\/vodafone-dsl\/vodafone-festnetz-dsl-allgemein\" target=\"_blank\" rel=\"noopener\">DSL \/ VDSL und Telefon<\/a><\/strong> &#8211; Internetanschluss und Telefonanschluss zum Pauschalpreis<\/li>\n<li><a title=\"Vodafone IPTV \/ TV und DSL \/ VDSL sowie Telefon Tarife online bestellen\" href=\"https:\/\/tarife-aktionen.de\/vodafone\/zum-anbieter\/vodafone-tv\/vodafone-festnetz-tv-allgemein\" target=\"_blank\" rel=\"noopener\"><strong>IPTV, DSL \/ VDSL und Telefon<\/strong><\/a> &#8211; Fernsehen (IPTV), Internetanschluss und Telefonanschluss<\/li>\n<li><strong><a title=\"Kabel Deutschland \/ Vodafone Kabel Internet, Telefon und TV Tarife online bestellen\" href=\"https:\/\/tarife-aktionen.de\/vodafone\/zum-anbieter\/vodafone-kabel\/vodafone-festnetz-kabel-allgemein\" target=\"_blank\" rel=\"noopener\">Kabel Internet, Telefonie und TV<\/a><\/strong> &#8211; in 13 Bundesl\u00e4ndern (vorher Kabel Deutschland)<\/li>\n<li><strong><a title=\"Vodafone Zuhause LTE Tarife online bestellen\" href=\"https:\/\/tarife-aktionen.de\/vodafone\/zum-anbieter\/vodafone-gigacube\/vodafone-gigacube-allgemein\" target=\"_blank\" rel=\"noopener\">Zuhause LTE Internet &amp; Telefon<\/a><\/strong> &#8211; die Alternative, wenn kein \/ langsames DSL verf\u00fcgbar ist.<\/li>\n<li><a title=\"Vodafone Zuhause Festnetz Flat online bestellen\" href=\"https:\/\/tarife-aktionen.de\/vodafone\/zum-anbieter\/vodafone-festnetz\/vodafone-festnetz-allgemein\" target=\"_blank\" rel=\"noopener\"><strong>Zuhause Festnetz Flat<\/strong><\/a> &#8211; Telefonanschluss ohne Internetzugang (z.B. f\u00fcr Senioren)<\/li>\n<\/ul>\n<h2><span class=\"desktop-tablet\">Kostenlose <span class=\"farbig\">Tarifberatung<\/span> zu den Vodafone Zuhause Tarifen <\/span><span class=\"smartphone\"><span class=\"farbig\">Tarifberatung<\/span> durch Partner<\/span><\/h2>\n<p>Wir als autorisierter Vodafone und Kabel Deutschland Partner beraten Sie gern, welcher Zuhause Tarif bei Ihnen verf\u00fcgbar ist und welches Angebot am besten zu Ihren Bed\u00fcrfnissen passt. Lassen Sie sich kostenfrei beraten: <strong><a title=\"Callback \/ R\u00fcckruf: telefonische Beratung zu Vodafone Tarifen\" href=\"https:\/\/tarife-aktionen.de\/vodafone\/kontakt\/telefonische-beratung\">Callback<\/a> \/ <a title=\"Kontaktformular: schriftliche Anfrage zu Vodafone Tarifen\" href=\"https:\/\/tarife-aktionen.de\/vodafone\/kontakt\/schriftliche-anfrage\">Anfrage<\/a> \/ <a title=\"Bestellformulare \/ Flyer Vodafone Tarife per Post \/ eMail\" href=\"https:\/\/tarife-aktionen.de\/vodafone\/kontakt\/unterlagen-zusenden\">Unterlagen<\/a><\/strong> oder <span class=\"farbig\">anrufen<\/span>:<\/p>\n<p><span class=\"desktop-tablet\">Tel.: <strong><a href=\"tel:+4939434099929\" onclick=\"ga('send', 'event', 'hotline', 'hotline-content', 'hotline-content-mit-zeit');\">0 39 43 \/ 40 999 29<\/a><\/strong> (Mo.-Fr. 7:30-22 \/ Sa. 8-22 \/ So. + Feiertag 10-22 Uhr) <\/span><span class=\"smartphone\">Tel.: <strong><a href=\"tel:+4939434099929\" onclick=\"ga('send', 'event', 'hotline', 'hotline-content', 'hotline-content-mit-zeit');\">0 39 43 \/ 40 999 29<\/a><\/strong> (Mo.-Fr. 7:30-22 \/ Sa. 8-22 \/ So. + Feiertag 10-22 Uhr)<\/span><\/p>\n","protected":false},"excerpt":{"rendered":"<p>Mit den Vodafone Zuhause Tarifen erhalten Sie Highspeed Internet (surfen via DSL, VDSL, Glasfaser \/ Kabel Internet und LTE), Telefonanschluss (Festnetz Telefonieren) und Fernsehen (IPTV via DSL \/ VDSL oder Kabelfernsehen) zum fairen Preis. Neben Arcor wird \/ wurde auch Deutschland gr\u00f6\u00dfter Kabelanbieter Kabel Deutschland bei Vodafone integriert. Vodafone Zuhause Tarif\u00fcbersicht: Internet, Telefon und TV &hellip; <a href=\"https:\/\/tarife-aktionen.de\/vodafone\/zuhause\" class=\"more-link\"><span class=\"screen-reader-text\">Vodafone Zuhause Tarife: DSL, VDSL, Kabel, LTE, TV, Telefon<\/span> weiterlesen <span class=\"meta-nav\">&rarr;<\/span><\/a><\/p>\n","protected":false},"author":28,"featured_media":0,"parent":0,"menu_order":100000,"comment_status":"closed","ping_status":"closed","template":"","meta":{"footnotes":""},"class_list":["post-212","page","type-page","status-publish","hentry"],"_links":{"self":[{"href":"https:\/\/tarife-aktionen.de\/vodafone\/wp-json\/wp\/v2\/pages\/212","targetHints":{"allow":["GET"]}}],"collection":[{"href":"https:\/\/tarife-aktionen.de\/vodafone\/wp-json\/wp\/v2\/pages"}],"about":[{"href":"https:\/\/tarife-aktionen.de\/vodafone\/wp-json\/wp\/v2\/types\/page"}],"author":[{"embeddable":true,"href":"https:\/\/tarife-aktionen.de\/vodafone\/wp-json\/wp\/v2\/users\/28"}],"replies":[{"embeddable":true,"href":"https:\/\/tarife-aktionen.de\/vodafone\/wp-json\/wp\/v2\/comments?post=212"}],"version-history":[{"count":5,"href":"https:\/\/tarife-aktionen.de\/vodafone\/wp-json\/wp\/v2\/pages\/212\/revisions"}],"predecessor-version":[{"id":6743,"href":"https:\/\/tarife-aktionen.de\/vodafone\/wp-json\/wp\/v2\/pages\/212\/revisions\/6743"}],"wp:attachment":[{"href":"https:\/\/tarife-aktionen.de\/vodafone\/wp-json\/wp\/v2\/media?parent=212"}],"curies":[{"name":"wp","href":"https:\/\/api.w.org\/{rel}","templated":true}]}}