{"id":220,"date":"2018-07-25T02:00:59","date_gmt":"2018-07-25T00:00:59","guid":{"rendered":"https:\/\/tarife-aktionen.de\/vodafone\/?page_id=220"},"modified":"2023-10-22T20:14:55","modified_gmt":"2023-10-22T18:14:55","slug":"bestellformulare","status":"publish","type":"page","link":"https:\/\/tarife-aktionen.de\/vodafone\/bestellformulare","title":{"rendered":"Vodafone Bestellformulare: Festnetz (DSL \/ Kabel) und Mobilfunk Tarife"},"content":{"rendered":"<p><img decoding=\"async\" class=\"alignright size-medium wp-image-3806\" src=\"https:\/\/tarife-aktionen.de\/vodafone\/inhalte\/2018\/07\/bestellformulare-auftrag-vodafone-tarife-150x100.jpg\" alt=\"Vodafone Bestellformulare: Festnetz (DSL \/ Kabel) und Mobilfunk Tarife\" width=\"150\" height=\"100\" srcset=\"https:\/\/tarife-aktionen.de\/vodafone\/inhalte\/2018\/07\/bestellformulare-auftrag-vodafone-tarife.jpg 150w, https:\/\/tarife-aktionen.de\/vodafone\/inhalte\/2018\/07\/bestellformulare-auftrag-vodafone-tarife-80x53.jpg 80w\" sizes=\"(max-width: 150px) 100vw, 150px\" \/>Unsere <span class=\"farbig\"><strong>Vodafone Bestellformulare<\/strong><\/span> bieten die M\u00f6glichkeit, Ihren Vodafone Auftrag (<strong><a href=\"https:\/\/tarife-aktionen.de\/vodafone\/zuhause\">Zuhause<\/a><\/strong> und <a href=\"https:\/\/tarife-aktionen.de\/vodafone\/mobilfunk\"><strong>Mobilfunk <\/strong><\/a>Tarife) schriftlich zu erteilen (statt <strong><a href=\"https:\/\/tarife-aktionen.de\/vodafone\/onlinebestellung\">Onlinebestellung<\/a><\/strong> oder <strong><a href=\"https:\/\/tarife-aktionen.de\/vodafone\/kontakt\/telefonische-beratung\">telefonische<\/a><\/strong> Bestellung). Wenn Sie sich z.B. erst mit Freunden oder der Familie bez\u00fcglich der Vodafone Bestellung beraten wollen, laden Sie einfach die Auftragsformulare herunter. Alternativ k\u00f6nnen wir Ihnen die Unterlagen auch <strong><a href=\"https:\/\/tarife-aktionen.de\/vodafone\/kontakt\/unterlagen-zusenden\">kostenlos zusenden<\/a><\/strong>.<\/p>\n<hr \/>\n<h2>Vodafone Festnetz Bestellformulare als <span class=\"farbig\">PDF Download<\/span><\/h2>\n<ul>\n<li><a href=\"https:\/\/tarife-aktionen.de\/vodafone\/onlinebestellung\" target=\"_blank\" rel=\"noopener\"><strong>Vodafone DSL \/ VDSL und Telefon<\/strong><\/a>: Telefonanschluss, Internetanschluss\u00a0 und IPTV.<\/li>\n<li><strong><a href=\"https:\/\/tarife-aktionen.de\/vodafone\/onlinebestellung\" target=\"_blank\" rel=\"noopener\">Vodafone Kabel Internet, Telefon, TV<\/a><\/strong>: in 13 Bundesl\u00e4ndern (ehemals Kabel Deutschland).<\/li>\n<li><strong><a href=\"https:\/\/tarife-aktionen.de\/vodafone\/onlinebestellung\" target=\"_blank\" rel=\"noopener\">Vodafone Zuhause LTE<\/a><\/strong>: Internet und Telefon via Funk als Alternative zu DSL \/ Festnetz.<\/li>\n<li><strong><a href=\"https:\/\/tarife-aktionen.de\/vodafone\/onlinebestellung\" target=\"_blank\" rel=\"noopener\">Vodafone Zuhause Festnetz<\/a><\/strong>: Telefonanschluss ohne Internet (z.B. f\u00fcr Senioren).<\/li>\n<\/ul>\n<p><em>Alternativ: Vodafone Zuhause Tarife <a href=\"https:\/\/tarife-aktionen.de\/vodafone\/onlinebestellung\">online<\/a> oder <a href=\"https:\/\/tarife-aktionen.de\/vodafone\/kontakt\/telefonische-beratung\">telefonisch<\/a> bestellen.<\/em><\/p>\n<hr \/>\n<h2>Vodafone Mobilfunk Bestellformulare als <span class=\"farbig\">PDF Download<\/span><\/h2>\n<ul>\n<li><a href=\"https:\/\/tarife-aktionen.de\/vodafone\/onlinebestellung\" target=\"_blank\" rel=\"noopener\"><strong>Vodafone Datentarife<\/strong><\/a>: mobiles Internet f\u00fcr Laptop (Surfstick), Tablet usw.<\/li>\n<li><strong>Vodafone Smartphone Tarife<\/strong> (Vertrag \/ Prepaid): bisher kein Formular vorhanden<\/li>\n<\/ul>\n<p><em>Alternativ: Vodafone Mobilfunk Tarife <a href=\"https:\/\/tarife-aktionen.de\/vodafone\/onlinebestellung\">online<\/a> oder telefonisch <a href=\"https:\/\/tarife-aktionen.de\/vodafone\/kontakt\/telefonische-beratung\">bestellen<\/a>.<\/em><\/p>\n<hr \/>\n<h2>Vodafone Bestellformulare kostenlos <span class=\"farbig\">per Post zusenden lassen<\/span><\/h2>\n<p>Wenn Sie nichts ausdrucken k\u00f6nnen, senden wir Ihnen die Vodafone Bestellformulare f\u00fcr Zuhause \/ Festnetz sowie Mobilfunk (Smartphone \/ Tablet) Tarife gern <a href=\"https:\/\/tarife-aktionen.de\/vodafone\/kontakt\/unterlagen-zusenden\"><strong>hier per Post \/ E-Mail zu<\/strong><\/a>.<\/p>\n<hr \/>\n<h2>Vodafone Bestellung \/ Auftrag\u00a0 telefonisch, online oder schriftlich<\/h2>\n<p>Bei uns als Vodafone Partner haben Sie die Wahl, wie Sie bestellen m\u00f6chten. Und egal f\u00fcr welche M\u00f6glichkeit Sie sich entscheiden, Sie erhalten immer die gleichen g\u00fcnstigen <strong><a href=\"https:\/\/tarife-aktionen.de\/vodafone\/infos\/angebote\">Angebote<\/a><\/strong>! Schriftlich bestellen k\u00f6nnen Sie mit den Vodafone Bestellformularen oben, welche Sie <strong><a href=\"https:\/\/tarife-aktionen.de\/vodafone\/kontakt\/unterlagen-uebermitteln\">hier<\/a><\/strong> an uns \u00fcbermitteln k\u00f6nnen. Alternativ beraten wir Sie gern auch <a href=\"https:\/\/tarife-aktionen.de\/vodafone\/kontakt\/telefonische-beratung\"><strong>telefonisch<\/strong><\/a> und Sie k\u00f6nnen bei unseren Mitarbeitern auch am Telefon bestellen. Wenn Sie schon wissen, welchen Tarif Sie w\u00fcnschen, k\u00f6nnen Sie die meisten Vodafone Tarife auch direkt <strong><a href=\"https:\/\/tarife-aktionen.de\/vodafone\/onlinebestellung\">online bestellen<\/a><\/strong>.<\/p>\n","protected":false},"excerpt":{"rendered":"<p>Unsere Vodafone Bestellformulare bieten die M\u00f6glichkeit, Ihren Vodafone Auftrag (Zuhause und Mobilfunk Tarife) schriftlich zu erteilen (statt Onlinebestellung oder telefonische Bestellung). Wenn Sie sich z.B. erst mit Freunden oder der Familie bez\u00fcglich der Vodafone Bestellung beraten wollen, laden Sie einfach die Auftragsformulare herunter. Alternativ k\u00f6nnen wir Ihnen die Unterlagen auch kostenlos zusenden. Vodafone Festnetz Bestellformulare &hellip; <a href=\"https:\/\/tarife-aktionen.de\/vodafone\/bestellformulare\" class=\"more-link\"><span class=\"screen-reader-text\">Vodafone Bestellformulare: Festnetz (DSL \/ Kabel) und Mobilfunk Tarife<\/span> weiterlesen <span class=\"meta-nav\">&rarr;<\/span><\/a><\/p>\n","protected":false},"author":30,"featured_media":3806,"parent":0,"menu_order":900200,"comment_status":"closed","ping_status":"closed","template":"","meta":{"footnotes":""},"class_list":["post-220","page","type-page","status-publish","hentry","has-post-thumbnail"],"_links":{"self":[{"href":"https:\/\/tarife-aktionen.de\/vodafone\/wp-json\/wp\/v2\/pages\/220","targetHints":{"allow":["GET"]}}],"collection":[{"href":"https:\/\/tarife-aktionen.de\/vodafone\/wp-json\/wp\/v2\/pages"}],"about":[{"href":"https:\/\/tarife-aktionen.de\/vodafone\/wp-json\/wp\/v2\/types\/page"}],"author":[{"embeddable":true,"href":"https:\/\/tarife-aktionen.de\/vodafone\/wp-json\/wp\/v2\/users\/30"}],"replies":[{"embeddable":true,"href":"https:\/\/tarife-aktionen.de\/vodafone\/wp-json\/wp\/v2\/comments?post=220"}],"version-history":[{"count":5,"href":"https:\/\/tarife-aktionen.de\/vodafone\/wp-json\/wp\/v2\/pages\/220\/revisions"}],"predecessor-version":[{"id":6304,"href":"https:\/\/tarife-aktionen.de\/vodafone\/wp-json\/wp\/v2\/pages\/220\/revisions\/6304"}],"wp:featuredmedia":[{"embeddable":true,"href":"https:\/\/tarife-aktionen.de\/vodafone\/wp-json\/wp\/v2\/media\/3806"}],"wp:attachment":[{"href":"https:\/\/tarife-aktionen.de\/vodafone\/wp-json\/wp\/v2\/media?parent=220"}],"curies":[{"name":"wp","href":"https:\/\/api.w.org\/{rel}","templated":true}]}}