{"id":267,"date":"2018-08-01T02:00:49","date_gmt":"2018-08-01T00:00:49","guid":{"rendered":"https:\/\/tarife-aktionen.de\/vodafone\/?page_id=267"},"modified":"2023-10-22T21:17:48","modified_gmt":"2023-10-22T19:17:48","slug":"login-meinvodafone","status":"publish","type":"page","link":"https:\/\/tarife-aktionen.de\/vodafone\/login-meinvodafone","title":{"rendered":"MeinVodafone &#8211; Login Vodafone Kundencenter f\u00fcr Festnetz und Mobilfunk"},"content":{"rendered":"<p><a href=\"https:\/\/tarife-aktionen.de\/vodafone\/zum-anbieter\/vodafone-service\/vodafone-service-login\" target=\"_blank\" rel=\"noopener\"><img decoding=\"async\" class=\"alignright size-medium wp-image-326\" src=\"https:\/\/tarife-aktionen.de\/vodafone\/inhalte\/2015\/08\/vodafone-login-meinvodafone-150x100.jpg\" alt=\"MeinVodafone - Login zum Vodafone Kundencenter (Kundenlogin)\" width=\"150\" height=\"100\" srcset=\"https:\/\/tarife-aktionen.de\/vodafone\/inhalte\/2015\/08\/vodafone-login-meinvodafone-150x100.jpg 150w, https:\/\/tarife-aktionen.de\/vodafone\/inhalte\/2015\/08\/vodafone-login-meinvodafone.jpg 300w, https:\/\/tarife-aktionen.de\/vodafone\/inhalte\/2015\/08\/vodafone-login-meinvodafone-210x140.jpg 210w\" sizes=\"(max-width: 150px) 100vw, 150px\" \/><\/a>Im <span class=\"farbig\">MeinVodafone<\/span> Kundenbereich (<a href=\"https:\/\/tarife-aktionen.de\/vodafone\/zum-anbieter\/vodafone-service\/vodafone-service-login\" target=\"_blank\" rel=\"noopener\"><strong>Login hier<\/strong><\/a>) k\u00f6nnen Sie Ihren Vodafone Tarif (<a href=\"https:\/\/tarife-aktionen.de\/vodafone\/festnetz\"><strong>Festnetz<\/strong><\/a> Vertrag, <a href=\"https:\/\/tarife-aktionen.de\/vodafone\/smartphone-tarife\/mit-vertrag\"><strong>Handyvertrag<\/strong><\/a> oder <a href=\"https:\/\/tarife-aktionen.de\/vodafone\/smartphone-tarife\/prepaid-karte\"><strong>Prepaid Karte<\/strong><\/a>) verwalten. Neben der Online-Verwaltung Ihres Tarifs in MeinVodafone k\u00f6nnen Sie sich auch an den <a href=\"https:\/\/tarife-aktionen.de\/vodafone\/kontakt\/kundenservice\"><strong>Vodafone Kundenservice<\/strong><\/a> wenden. Wenn Sie Neukunde sind oder als Bestandskunde einen zus\u00e4tzlichen neuen Tarif bestellen wollen, <a href=\"https:\/\/tarife-aktionen.de\/vodafone\/kontakt\/telefonische-beratung\"><strong>beraten<\/strong><\/a> wir als Vodafone Partner Sie gern.<\/p>\n<hr \/>\n<p style=\"text-align: center; font-size: 18px;\"><strong><a href=\"https:\/\/tarife-aktionen.de\/vodafone\/zum-anbieter\/vodafone-service\/vodafone-service-login\" target=\"_blank\" rel=\"noopener\">Zum Login MeinVodafone<\/a><\/strong><\/p>\n<hr \/>\n<h2><span class=\"farbig\">MeinVodafone<\/span> &#8211; nach dem Login Vodafone Tarif online verwalten<\/h2>\n<ul>\n<li><strong>Tarif &amp; Optionen:<\/strong> Tarifoptionen verwalten, Vertrag oder Prepaid Karte verwalten, Tarif wechseln, Vertrag verl\u00e4ngern (Vertragsverl\u00e4ngerung mit Smartphone) und mehr.<\/li>\n<li><strong>Kundendaten:<\/strong> Rechnungsanschrift, Bankverbindung, Anschrift und mehr verwalten.<\/li>\n<li><strong>Abrechnungen:<\/strong> Vodafone Rechnungen und Verbindungsdaten online einsehen.<\/li>\n<\/ul>\n<hr \/>\n<h2><span class=\"farbig\">Mehrere Vertr\u00e4ge<\/span> in MeinVodafone mit einem Login (Festnetz \/ Mobilfunk)<\/h2>\n<p>Im Vodafone Kundenbereich k\u00f6nnen Sie online Ihre kompletten Kundenvertr\u00e4ge verwalten, egal ob Sie Festnetz (<a href=\"https:\/\/tarife-aktionen.de\/vodafone\/dsl\"><strong>DSL<\/strong><\/a>, <a href=\"https:\/\/tarife-aktionen.de\/vodafone\/vdsl\"><strong>VDSL<\/strong><\/a>, <a href=\"https:\/\/tarife-aktionen.de\/vodafone\/kabel\"><strong>Kabel<\/strong><\/a> oder <a href=\"https:\/\/tarife-aktionen.de\/vodafone\/glasfaser\"><strong>Glasfaser<\/strong><\/a> Tarife) und \/ oder Mobilfunk Kunde (Vertrag bzw. Prepaid) sind. In MeinVodafone k\u00f6nnen Sie Optionen buchen oder auch wieder k\u00fcndigen, die Laufzeit des Vodafone Vertrages pr\u00fcfen, Ihre Kundendaten anpassen und vieles mehr. Wenn Sie einen neuen <strong>zus\u00e4tzlichen Vodafone Tarif<\/strong> abschlie\u00dfen m\u00f6chten, k\u00f6nnen Sie sich einfach <strong><a href=\"https:\/\/tarife-aktionen.de\/vodafone\/onlinebestellung\">online einen Tarif ausw\u00e4hlen<\/a><\/strong> und diesen dann k\u00fcnftig auch \u00fcber &#8220;Mein Vodafone&#8221; verwalten.<\/p>\n<p><a href=\"https:\/\/tarife-aktionen.de\/vodafone\/zum-anbieter\/vodafone-service\/vodafone-service-login\" target=\"_blank\" rel=\"noopener\"><img decoding=\"async\" class=\"aligncenter size-full wp-image-4528\" src=\"https:\/\/tarife-aktionen.de\/vodafone\/inhalte\/2018\/08\/vodafone-login-kundenbereich-meinvodafone.png\" alt=\"Vodafone Login - MeinVodafone - Vertr\u00e4ge verwalten\" width=\"550\" height=\"267\" srcset=\"https:\/\/tarife-aktionen.de\/vodafone\/inhalte\/2018\/08\/vodafone-login-kundenbereich-meinvodafone.png 550w, https:\/\/tarife-aktionen.de\/vodafone\/inhalte\/2018\/08\/vodafone-login-kundenbereich-meinvodafone-150x73.png 150w, https:\/\/tarife-aktionen.de\/vodafone\/inhalte\/2018\/08\/vodafone-login-kundenbereich-meinvodafone-300x146.png 300w, https:\/\/tarife-aktionen.de\/vodafone\/inhalte\/2018\/08\/vodafone-login-kundenbereich-meinvodafone-80x39.png 80w, https:\/\/tarife-aktionen.de\/vodafone\/inhalte\/2018\/08\/vodafone-login-kundenbereich-meinvodafone-210x102.png 210w\" sizes=\"(max-width: 550px) 100vw, 550px\" \/><\/a><\/p>\n<hr \/>\n<h2>Vodafone <span class=\"farbig\">Hotlines Kundenservice<\/span> als Alternative zu MeinVodafone<\/h2>\n<p>Neben der Online-Verwaltung Ihres Vodafone Tarifs \u00fcber &#8220;MeinVodafone&#8221; k\u00f6nnen Sie sich bei Fragen auch an den <a href=\"https:\/\/tarife-aktionen.de\/vodafone\/kontakt\/kundenservice\"><strong>Vodafone Kundenservice<\/strong><\/a> wenden:<\/p>\n<ul>\n<li><strong>Vodafone Hotlines f\u00fcr <span class=\"farbig\">Vertragskunden<\/span><\/strong> (Mobilfunk und Festnetz):\n<ul>\n<li>Kostenfrei aus dem deutschen Vodafone Netz Kurzwahl: <strong><a href=\"tel:1212\" >12 12<\/a><\/strong><\/li>\n<li>Kostenlos aus allen deutschen Netzen: <strong><a href=\"tel:08001721212\" >0800 - 172 12 12<\/a><\/strong><\/li>\n<\/ul>\n<\/li>\n<li><strong>Vodafone Hotlines f\u00fcr <span class=\"farbig\">Prepaid Kunden<\/span><\/strong> (CallYa Prepaid Karte):\n<ul>\n<li>Aus den deutschen Netzen (Preis f\u00fcr Gespr\u00e4ch ins Vodafone Netz): <strong><a href=\"tel:01722290229\" >0172 - 229 02 29<\/a><\/strong><\/li>\n<\/ul>\n<\/li>\n<li><strong>Vodafone <span class=\"farbig\">Kabel Deutschland<\/span> Hotline<\/strong> (Kabelfernsehen, Kabel Internet und Telefonie):\n<ul>\n<li>Kabel Deutschland Kundenservice bei Vertragsfragen: <strong><a href=\"tel:08002787000\" >0800 - 27 87 000<\/a><\/strong><\/li>\n<li>Vodafone Kabel Deutschland St\u00f6rungshotline: <strong><a href=\"tel:08005266625\" >0800 - 52 66 625<\/a><\/strong><\/li>\n<\/ul>\n<\/li>\n<\/ul>\n<p>Viele Anliegen k\u00f6nnen Sie aber auch ohne Hotline selbst in <a href=\"https:\/\/tarife-aktionen.de\/vodafone\/zum-anbieter\/vodafone-service\/vodafone-service-login\" target=\"_blank\" rel=\"noopener\"><strong>MeinVodafone<\/strong><\/a> erledigen.<\/p>\n","protected":false},"excerpt":{"rendered":"<p>Im MeinVodafone Kundenbereich (Login hier) k\u00f6nnen Sie Ihren Vodafone Tarif (Festnetz Vertrag, Handyvertrag oder Prepaid Karte) verwalten. Neben der Online-Verwaltung Ihres Tarifs in MeinVodafone k\u00f6nnen Sie sich auch an den Vodafone Kundenservice wenden. Wenn Sie Neukunde sind oder als Bestandskunde einen zus\u00e4tzlichen neuen Tarif bestellen wollen, beraten wir als Vodafone Partner Sie gern. Zum Login &hellip; <a href=\"https:\/\/tarife-aktionen.de\/vodafone\/login-meinvodafone\" class=\"more-link\"><span class=\"screen-reader-text\">MeinVodafone &#8211; Login Vodafone Kundencenter f\u00fcr Festnetz und Mobilfunk<\/span> weiterlesen <span class=\"meta-nav\">&rarr;<\/span><\/a><\/p>\n","protected":false},"author":30,"featured_media":326,"parent":0,"menu_order":900100,"comment_status":"closed","ping_status":"closed","template":"","meta":{"footnotes":""},"class_list":["post-267","page","type-page","status-publish","hentry","has-post-thumbnail"],"_links":{"self":[{"href":"https:\/\/tarife-aktionen.de\/vodafone\/wp-json\/wp\/v2\/pages\/267","targetHints":{"allow":["GET"]}}],"collection":[{"href":"https:\/\/tarife-aktionen.de\/vodafone\/wp-json\/wp\/v2\/pages"}],"about":[{"href":"https:\/\/tarife-aktionen.de\/vodafone\/wp-json\/wp\/v2\/types\/page"}],"author":[{"embeddable":true,"href":"https:\/\/tarife-aktionen.de\/vodafone\/wp-json\/wp\/v2\/users\/30"}],"replies":[{"embeddable":true,"href":"https:\/\/tarife-aktionen.de\/vodafone\/wp-json\/wp\/v2\/comments?post=267"}],"version-history":[{"count":4,"href":"https:\/\/tarife-aktionen.de\/vodafone\/wp-json\/wp\/v2\/pages\/267\/revisions"}],"predecessor-version":[{"id":6464,"href":"https:\/\/tarife-aktionen.de\/vodafone\/wp-json\/wp\/v2\/pages\/267\/revisions\/6464"}],"wp:featuredmedia":[{"embeddable":true,"href":"https:\/\/tarife-aktionen.de\/vodafone\/wp-json\/wp\/v2\/media\/326"}],"wp:attachment":[{"href":"https:\/\/tarife-aktionen.de\/vodafone\/wp-json\/wp\/v2\/media?parent=267"}],"curies":[{"name":"wp","href":"https:\/\/api.w.org\/{rel}","templated":true}]}}