{"id":2824,"date":"2016-02-18T00:01:55","date_gmt":"2016-02-17T23:01:55","guid":{"rendered":"https:\/\/tarife-aktionen.de\/vodafone\/?page_id=2824"},"modified":"2023-10-22T21:15:59","modified_gmt":"2023-10-22T19:15:59","slug":"prepaid-karte","status":"publish","type":"page","link":"https:\/\/tarife-aktionen.de\/vodafone\/smartphone-tarife\/prepaid-karte","title":{"rendered":"Vodafone Smartphone Tarife mit Prepaid Karte (CallYa)"},"content":{"rendered":"<p>F\u00fcr alle, die keinen Handyvertrag abschlie\u00dfen m\u00f6chten, bietet Vodafone auch g\u00fcnstige Prepaid Tarife an. Mit der Vodafone Prepaid Karte haben Sie volle Kostenkontrolle, also ideal f\u00fcr Kinder und Jugendliche und Kunden mit Bonit\u00e4tsproblemen geeignet. Jetzt auch mit <a title=\"Vodafone LTE \u2013 Verf\u00fcgbarkeit, Tarife, Beratung, Bestellung\" href=\"https:\/\/tarife-aktionen.de\/vodafone\/lte\">LTE<\/a> Nutzung!<\/p>\n<ul>\n<li><a title=\"Vodafone CallYa Smartphone Special\" href=\"https:\/\/tarife-aktionen.de\/vodafone\/zum-anbieter\/vodafone-prepaid\/vodafone-mobilfunk-prepaid\" target=\"_blank\" rel=\"noopener\"><strong>Vodafone CallYa Smartphone Special<\/strong><\/a> &#8211; der beliebteste Tarif (Internet, Freiminuten usw.)<\/li>\n<li><strong><a title=\"Vodafone CallYa Smartphone Allnet Flat\" href=\"https:\/\/tarife-aktionen.de\/vodafone\/zum-anbieter\/vodafone-prepaid\/vodafone-mobilfunk-prepaid\" target=\"_blank\" rel=\"noopener\">Vodafone CallYa Smartphone Allnet Flat<\/a><\/strong> &#8211; mobiles Internet und Allnet Telefon \/ SMS Flat<\/li>\n<li><strong><a title=\"Vodafone CallYa Talk &amp; SMS\" href=\"https:\/\/tarife-aktionen.de\/vodafone\/zum-anbieter\/vodafone-prepaid\/vodafone-mobilfunk-prepaid\" target=\"_blank\" rel=\"noopener\">Vodafone CallYa Talk &amp; SMS<\/a><\/strong> &#8211; Basistarif ohne Grundgeb\u00fchr. Internet optional.<\/li>\n<\/ul>\n<h2>G\u00fcnstige <span class=\"farbig\">Smartphones<\/span> zusammen mit Vodafone\u00a0Prepaid Karte<\/h2>\n<p>Die Vodafone Smartphone Tarife mit Prepaid Karte erhalten Sie auf Wunsch mit neuem Smartphone \/ Handy, zum Beispiel die g\u00fcnstigen <strong><a title=\"Smartphones mit Vodafone Prepaid Karte\" href=\"https:\/\/tarife-aktionen.de\/vodafone\/zum-anbieter\/vodafone-prepaid\/vodafone-mobilfunk-prepaid\" target=\"_blank\" rel=\"noopener\">Eigenmarke-Ger\u00e4te von Vodafone<\/a><\/strong>.<\/p>\n","protected":false},"excerpt":{"rendered":"<p>F\u00fcr alle, die keinen Handyvertrag abschlie\u00dfen m\u00f6chten, bietet Vodafone auch g\u00fcnstige Prepaid Tarife an. Mit der Vodafone Prepaid Karte haben Sie volle Kostenkontrolle, also ideal f\u00fcr Kinder und Jugendliche und Kunden mit Bonit\u00e4tsproblemen geeignet. Jetzt auch mit LTE Nutzung! Vodafone CallYa Smartphone Special &#8211; der beliebteste Tarif (Internet, Freiminuten usw.) Vodafone CallYa Smartphone Allnet Flat &hellip; <a href=\"https:\/\/tarife-aktionen.de\/vodafone\/smartphone-tarife\/prepaid-karte\" class=\"more-link\"><span class=\"screen-reader-text\">Vodafone Smartphone Tarife mit Prepaid Karte (CallYa)<\/span> weiterlesen <span class=\"meta-nav\">&rarr;<\/span><\/a><\/p>\n","protected":false},"author":28,"featured_media":0,"parent":2799,"menu_order":620000,"comment_status":"closed","ping_status":"closed","template":"","meta":{"footnotes":""},"class_list":["post-2824","page","type-page","status-publish","hentry"],"_links":{"self":[{"href":"https:\/\/tarife-aktionen.de\/vodafone\/wp-json\/wp\/v2\/pages\/2824","targetHints":{"allow":["GET"]}}],"collection":[{"href":"https:\/\/tarife-aktionen.de\/vodafone\/wp-json\/wp\/v2\/pages"}],"about":[{"href":"https:\/\/tarife-aktionen.de\/vodafone\/wp-json\/wp\/v2\/types\/page"}],"author":[{"embeddable":true,"href":"https:\/\/tarife-aktionen.de\/vodafone\/wp-json\/wp\/v2\/users\/28"}],"replies":[{"embeddable":true,"href":"https:\/\/tarife-aktionen.de\/vodafone\/wp-json\/wp\/v2\/comments?post=2824"}],"version-history":[{"count":1,"href":"https:\/\/tarife-aktionen.de\/vodafone\/wp-json\/wp\/v2\/pages\/2824\/revisions"}],"predecessor-version":[{"id":6421,"href":"https:\/\/tarife-aktionen.de\/vodafone\/wp-json\/wp\/v2\/pages\/2824\/revisions\/6421"}],"up":[{"embeddable":true,"href":"https:\/\/tarife-aktionen.de\/vodafone\/wp-json\/wp\/v2\/pages\/2799"}],"wp:attachment":[{"href":"https:\/\/tarife-aktionen.de\/vodafone\/wp-json\/wp\/v2\/media?parent=2824"}],"curies":[{"name":"wp","href":"https:\/\/api.w.org\/{rel}","templated":true}]}}