{"id":2974,"date":"2016-02-20T00:01:46","date_gmt":"2016-02-19T23:01:46","guid":{"rendered":"https:\/\/tarife-aktionen.de\/vodafone\/?page_id=2974"},"modified":"2024-10-13T22:56:51","modified_gmt":"2024-10-13T20:56:51","slug":"bereich","status":"publish","type":"page","link":"https:\/\/tarife-aktionen.de\/vodafone\/zuhause\/bereich","title":{"rendered":"Vodafone Zuhause Bereich f\u00fcr Zuhause Festnetz Flat"},"content":{"rendered":"<p><a title=\"Vodafone Zuhause Festnetz Flat online bestellen\" href=\"https:\/\/tarife-aktionen.de\/vodafone\/zum-anbieter\/vodafone-festnetz\/vodafone-festnetz-allgemein\" target=\"_blank\" rel=\"noopener\"><img decoding=\"async\" class=\"alignright size-medium wp-image-376\" src=\"https:\/\/tarife-aktionen.de\/vodafone\/inhalte\/2015\/09\/vodafone-onlinebestellung-150x30.png\" alt=\"Vodafone Onlinebestellung (online bestellen)\" width=\"150\" height=\"30\" srcset=\"https:\/\/tarife-aktionen.de\/vodafone\/inhalte\/2015\/09\/vodafone-onlinebestellung.png 150w, https:\/\/tarife-aktionen.de\/vodafone\/inhalte\/2015\/09\/vodafone-onlinebestellung-80x16.png 80w\" sizes=\"(max-width: 150px) 100vw, 150px\" \/><\/a>Der Tarif Vodafone <strong><a title=\"Vodafone Zuhause Festnetz Flat \u2013 g\u00fcnstiger Telefonanschluss\" href=\"https:\/\/tarife-aktionen.de\/vodafone\/zuhause\/festnetz-flat-telefonanschluss\">Zuhause Festnetz Flat<\/a><\/strong> ist ein g\u00fcnstiger alternativer Telefonanschluss von Vodafone. Sie sind per Festnetz-Rufnummer erreichbar und telefonieren selbst zum Festpreis per Telefonflat ins gesamte deutsche Festnetz. Die Vodafone Zuhause Festnetz Flat wird \u00fcber das <a title=\"Vodafone Mobilfunk Netzabdeckung: LTE, HSPA, UMTS, EDGE\" href=\"https:\/\/tarife-aktionen.de\/vodafone\/netzabdeckung\">Vodafone Handynetz<\/a> realisiert und nicht \u00fcber das Festnetz. Sie k\u00f6nnen den Tarif daher auch im Umkreis von bis zu etwa 2 Kilometer um Ihren Vodafone <span class=\"farbig\">Zuhause Bereich<\/span> nutzen! Also wenn Sie z.B. Ihr Vodafone Schnurlostelefon zum Spazieren oder zu den Nachbarn mitnehmen, sind Sie dann weiterhin unter Ihrer Festnetz Rufnummer erreichbar, wenn Sie sich im Vodafone Zuhausebereich aufhalten.<\/p>\n<hr \/>\n<h2>Zuhause Bereich f\u00fcr Zuhause Festnetz Flat <span class=\"farbig\">individuell festlegen<\/span><\/h2>\n<p><img decoding=\"async\" class=\"alignright size-full wp-image-2982\" src=\"https:\/\/tarife-aktionen.de\/vodafone\/inhalte\/2016\/02\/vodafone-zuhause-bereich.png\" alt=\"Vodafone Zuhause Bereich f\u00fcr Zuhause Festnetz Flat\" width=\"150\" height=\"200\" srcset=\"https:\/\/tarife-aktionen.de\/vodafone\/inhalte\/2016\/02\/vodafone-zuhause-bereich.png 150w, https:\/\/tarife-aktionen.de\/vodafone\/inhalte\/2016\/02\/vodafone-zuhause-bereich-80x107.png 80w\" sizes=\"(max-width: 150px) 100vw, 150px\" \/>Legen Sie den Vodafone Zuhause Bereich so fest, wie Sie es brauchen. Dies muss nicht zwingend Ihre Wohnung \/ Haus sein, sondern kann auch Ihr Arbeitsplatz oder Ihre Lieblingskneipe sein. Im Regelfall umfasst der Vodafone Zuhause Bereich einen <strong>Radius von ca. 1 bis 2 Kilometern<\/strong> um die gew\u00e4hlte Anschrift (abh\u00e4ngig von verschiedenen topografischen Gegebenheiten), so dass Sie Ihren Vodafone Tarif mit Zuhause Bereich Option im Idealfall zu Hause, beim Arbeiten, beim Einkaufen und beim Besuch von Nachbarn nutzen k\u00f6nnen. Im Vodafone Zuhausebereich k\u00f6nnen Sie besonders g\u00fcnstig telefonieren, aber auch selbst g\u00fcnstig unter einer normalen Festnetz Rufnummer angerufen werden. Die Vodafone Zuhause Festnetz Flat ist damit nicht nur eine g\u00fcnstige Alternative zum herk\u00f6mmlichen <a title=\"Telekom Telefonanschluss\" href=\"https:\/\/telekom.tarife-angebote.de\/telefonanschluss\/telekom-call-tarife-ohne-internet\" target=\"_blank\" rel=\"noopener\">Telekom Telefonanschluss<\/a>, sondern bietet somit durch die Gr\u00f6\u00dfe des Vodafone Zuhause Bereiches noch weitere Vorteile zum g\u00fcnstigen Telefonieren.<\/p>\n<hr \/>\n<h2>Vodafone Zuhause Festnetz Flat als <span class=\"farbig\">Seniorenanschluss<\/span><\/h2>\n<p>Viele Senioren und Rentner ben\u00f6tigen oder wollen keinen Internetanschluss. Wer dennoch von der Telekom oder einem anderen Telefon Anbieter zu Vodafone wechseln und dabei sparen m\u00f6chte, f\u00fcr den gibt es die <strong><a title=\"Vodafone Zuhause Festnetz Flat \u2013 g\u00fcnstiger Telefonanschluss\" href=\"https:\/\/tarife-aktionen.de\/vodafone\/zuhause\/festnetz-flat-telefonanschluss\">Vodafone Zuhause Festnetz Flat<\/a><\/strong> mit Telefonflat im Zuhause Bereich ins gesamte deutsche Festnetz. Dieser Senioren Telefonanschluss von Vodafone wird \u00fcber das Handynetz realisiert, aber im Vodafone Zuhausebereich sind Sie dennoch wie gewohnt \u00fcber eine Festnetz Telefonnummer erreichbar (also 040 f\u00fcr Hamburg oder 089 f\u00fcr M\u00fcnchen). Auf Wunsch k\u00f6nnen Sie nat\u00fcrlich Ihre alte Telefonnummer \/ Rufnummer vom alten Telefonanbieter (z.B. Telekom) zu Vodafone mitnehmen. Damit k\u00f6nnen Sie Ihre Verwandten und Bekannten zum g\u00fcnstigen Festnetztarif erreichen. Dank intelligenter <a title=\"Ger\u00e4te f\u00fcr Vodafone Zuhause Festnetz Flat\" href=\"https:\/\/tarife-aktionen.de\/vodafone\/aktuelles\/telefone-zuhause-festnetz-flat\">Hardware \/ Ger\u00e4te<\/a>, welche es bei einer Vodafone Zuhause Festnetz Flat Bestellung \u00fcber uns besonders g\u00fcnstig gibt, k\u00f6nnen Sie auf Wunsch auch Ihr altes Analogtelefon weiter nutzen.<\/p>\n<hr \/>\n<h2><span class=\"farbig\">\u00c4nderung Zuhause-Bereich<\/span> der Vodafone Zuhause Festnetz Flat<\/h2>\n<p>Sie ziehen um oder m\u00f6chten aus einem anderen Grund Ihren Vodafone Zuhause-Bereich \u00e4ndern? Dies k\u00f6nnen Sie \u00fcber den <a title=\"Vodafone Kundenservice: Hotline, Kontaktformular und Hilfe\" href=\"https:\/\/tarife-aktionen.de\/vodafone\/kontakt\/kundenservice\">Vodafone Kundenservice<\/a> oder auch selbst online. Die \u00c4nderung des Zuhause-Bereichs in <a title=\"MeinVodafone \u2013 Login zum Vodafone Kundencenter (Kundenlogin)\" href=\"https:\/\/tarife-aktionen.de\/vodafone\/login-meinvodafone\">MeinVodafone<\/a> erfolgt unter MeinMobilfunk &gt; Meine Daten &gt; Zuhause-Adresse. Die \u00c4nderung des Vodafone Zuhausebereichs ist bis zu einmal monatlich kostenlos m\u00f6glich (z.B. bei Umzug). Zum Vergleich: der Umzug eines Festnetz Telefonanschlusses mit der Telekom kostet einmalig 69,95 \u20ac &#8211; also auch hier \u00fcberzeugt Vodafone mit Fairness.<\/p>\n","protected":false},"excerpt":{"rendered":"<p>Der Tarif Vodafone Zuhause Festnetz Flat ist ein g\u00fcnstiger alternativer Telefonanschluss von Vodafone. Sie sind per Festnetz-Rufnummer erreichbar und telefonieren selbst zum Festpreis per Telefonflat ins gesamte deutsche Festnetz. Die Vodafone Zuhause Festnetz Flat wird \u00fcber das Vodafone Handynetz realisiert und nicht \u00fcber das Festnetz. Sie k\u00f6nnen den Tarif daher auch im Umkreis von bis &hellip; <a href=\"https:\/\/tarife-aktionen.de\/vodafone\/zuhause\/bereich\" class=\"more-link\"><span class=\"screen-reader-text\">Vodafone Zuhause Bereich f\u00fcr Zuhause Festnetz Flat<\/span> weiterlesen <span class=\"meta-nav\">&rarr;<\/span><\/a><\/p>\n","protected":false},"author":30,"featured_media":0,"parent":212,"menu_order":189000,"comment_status":"closed","ping_status":"closed","template":"","meta":{"footnotes":""},"class_list":["post-2974","page","type-page","status-publish","hentry"],"_links":{"self":[{"href":"https:\/\/tarife-aktionen.de\/vodafone\/wp-json\/wp\/v2\/pages\/2974","targetHints":{"allow":["GET"]}}],"collection":[{"href":"https:\/\/tarife-aktionen.de\/vodafone\/wp-json\/wp\/v2\/pages"}],"about":[{"href":"https:\/\/tarife-aktionen.de\/vodafone\/wp-json\/wp\/v2\/types\/page"}],"author":[{"embeddable":true,"href":"https:\/\/tarife-aktionen.de\/vodafone\/wp-json\/wp\/v2\/users\/30"}],"replies":[{"embeddable":true,"href":"https:\/\/tarife-aktionen.de\/vodafone\/wp-json\/wp\/v2\/comments?post=2974"}],"version-history":[{"count":4,"href":"https:\/\/tarife-aktionen.de\/vodafone\/wp-json\/wp\/v2\/pages\/2974\/revisions"}],"predecessor-version":[{"id":6902,"href":"https:\/\/tarife-aktionen.de\/vodafone\/wp-json\/wp\/v2\/pages\/2974\/revisions\/6902"}],"up":[{"embeddable":true,"href":"https:\/\/tarife-aktionen.de\/vodafone\/wp-json\/wp\/v2\/pages\/212"}],"wp:attachment":[{"href":"https:\/\/tarife-aktionen.de\/vodafone\/wp-json\/wp\/v2\/media?parent=2974"}],"curies":[{"name":"wp","href":"https:\/\/api.w.org\/{rel}","templated":true}]}}