{"id":3003,"date":"2016-01-01T00:01:53","date_gmt":"2015-12-31T23:01:53","guid":{"rendered":"https:\/\/tarife-aktionen.de\/vodafone\/?page_id=3003"},"modified":"2023-10-22T20:15:58","modified_gmt":"2023-10-22T18:15:58","slug":"anlagenanschluss","status":"publish","type":"page","link":"https:\/\/tarife-aktionen.de\/vodafone\/geschaeftskunden\/anlagenanschluss","title":{"rendered":"Vodafone Anlagenanschluss (Anlagen-Telefonanschluss)"},"content":{"rendered":"<p><a title=\"Vodafone Anlagenanschluss - Tarife und Bestellung\" href=\"https:\/\/tarife-aktionen.de\/vodafone\/zum-anbieter\/vodafone-business\/vodafone-business-festnetz\" target=\"_blank\" rel=\"noopener\"><img decoding=\"async\" class=\"alignright size-full wp-image-376\" src=\"https:\/\/tarife-aktionen.de\/vodafone\/inhalte\/2015\/09\/vodafone-onlinebestellung.png\" alt=\"Vodafone Onlinebestellung (online bestellen)\" width=\"150\" height=\"30\" srcset=\"https:\/\/tarife-aktionen.de\/vodafone\/inhalte\/2015\/09\/vodafone-onlinebestellung.png 150w, https:\/\/tarife-aktionen.de\/vodafone\/inhalte\/2015\/09\/vodafone-onlinebestellung-80x16.png 80w\" sizes=\"(max-width: 150px) 100vw, 150px\" \/><\/a>F\u00fcr Gesch\u00e4ftskunden \/ Firmenkunden bietet Vodafone im Festnetz auch Anlagenanschluss Tarife an. Die Vorteile des Anlagenanschlusses f\u00fcr Firmenkunden zeigen wir Ihnen auf dieser Seite. Die passenden Tarife finden Sie <strong><a title=\"Vodafone Anlagenanschluss - Tarife und Bestellung\" href=\"https:\/\/tarife-aktionen.de\/vodafone\/zum-anbieter\/vodafone-business\/vodafone-business-festnetz\" target=\"_blank\" rel=\"noopener\">HIER<\/a><\/strong> oder Sie lassen sich telefonisch von uns als Vodafone Partner beraten:<\/p>\n<p><span class=\"desktop-tablet\">Hotline:\u00a0<strong><a href=\"tel:+4939434099929\" onclick=\"ga('send', 'event', 'hotline', 'hotline-content', 'hotline-content-mit-zeit');\">0 39 43 \/ 40 999 29<\/a><\/strong> (Mo.-Fr. 7:30-22 \/ Sa. 8-22 \/ So. + Feiertag 10-22 Uhr) <\/span><span class=\"smartphone\">Hotline:\u00a0<strong><a href=\"tel:+4939434099929\" onclick=\"ga('send', 'event', 'hotline', 'hotline-content', 'hotline-content-mit-zeit');\">0 39 43 \/ 40 999 29<\/a><\/strong> (Mo.-Fr. 7:30-22 \/ Sa. 8-22 \/ So. + Feiertag 10-22 Uhr)<\/span><\/p>\n<h2>Vodafone Anlagenanschluss (fr\u00fcher Arcor Anlagen-Telefonanschluss<\/h2>\n<p>Der Arcor bzw. Vodafone Anlagenanschluss f\u00fcr kleine und mittlere Gesch\u00e4ftskunden sowie Freiberufler erm\u00f6glicht bis zu 18 Telefonleitungen (gleichzeitige Gespr\u00e4che) und bis zu 99 Durchwahlen f\u00fcr Ihr B\u00fcro. Vodafone ist ein g\u00fcnstiger Anbieter f\u00fcr Anlagenanschluss Tarife = Durchwahlanschluss und ist nach der <a title=\"Telekom Tarife\" href=\"https:\/\/telekom.tarife-angebote.de\/\" target=\"_blank\" rel=\"noopener\">Telekom<\/a> einer der gr\u00f6\u00dften und bekanntesten Anbieter im deutschen Markt. Arcor bzw. jetzt Vodafone verf\u00fcgt \u00fcber ein eigenes zuverl\u00e4ssiges Telefonnetz und kann daher diese g\u00fcnstigen Preise f\u00fcr einen Anlagenanschluss erm\u00f6glichen. Auf Wunsch erhalten Sie den Anlagen Anschluss auch mit <a title=\"Vodafone DSL Tarife: Internet, Telefon und optional TV\" href=\"https:\/\/tarife-aktionen.de\/vodafone\/zuhause\/dsl\">DSL<\/a> bzw. <a title=\"Vodafone VDSL Tarife: Internet, Telefon und optional TV\" href=\"https:\/\/tarife-aktionen.de\/vodafone\/zuhause\/vdsl\">VDSL<\/a> Internet.<\/p>\n<h2>Funktionsweise und Vorteile eines Telefon Anlagenanschluss<\/h2>\n<p>Bei einem Telefon Anlagenanschluss unterscheidet man zum einen die Anzahl der Durchwahlen (DDI = Direct Dial In) und zum anderen die Anzahl der zur Verf\u00fcgung stehenden Telefonleitungen. Ein Basisanschluss enth\u00e4lt 1 S0, beim ISDN Anlagenanschluss auch T0 genannt. Ein S0 bedeutet 2 Telefonleitungen, auch B-Kan\u00e4le genannt. Wenn Sie zum Beispiel in Berlin einen Arcor \/ Vodafone Anlagenanschluss bestellen, erhalten Sie Ihre Rufnummer des Basisanschlusses inklusive einer Zentralnummer (0) und bis zu 99 Durchwahlen (1-99). Sie erhalten z.B. die Vorwahl 030 und die Rufnummer 123456. Unter der 030-123456-0 w\u00e4re dann Ihre Telefonzentrale \/ Sekret\u00e4rin erreichbar und die Durchwahlen k\u00f6nnen Sie auf Ihre Mitarbeiter oder auch Fachabteilungen verteilen, z.B. dass unter der 030-123456-40 der Verkauf erreichbar ist und unter -41 \/ -42 etc. die Mitarbeiter in Ihrer Verkaufsabteilung. Unabh\u00e4ngig von den Durchwahlen m\u00fcssen Sie festlegen, wie viele Gespr\u00e4che maximal gleichzeitig gef\u00fchrt werden sollen k\u00f6nnen. Wenn Sie beispielsweise aus Ihrer Erfahrung wissen, dass durchschnittlich 3 ankommende Gespr\u00e4che und 5 abgehende gleichzeitig gef\u00fchrt werden, sollten Sie mindestens 8 Telefonleitungen = B-Kan\u00e4le bestellen. Daher ben\u00f6tigen Sie 1 ISDN Anlagenanschluss mit 3 S0 Anschlusserweiterungen (=4 S0 = 8 Telefonkan\u00e4le). An einem Vodafone \/ Arcor Telefon Anlagenanschluss sind maximal bis zu 18 Leitungen m\u00f6glich (9 S0). Mit einem Arcor Anlagen Anschluss bleiben Sie flexibel, wenn Sie z.B. mit 1 S0 starten, k\u00f6nnen Sie sp\u00e4ter jederzeit S0 Anschlusserweiterungen hinzubuchen, Ihr Anschluss w\u00e4chst also mit Ihrer Unternehmensvergr\u00f6\u00dferung mit und Sie behalten stets Ihre Rufnummern. Daher ist ein Telefon Anlagenanschluss unsere Empfehlung, wenn Sie flexibel mit der Anzahl Ihrer Telefonkan\u00e4le bleiben m\u00f6chten. Voraussetzung f\u00fcr die Nutzung eines Anlagenanschluss ist eine durchwahlf\u00e4hige Telefonanlage. Entscheiden Sie sich f\u00fcr einen Arcor \/ Vodafone Anlagenanschluss mit oder ohne Highspeed Internet (via DSL oder VDSL).<\/p>\n<h2>Unterschied Anlagenanschluss und\u00a0Prim\u00e4rmultiplexanschluss (PMX)<\/h2>\n<p>Ein Prim\u00e4rmultiplexanschluss (PMX) eignet sich f\u00fcr gro\u00dfe Unternehmen, weil dieser standardm\u00e4\u00dfig bereits \u00fcber 30 Leitungen zum gleichzeitigen Telefonieren verf\u00fcgt (30 B-Kan\u00e4le). Daher ist ein PMX Prim\u00e4rmultiplexanschluss gegen\u00fcber einem Anlagenanschluss deutlich h\u00f6her in der Grundgeb\u00fchr. F\u00fcr kleine und mittelst\u00e4ndische Unternehmen (KMU) sowie f\u00fcr Selbstst\u00e4ndige und Freiberufler ist daher der Arcor \/ Vodafone Telefon Anlagenanschluss die bessere Wahl, weil Sie diesen jederzeit bedarfsgerecht anpassen k\u00f6nnen (2 bis 18 Telefonleitungen). Mit einem\u00a0Vodafone \/ Arcor\u00a0ISDN Anlagenanschluss mit niedriger Grundgeb\u00fchr sparen Sie zudem gegen\u00fcber anderen Anbietern wie der Telekom bares Geld.<\/p>\n<h2>Unterschied\u00a0ISDN Anlagenanschlusses und ISDN Mehrger\u00e4teanschluss<\/h2>\n<p>Eines der haupts\u00e4chlichen Unterscheidungsmerkmale zwischen einem ISDN Anlagenanschluss sowie einem ISDN Mehrger\u00e4teanschluss ist die Anzahl der Telefonleitungen sowie die Anzahl der Rufnummern. Bei einem ISDN Mehrger\u00e4teanschluss, wie er vorwiegend von Privatkunden genutzt wird (Privatkunden erhalten mittlerweile aber ohnehin fast nur noch IP-Anschl\u00fcsse (VoIP), also keinen klassischen ISDN Anschluss mehr) erhalten Sie ausschlie\u00dflich 2 Leitungen (2 B-Kan\u00e4le \/ 1 S0) und dieser kann nicht, wie ein ISDN Anlagenanschluss, erweitert werden. Theoretisch k\u00f6nnen Sie mit einer guten Telefonanlage auch mehrere ISDN Mehrger\u00e4teanschl\u00fcsse zusammenschalten. Sie erhalten dann aber f\u00fcr jeden Anschluss verschiedenen Rufnummern (MSN) und wenn z.B. auf dem einem Anschluss gerade 2 Gespr\u00e4che gef\u00fchrt werden, kann der Anschluss keine weiteren Anrufe mehr annehmen (au\u00dfer wenn Sie diese kostenpflichtig auf den 2. ISDN Mehrger\u00e4teanschluss umleiten). Wenn Sie sich hingegen f\u00fcr einen Arcor \/ Vodafone ISDN Anlagenanschluss mit einer S0 Anschlusserweiterung entscheiden (ebenfalls 4 B-Kan\u00e4le, wie 2 Mehrger\u00e4teanschl\u00fcsse), k\u00f6nnen Sie gleichzeitig 4 Telefongespr\u00e4che \u00fcber eine Rufnummer f\u00fchren. Au\u00dferdem erhalten Sie bei einem Anlagenanschluss bis zu 99 fortlaufende Telefondurchwahlen, w\u00e4hrend Sie bei einem ISDN Mehrger\u00e4teanschluss maximal 10 Rufnummern erhalten, die auch nicht unbedingt fortlaufend sind (werden automatisch vom System zugeteilt).<\/p>\n","protected":false},"excerpt":{"rendered":"<p>F\u00fcr Gesch\u00e4ftskunden \/ Firmenkunden bietet Vodafone im Festnetz auch Anlagenanschluss Tarife an. Die Vorteile des Anlagenanschlusses f\u00fcr Firmenkunden zeigen wir Ihnen auf dieser Seite. Die passenden Tarife finden Sie HIER oder Sie lassen sich telefonisch von uns als Vodafone Partner beraten: Hotline:\u00a0 Hotline:\u00a0 Vodafone Anlagenanschluss (fr\u00fcher Arcor Anlagen-Telefonanschluss Der Arcor bzw. Vodafone Anlagenanschluss f\u00fcr kleine &hellip; <a href=\"https:\/\/tarife-aktionen.de\/vodafone\/geschaeftskunden\/anlagenanschluss\" class=\"more-link\"><span class=\"screen-reader-text\">Vodafone Anlagenanschluss (Anlagen-Telefonanschluss)<\/span> weiterlesen <span class=\"meta-nav\">&rarr;<\/span><\/a><\/p>\n","protected":false},"author":30,"featured_media":0,"parent":724,"menu_order":0,"comment_status":"closed","ping_status":"closed","template":"","meta":{"footnotes":""},"class_list":["post-3003","page","type-page","status-publish","hentry"],"_links":{"self":[{"href":"https:\/\/tarife-aktionen.de\/vodafone\/wp-json\/wp\/v2\/pages\/3003","targetHints":{"allow":["GET"]}}],"collection":[{"href":"https:\/\/tarife-aktionen.de\/vodafone\/wp-json\/wp\/v2\/pages"}],"about":[{"href":"https:\/\/tarife-aktionen.de\/vodafone\/wp-json\/wp\/v2\/types\/page"}],"author":[{"embeddable":true,"href":"https:\/\/tarife-aktionen.de\/vodafone\/wp-json\/wp\/v2\/users\/30"}],"replies":[{"embeddable":true,"href":"https:\/\/tarife-aktionen.de\/vodafone\/wp-json\/wp\/v2\/comments?post=3003"}],"version-history":[{"count":1,"href":"https:\/\/tarife-aktionen.de\/vodafone\/wp-json\/wp\/v2\/pages\/3003\/revisions"}],"predecessor-version":[{"id":6376,"href":"https:\/\/tarife-aktionen.de\/vodafone\/wp-json\/wp\/v2\/pages\/3003\/revisions\/6376"}],"up":[{"embeddable":true,"href":"https:\/\/tarife-aktionen.de\/vodafone\/wp-json\/wp\/v2\/pages\/724"}],"wp:attachment":[{"href":"https:\/\/tarife-aktionen.de\/vodafone\/wp-json\/wp\/v2\/media?parent=3003"}],"curies":[{"name":"wp","href":"https:\/\/api.w.org\/{rel}","templated":true}]}}