{"id":3033,"date":"2016-02-27T00:01:03","date_gmt":"2016-02-26T23:01:03","guid":{"rendered":"https:\/\/tarife-aktionen.de\/vodafone\/?page_id=3033"},"modified":"2023-10-22T20:16:20","modified_gmt":"2023-10-22T18:16:20","slug":"dsl","status":"publish","type":"page","link":"https:\/\/tarife-aktionen.de\/vodafone\/geschaeftskunden\/dsl","title":{"rendered":"Vodafone Business DSL &#038; Telefon Tarife f\u00fcr Gesch\u00e4ftskunden"},"content":{"rendered":"<p><a title=\"Vodafone VDSL Tarife\" href=\"https:\/\/tarife-aktionen.de\/vodafone\/zum-anbieter\/vodafone-business\/vodafone-business-festnetz\" target=\"_blank\" rel=\"noopener\"><img decoding=\"async\" class=\"alignright size-full wp-image-376\" src=\"https:\/\/tarife-aktionen.de\/vodafone\/inhalte\/2015\/09\/vodafone-onlinebestellung.png\" alt=\"Vodafone Onlinebestellung (online bestellen)\" width=\"150\" height=\"30\" srcset=\"https:\/\/tarife-aktionen.de\/vodafone\/inhalte\/2015\/09\/vodafone-onlinebestellung.png 150w, https:\/\/tarife-aktionen.de\/vodafone\/inhalte\/2015\/09\/vodafone-onlinebestellung-80x16.png 80w\" sizes=\"(max-width: 150px) 100vw, 150px\" \/><\/a>Gesch\u00e4ftskunden und Firmenkunden, aber auch kleine Selbstst\u00e4ndige (z.B. Handwerker) erhalten bei Vodafone g\u00fcnstige <span class=\"farbig\">Business DSL<\/span> Tarife. Die Vodafone DSL Tarife f\u00fcr Ihr HomeOffice oder Firmen entsprechen im Prinzip den Tarifen f\u00fcr Privatkunden. Nat\u00fcrlich wir die Mehrwertsteuer f\u00fcr Vodafone DSL Business extra ausgewiesen. Alle Vodafone Business DSL Tarife finden Sie <strong><a title=\"Vodafone Business VDSL Tarife\" href=\"https:\/\/tarife-aktionen.de\/vodafone\/zum-anbieter\/vodafone-business\/vodafone-business-festnetz\" target=\"_blank\" rel=\"noopener\">HIER<\/a><\/strong>. Unsere Empfehlung: wenn verf\u00fcgbar, empfehlen wir Ihnen die extra schnellen und g\u00fcnstigen Vodafone <strong><a title=\"Vodafone Business Kabel Tarife f\u00fcr Gesch\u00e4ftskunden\" href=\"https:\/\/tarife-aktionen.de\/vodafone\/geschaeftskunden\/kabel\">Business Kabel Tarife<\/a><\/strong>\u00a0oder alternativ auch die Vodafone <strong><a title=\"Vodafone Business VDSL &amp; Telefon Tarife f\u00fcr Gesch\u00e4ftskunden\" href=\"https:\/\/tarife-aktionen.de\/vodafone\/geschaeftskunden\/vdsl\">Business VDSL Tarife<\/a><\/strong>.<\/p>\n","protected":false},"excerpt":{"rendered":"<p>Gesch\u00e4ftskunden und Firmenkunden, aber auch kleine Selbstst\u00e4ndige (z.B. Handwerker) erhalten bei Vodafone g\u00fcnstige Business DSL Tarife. Die Vodafone DSL Tarife f\u00fcr Ihr HomeOffice oder Firmen entsprechen im Prinzip den Tarifen f\u00fcr Privatkunden. Nat\u00fcrlich wir die Mehrwertsteuer f\u00fcr Vodafone DSL Business extra ausgewiesen. Alle Vodafone Business DSL Tarife finden Sie HIER. Unsere Empfehlung: wenn verf\u00fcgbar, empfehlen &hellip; <a href=\"https:\/\/tarife-aktionen.de\/vodafone\/geschaeftskunden\/dsl\" class=\"more-link\"><span class=\"screen-reader-text\">Vodafone Business DSL &#038; Telefon Tarife f\u00fcr Gesch\u00e4ftskunden<\/span> weiterlesen <span class=\"meta-nav\">&rarr;<\/span><\/a><\/p>\n","protected":false},"author":28,"featured_media":0,"parent":724,"menu_order":0,"comment_status":"closed","ping_status":"closed","template":"","meta":{"footnotes":""},"class_list":["post-3033","page","type-page","status-publish","hentry"],"_links":{"self":[{"href":"https:\/\/tarife-aktionen.de\/vodafone\/wp-json\/wp\/v2\/pages\/3033","targetHints":{"allow":["GET"]}}],"collection":[{"href":"https:\/\/tarife-aktionen.de\/vodafone\/wp-json\/wp\/v2\/pages"}],"about":[{"href":"https:\/\/tarife-aktionen.de\/vodafone\/wp-json\/wp\/v2\/types\/page"}],"author":[{"embeddable":true,"href":"https:\/\/tarife-aktionen.de\/vodafone\/wp-json\/wp\/v2\/users\/28"}],"replies":[{"embeddable":true,"href":"https:\/\/tarife-aktionen.de\/vodafone\/wp-json\/wp\/v2\/comments?post=3033"}],"version-history":[{"count":2,"href":"https:\/\/tarife-aktionen.de\/vodafone\/wp-json\/wp\/v2\/pages\/3033\/revisions"}],"predecessor-version":[{"id":6380,"href":"https:\/\/tarife-aktionen.de\/vodafone\/wp-json\/wp\/v2\/pages\/3033\/revisions\/6380"}],"up":[{"embeddable":true,"href":"https:\/\/tarife-aktionen.de\/vodafone\/wp-json\/wp\/v2\/pages\/724"}],"wp:attachment":[{"href":"https:\/\/tarife-aktionen.de\/vodafone\/wp-json\/wp\/v2\/media?parent=3033"}],"curies":[{"name":"wp","href":"https:\/\/api.w.org\/{rel}","templated":true}]}}