{"id":3034,"date":"2016-02-27T00:01:21","date_gmt":"2016-02-26T23:01:21","guid":{"rendered":"https:\/\/tarife-aktionen.de\/vodafone\/?page_id=3034"},"modified":"2023-10-22T20:16:22","modified_gmt":"2023-10-22T18:16:22","slug":"vdsl","status":"publish","type":"page","link":"https:\/\/tarife-aktionen.de\/vodafone\/geschaeftskunden\/vdsl","title":{"rendered":"Vodafone Business VDSL &#038; Telefon Tarife f\u00fcr Gesch\u00e4ftskunden"},"content":{"rendered":"<p><a title=\"Vodafone VDSL Tarife\" href=\"https:\/\/tarife-aktionen.de\/vodafone\/zum-anbieter\/vodafone-business\/vodafone-business-festnetz\" target=\"_blank\" rel=\"noopener\"><img decoding=\"async\" class=\"alignright size-full wp-image-376\" src=\"https:\/\/tarife-aktionen.de\/vodafone\/inhalte\/2015\/09\/vodafone-onlinebestellung.png\" alt=\"Vodafone Onlinebestellung (online bestellen)\" width=\"150\" height=\"30\" srcset=\"https:\/\/tarife-aktionen.de\/vodafone\/inhalte\/2015\/09\/vodafone-onlinebestellung.png 150w, https:\/\/tarife-aktionen.de\/vodafone\/inhalte\/2015\/09\/vodafone-onlinebestellung-80x16.png 80w\" sizes=\"(max-width: 150px) 100vw, 150px\" \/><\/a>Selbstst\u00e4ndige, Gesch\u00e4ftskunden und Firmenkunden erhalten bei Vodafone g\u00fcnstige und schnelle <span class=\"farbig\">Business VDSL<\/span> Tarife. Die Vodafone VDSL Tarife f\u00fcr Unternehmen oder f\u00fcr&#8217;s HomeOffice entsprechen im Prinzip den Tarifen f\u00fcr Privatkunden. Selbstverst\u00e4ndlich wir die Mehrwertsteuer f\u00fcr Vodafone VDSL Business separat ausgewiesen. Alle Vodafone Business VDSL Tarife finden Sie <strong><a title=\"Vodafone Business VDSL Tarife\" href=\"https:\/\/tarife-aktionen.de\/vodafone\/zum-anbieter\/vodafone-business\/vodafone-business-festnetz\" target=\"_blank\" rel=\"noopener\">HIER<\/a><\/strong>. Unser Tipp: wenn verf\u00fcgbar, empfehlen wir Ihnen die schnellen und g\u00fcnstigen Vodafone <strong><a title=\"Vodafone Business Kabel Tarife f\u00fcr Gesch\u00e4ftskunden\" href=\"https:\/\/tarife-aktionen.de\/vodafone\/geschaeftskunden\/kabel\">Business Kabel Tarife<\/a><\/strong>.<\/p>\n","protected":false},"excerpt":{"rendered":"<p>Selbstst\u00e4ndige, Gesch\u00e4ftskunden und Firmenkunden erhalten bei Vodafone g\u00fcnstige und schnelle Business VDSL Tarife. Die Vodafone VDSL Tarife f\u00fcr Unternehmen oder f\u00fcr&#8217;s HomeOffice entsprechen im Prinzip den Tarifen f\u00fcr Privatkunden. Selbstverst\u00e4ndlich wir die Mehrwertsteuer f\u00fcr Vodafone VDSL Business separat ausgewiesen. Alle Vodafone Business VDSL Tarife finden Sie HIER. Unser Tipp: wenn verf\u00fcgbar, empfehlen wir Ihnen die &hellip; <a href=\"https:\/\/tarife-aktionen.de\/vodafone\/geschaeftskunden\/vdsl\" class=\"more-link\"><span class=\"screen-reader-text\">Vodafone Business VDSL &#038; Telefon Tarife f\u00fcr Gesch\u00e4ftskunden<\/span> weiterlesen <span class=\"meta-nav\">&rarr;<\/span><\/a><\/p>\n","protected":false},"author":28,"featured_media":0,"parent":724,"menu_order":0,"comment_status":"closed","ping_status":"closed","template":"","meta":{"footnotes":""},"class_list":["post-3034","page","type-page","status-publish","hentry"],"_links":{"self":[{"href":"https:\/\/tarife-aktionen.de\/vodafone\/wp-json\/wp\/v2\/pages\/3034","targetHints":{"allow":["GET"]}}],"collection":[{"href":"https:\/\/tarife-aktionen.de\/vodafone\/wp-json\/wp\/v2\/pages"}],"about":[{"href":"https:\/\/tarife-aktionen.de\/vodafone\/wp-json\/wp\/v2\/types\/page"}],"author":[{"embeddable":true,"href":"https:\/\/tarife-aktionen.de\/vodafone\/wp-json\/wp\/v2\/users\/28"}],"replies":[{"embeddable":true,"href":"https:\/\/tarife-aktionen.de\/vodafone\/wp-json\/wp\/v2\/comments?post=3034"}],"version-history":[{"count":1,"href":"https:\/\/tarife-aktionen.de\/vodafone\/wp-json\/wp\/v2\/pages\/3034\/revisions"}],"predecessor-version":[{"id":6381,"href":"https:\/\/tarife-aktionen.de\/vodafone\/wp-json\/wp\/v2\/pages\/3034\/revisions\/6381"}],"up":[{"embeddable":true,"href":"https:\/\/tarife-aktionen.de\/vodafone\/wp-json\/wp\/v2\/pages\/724"}],"wp:attachment":[{"href":"https:\/\/tarife-aktionen.de\/vodafone\/wp-json\/wp\/v2\/media?parent=3034"}],"curies":[{"name":"wp","href":"https:\/\/api.w.org\/{rel}","templated":true}]}}