{"id":36,"date":"2018-08-01T02:00:47","date_gmt":"2018-08-01T00:00:47","guid":{"rendered":"https:\/\/internet-telefon-fernsehen.de\/?page_id=36"},"modified":"2023-10-25T22:25:50","modified_gmt":"2023-10-25T20:25:50","slug":"kontakt","status":"publish","type":"page","link":"https:\/\/tarife-aktionen.de\/vodafone\/kontakt","title":{"rendered":"Kontakt: Beratung zu Vodafone Tarifen und Bestellung von Angeboten"},"content":{"rendered":"<p><img decoding=\"async\" class=\"alignright size-full wp-image-4651\" src=\"https:\/\/tarife-aktionen.de\/vodafone\/inhalte\/2018\/08\/vodafone-kontakt-anfrage-hotline-beratung.jpg\" alt=\"Kontakt: Beratung zu Vodafone Tarifen und Bestellung von Angeboten\" width=\"150\" height=\"100\" srcset=\"https:\/\/tarife-aktionen.de\/vodafone\/inhalte\/2018\/08\/vodafone-kontakt-anfrage-hotline-beratung.jpg 150w, https:\/\/tarife-aktionen.de\/vodafone\/inhalte\/2018\/08\/vodafone-kontakt-anfrage-hotline-beratung-80x53.jpg 80w\" sizes=\"(max-width: 150px) 100vw, 150px\" \/>Wir als autorisierter Vodafone Partner <span class=\"farbig\"><strong>beraten<\/strong><\/span> Sie gern kostenlos und unverbindlich zu den Angeboten und Tarifen von vodafone.de. Wir informieren Sie zu den <a href=\"https:\/\/tarife-aktionen.de\/vodafone\/festnetz\"><strong>Festnetz<\/strong><\/a> Tarifen (DSL, VDSL, Glasfaser und Kabel Internet sowie Fernsehen) sowie zu den <strong><a href=\"https:\/\/tarife-aktionen.de\/vodafone\/mobilfunk\">Mobilfunk<\/a><\/strong> Tarifen (Smartphone Vertrag oder Prepaid und mobile Datentarife). <!--more--><\/p>\n<hr \/>\n<h2><span class=\"farbig\">Ihr Kontakt zu uns<\/span> &#8211; Beratung zu Vodafone Tarifen<\/h2>\n<ul>\n<li><strong><a href=\"https:\/\/tarife-aktionen.de\/vodafone\/kontakt\/hotline\">Hotline Vodafone<\/a><\/strong> &#8211; rufen Sie bei Vodafone oder bei uns als autorisiertem Partner an\n<ul>\n<li><em>Direkt anrufen f\u00fcr Tarifberatung und telefonische Bestellung: <strong><a href=\"tel:+4939434099929\" onclick=\"ga('send', 'event', 'hotline', 'hotline-content', 'hotline-content-ohne-zeit');\">0 39 43 \/ 40 999 29<\/a><\/strong><\/em><\/li>\n<\/ul>\n<\/li>\n<li><strong><a href=\"https:\/\/tarife-aktionen.de\/vodafone\/kontakt\/telefonische-beratung\">Callback \/ R\u00fcckruf<\/a><\/strong> &#8211; wir rufen Sie kostenfrei und unverbindlich f\u00fcr eine Tarifberatung an<\/li>\n<li><strong><a href=\"https:\/\/tarife-aktionen.de\/vodafone\/kontakt\/kundenservice\">Kundenservice Vodafone<\/a><\/strong> &#8211; bei Fragen zu bestehendem Tarif (alternativ <a href=\"https:\/\/tarife-aktionen.de\/vodafone\/login-meinvodafone\"><strong>MeinVodafone<\/strong><\/a>)<\/li>\n<li><strong><a href=\"https:\/\/tarife-aktionen.de\/vodafone\/kontakt\/schriftliche-anfrage\">Schriftliche Anfrage<\/a><\/strong> &#8211; bei Fragen zu Tarifen vor der Bestellung<\/li>\n<li><strong><a href=\"https:\/\/tarife-aktionen.de\/vodafone\/kontakt\/unterlagen-zusenden\">Unterlagen per Post<\/a><\/strong> &#8211; Flyer und <a href=\"https:\/\/tarife-aktionen.de\/vodafone\/bestellformulare\">Bestellformulare<\/a> zusenden lassen<\/li>\n<li><strong><a href=\"https:\/\/tarife-aktionen.de\/vodafone\/kontakt\/unterlagen-uebermitteln\">Bestellung \u00fcbermitteln<\/a><\/strong> &#8211; senden Sie uns Ihren schriftlichen Auftrag<\/li>\n<li><a href=\"https:\/\/tarife-aktionen.de\/vodafone\/fehler-feedback\"><strong>Fehler \/ Feedback melden<\/strong><\/a> &#8211; z.B. Hinweise zu Fehlern auf unserer Seite.<\/li>\n<\/ul>\n<hr \/>\n<h2>Wir als jahrelanger <span class=\"farbig\">Vodafone Partner<\/span> beraten Sie gern<\/h2>\n<p>Wir (telekommunikation-online Gutsch &amp; Co. OHG aus Salzgitter) beraten Sie gern kostenlos und unverbindlich zu den g\u00fcnstigen und zuverl\u00e4ssigen Tarifen von <strong><a href=\"https:\/\/tarife-aktionen.de\/vodafone\/\">Vodafone<\/a><\/strong>. Bereits seit dem Jahr 2003 sind wir autorisierter Partner von <strong>Vodafone<\/strong> (damals Festnetz-Sparte <a href=\"https:\/\/tarife-aktionen.de\/vodafone\/archiv-arcor-tarife\/dsl\"><strong>Arcor<\/strong><\/a>) und kurze Zeit sp\u00e4ter auch Partner von <a href=\"https:\/\/tarife-aktionen.de\/vodafone\/kabel-deutschland\"><strong>Kabel Deutschland<\/strong><\/a> (jetzt ebenfalls bei Vodafone integriert). Neben Vodafone beraten wir als <strong>unabh\u00e4ngiger Berater<\/strong> Sie auf Wunsch aber auch zu den Angeboten und Tarifen anderer <a href=\"https:\/\/internet-telefon-fernsehen.de\/anbieter\" target=\"_blank\" rel=\"noopener\"><strong>Festnetz Anbieter<\/strong><\/a> und <a href=\"https:\/\/smartphone-tarife.de\/anbieter\" target=\"_blank\" rel=\"noopener\"><strong>Mobilfunk Provider<\/strong><\/a>.<\/p>\n<p>Neben der Online-Beratung in unserem sehr umfassenden Informationsportal erhalten Sie bei uns optional auch eine pers\u00f6nliche <a href=\"https:\/\/tarife-aktionen.de\/vodafone\/kontakt\/telefonische-beratung\"><strong>Beratung per Telefon<\/strong><\/a> (mit unseren eigenen geschulten Mitarbeitern). Unsere unabh\u00e4ngige Beratungshotline erreichen Sie unter der Festnetz Rufnummer <strong><a href=\"tel:+4939434099929\" onclick=\"ga('send', 'event', 'hotline', 'hotline-content', 'hotline-content-mit-zeit');\">0 39 43 \/ 40 999 29<\/a><\/strong> (Mo.-Fr. 7:30-22 \/ Sa. 8-22 \/ So. + Feiertag 10-22 Uhr).<\/p>\n<p>Im Sinne der Fairness freuen wir uns, wenn Sie Ihre Vodafone Bestellung nach der Beratung durch uns auch \u00fcber uns abschlie\u00dfen. F\u00fcr Sie als Kunde entstehen dabei keine Nachteile: Sie erhalten telefonisch, schriftlich und online bei Beauftragung \u00fcber uns die gleichen Aktionen \/ Angebote, wie selbst bei einer <strong><a href=\"https:\/\/tarife-aktionen.de\/vodafone\/onlinebestellung\">Onlinebestellung<\/a><\/strong>. In manchen F\u00e4llen haben wir in Kooperation mit Vodafone bzw. <a href=\"https:\/\/tarife-aktionen.de\/vodafone\/kabel-deutschland\/verfuegbarkeit-check-vodafone-kabel\"><strong>Vodafone Kabel Deutschland<\/strong><\/a> sogar Angebote, die es nur bei uns gibt.<\/p>\n","protected":false},"excerpt":{"rendered":"<p>Wir als autorisierter Vodafone Partner beraten Sie gern kostenlos und unverbindlich zu den Angeboten und Tarifen von vodafone.de. Wir informieren Sie zu den Festnetz Tarifen (DSL, VDSL, Glasfaser und Kabel Internet sowie Fernsehen) sowie zu den Mobilfunk Tarifen (Smartphone Vertrag oder Prepaid und mobile Datentarife).<\/p>\n","protected":false},"author":30,"featured_media":4651,"parent":0,"menu_order":900000,"comment_status":"closed","ping_status":"closed","template":"","meta":{"footnotes":""},"class_list":["post-36","page","type-page","status-publish","hentry","has-post-thumbnail"],"_links":{"self":[{"href":"https:\/\/tarife-aktionen.de\/vodafone\/wp-json\/wp\/v2\/pages\/36","targetHints":{"allow":["GET"]}}],"collection":[{"href":"https:\/\/tarife-aktionen.de\/vodafone\/wp-json\/wp\/v2\/pages"}],"about":[{"href":"https:\/\/tarife-aktionen.de\/vodafone\/wp-json\/wp\/v2\/types\/page"}],"author":[{"embeddable":true,"href":"https:\/\/tarife-aktionen.de\/vodafone\/wp-json\/wp\/v2\/users\/30"}],"replies":[{"embeddable":true,"href":"https:\/\/tarife-aktionen.de\/vodafone\/wp-json\/wp\/v2\/comments?post=36"}],"version-history":[{"count":4,"href":"https:\/\/tarife-aktionen.de\/vodafone\/wp-json\/wp\/v2\/pages\/36\/revisions"}],"predecessor-version":[{"id":6761,"href":"https:\/\/tarife-aktionen.de\/vodafone\/wp-json\/wp\/v2\/pages\/36\/revisions\/6761"}],"wp:featuredmedia":[{"embeddable":true,"href":"https:\/\/tarife-aktionen.de\/vodafone\/wp-json\/wp\/v2\/media\/4651"}],"wp:attachment":[{"href":"https:\/\/tarife-aktionen.de\/vodafone\/wp-json\/wp\/v2\/media?parent=36"}],"curies":[{"name":"wp","href":"https:\/\/api.w.org\/{rel}","templated":true}]}}