{"id":363,"date":"2016-01-11T00:01:51","date_gmt":"2016-01-10T23:01:51","guid":{"rendered":"https:\/\/tarife-aktionen.de\/vodafone\/?page_id=363"},"modified":"2023-10-22T21:22:24","modified_gmt":"2023-10-22T19:22:24","slug":"netzabdeckung","status":"publish","type":"page","link":"https:\/\/tarife-aktionen.de\/vodafone\/netzabdeckung","title":{"rendered":"Vodafone Mobilfunk Netzabdeckung: LTE, HSPA, UMTS, EDGE"},"content":{"rendered":"<p><a title=\"Vodafone Netzabdeckungskarte \u00f6ffnen\" href=\"https:\/\/tarife-aktionen.de\/vodafone\/zum-anbieter\/vodafone-mobilfunk\/vodafone-mobilfunk-check\" target=\"_blank\" rel=\"noopener\"><img decoding=\"async\" class=\"alignright size-full wp-image-735\" src=\"https:\/\/tarife-aktionen.de\/vodafone\/inhalte\/2016\/01\/vodafone-netzabdeckung-karte.png\" alt=\"Vodafone Netzabdeckungskarte \u00f6ffnen\" width=\"150\" height=\"30\" srcset=\"https:\/\/tarife-aktionen.de\/vodafone\/inhalte\/2016\/01\/vodafone-netzabdeckung-karte.png 150w, https:\/\/tarife-aktionen.de\/vodafone\/inhalte\/2016\/01\/vodafone-netzabdeckung-karte-80x16.png 80w\" sizes=\"(max-width: 150px) 100vw, 150px\" \/><\/a><span class=\"desktop-tablet\">Das\u00a0<span class=\"farbig\">Vodafone Mobilfunknetz<\/span> ist fast \u00fcberall\u00a0in Deutschland ausgebaut \/ verf\u00fcgbar (<a title=\"Karte Vodafone Netzabdeckung \u00f6ffnen\" href=\"https:\/\/tarife-aktionen.de\/vodafone\/zum-anbieter\/vodafone-mobilfunk\/vodafone-mobilfunk-check\" target=\"_blank\" rel=\"noopener\"><strong>Deutschland-Karte Netzabdeckung hier<\/strong><\/a> = Anschrift pr\u00fcfen). In vielen Orten\u00a0k\u00f6nnen Sie per Vodafone Handynetz schnelles mobiles Internet per LTE, HSPA \/ HSPA+ (HSDPA \/ HSUPA) und UMTS nutzen. Per Vodafone LTE erreichen Sie Geschwindigkeiten von bis 375 MBit\/s f\u00fcr Ihr Smartphone, Tablet oder Laptop. <\/span><span class=\"smartphone\">Das <span class=\"farbig\">Vodafone Netz<\/span> ist sehr gut ausgebaut\u00a0(<a title=\"Karte Vodafone Netzabdeckung \u00f6ffnen\" href=\"https:\/\/tarife-aktionen.de\/vodafone\/zum-anbieter\/vodafone-mobilfunk\/vodafone-mobilfunk-check\" target=\"_blank\" rel=\"noopener\"><strong>Netzkarte hier<\/strong><\/a>). In vielen Gebieten\u00a0k\u00f6nnen Sie per LTE, HSPA+ (HSDPA \/ HSUPA) und UMTS schnell surfen (z.B. per LTE bis zu 375 MBit\/s).<\/span><\/p>\n<p style=\"text-align: center; font-size: 18px;\"><a title=\"Vodafone Netzabdeckungskarte \u00f6ffnen\" href=\"https:\/\/tarife-aktionen.de\/vodafone\/zum-anbieter\/vodafone-mobilfunk\/vodafone-mobilfunk-check\" target=\"_blank\" rel=\"noopener\"><strong>Mobilfunk Netzkarte \u00f6ffnen<\/strong><\/a><\/p>\n<p style=\"text-align: center; font-size: 18px; margin-bottom: 5px;\"><strong><a title=\"Vodafone Zuhause Verf\u00fcgbarkeit pr\u00fcfen: DSL, VDSL, Glasfaser, Kabel\" href=\"https:\/\/tarife-aktionen.de\/vodafone\/zum-anbieter\/vodafone-festnetz\/vodafone-festnetz-check\" target=\"_blank\" rel=\"noopener\">Festnetz Netzkarte (DSL)<\/a><\/strong><\/p>\n<h2><span class=\"desktop-tablet\"><span class=\"farbig\">Tarife im Vodafone\u00a0Netz:<\/span> Smartphone-, Daten- und Zuhause Tarife <\/span><span class=\"smartphone\"><span class=\"farbig\">Tarife im Vodafone\u00a0Netz<br \/>\n<\/span><\/span><\/h2>\n<p><a title=\"Vodafone Netzabdeckung pr\u00fcfen (Netzkarte Deutschland)\" href=\"https:\/\/tarife-aktionen.de\/vodafone\/zum-anbieter\/vodafone-mobilfunk\/vodafone-mobilfunk-check\" target=\"_blank\" rel=\"noopener\"><img decoding=\"async\" class=\"alignright size-full wp-image-733\" src=\"https:\/\/tarife-aktionen.de\/vodafone\/inhalte\/2016\/01\/vodafone-netzabdeckung-mobilfunk-pruefen-verfuegbarkeit.png\" alt=\"Vodafone Netzabdeckung pr\u00fcfen\" width=\"150\" height=\"200\" srcset=\"https:\/\/tarife-aktionen.de\/vodafone\/inhalte\/2016\/01\/vodafone-netzabdeckung-mobilfunk-pruefen-verfuegbarkeit.png 150w, https:\/\/tarife-aktionen.de\/vodafone\/inhalte\/2016\/01\/vodafone-netzabdeckung-mobilfunk-pruefen-verfuegbarkeit-80x107.png 80w\" sizes=\"(max-width: 150px) 100vw, 150px\" \/><\/a>Das Vodafone Handynetz\u00a0\u00fcberzeugt durch g\u00fcnstige Preise und besten Netzausbau \/\u00a0Netzabdeckung.\u00a0Das Mobilfunk Netz von Vodafone \u00fcberzeugt auch in vielen\u00a0unabh\u00e4ngigen Netztests im Vergleich mit dem <a title=\"Telekom Mobilfunk Netz\" href=\"https:\/\/telekom.tarife-angebote.de\/verfuegbarkeit\/netzabdeckung-mobilfunk\" target=\"_blank\" rel=\"noopener\">Telekom Netz<\/a> und <a title=\"o2 Mobilfunk Netz\" href=\"https:\/\/o2.surfen-telefonieren.de\/o2-netzabdeckung\" target=\"_blank\" rel=\"noopener\">o2 Netz<\/a>.\u00a0Das Vodafone\u00a0Netz k\u00f6nnen Sie per Smartphone, Tablet oder Notebook nutzen &#8211; mit passenden Tarifen f\u00fcr <a title=\"Vodafone Mobilfunk Tarife f\u00fcr Smartphones, Tablets und mehr\" href=\"https:\/\/tarife-aktionen.de\/vodafone\/mobilfunk\">unterwegs<\/a>, aber auch f\u00fcr <a title=\"Vodafone Zuhause Tarife: DSL, VDSL, Kabel, LTE, TV, Telefon\" href=\"https:\/\/tarife-aktionen.de\/vodafone\/zuhause\">Zuhause<\/a> (Festnetz Ersatz).<\/p>\n<ul>\n<li><a title=\"Vodafone Smartphone Tarife\" href=\"https:\/\/tarife-aktionen.de\/vodafone\/zum-anbieter\/vodafone-postpaid\/vodafone-mobilfunk-postpaid\" target=\"_blank\" rel=\"noopener\"><strong>Vodafone Smartphone Tarife<\/strong><\/a> (auf Wunsch mit Smartphone)<\/li>\n<li><a title=\"Vodafone Datentarife\" href=\"https:\/\/tarife-aktionen.de\/vodafone\/zum-anbieter\/vodafone-datentarife\/vodafone-mobilfunk-datentarife\" target=\"_blank\" rel=\"noopener\"><strong>Vodafone Datentarife<\/strong><\/a> (optional mit Tablet, Surfstick, Router)<\/li>\n<li><a title=\"Vodafone Zuhause LTE Tarife\" href=\"https:\/\/tarife-aktionen.de\/vodafone\/zum-anbieter\/vodafone-gigacube\/vodafone-gigacube-allgemein\" target=\"_blank\" rel=\"noopener\"><strong>Vodafone Zuhause LTE<\/strong><\/a> (als Alternative zu DSL \/ Festnetz)<\/li>\n<\/ul>\n<h2>Vodafone <span class=\"farbig\">LTE<\/span> Netzabdeckung (Long Term Evolution)<\/h2>\n<p><strong>LTE<\/strong>\u00a0ist das mobile Internet der vierten Generation (<span class=\"farbig\"><strong>4G<\/strong><\/span>). Das Vodafone\u00a0LTE Netz erreicht extra hohe Geschwindigkeiten von bis zu 375\u00a0MBit\/s (also schneller als VDSL im Festnetz). Das Vodafone LTE Handynetz mit schnellem\u00a0Download und Upload ist in vielen St\u00e4dten und Ballungsgebieten, aber auch in zahlreichen\u00a0l\u00e4ndlichen Regionen\u00a0erschlossen. In der <strong><a title=\"Vodafone LTE Netzabdeckungskarte \u00f6ffnen\" href=\"https:\/\/tarife-aktionen.de\/vodafone\/zum-anbieter\/vodafone-mobilfunk\/vodafone-mobilfunk-check\" target=\"_blank\" rel=\"noopener\">Vodafone LTE Netzabdeckungskarte<\/a><\/strong> k\u00f6nnen Sie pr\u00fcfen, wo\u00a0Vodafone\u00a0LTE \u00fcberall ausgebaut ist.<\/p>\n<h2>Vodafone\u00a0<span class=\"farbig\">HSPA+<\/span> (HSDPA \/ HSUPA) Netzabdeckung<\/h2>\n<p><strong>Vodafone HSPA+<\/strong>\u00a0bzw. <strong>HSPA<\/strong>\u00a0ist das mobile Internet der\u00a0dritten Generation (<span class=\"farbig\"><strong>3G Netz<\/strong><\/span>). Bei HSPA unterscheidet man nach\u00a0<strong>HSDPA<\/strong> (Datenempfang) und HSUPA (Datenversand). Vodafone\u00a0HSDPA+ steht f\u00fcr &#8220;High Speed Downlink Packet Access&#8221; und erm\u00f6glicht im Vodafone Netz\u00a0Downlaod-Speed\u00a0von bis zu 42,2 MBit\/s. Vodafone <strong>HSUPA<\/strong> steht f\u00fcr &#8220;High Speed Uplink Packet Access&#8221; und bietet\u00a0eine Upload Geschwindigkeit von bis zu 5,7 MBit\/s. Wenn die Vodafone\u00a0Deutschland Netzkarte f\u00fcr Ihre Adresse eine 3G \/ HSPA+ Verf\u00fcgbarkeit zeigt, surfen Sie besonders schnell mit Vodafone 3G &#8211; per HSPA bis 7,2 MBit\/s und HSPA+ bis 42 MBit\/s.<\/p>\n<h2>Vodafone\u00a0<span class=\"farbig\">UMTS<\/span> Netzabdeckung in Deutschland<\/h2>\n<p>Vodafone\u00a0UMTS steht f\u00fcr &#8220;Universal Mobile Telecommunications System&#8221;. UMTS bildet den Anfang\u00a0der mobile Daten\u00fcbertragung der 3. Generation (3G). Vodafone\u00a0UMTS gibt es seit dem Jahre 2004. UMTS erm\u00f6glicht dabei mobile\u00a0Surfgeschwindigkeiten von bis zu 0,4 MBit\/s (384 kBit\/s Downstream und Upstream). Vodafone\u00a0HSPA (s.o.) basiert auf dem UMTS Netz.<\/p>\n<h2>Vodafone\u00a0<span class=\"farbig\">EDGE<\/span> Netzabeckung in Deutschland<\/h2>\n<p>Vodafone EDGE steht f\u00fcr &#8220;Enhanced Data Rates for GSM Evolution&#8221;. Bei EDGE werden mehrere GPRS Kan\u00e4le f\u00fcr die \u00dcbertragung von Daten\u00a0geb\u00fcndelt. Dort, wo Vodafone\u00a0noch kein UMTS, HSPA oder\u00a0LTE Netz ausgebaut hat (tlw. in l\u00e4ndlichen Gebieten), ist oft\u00a0zumindest Vodafone EDGE verf\u00fcgbar. Damit surfen Sie mit bis zu 0,2 MBit\/s (220 kBit\/s im Download) und bis zu 0,1 MBit\/s (110 kBit\/s im Upload) mobil im Internet.<\/p>\n<h2>Vodafone\u00a0<span class=\"farbig\">GPRS \/ GSM<\/span> Netzabeckung in Deutschland<\/h2>\n<p>Der GSM Standard im Vodafone Netz\u00a0steht f\u00fcr die erste Daten\u00fcbertragung \u00fcber das Mobilfunknetz. GSM steht dabei f\u00fcr &#8220;Global System for Mobile Communication&#8221;. Auf einem Vodafone\u00a0GSM\u00a0 Datenkanal k\u00f6nnen bis zu 9,6 kBit\/s \u00fcbertragen werden. Meist\u00a0werden daher mehrere Vodafone GSM Kan\u00e4le geb\u00fcndelt und man spricht dann von Vodafone\u00a0GPRS\u00a0(General Packet Radio Service). Mit Vodafone\u00a0GPRS surfen Sie mit bis zu 55,6 kBit\/s (Downstream und Upstream) per Handy, Smartphone, Tablet oder Laptop mobil im Internet.<\/p>\n<p><span style=\"color: #999999;\">*Hinweis zur Vodafone\u00a0Netzabdeckung (Check Verf\u00fcgbarkeit Karte): die gezeigte Vodafone\u00a0Funkversorgung in Deutschland\u00a0kann nicht garantiert werden. Wird ein geplanter Vodafone Netzausbau f\u00fcr eine Region angezeigt, so ist dies unverbindlich. \u00c4nderungen an der Vodafone\u00a0Ausbauplanung\u00a0(Mobilfunknetz)\u00a0k\u00f6nnen nicht ausgeschlossen werden.<br \/>\n<\/span><\/p>\n","protected":false},"excerpt":{"rendered":"<p>Das\u00a0Vodafone Mobilfunknetz ist fast \u00fcberall\u00a0in Deutschland ausgebaut \/ verf\u00fcgbar (Deutschland-Karte Netzabdeckung hier = Anschrift pr\u00fcfen). In vielen Orten\u00a0k\u00f6nnen Sie per Vodafone Handynetz schnelles mobiles Internet per LTE, HSPA \/ HSPA+ (HSDPA \/ HSUPA) und UMTS nutzen. Per Vodafone LTE erreichen Sie Geschwindigkeiten von bis 375 MBit\/s f\u00fcr Ihr Smartphone, Tablet oder Laptop. Das Vodafone Netz &hellip; <a href=\"https:\/\/tarife-aktionen.de\/vodafone\/netzabdeckung\" class=\"more-link\"><span class=\"screen-reader-text\">Vodafone Mobilfunk Netzabdeckung: LTE, HSPA, UMTS, EDGE<\/span> weiterlesen <span class=\"meta-nav\">&rarr;<\/span><\/a><\/p>\n","protected":false},"author":30,"featured_media":0,"parent":0,"menu_order":100,"comment_status":"closed","ping_status":"closed","template":"","meta":{"footnotes":""},"class_list":["post-363","page","type-page","status-publish","hentry"],"_links":{"self":[{"href":"https:\/\/tarife-aktionen.de\/vodafone\/wp-json\/wp\/v2\/pages\/363","targetHints":{"allow":["GET"]}}],"collection":[{"href":"https:\/\/tarife-aktionen.de\/vodafone\/wp-json\/wp\/v2\/pages"}],"about":[{"href":"https:\/\/tarife-aktionen.de\/vodafone\/wp-json\/wp\/v2\/types\/page"}],"author":[{"embeddable":true,"href":"https:\/\/tarife-aktionen.de\/vodafone\/wp-json\/wp\/v2\/users\/30"}],"replies":[{"embeddable":true,"href":"https:\/\/tarife-aktionen.de\/vodafone\/wp-json\/wp\/v2\/comments?post=363"}],"version-history":[{"count":5,"href":"https:\/\/tarife-aktionen.de\/vodafone\/wp-json\/wp\/v2\/pages\/363\/revisions"}],"predecessor-version":[{"id":6661,"href":"https:\/\/tarife-aktionen.de\/vodafone\/wp-json\/wp\/v2\/pages\/363\/revisions\/6661"}],"wp:attachment":[{"href":"https:\/\/tarife-aktionen.de\/vodafone\/wp-json\/wp\/v2\/media?parent=363"}],"curies":[{"name":"wp","href":"https:\/\/api.w.org\/{rel}","templated":true}]}}