{"id":3735,"date":"2018-07-25T02:00:09","date_gmt":"2018-07-25T00:00:09","guid":{"rendered":"https:\/\/tarife-aktionen.de\/vodafone\/?page_id=3735"},"modified":"2023-10-22T20:15:34","modified_gmt":"2023-10-22T18:15:34","slug":"haftungsausschluss","status":"publish","type":"page","link":"https:\/\/tarife-aktionen.de\/vodafone\/haftungsausschluss","title":{"rendered":"Haftungsausschluss"},"content":{"rendered":"<p><img decoding=\"async\" class=\"alignright size-full wp-image-3780\" src=\"https:\/\/tarife-aktionen.de\/vodafone\/inhalte\/2018\/07\/haftungsausschluss-vodafone-tarife-aktionen.jpg\" alt=\"Haftungsausschluss Tarife-Aktionen.de\/Vodafone - unabh\u00e4ngiger Partner\" width=\"150\" height=\"100\" srcset=\"https:\/\/tarife-aktionen.de\/vodafone\/inhalte\/2018\/07\/haftungsausschluss-vodafone-tarife-aktionen.jpg 150w, https:\/\/tarife-aktionen.de\/vodafone\/inhalte\/2018\/07\/haftungsausschluss-vodafone-tarife-aktionen-80x53.jpg 80w\" sizes=\"(max-width: 150px) 100vw, 150px\" \/>Unsere Firma <a href=\"https:\/\/komm-on.com\/\" target=\"_blank\" rel=\"noopener\"><strong>telekommunikation-online Gutsch &amp; Co. OHG<\/strong><\/a> betreibt das unabh\u00e4ngige Portal <a href=\"https:\/\/tarife-aktionen.de\/vodafone\/\"><strong>Tarife-Aktionen.de\/Vodafone<\/strong><\/a>. Unsere Webseite wird in Abstimmung mit Vodafone (Internetvertrieb) betrieben. Unser Unternehmen ist autorisierter Vodafone Internet-Vertriebspartner und auf dieser Seite finden Sie unseren Haftungsausschluss.<\/p>\n<hr \/>\n<p><a href=\"https:\/\/tarife-aktionen.de\/vodafone\/fehler-feedback\"><strong>Fehler auf unserer Webseite gefunden? Hier melden<\/strong><\/a><\/p>\n<hr \/>\n<p>Alle Preise auf Tarife-Aktionen.de\/Vodafone sind unverbindlich und enthalten, wenn nichts anderes vermerkt ist, die deutsche Mehrwertsteuer (MwSt). Irrt\u00fcmer bei unseren Inhalten zu Vodafone <a href=\"https:\/\/tarife-aktionen.de\/vodafone\/\"><strong>Tarifen<\/strong><\/a> und <a href=\"https:\/\/tarife-aktionen.de\/vodafone\/infos\/angebote\"><strong>Angeboten<\/strong><\/a> sind vorbehalten. Wenn Sie einen Fehler finden, nehmen wir Ihre Meldung \u00fcber unser <strong><a href=\"https:\/\/tarife-aktionen.de\/vodafone\/fehler-feedback\">Kontaktformular<\/a><\/strong> entgegen, um diesen zu korrigieren. Mit unserem Informationsangebot zu <a href=\"https:\/\/tarife-aktionen.de\/vodafone\/zuhause\"><strong>Festnetz<\/strong><\/a> und <a href=\"https:\/\/tarife-aktionen.de\/vodafone\/mobilfunk\"><strong>Mobilfunk<\/strong><\/a> Tarifen von vodafone.de \u00fcbernehmen wir <strong>keine Gew\u00e4hr f\u00fcr die Aktualit\u00e4t, Qualit\u00e4t, Korrektheit sowie Vollst\u00e4ndigkeit<\/strong> der ver\u00f6ffentlichten Informationen (z.B. Preise \/ Tarife und Sonderangebote). Alle Anspr\u00fcche, welche sich auf Sch\u00e4den ideeller oder materieller Art beziehen, die durch die Nutzung bzw. Nichtnutzung der Inhalte auf Tarife-Aktionen.de\/Vodafone bzw. durch die Nutzung fehlerhafter und unvollst\u00e4ndiger Informationen verursacht wurden, sind ausgeschlossen, wenn kein nachweislich vors\u00e4tzliches bzw. grob fahrl\u00e4ssiges Verschulden durch uns als Vermittler vorlag. F\u00fcr Sie gelten die in der <a href=\"https:\/\/tarife-aktionen.de\/vodafone\/onlinebestellung\"><strong>Onlinebestellung<\/strong><\/a> angezeigten Preise auf <a href=\"https:\/\/tarife-aktionen.de\/vodafone\/zum-anbieter\/vodafone-allgemein\/vodafone-allgemein\" target=\"_blank\" rel=\"noopener\"><strong>vodafone.de<\/strong><\/a>.<\/p>\n<hr \/>\n<p>Wenn innerhalb unserer Webseite pers\u00f6nlichen Daten abgefragt werden (z.B. im Rahmen unseres <strong><a href=\"https:\/\/tarife-aktionen.de\/vodafone\/kontakt\/telefonische-beratung\">telefonischen Beratungsservice<\/a><\/strong> zu Vodafone Festnetz und Mobilfunk Tarifen), erfolgt Ihre Angabe freiwillig. Die Daten werden <strong>NICHT f\u00fcr Werbezwecke an Dritte weitergegeben<\/strong>. Ihre Daten dienen nur f\u00fcr den einmaligen Kontakt und der seri\u00f6sen Beratung durch uns. Weitere Informationen finden Sie in unserer <a href=\"https:\/\/tarife-aktionen.de\/vodafone\/datenschutzerklaerung\"><strong>Datenschutzerkl\u00e4rung<\/strong><\/a>.<\/p>\n<hr \/>\n<p><strong>Alle Rechte an Inhalten und Texten<\/strong> dieser Webseite liegen bei der <strong>telekommunikation-online Gutsch &amp; Co. OHG<\/strong>. Die Ver\u00f6ffentlichung der Vodafone Inhalte auf anderen Seiten \/ Medien, auch auszugsweise, Bedarf unserer Zustimmung (<strong><a href=\"https:\/\/tarife-aktionen.de\/vodafone\/fehler-feedback\">Anfrageformular<\/a><\/strong>). Wenn Sie nur einige S\u00e4tze \u00fcbernehmen und einen Link auf unsere Seite setzen, ist dies nicht notwendig.<\/p>\n<hr \/>\n<p>Wir erkl\u00e4ren, dass alle Webseiten au\u00dferhalb unseres Portals Tarife-Aktionen.de\/Vodafone, die per <strong>externem Link<\/strong> zu erreichen sind, zum Zeitpunkt der Verlinkung frei von illegalen Inhalten waren. Da wir keinen Einfluss auf die kommenden Inhalte der Seiten haben, distanzieren wir uns von deren k\u00fcnftigen Inhalten, wenn diese rechtswidrig sind. Hinweise zu fehlerhaften Links \/ rechtswidrigen Seiten k\u00f6nnen Sie uns aber gern <a href=\"https:\/\/tarife-aktionen.de\/vodafone\/fehler-feedback\"><strong>melden<\/strong><\/a>.<\/p>\n","protected":false},"excerpt":{"rendered":"<p>Unsere Firma telekommunikation-online Gutsch &amp; Co. OHG betreibt das unabh\u00e4ngige Portal Tarife-Aktionen.de\/Vodafone. Unsere Webseite wird in Abstimmung mit Vodafone (Internetvertrieb) betrieben. Unser Unternehmen ist autorisierter Vodafone Internet-Vertriebspartner und auf dieser Seite finden Sie unseren Haftungsausschluss. Fehler auf unserer Webseite gefunden? Hier melden Alle Preise auf Tarife-Aktionen.de\/Vodafone sind unverbindlich und enthalten, wenn nichts anderes vermerkt ist, &hellip; <a href=\"https:\/\/tarife-aktionen.de\/vodafone\/haftungsausschluss\" class=\"more-link\"><span class=\"screen-reader-text\">Haftungsausschluss<\/span> weiterlesen <span class=\"meta-nav\">&rarr;<\/span><\/a><\/p>\n","protected":false},"author":30,"featured_media":0,"parent":0,"menu_order":999997,"comment_status":"closed","ping_status":"closed","template":"","meta":{"footnotes":""},"class_list":["post-3735","page","type-page","status-publish","hentry"],"_links":{"self":[{"href":"https:\/\/tarife-aktionen.de\/vodafone\/wp-json\/wp\/v2\/pages\/3735","targetHints":{"allow":["GET"]}}],"collection":[{"href":"https:\/\/tarife-aktionen.de\/vodafone\/wp-json\/wp\/v2\/pages"}],"about":[{"href":"https:\/\/tarife-aktionen.de\/vodafone\/wp-json\/wp\/v2\/types\/page"}],"author":[{"embeddable":true,"href":"https:\/\/tarife-aktionen.de\/vodafone\/wp-json\/wp\/v2\/users\/30"}],"replies":[{"embeddable":true,"href":"https:\/\/tarife-aktionen.de\/vodafone\/wp-json\/wp\/v2\/comments?post=3735"}],"version-history":[{"count":5,"href":"https:\/\/tarife-aktionen.de\/vodafone\/wp-json\/wp\/v2\/pages\/3735\/revisions"}],"predecessor-version":[{"id":6374,"href":"https:\/\/tarife-aktionen.de\/vodafone\/wp-json\/wp\/v2\/pages\/3735\/revisions\/6374"}],"wp:attachment":[{"href":"https:\/\/tarife-aktionen.de\/vodafone\/wp-json\/wp\/v2\/media?parent=3735"}],"curies":[{"name":"wp","href":"https:\/\/api.w.org\/{rel}","templated":true}]}}