{"id":3744,"date":"2018-07-25T02:00:22","date_gmt":"2018-07-25T00:00:22","guid":{"rendered":"https:\/\/tarife-aktionen.de\/vodafone\/?page_id=3744"},"modified":"2023-10-22T21:16:55","modified_gmt":"2023-10-22T19:16:55","slug":"datenschutzerklaerung","status":"publish","type":"page","link":"https:\/\/tarife-aktionen.de\/vodafone\/datenschutzerklaerung","title":{"rendered":"Datenschutzerkl\u00e4rung"},"content":{"rendered":"<p><img decoding=\"async\" class=\"alignright size-full wp-image-3749\" src=\"https:\/\/tarife-aktionen.de\/vodafone\/inhalte\/2018\/07\/datenschutzerklaerung-dsgvo-vodafone-tarife-aktionen.jpg\" alt=\"Datenschutzerkl\u00e4rung \/ Datenschutz bei Tarife-Aktionen.de\/Vodafone\" width=\"150\" height=\"100\" srcset=\"https:\/\/tarife-aktionen.de\/vodafone\/inhalte\/2018\/07\/datenschutzerklaerung-dsgvo-vodafone-tarife-aktionen.jpg 150w, https:\/\/tarife-aktionen.de\/vodafone\/inhalte\/2018\/07\/datenschutzerklaerung-dsgvo-vodafone-tarife-aktionen-80x53.jpg 80w\" sizes=\"(max-width: 150px) 100vw, 150px\" \/>F\u00fcr unsere Webseite<strong> \u00a0<a href=\"https:\/\/tarife-aktionen.de\/vodafone\/\">Tarife-Aktionen.de\/Vodafone<\/a><\/strong> Verantwortlicher im Sinne der Datenschutz-Grundverordnung (DS-GVO), sonstiger in den Mitgliedstaaten der EU geltenden Datenschutzgesetze und anderer Bestimmungen mit datenschutzrechtlichem Charakter ist die:<\/p>\n<p><span class=\"farbig\">telekommunikation-online Gutsch &amp; Co. OHG<\/span><br \/>\nG\u00fcnter-Klapproth-Weg 20<br \/>\n38259 Salzgitter<br \/>\nDeutschland<\/p>\n<p>E-Mail: <a href=\"mailto:datenschutz-vodafone@tarife-aktionen.de\"><strong>datenschutz-vodafone@tarife-aktionen.de<\/strong><\/a><br \/>\nWebsite unseres Unternehmens: <a href=\"https:\/\/komm-on.com\/\" target=\"_blank\" rel=\"noopener\"><strong>https:\/\/komm-on.com\/<\/strong><\/a><\/p>\n<hr \/>\n<h2><span class=\"farbig\">Datenschutzerkl\u00e4rung<\/span> von Tarife-Aktionen.de\/Vodafone<\/h2>\n<p>Auf dieser Seite finden Sie kurze verst\u00e4ndliche Datenschutz-Hinweise zu unserer Webseite Tarife-Aktionen.de\/Vodafone &#8211; <strong>unsere komplette Datenschutzerkl\u00e4rung finden Sie <a href=\"https:\/\/komm-on.com\/datenschutzerklaerung\" target=\"_blank\" rel=\"noopener\">HIER<\/a><\/strong>.<\/p>\n<p>Die Datenschutzerkl\u00e4rung vom Anbieter Vodafone finden Sie <a href=\"https:\/\/tarife-aktionen.de\/vodafone\/zum-anbieter\/vodafone-service\/vodafone-service-datenschutz\" target=\"_blank\" rel=\"noopener\"><strong>hier<\/strong><\/a>.<\/p>\n<hr \/>\n<h2><span class=\"farbig\">Cookie Nutzung<\/span> auf Webseite Tarife-Aktionen.de\/Vodafone<\/h2>\n<p>Die Webseite Tarife-Aktionen.de\/Vodafone nutzt wie viele Webseiten Cookies. Dies sind kleine Textdateien, welche \u00fcber einen Internetbrowser (z.B. Firefox) auf einem Computer abgelegt und gespeichert werden. Durch den Einsatz von Cookies k\u00f6nnen auf Tarife-Aktionen.de\/Vodafone bessere Services bereitgestellt werden. Cookies erm\u00f6glichen es uns z.B. den Benutzer unserer Seite wiederzuerkennen und so passende Vodafone Angebote anzuzeigen.<\/p>\n<p>Um die Nutzung unserer Webseite zu analysieren nutzen wir <a href=\"https:\/\/www.google.de\/intl\/de\/policies\/privacy\/\" target=\"_blank\" rel=\"noopener\"><strong>Google Analytics<\/strong><\/a>. Dabei wird zu Ihrem Schutz die IP-Adresse anonymisiert. Die Cookies k\u00f6nnen Sie \u00fcber unsere <a href=\"https:\/\/tarife-aktionen.de\/vodafone\/cookie-richtlinie#cmplz-manage-consent-container\">Cookie-Richtlinie<\/a> ablehnen. Alternativ bietet auch Google ein <a href=\"https:\/\/tools.google.com\/dlpage\/gaoptout?hl=de\" target=\"_blank\" rel=\"noopener\">Plugin<\/a> an, um Analytics grunds\u00e4tzlich zu unterbinden.<\/p>\n<p>Wenn Sie \u00fcber eine Werbung zu uns gelangt sind, werden weitere Cookies gespeichert, damit wir unsere Werbung optimieren k\u00f6nnen (z.B. Google Adwords oder Bing Ads).<\/p>\n<p>Werden auf unserer Seite Tarife-Aktionen.de\/Vodafone Anzeigen von Anbietern wie <a href=\"https:\/\/smartphone-tarife.de\/vodafone\" target=\"_blank\" rel=\"noopener\"><strong>Vodafone<\/strong><\/a> oder <a href=\"https:\/\/smartphone-tarife.de\/otelo\" target=\"_blank\" rel=\"noopener\"><strong>otelo<\/strong><\/a> geschaltet, sind ebenfalls Cookies im Einsatz, um den Erfolg zu messen.<\/p>\n<p>Beitr\u00e4ge auf Tarife-Aktionen.de\/Vodafone k\u00f6nnen eingebettete Inhalte sein. Diese Inhalte verhalten sich so, als wenn Sie die andere Website besucht h\u00e4tte (z.B. Speicherung von Cookies) &#8211; z.B. bei Einbindung von Youtube Videos aus unserem Vodafone Channel.<\/p>\n<p>Welche Dienste wir nutzen, erfahren Sie in unserer ausf\u00fchrlichen <a href=\"https:\/\/komm-on.com\/datenschutzerklaerung\" target=\"_blank\" rel=\"noopener\"><strong>Datenschutzerkl\u00e4rung<\/strong><\/a>.<\/p>\n<hr \/>\n<h2><span class=\"farbig\">Kontaktm\u00f6glichkeiten<\/span> &#8211; Hotline, R\u00fcckruf-Service und Kontaktformular<\/h2>\n<p>Unsere Webseite Tarife-Aktionen.de\/Vodafone enth\u00e4lt viele M\u00f6glichkeiten, mit uns in Kontakt zu treten, zum Beispiel per <a href=\"https:\/\/tarife-aktionen.de\/vodafone\/kontakt\/hotline\"><strong>Hotline<\/strong><\/a>, \u00fcber unseren <a href=\"https:\/\/tarife-aktionen.de\/vodafone\/kontakt\/telefonische-beratung\"><strong>R\u00fcckruf-Service<\/strong><\/a> oder unser <a href=\"https:\/\/tarife-aktionen.de\/vodafone\/kontakt\/schriftliche-anfrage\"><strong>Anfrageformular<\/strong><\/a> bzw. per E-Mail. Wenn Sie Kontakt mit uns aufnehmen und Daten an uns \u00fcbermitteln, werden diese im gesetzlich zul\u00e4ssigen Rahmen bei uns f\u00fcr die Bearbeitung Ihres Anliegens (z.B. Tarifberatung zu Vodafone <a href=\"https:\/\/tarife-aktionen.de\/vodafone\/smartphone-tarife\"><strong>Smartphone Tarifen<\/strong><\/a>, <a href=\"https:\/\/tarife-aktionen.de\/vodafone\/zuhause\/kabel\"><strong>Kabel Internet<\/strong><\/a> oder <a href=\"https:\/\/tarife-aktionen.de\/vodafone\/zuhause\/dsl\"><strong>DSL<\/strong><\/a>) gespeichert und verarbeitet. Ihre Daten werden nach angemessener Zeit gel\u00f6scht, wenn der Zweck der Datenverarbeitung \/ -speicherung entfallen ist und keine gesetzlichen Gr\u00fcnde entgegen stehen. Es erfolgt keine Weitergabe der pers\u00f6nlichen Daten an unberechtigte Dritte. Bez\u00fcglich Ihres Rechtes auf Auskunft und L\u00f6schung von Daten finden Erl\u00e4uterungen in der vollst\u00e4ndigen <a href=\"https:\/\/komm-on.com\/datenschutzerklaerung\" target=\"_blank\" rel=\"noopener\"><strong>Datenschutzerkl\u00e4rung<\/strong><\/a>.<\/p>\n<hr \/>\n<h2><span class=\"farbig\">Datenschutz-Grundverordnung (DSGVO)<\/span> auf Tarife-Aktionen.de\/Vodafone<\/h2>\n<p>Die Verarbeitung personenbezogener Daten, beispielsweise des Namens, der Anschrift, E-Mail-Adresse oder Telefonnummer einer betroffenen Person, erfolgt stets im Einklang mit der Datenschutz-Grundverordnung (DSGVO) und in \u00dcbereinstimmung mit den f\u00fcr die <strong>telekommunikation-online Gutsch &amp; Co. OHG<\/strong> (Betreiber von Tarife-Aktionen.de\/Vodafone) geltenden landesspezifischen Datenschutzbestimmungen. Wir haben viele technische und organisatorische Ma\u00dfnahmen umgesetzt, um einen m\u00f6glichst l\u00fcckenlosen Schutz der \u00fcber diese Webseite verarbeiteten personenbezogenen Daten sicherzustellen. Dennoch k\u00f6nnen internetbasierte \u00dcbertragungen Sicherheitsl\u00fccken aufweisen, so dass ein absoluter Schutz nicht gew\u00e4hrleistet werden kann. Aus diesem Grund steht es jedem frei, pers\u00f6nliche Daten auf alternativen Wegen, beispielsweise telefonisch oder schriftlich (per Post), an das Team von Tarife-Aktionen.de\/Vodafone zu \u00fcbermitteln.<\/p>\n","protected":false},"excerpt":{"rendered":"<p>F\u00fcr unsere Webseite \u00a0Tarife-Aktionen.de\/Vodafone Verantwortlicher im Sinne der Datenschutz-Grundverordnung (DS-GVO), sonstiger in den Mitgliedstaaten der EU geltenden Datenschutzgesetze und anderer Bestimmungen mit datenschutzrechtlichem Charakter ist die: telekommunikation-online Gutsch &amp; Co. OHG G\u00fcnter-Klapproth-Weg 20 38259 Salzgitter Deutschland E-Mail: datenschutz-vodafone@tarife-aktionen.de Website unseres Unternehmens: https:\/\/komm-on.com\/ Datenschutzerkl\u00e4rung von Tarife-Aktionen.de\/Vodafone Auf dieser Seite finden Sie kurze verst\u00e4ndliche Datenschutz-Hinweise zu unserer &hellip; <a href=\"https:\/\/tarife-aktionen.de\/vodafone\/datenschutzerklaerung\" class=\"more-link\"><span class=\"screen-reader-text\">Datenschutzerkl\u00e4rung<\/span> weiterlesen <span class=\"meta-nav\">&rarr;<\/span><\/a><\/p>\n","protected":false},"author":30,"featured_media":0,"parent":0,"menu_order":999997,"comment_status":"closed","ping_status":"closed","template":"","meta":{"footnotes":""},"class_list":["post-3744","page","type-page","status-publish","hentry"],"_links":{"self":[{"href":"https:\/\/tarife-aktionen.de\/vodafone\/wp-json\/wp\/v2\/pages\/3744","targetHints":{"allow":["GET"]}}],"collection":[{"href":"https:\/\/tarife-aktionen.de\/vodafone\/wp-json\/wp\/v2\/pages"}],"about":[{"href":"https:\/\/tarife-aktionen.de\/vodafone\/wp-json\/wp\/v2\/types\/page"}],"author":[{"embeddable":true,"href":"https:\/\/tarife-aktionen.de\/vodafone\/wp-json\/wp\/v2\/users\/30"}],"replies":[{"embeddable":true,"href":"https:\/\/tarife-aktionen.de\/vodafone\/wp-json\/wp\/v2\/comments?post=3744"}],"version-history":[{"count":5,"href":"https:\/\/tarife-aktionen.de\/vodafone\/wp-json\/wp\/v2\/pages\/3744\/revisions"}],"predecessor-version":[{"id":6456,"href":"https:\/\/tarife-aktionen.de\/vodafone\/wp-json\/wp\/v2\/pages\/3744\/revisions\/6456"}],"wp:attachment":[{"href":"https:\/\/tarife-aktionen.de\/vodafone\/wp-json\/wp\/v2\/media?parent=3744"}],"curies":[{"name":"wp","href":"https:\/\/api.w.org\/{rel}","templated":true}]}}