{"id":39,"date":"2018-08-01T02:00:25","date_gmt":"2018-08-01T00:00:25","guid":{"rendered":"https:\/\/internet-telefon-fernsehen.de\/?page_id=39"},"modified":"2023-10-26T21:50:52","modified_gmt":"2023-10-26T19:50:52","slug":"hotline","status":"publish","type":"page","link":"https:\/\/tarife-aktionen.de\/vodafone\/kontakt\/hotline","title":{"rendered":"Vodafone Hotline und Beratungs-Hotline vom Vodafone Partner"},"content":{"rendered":"<p><a href=\"https:\/\/tarife-aktionen.de\/vodafone\/kontakt\/hotline\"><img decoding=\"async\" class=\"alignright size-full wp-image-4644\" src=\"https:\/\/tarife-aktionen.de\/vodafone\/inhalte\/2018\/08\/vodafone-hotline-beratung-tarife.jpg\" alt=\"Vodafone Hotline und Beratungs-Hotline vom Vodafone Partner\" width=\"150\" height=\"100\" srcset=\"https:\/\/tarife-aktionen.de\/vodafone\/inhalte\/2018\/08\/vodafone-hotline-beratung-tarife.jpg 150w, https:\/\/tarife-aktionen.de\/vodafone\/inhalte\/2018\/08\/vodafone-hotline-beratung-tarife-80x53.jpg 80w\" sizes=\"(max-width: 150px) 100vw, 150px\" \/><\/a>Sie w\u00fcnschen eine Tarifberatung durch uns als Vodafone Partner oder suchen den Kontakt zur <span class=\"farbig\"><strong>Vodafone Hotline<\/strong><\/span> (<a href=\"https:\/\/tarife-aktionen.de\/vodafone\/kontakt\/kundenservice\"><strong>Kundenservice<\/strong><\/a> \/ auch f\u00fcr <strong>Arcor<\/strong> bzw. <strong>Kabel Deutschland<\/strong> Kunden)? Hier finden Sie alle Rufnummern, die Ihnen weiterhelfen. F\u00fcr Neukunden bieten wir auch einen kostenlosen <a href=\"https:\/\/tarife-aktionen.de\/vodafone\/kontakt\/telefonische-beratung\"><strong>R\u00fcckruf-Service<\/strong><\/a> an oder die M\u00f6glichkeit eine <a href=\"https:\/\/tarife-aktionen.de\/vodafone\/kontakt\/schriftliche-anfrage\"><strong>schriftliche Anfrage<\/strong><\/a> zu \u00fcbermitteln. <!--more--><\/p>\n<hr \/>\n<h2>Passende Hotline f\u00fcr Ihr Anliegen:<\/h2>\n<div class=\"wpforms-container wpforms-container-full kontaktformular-offen\" id=\"wpforms-6753\"><form id=\"wpforms-form-6753\" class=\"wpforms-validate wpforms-form\" data-formid=\"6753\" method=\"post\" enctype=\"multipart\/form-data\" action=\"\/vodafone\/wp-json\/wp\/v2\/pages\/39\" data-token=\"f5d19ea8cbfa02b73f4ca57b7e1690fd\" data-token-time=\"1777616627\"><noscript class=\"wpforms-error-noscript\">Bitte aktiviere JavaScript in deinem Browser, um dieses Formular fertigzustellen.<\/noscript><div class=\"wpforms-field-container\"><div id=\"wpforms-6753-field_63-container\" class=\"wpforms-field wpforms-field-radio wpforms-conditional-trigger\" data-field-id=\"63\"><label class=\"wpforms-field-label wpforms-label-hide\">Neukunde oder Bestandskunde <span class=\"wpforms-required-label\">*<\/span><\/label><ul id=\"wpforms-6753-field_63\" class=\"wpforms-field-required\"><li class=\"choice-1 depth-1\"><input type=\"radio\" id=\"wpforms-6753-field_63_1\" name=\"wpforms[fields][63]\" value=\"Neukunde - ich habe noch NICHT bestellt\" required ><label class=\"wpforms-field-label-inline\" for=\"wpforms-6753-field_63_1\">Neukunde - ich habe noch NICHT bestellt<\/label><\/li><li class=\"choice-5 depth-1\"><input type=\"radio\" id=\"wpforms-6753-field_63_5\" name=\"wpforms[fields][63]\" value=\"Neukunde - Fragen zu Auftrag \/ Aktivierung\" required ><label class=\"wpforms-field-label-inline\" for=\"wpforms-6753-field_63_5\">Neukunde - Fragen zu Auftrag \/ Aktivierung<\/label><\/li><li class=\"choice-2 depth-1\"><input type=\"radio\" id=\"wpforms-6753-field_63_2\" name=\"wpforms[fields][63]\" value=\"Bestandskunde - Festnetz Tarif\" required ><label class=\"wpforms-field-label-inline\" for=\"wpforms-6753-field_63_2\">Bestandskunde - Festnetz Tarif<\/label><\/li><li class=\"choice-6 depth-1\"><input type=\"radio\" id=\"wpforms-6753-field_63_6\" name=\"wpforms[fields][63]\" value=\"Bestandskunde - Mobilfunk Vertrag\" required ><label class=\"wpforms-field-label-inline\" for=\"wpforms-6753-field_63_6\">Bestandskunde - Mobilfunk Vertrag<\/label><\/li><li class=\"choice-7 depth-1\"><input type=\"radio\" id=\"wpforms-6753-field_63_7\" name=\"wpforms[fields][63]\" value=\"Bestandskunde - Prepaid Karte\" required ><label class=\"wpforms-field-label-inline\" for=\"wpforms-6753-field_63_7\">Bestandskunde - Prepaid Karte<\/label><\/li><\/ul><\/div><div id=\"wpforms-6753-field_73-container\" class=\"wpforms-field wpforms-field-radio wpforms-conditional-field wpforms-conditional-show\" data-field-id=\"73\" style=\"display:none;\"><label class=\"wpforms-field-label\">Wo haben Sie bestellt? <span class=\"wpforms-required-label\">*<\/span><\/label><ul id=\"wpforms-6753-field_73\" class=\"wpforms-field-required\"><li class=\"choice-1 depth-1\"><input type=\"radio\" id=\"wpforms-6753-field_73_1\" name=\"wpforms[fields][73]\" value=\"Online auf &lt;strong&gt;&lt;a href=&quot;https:\/\/internet-verf\u00fcgbarkeit.de\/zum-anbieter\/vodafone-allgemein\/vodafone-allgemein&quot; target=&quot;_blank&quot; rel=&quot;nofollow noopener&quot;&gt;vodafone.de&lt;\/a&gt;&lt;\/strong&gt;\" required ><label class=\"wpforms-field-label-inline\" for=\"wpforms-6753-field_73_1\">Online auf <strong><a href=\"https:\/\/internet-verf\u00fcgbarkeit.de\/zum-anbieter\/vodafone-allgemein\/vodafone-allgemein\" target=\"_blank\" rel=\"nofollow noopener\">vodafone.de<\/a><\/strong><\/label><\/li><li class=\"choice-5 depth-1\"><input type=\"radio\" id=\"wpforms-6753-field_73_5\" name=\"wpforms[fields][73]\" value=\"Online bei Preisvergleichs-Portal o.\u00e4.\" required ><label class=\"wpforms-field-label-inline\" for=\"wpforms-6753-field_73_5\">Online bei Preisvergleichs-Portal o.\u00e4.<\/label><\/li><li class=\"choice-2 depth-1\"><input type=\"radio\" id=\"wpforms-6753-field_73_2\" name=\"wpforms[fields][73]\" value=\"In einem Shop \/ Filiale vor Ort\" required ><label class=\"wpforms-field-label-inline\" for=\"wpforms-6753-field_73_2\">In einem Shop \/ Filiale vor Ort<\/label><\/li><li class=\"choice-4 depth-1\"><input type=\"radio\" id=\"wpforms-6753-field_73_4\" name=\"wpforms[fields][73]\" value=\"Unabh\u00e4ngige Hotline 03943...\" required ><label class=\"wpforms-field-label-inline\" for=\"wpforms-6753-field_73_4\">Unabh\u00e4ngige Hotline 03943...<\/label><\/li><li class=\"choice-3 depth-1\"><input type=\"radio\" id=\"wpforms-6753-field_73_3\" name=\"wpforms[fields][73]\" value=\"Vodafone Hotline 0800... \/ 0172...\" required ><label class=\"wpforms-field-label-inline\" for=\"wpforms-6753-field_73_3\">Vodafone Hotline 0800... \/ 0172...<\/label><\/li><\/ul><\/div><div id=\"wpforms-6753-field_75-container\" class=\"wpforms-field wpforms-field-radio wpforms-conditional-field wpforms-conditional-show\" data-field-id=\"75\" style=\"display:none;\"><label class=\"wpforms-field-label\">Was ist Ihr Kunden-Anliegen? <span class=\"wpforms-required-label\">*<\/span><\/label><ul id=\"wpforms-6753-field_75\" class=\"wpforms-field-required\"><li class=\"choice-1 depth-1\"><input type=\"radio\" id=\"wpforms-6753-field_75_1\" name=\"wpforms[fields][75]\" value=\"St\u00f6rung (Internet, Netz, SIM-Karte)\" required ><label class=\"wpforms-field-label-inline\" for=\"wpforms-6753-field_75_1\">St\u00f6rung (Internet, Netz, SIM-Karte)<\/label><\/li><li class=\"choice-5 depth-1\"><input type=\"radio\" id=\"wpforms-6753-field_75_5\" name=\"wpforms[fields][75]\" value=\"Fragen zu Aktivierung, Rechnung usw.\" required ><label class=\"wpforms-field-label-inline\" for=\"wpforms-6753-field_75_5\">Fragen zu Aktivierung, Rechnung usw.<\/label><\/li><li class=\"choice-6 depth-1\"><input type=\"radio\" id=\"wpforms-6753-field_75_6\" name=\"wpforms[fields][75]\" value=\"Tarif wechseln \/ Vertrag \u00e4ndern\" required ><label class=\"wpforms-field-label-inline\" for=\"wpforms-6753-field_75_6\">Tarif wechseln \/ Vertrag \u00e4ndern<\/label><\/li><li class=\"choice-7 depth-1\"><input type=\"radio\" id=\"wpforms-6753-field_75_7\" name=\"wpforms[fields][75]\" value=\"Option dazu bestellen (z.B. GB, Minuten)\" required ><label class=\"wpforms-field-label-inline\" for=\"wpforms-6753-field_75_7\">Option dazu bestellen (z.B. GB, Minuten)<\/label><\/li><li class=\"choice-2 depth-1\"><input type=\"radio\" id=\"wpforms-6753-field_75_2\" name=\"wpforms[fields][75]\" value=\"K\u00fcndigung\" required ><label class=\"wpforms-field-label-inline\" for=\"wpforms-6753-field_75_2\">K\u00fcndigung<\/label><\/li><li class=\"choice-3 depth-1\"><input type=\"radio\" id=\"wpforms-6753-field_75_3\" name=\"wpforms[fields][75]\" value=\"Umzug\" required ><label class=\"wpforms-field-label-inline\" for=\"wpforms-6753-field_75_3\">Umzug<\/label><\/li><li class=\"choice-4 depth-1\"><input type=\"radio\" id=\"wpforms-6753-field_75_4\" name=\"wpforms[fields][75]\" value=\"Neuen Mobilfunk Tarif bestellen\" required ><label class=\"wpforms-field-label-inline\" for=\"wpforms-6753-field_75_4\">Neuen Mobilfunk Tarif bestellen<\/label><\/li><li class=\"choice-8 depth-1\"><input type=\"radio\" id=\"wpforms-6753-field_75_8\" name=\"wpforms[fields][75]\" value=\"Neuen Festnetz Anschluss bestellen\" required ><label class=\"wpforms-field-label-inline\" for=\"wpforms-6753-field_75_8\">Neuen Festnetz Anschluss bestellen<\/label><\/li><\/ul><\/div><\/div><!-- .wpforms-field-container --><div class=\"wpforms-submit-container\" ><input type=\"hidden\" name=\"wpforms[id]\" value=\"6753\"><input type=\"hidden\" name=\"page_title\" value=\"\"><input type=\"hidden\" name=\"page_url\" value=\"https:\/\/tarife-aktionen.de\/vodafone\/wp-json\/wp\/v2\/pages\/39\"><input type=\"hidden\" name=\"url_referer\" value=\"\"><button type=\"submit\" name=\"wpforms[submit]\" id=\"wpforms-submit-6753\" class=\"wpforms-submit kontaktformular-button-hotline-anzeigen\" data-alt-text=\"Hotline wird gleich angezeigt\" data-submit-text=\"Hotline f\u00fcr Ihr Anliegen anzeigen\" aria-live=\"assertive\" value=\"wpforms-submit\">Hotline f\u00fcr Ihr Anliegen anzeigen<\/button><\/div><\/form><\/div>  <!-- .wpforms-container -->\n<hr \/>\n<h2><span class=\"farbig\">Hotline f\u00fcr Bestellung<\/span> neuer Vodafone Tarif sowie Tarifberatung<\/h2>\n<p>Wenn Sie Neukunde sind oder als Bestandskunde einen weiteren Vodafone Tarif <a href=\"https:\/\/tarife-aktionen.de\/vodafone\/onlinebestellung\"><strong>bestellen<\/strong><\/a> m\u00f6chten, beraten wir als autorisierter Vodafone Partner Sie gern kostenfrei und unverbindlich zu den <a href=\"https:\/\/tarife-aktionen.de\/vodafone\/festnetz\"><strong>Festnetz<\/strong><\/a> (DSL, VDSL, Kabel, Glasfaser, TV) und <a href=\"https:\/\/tarife-aktionen.de\/vodafone\/mobilfunk\"><strong>Mobilfunk<\/strong><\/a> Tarifen.<\/p>\n<ul>\n<li><span class=\"farbig\">Neukunden-Hotline:<\/span> <strong><a href=\"tel:+4939434099929\" onclick=\"ga('send', 'event', 'hotline', 'hotline-content', 'hotline-content-mit-zeit');\">0 39 43 \/ 40 999 29<\/a><\/strong> (Mo.-Fr. 7:30-22 \/ Sa. 8-22 \/ So. + Feiertag 10-22 Uhr). Die Vodafone Hotline f\u00fcr Bestandskunden finden Sie unten. Alternativ k\u00f6nnen Sie unseren kostenlosen <a href=\"https:\/\/tarife-aktionen.de\/vodafone\/kontakt\/telefonische-beratung\"><strong>R\u00fcckruf-Service<\/strong><\/a> nutzen.<\/li>\n<\/ul>\n<hr \/>\n<h2>Vodafone <span class=\"farbig\">Hotline Kundenservice<\/span> f\u00fcr Bestandskunden<\/h2>\n<p>Wenn Sie Fragen zu einem bestehenden Vodafone Vertrag haben (St\u00f6rung, Rechnungsfragen, Tarifwechsel o.\u00e4.) finden Sie hier alle <strong>24h-Hotlines<\/strong> von Vodafone (<a href=\"https:\/\/tarife-aktionen.de\/vodafone\/kontakt\/kundenservice\"><strong>Kundenservice<\/strong>)<\/a>. Halten Sie Ihre Kundennummer bzw. Vertragsnummer bereit. Alternative: <a href=\"https:\/\/tarife-aktionen.de\/vodafone\/login-meinvodafone\"><strong>MeinVodafone<\/strong><\/a> nutzen.<\/p>\n<ul>\n<li><strong>Vodafone Hotlines f\u00fcr <span class=\"farbig\">Vertragskunden<\/span><\/strong> (Handyvertrag oder Zuhause Tarife wie <a href=\"https:\/\/tarife-aktionen.de\/vodafone\/dsl\"><strong>DSL<\/strong><\/a>, <a href=\"https:\/\/tarife-aktionen.de\/vodafone\/vdsl\"><strong>VDSL<\/strong><\/a>, oder <a href=\"https:\/\/tarife-aktionen.de\/vodafone\/glasfaser\"><strong>Glasfaser<\/strong><\/a> inklusive ehemaliger <a href=\"https:\/\/tarife-aktionen.de\/vodafone\/archiv-arcor-tarife\/dsl\"><strong>Arcor<\/strong><\/a> DSL Kunden \/ Kabel Deutschland siehe unten):\n<ul>\n<li>Kostenlos aus dem deutschen Vodafone Netz Kurzwahl: <strong><a href=\"tel:1212\">12 12<\/a><\/strong><\/li>\n<li>Kostenlos aus allen deutschen Netzen: <strong><a href=\"tel:08001721212\" >0800 - 172 12 12<\/a><\/strong><\/li>\n<li>Anruf des Vodafone Kundenservice aus dem Ausland: <strong><a href=\"tel:+491721217212\" >+49 172 12 172 12<\/a><\/strong><\/li>\n<\/ul>\n<\/li>\n<li><strong>Vodafone Hotlines f\u00fcr <span class=\"farbig\">Prepaid Kunden<\/span><\/strong> (CallYa Prepaid Karte):\n<ul>\n<li>Aus dem deutschem Netz (Preis f\u00fcr Gespr\u00e4ch ins Vodafone Netz): <strong><a href=\"tel:01722290229\" >0172 - 229 02 29<\/a><\/strong><\/li>\n<li>Anruf CallYa Hotline aus dem Ausland: <strong><a href=\"tel:+491722290229\" >+49 172 229 02 29<\/a><\/strong><\/li>\n<\/ul>\n<\/li>\n<li><strong>Vodafone <span class=\"farbig\">Kabel Deutschland<\/span> Hotlines<\/strong> (Kabelfernsehen, Kabel Internet und Telefon):\n<ul>\n<li>Kabel Deutschland Kundenservice bei Vertragsfragen: <strong><a href=\"tel:08002787000\" >0800 - 27 87 000<\/a><\/strong><\/li>\n<li>Kabel Deutschland St\u00f6rungshotline: <strong><a href=\"tel:08005266625\" >0800 - 52 66 625<\/a><\/strong><\/li>\n<\/ul>\n<\/li>\n<\/ul>\n<hr \/>\n<h2>Kostenloser <span class=\"farbig\">R\u00fcckruf-Service<\/span> f\u00fcr Tarifberatung und Bestellung<\/h2>\n<p>Gern rufen wir als <strong>Vodafone Partner<\/strong> Sie kostenlos zur\u00fcck, um Sie zu Tarifen und Angeboten zu beraten und \/ oder Ihre Bestellung am Telefon aufzunehmen.\u00a0 <a href=\"https:\/\/tarife-aktionen.de\/vodafone\/kontakt\/telefonische-beratung\"><strong>R\u00fcckruf-Service<\/strong><\/a><\/p>\n<hr \/>\n<p>Die Vodafone <strong><a href=\"https:\/\/tarife-aktionen.de\/vodafone\/kontakt\/telefonische-beratung\">Tarifberatung<\/a><\/strong> durch unsere Hotline ist kostenlos und unverbindlich f\u00fcr Sie. Im Sinne der Fairness freuen wir uns, wenn Sie Ihre <a href=\"https:\/\/tarife-aktionen.de\/vodafone\/onlinebestellung\"><strong>Vodafone Bestellung<\/strong><\/a> nach erfolgreicher Beratung auch \u00fcber uns erteilen. F\u00fcr Sie entstehen dabei keine Nachteile, sondern Sie profitieren von allen <strong><a href=\"https:\/\/tarife-aktionen.de\/vodafone\/infos\/angebote\">Online-Angeboten<\/a><\/strong> und teilweise haben wir sogar Sonderaktionen f\u00fcr Sie!<\/p>\n","protected":false},"excerpt":{"rendered":"<p>Sie w\u00fcnschen eine Tarifberatung durch uns als Vodafone Partner oder suchen den Kontakt zur Vodafone Hotline (Kundenservice \/ auch f\u00fcr Arcor bzw. Kabel Deutschland Kunden)? Hier finden Sie alle Rufnummern, die Ihnen weiterhelfen. F\u00fcr Neukunden bieten wir auch einen kostenlosen R\u00fcckruf-Service an oder die M\u00f6glichkeit eine schriftliche Anfrage zu \u00fcbermitteln.<\/p>\n","protected":false},"author":30,"featured_media":4644,"parent":36,"menu_order":900010,"comment_status":"closed","ping_status":"closed","template":"","meta":{"footnotes":""},"class_list":["post-39","page","type-page","status-publish","hentry","has-post-thumbnail"],"_links":{"self":[{"href":"https:\/\/tarife-aktionen.de\/vodafone\/wp-json\/wp\/v2\/pages\/39","targetHints":{"allow":["GET"]}}],"collection":[{"href":"https:\/\/tarife-aktionen.de\/vodafone\/wp-json\/wp\/v2\/pages"}],"about":[{"href":"https:\/\/tarife-aktionen.de\/vodafone\/wp-json\/wp\/v2\/types\/page"}],"author":[{"embeddable":true,"href":"https:\/\/tarife-aktionen.de\/vodafone\/wp-json\/wp\/v2\/users\/30"}],"replies":[{"embeddable":true,"href":"https:\/\/tarife-aktionen.de\/vodafone\/wp-json\/wp\/v2\/comments?post=39"}],"version-history":[{"count":5,"href":"https:\/\/tarife-aktionen.de\/vodafone\/wp-json\/wp\/v2\/pages\/39\/revisions"}],"predecessor-version":[{"id":6835,"href":"https:\/\/tarife-aktionen.de\/vodafone\/wp-json\/wp\/v2\/pages\/39\/revisions\/6835"}],"up":[{"embeddable":true,"href":"https:\/\/tarife-aktionen.de\/vodafone\/wp-json\/wp\/v2\/pages\/36"}],"wp:featuredmedia":[{"embeddable":true,"href":"https:\/\/tarife-aktionen.de\/vodafone\/wp-json\/wp\/v2\/media\/4644"}],"wp:attachment":[{"href":"https:\/\/tarife-aktionen.de\/vodafone\/wp-json\/wp\/v2\/media?parent=39"}],"curies":[{"name":"wp","href":"https:\/\/api.w.org\/{rel}","templated":true}]}}