{"id":483,"date":"2015-12-06T00:01:11","date_gmt":"2015-12-05T23:01:11","guid":{"rendered":"https:\/\/tarife-aktionen.de\/vodafone\/?page_id=483"},"modified":"2023-10-22T21:20:13","modified_gmt":"2023-10-22T19:20:13","slug":"dsl","status":"publish","type":"page","link":"https:\/\/tarife-aktionen.de\/vodafone\/zuhause\/dsl","title":{"rendered":"Vodafone DSL Tarife: Internet, Telefon und optional TV"},"content":{"rendered":"<p><a title=\"Vodafone DSL Tarife online bestellen\" href=\"https:\/\/tarife-aktionen.de\/vodafone\/zum-anbieter\/vodafone-dsl\/vodafone-festnetz-dsl-allgemein\" target=\"_blank\" rel=\"noopener\"><img decoding=\"async\" class=\"alignright size-medium wp-image-376\" src=\"https:\/\/tarife-aktionen.de\/vodafone\/inhalte\/2015\/09\/vodafone-onlinebestellung-150x30.png\" alt=\"Vodafone Onlinebestellung (online bestellen)\" width=\"150\" height=\"30\" srcset=\"https:\/\/tarife-aktionen.de\/vodafone\/inhalte\/2015\/09\/vodafone-onlinebestellung.png 150w, https:\/\/tarife-aktionen.de\/vodafone\/inhalte\/2015\/09\/vodafone-onlinebestellung-80x16.png 80w\" sizes=\"(max-width: 150px) 100vw, 150px\" \/><\/a>Mit den <strong><span class=\"farbig\">Vodafone DSL<\/span><\/strong> Tarifen (fr\u00fcher Arcor DSL) erhalten Sie schnelles Internet zum kleinen Preis. Bei den g\u00fcnstigen Vodafone DSL Tarifen ist der Telefonanschluss (auf Wunsch mit Telefonflat) bereits enthalten. Auf Wunsch k\u00f6nnen Sie Vodafone DSL auch um Fernsehen \/ TV (IPTV) erg\u00e4nzen. Neben DSL bietet Vodafone auch schnelle <strong><a title=\"Vodafone VDSL Tarife: Internet, Telefon und optional TV\" href=\"https:\/\/tarife-aktionen.de\/vodafone\/zuhause\/vdsl\">VDSL Tarife<\/a><\/strong> sowie in 13 Bundesl\u00e4ndern <strong><a title=\"Vodafone Kabel Tarife: Internet, Telefon und optional TV\" href=\"https:\/\/tarife-aktionen.de\/vodafone\/zuhause\/kabel\">Kabel Internet<\/a><\/strong> (Empfehlung) an.<\/p>\n","protected":false},"excerpt":{"rendered":"<p>Mit den Vodafone DSL Tarifen (fr\u00fcher Arcor DSL) erhalten Sie schnelles Internet zum kleinen Preis. Bei den g\u00fcnstigen Vodafone DSL Tarifen ist der Telefonanschluss (auf Wunsch mit Telefonflat) bereits enthalten. Auf Wunsch k\u00f6nnen Sie Vodafone DSL auch um Fernsehen \/ TV (IPTV) erg\u00e4nzen. Neben DSL bietet Vodafone auch schnelle VDSL Tarife sowie in 13 Bundesl\u00e4ndern &hellip; <a href=\"https:\/\/tarife-aktionen.de\/vodafone\/zuhause\/dsl\" class=\"more-link\"><span class=\"screen-reader-text\">Vodafone DSL Tarife: Internet, Telefon und optional TV<\/span> weiterlesen <span class=\"meta-nav\">&rarr;<\/span><\/a><\/p>\n","protected":false},"author":30,"featured_media":0,"parent":212,"menu_order":110000,"comment_status":"closed","ping_status":"closed","template":"","meta":{"footnotes":""},"class_list":["post-483","page","type-page","status-publish","hentry"],"_links":{"self":[{"href":"https:\/\/tarife-aktionen.de\/vodafone\/wp-json\/wp\/v2\/pages\/483","targetHints":{"allow":["GET"]}}],"collection":[{"href":"https:\/\/tarife-aktionen.de\/vodafone\/wp-json\/wp\/v2\/pages"}],"about":[{"href":"https:\/\/tarife-aktionen.de\/vodafone\/wp-json\/wp\/v2\/types\/page"}],"author":[{"embeddable":true,"href":"https:\/\/tarife-aktionen.de\/vodafone\/wp-json\/wp\/v2\/users\/30"}],"replies":[{"embeddable":true,"href":"https:\/\/tarife-aktionen.de\/vodafone\/wp-json\/wp\/v2\/comments?post=483"}],"version-history":[{"count":1,"href":"https:\/\/tarife-aktionen.de\/vodafone\/wp-json\/wp\/v2\/pages\/483\/revisions"}],"predecessor-version":[{"id":6602,"href":"https:\/\/tarife-aktionen.de\/vodafone\/wp-json\/wp\/v2\/pages\/483\/revisions\/6602"}],"up":[{"embeddable":true,"href":"https:\/\/tarife-aktionen.de\/vodafone\/wp-json\/wp\/v2\/pages\/212"}],"wp:attachment":[{"href":"https:\/\/tarife-aktionen.de\/vodafone\/wp-json\/wp\/v2\/media?parent=483"}],"curies":[{"name":"wp","href":"https:\/\/api.w.org\/{rel}","templated":true}]}}