{"id":486,"date":"2015-12-06T00:01:41","date_gmt":"2015-12-05T23:01:41","guid":{"rendered":"https:\/\/tarife-aktionen.de\/vodafone\/?page_id=486"},"modified":"2023-10-22T21:21:52","modified_gmt":"2023-10-22T19:21:52","slug":"kabel","status":"publish","type":"page","link":"https:\/\/tarife-aktionen.de\/vodafone\/zuhause\/kabel","title":{"rendered":"Vodafone Kabel Tarife: Internet, Telefon und optional TV"},"content":{"rendered":"<p><a title=\"Vodafone Kabel Tarife online bestellen\" href=\"https:\/\/tarife-aktionen.de\/vodafone\/zum-anbieter\/vodafone-kabel\/vodafone-festnetz-kabel-allgemein\" target=\"_blank\" rel=\"noopener\"><img decoding=\"async\" class=\"alignright size-medium wp-image-376\" src=\"https:\/\/tarife-aktionen.de\/vodafone\/inhalte\/2015\/09\/vodafone-onlinebestellung-150x30.png\" alt=\"Vodafone Onlinebestellung (online bestellen)\" width=\"150\" height=\"30\" srcset=\"https:\/\/tarife-aktionen.de\/vodafone\/inhalte\/2015\/09\/vodafone-onlinebestellung.png 150w, https:\/\/tarife-aktionen.de\/vodafone\/inhalte\/2015\/09\/vodafone-onlinebestellung-80x16.png 80w\" sizes=\"(max-width: 150px) 100vw, 150px\" \/><\/a>Mit den <strong><span class=\"farbig\">Vodafone Kabel<\/span><\/strong>\u00a0Tarifen (fr\u00fcher Kabel Deutschland \/ verf\u00fcgbar in 13 Bundesl\u00e4ndern) erhalten Sie schnelles Highspeed-Internet zum extra g\u00fcnstigen\u00a0Preis und das auch in einigen Regionen, wo kein schnelles <a title=\"Vodafone DSL Tarife: Internet, Telefon und optional TV\" href=\"https:\/\/tarife-aktionen.de\/vodafone\/zuhause\/dsl\">DSL<\/a> \/ <a title=\"Vodafone VDSL Tarife: Internet, Telefon und optional TV\" href=\"https:\/\/tarife-aktionen.de\/vodafone\/zuhause\/vdsl\">VDSL<\/a> ausgebaut ist. Mit\u00a0den Vodafone Kabel Angeboten\u00a0k\u00f6nnen Sie auch Telefonieren (optional Telefonflat) und Fernsehen (Kabelfernsehen). Neben Kabel\u00a0bietet Vodafone auch\u00a0<strong><a title=\"Vodafone DSL Tarife: Internet, Telefon und optional TV\" href=\"https:\/\/tarife-aktionen.de\/vodafone\/zuhause\/dsl\">DSL<\/a><\/strong>\u00a0und\u00a0<strong><a title=\"Vodafone VDSL Tarife: Internet, Telefon und optional TV\" href=\"https:\/\/tarife-aktionen.de\/vodafone\/zuhause\/vdsl\">VDSL<\/a><\/strong>\u00a0Tarife an.<\/p>\n<h2>Vodafone Kabel (ex Kabel Deutschland): <span class=\"farbig\">in 13 Bundesl\u00e4ndern verf\u00fcgbar<\/span><\/h2>\n<p>Die Vodafone Kabel Tarife (fr\u00fcher Kabel Deutschland) erhalten Sie in Bayern, Berlin, Brandenburg, Bremen, Hamburg, Mecklenburg-Vorpommern, Niedersachsen, Rheinland-Pfalz, Saarland, Sachsen, Sachsen-Anhalt, Schleswig-Holstein und Th\u00fcringen. Voraussetzung ist ein Hausanschluss an das Vodafone TV Kabelnetz (fr\u00fcher Kabel Deutschland). Ob die Vodafone Kabel Tarife bei Ihnen verf\u00fcgbar sind, k\u00f6nnen Sie <strong><a title=\"Vodafone Kabel Verf\u00fcgbarkeit hier pr\u00fcfen\" href=\"https:\/\/tarife-aktionen.de\/vodafone\/zum-anbieter\/vodafone-kabel\/vodafone-festnetz-kabel-allgemein\" target=\"_blank\" rel=\"noopener\">HIER<\/a><\/strong> kostenlos und unverbindlich pr\u00fcfen.<\/p>\n","protected":false},"excerpt":{"rendered":"<p>Mit den Vodafone Kabel\u00a0Tarifen (fr\u00fcher Kabel Deutschland \/ verf\u00fcgbar in 13 Bundesl\u00e4ndern) erhalten Sie schnelles Highspeed-Internet zum extra g\u00fcnstigen\u00a0Preis und das auch in einigen Regionen, wo kein schnelles DSL \/ VDSL ausgebaut ist. Mit\u00a0den Vodafone Kabel Angeboten\u00a0k\u00f6nnen Sie auch Telefonieren (optional Telefonflat) und Fernsehen (Kabelfernsehen). Neben Kabel\u00a0bietet Vodafone auch\u00a0DSL\u00a0und\u00a0VDSL\u00a0Tarife an. Vodafone Kabel (ex Kabel Deutschland): &hellip; <a href=\"https:\/\/tarife-aktionen.de\/vodafone\/zuhause\/kabel\" class=\"more-link\"><span class=\"screen-reader-text\">Vodafone Kabel Tarife: Internet, Telefon und optional TV<\/span> weiterlesen <span class=\"meta-nav\">&rarr;<\/span><\/a><\/p>\n","protected":false},"author":30,"featured_media":0,"parent":212,"menu_order":130000,"comment_status":"closed","ping_status":"closed","template":"","meta":{"footnotes":""},"class_list":["post-486","page","type-page","status-publish","hentry"],"_links":{"self":[{"href":"https:\/\/tarife-aktionen.de\/vodafone\/wp-json\/wp\/v2\/pages\/486","targetHints":{"allow":["GET"]}}],"collection":[{"href":"https:\/\/tarife-aktionen.de\/vodafone\/wp-json\/wp\/v2\/pages"}],"about":[{"href":"https:\/\/tarife-aktionen.de\/vodafone\/wp-json\/wp\/v2\/types\/page"}],"author":[{"embeddable":true,"href":"https:\/\/tarife-aktionen.de\/vodafone\/wp-json\/wp\/v2\/users\/30"}],"replies":[{"embeddable":true,"href":"https:\/\/tarife-aktionen.de\/vodafone\/wp-json\/wp\/v2\/comments?post=486"}],"version-history":[{"count":1,"href":"https:\/\/tarife-aktionen.de\/vodafone\/wp-json\/wp\/v2\/pages\/486\/revisions"}],"predecessor-version":[{"id":6620,"href":"https:\/\/tarife-aktionen.de\/vodafone\/wp-json\/wp\/v2\/pages\/486\/revisions\/6620"}],"up":[{"embeddable":true,"href":"https:\/\/tarife-aktionen.de\/vodafone\/wp-json\/wp\/v2\/pages\/212"}],"wp:attachment":[{"href":"https:\/\/tarife-aktionen.de\/vodafone\/wp-json\/wp\/v2\/media?parent=486"}],"curies":[{"name":"wp","href":"https:\/\/api.w.org\/{rel}","templated":true}]}}